{"id":71734,"date":"2026-01-11T12:59:17","date_gmt":"2026-01-11T11:59:17","guid":{"rendered":"https:\/\/royalcasinocompany.nl\/?page_id=71734"},"modified":"2026-01-11T12:59:17","modified_gmt":"2026-01-11T11:59:17","slug":"money-wheel","status":"publish","type":"page","link":"https:\/\/royalcasinocompany.nl\/de\/personeel\/money-wheel\/","title":{"rendered":"Geld-Rad"},"content":{"rendered":"<div class=\"wpb-content-wrapper\"><div data-parent=\"true\" class=\"vc_row row-container boomapps_vcrow\" id=\"row-unique-0\"><div class=\"row limit-width row-parent\"><div class=\"wpb_row row-inner\"><div class=\"wpb_column pos-top pos-center align_left column_parent col-lg-12 boomapps_vccolumn single-internal-gutter\"><div class=\"uncol style-dark\"  ><div class=\"uncoltable\"><div class=\"uncell  boomapps_vccolumn no-block-padding\" ><div class=\"uncont\" ><div class=\"vc_row row-internal row-container boomapps_vcrow\"><div class=\"row row-child\"><div class=\"wpb_row row-inner\"><div class=\"wpb_column pos-top pos-center align_left column_child col-lg-12 boomapps_vccolumn single-internal-gutter\"><div class=\"uncol style-dark\" ><div class=\"uncoltable\"><div class=\"uncell  boomapps_vccolumn no-block-padding\" ><div class=\"uncont\" ><div class=\"vc_custom_heading_wrap\"><div class=\"heading-text el-text\" ><\/p>\n<h1>\ud83c\udfa1 Geld-Rad<\/h1>\n<p>\n<hr class=\"separator-break separator-accent\" \/><\/div><div class=\"clear\"><\/div><\/div><div class=\"empty-space empty-single\" ><span class=\"empty-space-inner\"><\/span><\/div>\n<div class=\"uncode_text_column\" ><\/p>\n<h3>\ud83c\udfaf Einleitung<\/h3>\n<p>Money Wheel ist ein visuelles und energiegeladenes Spiel, das perfekt zur Unterhaltung geeignet ist. Das Spiel ist leicht zug\u00e4nglich und schafft schnell Interaktion mit den G\u00e4sten.<\/p>\n<h3>\ud83e\udde0 Was ist das Geldrad?<\/h3>\n<p>Das Spiel besteht aus einem gro\u00dfen sich drehenden Rad mit mehreren F\u00e4chern. Jedes Fach hat seine eigene Auszahlung.<\/p>\n<h3>\ud83d\udde3\ufe0f Wie erkl\u00e4ren Sie dem Gast dieses Spiel?<\/h3>\n<p>Halten Sie die Erkl\u00e4rung kurz und enthusiastisch.<\/p>\n<p><strong>Musterphrasen f\u00fcr den Croupier:<\/strong><\/p>\n<ul>\n<li>\u201cMan setzt auf die Box, von der man glaubt, dass das Rad dort stehen bleibt.\u201d<\/li>\n<li>\u201cIch drehe das Rad und das K\u00e4stchen, in dem es stehen bleibt, ist der Gewinner.\u201d<\/li>\n<li>\u201cJe h\u00f6her die Zahl, desto h\u00f6her die Auszahlung\u201d.\u201d<\/li>\n<\/ul>\n<h3>\ud83c\udfb2 Wie wird das Spiel gespielt?<\/h3>\n<p>Nachdem Sie Ihre Eins\u00e4tze gemacht haben, drehen Sie das Rad. Sobald das Rad anh\u00e4lt, bestimmen Sie den Gewinner und zahlen aus.<\/p>\n<h3>\ud83d\udc54 Was macht der Croupier?<\/h3>\n<p>Sie \u00fcberwachen die Eins\u00e4tze, drehen das Rad und sorgen f\u00fcr korrekte Auszahlungen.<\/p>\n<h3>\u2728 Berufliche Schwerpunkte<\/h3>\n<ul>\n<li>energisch und enthusiastisch sein<\/li>\n<li>Deutlich ank\u00fcndigen<\/li>\n<li>Lassen Sie das Rad vollst\u00e4ndig abrollen<\/li>\n<li>Halten Sie das Spieltempo hoch<\/li>\n<\/ul>\n<p>\n<\/div><\/div><\/div><\/div><\/div><\/div><\/div><\/div><\/div><\/div><\/div><\/div><\/div><\/div><script id=\"script-row-unique-0\" data-row=\"script-row-unique-0\" type=\"text\/javascript\" class=\"vc_controls\">UNCODE.initRow(document.getElementById(\"row-unique-0\"));<\/script><\/div><\/div><\/div>\n<\/div>","protected":false},"excerpt":{"rendered":"\ud83c\udfa1 Money Wheel \ud83c\udfaf Introductie Money Wheel is een visueel en energiek spel dat perfect is voor entertainment. Het spel [...]","protected":false},"author":1,"featured_media":0,"parent":71016,"menu_order":0,"comment_status":"closed","ping_status":"closed","template":"","meta":{"footnotes":""},"class_list":["post-71734","page","type-page","status-publish","hentry","page_category-personeel-portaal"],"_links":{"self":[{"href":"https:\/\/royalcasinocompany.nl\/de\/wp-json\/wp\/v2\/pages\/71734","targetHints":{"allow":["GET"]}}],"collection":[{"href":"https:\/\/royalcasinocompany.nl\/de\/wp-json\/wp\/v2\/pages"}],"about":[{"href":"https:\/\/royalcasinocompany.nl\/de\/wp-json\/wp\/v2\/types\/page"}],"author":[{"embeddable":true,"href":"https:\/\/royalcasinocompany.nl\/de\/wp-json\/wp\/v2\/users\/1"}],"replies":[{"embeddable":true,"href":"https:\/\/royalcasinocompany.nl\/de\/wp-json\/wp\/v2\/comments?post=71734"}],"version-history":[{"count":2,"href":"https:\/\/royalcasinocompany.nl\/de\/wp-json\/wp\/v2\/pages\/71734\/revisions"}],"predecessor-version":[{"id":71736,"href":"https:\/\/royalcasinocompany.nl\/de\/wp-json\/wp\/v2\/pages\/71734\/revisions\/71736"}],"up":[{"embeddable":true,"href":"https:\/\/royalcasinocompany.nl\/de\/wp-json\/wp\/v2\/pages\/71016"}],"wp:attachment":[{"href":"https:\/\/royalcasinocompany.nl\/de\/wp-json\/wp\/v2\/media?parent=71734"}],"curies":[{"name":"wp","href":"https:\/\/api.w.org\/{rel}","templated":true}]}}