{"id":71740,"date":"2026-01-11T13:03:14","date_gmt":"2026-01-11T12:03:14","guid":{"rendered":"https:\/\/royalcasinocompany.nl\/?page_id=71740"},"modified":"2026-01-11T13:20:15","modified_gmt":"2026-01-11T12:20:15","slug":"frans-roulette","status":"publish","type":"page","link":"https:\/\/royalcasinocompany.nl\/de\/personeel\/frans-roulette\/","title":{"rendered":"Franz\u00f6sisches Roulette"},"content":{"rendered":"<div class=\"wpb-content-wrapper\"><div data-parent=\"true\" class=\"vc_row row-container boomapps_vcrow\" id=\"row-unique-0\"><div class=\"row limit-width row-parent\"><div class=\"wpb_row row-inner\"><div class=\"wpb_column pos-top pos-center align_left column_parent col-lg-12 boomapps_vccolumn single-internal-gutter\"><div class=\"uncol style-dark\"  ><div class=\"uncoltable\"><div class=\"uncell  boomapps_vccolumn no-block-padding\" ><div class=\"uncont\" ><div class=\"vc_row row-internal row-container boomapps_vcrow\"><div class=\"row row-child\"><div class=\"wpb_row row-inner\"><div class=\"wpb_column pos-top pos-center align_left column_child col-lg-12 boomapps_vccolumn single-internal-gutter\"><div class=\"uncol style-dark\" ><div class=\"uncoltable\"><div class=\"uncell  boomapps_vccolumn no-block-padding\" ><div class=\"uncont\" ><div class=\"vc_custom_heading_wrap\"><div class=\"heading-text el-text\" ><\/p>\n<h1>\ud83c\udfb0 Franz\u00f6sisches Roulette<\/h1>\n<p>\n<hr class=\"separator-break separator-accent\" \/><\/div><div class=\"clear\"><\/div><\/div><div class=\"empty-space empty-single\" ><span class=\"empty-space-inner\"><\/span><\/div>\n<div class=\"uncode_text_column\" ><\/p>\n<h3>\ud83c\udfaf Einleitung<\/h3>\n<p>Franz\u00f6sisches Roulette ist eine elegante Roulettevariante mit nur einer Null. Dies gibt den Spielern einen leichten Vorteil gegen\u00fcber dem amerikanischen Roulette.<\/p>\n<h3>\ud83e\udde0 Was ist franz\u00f6sisches Roulette?<\/h3>\n<p>Das Rad hat 37 F\u00e4cher: die Zahlen 1 bis 36 und eine Null. F\u00fcr einige Wetten gilt die \u2018La Partage\u2019-Regel.<\/p>\n<h3>\ud83d\udde3\ufe0f Wie erkl\u00e4ren Sie dem Gast dieses Spiel?<\/h3>\n<p>Erkl\u00e4ren Sie insbesondere den Unterschied zum amerikanischen Roulette.<\/p>\n<p><strong>Musterphrasen f\u00fcr den Croupier:<\/strong><\/p>\n<ul>\n<li>\u201cDieses Rouletterad hat nur eine Null\u201d.\u201d<\/li>\n<li>\u201cBei Rot\/Schwarz bekommt man bei einer Null die H\u00e4lfte seines Einsatzes zur\u00fcck.\u201d<\/li>\n<\/ul>\n<h3>\ud83c\udfb2 Wie wird das Spiel gespielt?<\/h3>\n<p>Die G\u00e4ste platzieren ihre Eins\u00e4tze, Sie schlie\u00dfen die Eins\u00e4tze ab, drehen das Rad und zahlen aus.<\/p>\n<h3>\ud83d\udc54 Was macht der Croupier?<\/h3>\n<p>Sie leiten das Spiel, k\u00fcndigen die Eins\u00e4tze an und k\u00fcmmern sich um die Auszahlungen.<\/p>\n<h3>\u2728 Berufliche Schwerpunkte<\/h3>\n<ul>\n<li>Ruhig und pr\u00e4zise arbeiten<\/li>\n<li>Klare Ansagen verwenden<\/li>\n<li>Strahlen Sie klassischen Casino-Look aus<\/li>\n<\/ul>\n<p>\n<\/div><\/div><\/div><\/div><\/div><\/div><\/div><\/div><\/div><\/div><\/div><\/div><\/div><\/div><script id=\"script-row-unique-0\" data-row=\"script-row-unique-0\" type=\"text\/javascript\" class=\"vc_controls\">UNCODE.initRow(document.getElementById(\"row-unique-0\"));<\/script><\/div><\/div><\/div>\n<\/div>","protected":false},"excerpt":{"rendered":"\ud83c\udfb0 Frans Roulette \ud83c\udfaf Introductie Frans roulette is een elegante roulettevariant met slechts \u00e9\u00e9n nul. Dit geeft spelers een klein [...]","protected":false},"author":1,"featured_media":0,"parent":71016,"menu_order":0,"comment_status":"closed","ping_status":"closed","template":"","meta":{"footnotes":""},"class_list":["post-71740","page","type-page","status-publish","hentry","page_category-personeel-portaal"],"_links":{"self":[{"href":"https:\/\/royalcasinocompany.nl\/de\/wp-json\/wp\/v2\/pages\/71740","targetHints":{"allow":["GET"]}}],"collection":[{"href":"https:\/\/royalcasinocompany.nl\/de\/wp-json\/wp\/v2\/pages"}],"about":[{"href":"https:\/\/royalcasinocompany.nl\/de\/wp-json\/wp\/v2\/types\/page"}],"author":[{"embeddable":true,"href":"https:\/\/royalcasinocompany.nl\/de\/wp-json\/wp\/v2\/users\/1"}],"replies":[{"embeddable":true,"href":"https:\/\/royalcasinocompany.nl\/de\/wp-json\/wp\/v2\/comments?post=71740"}],"version-history":[{"count":3,"href":"https:\/\/royalcasinocompany.nl\/de\/wp-json\/wp\/v2\/pages\/71740\/revisions"}],"predecessor-version":[{"id":71754,"href":"https:\/\/royalcasinocompany.nl\/de\/wp-json\/wp\/v2\/pages\/71740\/revisions\/71754"}],"up":[{"embeddable":true,"href":"https:\/\/royalcasinocompany.nl\/de\/wp-json\/wp\/v2\/pages\/71016"}],"wp:attachment":[{"href":"https:\/\/royalcasinocompany.nl\/de\/wp-json\/wp\/v2\/media?parent=71740"}],"curies":[{"name":"wp","href":"https:\/\/api.w.org\/{rel}","templated":true}]}}