{"id":71761,"date":"2026-01-11T13:34:48","date_gmt":"2026-01-11T12:34:48","guid":{"rendered":"https:\/\/royalcasinocompany.nl\/?page_id=71761"},"modified":"2026-01-15T21:49:42","modified_gmt":"2026-01-15T20:49:42","slug":"xl-lichtletters","status":"publish","type":"page","link":"https:\/\/royalcasinocompany.nl\/de\/personeel\/xl-lichtletters\/","title":{"rendered":"XL Leichte Buchstaben"},"content":{"rendered":"<div class=\"wpb-content-wrapper\"><div data-parent=\"true\" class=\"vc_row row-container boomapps_vcrow\" id=\"row-unique-0\"><div class=\"row limit-width row-parent\"><div class=\"wpb_row row-inner\"><div class=\"wpb_column pos-top pos-center align_left column_parent col-lg-12 boomapps_vccolumn single-internal-gutter\"><div class=\"uncol style-dark\"  ><div class=\"uncoltable\"><div class=\"uncell  boomapps_vccolumn no-block-padding\" ><div class=\"uncont\" ><div class=\"vc_row row-internal row-container boomapps_vcrow\"><div class=\"row row-child\"><div class=\"wpb_row row-inner\"><div class=\"wpb_column pos-top pos-center align_left column_child col-lg-8 boomapps_vccolumn single-internal-gutter\"><div class=\"uncol style-dark\" ><div class=\"uncoltable\"><div class=\"uncell  boomapps_vccolumn no-block-padding\" ><div class=\"uncont\" ><div class=\"vc_custom_heading_wrap\"><div class=\"heading-text el-text\" ><\/p>\n<h1>\ud83c\udff7\ufe0f XL Leichte Buchstaben<\/h1>\n<p>\n<hr class=\"separator-break separator-accent\" \/><\/div><div class=\"clear\"><\/div><\/div><div class=\"empty-space empty-single\" ><span class=\"empty-space-inner\"><\/span><\/div>\n<div class=\"uncode_text_column\" ><\/p>\n<h3>\u2139\ufe0f Einleitung<\/h3>\n<p>XL-Leuchtbuchstaben sorgen f\u00fcr Atmosph\u00e4re, luxuri\u00f6ses Aussehen und einen klaren \u201cWow-Faktor\u201d. Sie werden oft als Hintergrund oder Blickfang platziert (z.B.: CASINO).<\/p>\n<h3>\ud83d\udce6 Was wird geliefert?<\/h3>\n<ul>\n<li>XL-Leuchtbuchstaben<\/li>\n<li>Verkabelung\/Stecker (falls zutreffend)<\/li>\n<\/ul>\n<h3>\ud83d\udee0\ufe0f Vor-Ort-Montage und Installation<\/h3>\n<ul>\n<li>Auf eine ebene, stabile Fl\u00e4che stellen (vorzugsweise an eine Wand\/einen Hintergrund).<\/li>\n<li>Setzen Sie die Buchstaben in eine enge Linie; achten Sie darauf, dass sie nicht wackeln.<\/li>\n<li>Verlegen Sie die Kabel sauber (entlang der Wand\/Kante) und vermeiden Sie Stolperfallen.<\/li>\n<li>Verwenden Sie nach M\u00f6glichkeit eine zentrale Steckdose und halten Sie diese dicht.<\/li>\n<\/ul>\n<h3>\ud83c\udfa8 Styling und Aussehen<\/h3>\n<ul>\n<li>Setzen Sie die Buchstaben symmetrisch und in gleichen Abst\u00e4nden.<\/li>\n<li>Lassen Sie die Buchstaben \u201cfrei\u201d: nicht halb hinter Tischen oder Versatzst\u00fccken.<\/li>\n<\/ul>\n<h3>\ud83e\uddfc Kontrolle und Veredelung<\/h3>\n<ul>\n<li>Pr\u00fcfen Sie, ob alle Lichter funktionieren.<\/li>\n<li>Wischen Sie Flecken\/Fingerabdr\u00fccke weg, insbesondere auf der Vorderseite.<\/li>\n<li>Kabel pr\u00fcfen: nichts lose, nichts im Gang.<\/li>\n<\/ul>\n<h3>\u2705 Endergebnis<\/h3>\n<p>Die Leuchtbuchstaben sind schlank, alles funktioniert, die Kabel sind gut versteckt und es ist ein klarer Luxusblickfang.<\/p>\n<\/div><\/div><\/div><\/div><\/div><\/div><div class=\"wpb_column pos-top pos-center align_left column_child col-lg-4 boomapps_vccolumn single-internal-gutter\"><div class=\"uncol style-dark\" ><div class=\"uncoltable\"><div class=\"uncell  boomapps_vccolumn no-block-padding\" ><div class=\"uncont\" ><div class=\"empty-space empty-triple\" ><span class=\"empty-space-inner\"><\/span><\/div>\n<div class=\"uncode-single-media  text-left\"><div class=\"single-wrapper\" style=\"max-width: 100%;\"><div class=\"tmb tmb-light  img-round img-round-std tmb-img-ratio tmb-media-first tmb-media-last tmb-content-overlay tmb-no-bg\"><div class=\"t-inside\"><div class=\"t-entry-visual\"><div class=\"t-entry-visual-tc\"><div class=\"uncode-single-media-wrapper img-round img-round-std\"><div class=\"dummy\" style=\"padding-top: 75%;\"><\/div><img decoding=\"async\" class=\"wp-image-69045\" src=\"https:\/\/royalcasinocompany.nl\/wp-content\/uploads\/2024\/05\/WhatsApp-Image-2024-05-26-at-15.01.04-1-uai-1200x900.jpeg\" width=\"1200\" height=\"900\" alt=\"- Royal Casino Company\" title=\"\"><\/div>\n\t\t\t\t\t<\/div>\n\t\t\t\t<\/div><\/div><\/div><\/div><\/div><div class=\"uncode-single-media  text-left\"><div class=\"single-wrapper\" style=\"max-width: 100%;\"><div class=\"tmb tmb-light  img-round img-round-std tmb-img-ratio tmb-media-first tmb-media-last tmb-content-overlay tmb-no-bg\"><div class=\"t-inside\"><div class=\"t-entry-visual\"><div class=\"t-entry-visual-tc\"><div class=\"uncode-single-media-wrapper img-round img-round-std\"><div class=\"dummy\" style=\"padding-top: 75%;\"><\/div><img decoding=\"async\" class=\"wp-image-68480\" src=\"https:\/\/royalcasinocompany.nl\/wp-content\/uploads\/2024\/05\/20230210-184413-JTI-scaled-uai-2277x1708.jpg\" width=\"2277\" height=\"1708\" alt=\"Lichtletters huren\" title=\"\"><\/div>\n\t\t\t\t\t<\/div>\n\t\t\t\t<\/div><\/div><\/div><\/div><\/div><div class=\"uncode-single-media  text-left\"><div class=\"single-wrapper\" style=\"max-width: 100%;\"><div class=\"tmb tmb-light  tmb-img-ratio tmb-media-first tmb-media-last tmb-content-overlay tmb-no-bg\"><div class=\"t-inside\"><div class=\"t-entry-visual\"><div class=\"t-entry-visual-tc\"><div class=\"uncode-single-media-wrapper\"><div class=\"dummy\" style=\"padding-top: 75%;\"><\/div><img decoding=\"async\" class=\"wp-image-69178\" src=\"https:\/\/royalcasinocompany.nl\/wp-content\/uploads\/2024\/06\/IMG_E3090-scaled-uai-2537x1903.jpg\" width=\"2537\" height=\"1903\" alt=\"XL casino boog huren\" title=\"\"><\/div>\n\t\t\t\t\t<\/div>\n\t\t\t\t<\/div><\/div><\/div><\/div><\/div><\/div><\/div><\/div><\/div><\/div><\/div><\/div><\/div><\/div><\/div><\/div><\/div><\/div><script id=\"script-row-unique-0\" data-row=\"script-row-unique-0\" type=\"text\/javascript\" class=\"vc_controls\">UNCODE.initRow(document.getElementById(\"row-unique-0\"));<\/script><\/div><\/div><\/div>\n<\/div>","protected":false},"excerpt":{"rendered":"\ud83c\udff7\ufe0f XL Lichtletters \u2139\ufe0f Introductie XL lichtletters zorgen voor sfeer, luxe uitstraling en een duidelijke \u201cwow-factor\u201d. Ze worden vaak geplaatst [...]","protected":false},"author":1,"featured_media":0,"parent":71016,"menu_order":0,"comment_status":"closed","ping_status":"closed","template":"","meta":{"footnotes":""},"class_list":["post-71761","page","type-page","status-publish","hentry","page_category-personeel-portaal"],"_links":{"self":[{"href":"https:\/\/royalcasinocompany.nl\/de\/wp-json\/wp\/v2\/pages\/71761","targetHints":{"allow":["GET"]}}],"collection":[{"href":"https:\/\/royalcasinocompany.nl\/de\/wp-json\/wp\/v2\/pages"}],"about":[{"href":"https:\/\/royalcasinocompany.nl\/de\/wp-json\/wp\/v2\/types\/page"}],"author":[{"embeddable":true,"href":"https:\/\/royalcasinocompany.nl\/de\/wp-json\/wp\/v2\/users\/1"}],"replies":[{"embeddable":true,"href":"https:\/\/royalcasinocompany.nl\/de\/wp-json\/wp\/v2\/comments?post=71761"}],"version-history":[{"count":11,"href":"https:\/\/royalcasinocompany.nl\/de\/wp-json\/wp\/v2\/pages\/71761\/revisions"}],"predecessor-version":[{"id":71885,"href":"https:\/\/royalcasinocompany.nl\/de\/wp-json\/wp\/v2\/pages\/71761\/revisions\/71885"}],"up":[{"embeddable":true,"href":"https:\/\/royalcasinocompany.nl\/de\/wp-json\/wp\/v2\/pages\/71016"}],"wp:attachment":[{"href":"https:\/\/royalcasinocompany.nl\/de\/wp-json\/wp\/v2\/media?parent=71761"}],"curies":[{"name":"wp","href":"https:\/\/api.w.org\/{rel}","templated":true}]}}