{"id":56679,"date":"2025-06-24T21:00:51","date_gmt":"2025-06-24T19:00:51","guid":{"rendered":"http:\/\/royalcasinocompany.nl\/?page_id=56679"},"modified":"2026-02-22T18:58:11","modified_gmt":"2026-02-22T17:58:11","slug":"offerte","status":"publish","type":"page","link":"https:\/\/royalcasinocompany.nl\/es\/offerte\/","title":{"rendered":"Informaci\u00f3n sobre ofertas"},"content":{"rendered":"<div class=\"wpb-content-wrapper\"><div data-parent=\"true\" class=\"vc_row row-container boomapps_vcrow\" id=\"row-unique-0\"><div class=\"row limit-width row-parent\"><div class=\"wpb_row row-inner\"><div class=\"wpb_column pos-top pos-center align_center column_parent col-lg-12 boomapps_vccolumn single-internal-gutter\"><div class=\"uncol style-dark\"  ><div class=\"uncoltable\"><div class=\"uncell  boomapps_vccolumn no-block-padding\" ><div class=\"uncont\" ><div class=\"vc_custom_heading_wrap\"><div class=\"heading-text el-text\" ><h1 class=\"h1 font-weight-700 text-uppercase\" ><span>SOLICITAR PRESUPUESTO<\/span><\/h1><hr class=\"separator-break separator-accent\" \/><\/div><div class=\"clear\"><\/div><\/div><div class=\"vc_row row-internal row-container boomapps_vcrow\"><div class=\"row row-child\"><div class=\"wpb_row row-inner\"><div class=\"wpb_column pos-top pos-center align_left column_child col-lg-6 boomapps_vccolumn single-internal-gutter\"><div class=\"uncol style-dark\" ><div class=\"uncoltable\"><div class=\"uncell  boomapps_vccolumn no-block-padding\" ><div class=\"uncont\" ><div class=\"uncode_text_column\" ><\/p>\n<blockquote>\n<p>\u00bfHa visto nuestro <a href=\"https:\/\/royalcasinocompany.nl\/es\/prijzen\/\">precios<\/a> antes de solicitar un presupuesto? <a href=\"https:\/\/royalcasinocompany.nl\/es\/prijzen\/\">Consulte todos los precios aqu\u00ed.<\/a><\/p>\n<\/blockquote>\n<p style=\"text-align: left;\">Croupiers profesionales y divertidos, ambiente glamuroso y materiales de la mejor calidad es como Royal Casino Company se perfila y distingue de la competencia. Con un gran almac\u00e9n, varios autobuses de transporte y muchas mesas y decoraciones de casino, estamos encantados de servirle. Con nosotros, contrata una experiencia de casino completa con todo lo que usted y sus invitados recordar\u00e1n durante mucho tiempo.<\/p>\n<p>Nos gustar\u00eda pedirle que no nos solicite un presupuesto al azar si su presupuesto es m\u00ednimo y la intenci\u00f3n es elegir al proveedor con el precio m\u00e1s bajo. Al fin y al cabo, no somos nosotros.<\/p>\n<\/div><\/div><\/div><\/div><\/div><\/div><div class=\"wpb_column pos-top pos-center align_left column_child col-lg-6 boomapps_vccolumn single-internal-gutter\"><div class=\"uncol style-dark\" ><div class=\"uncoltable\"><div class=\"uncell  boomapps_vccolumn no-block-padding\" ><div class=\"uncont\" ><div class=\"uncode_text_column\" ><p>Hemos optado por ser muy abiertos y transparentes en nuestros precios de alquiler de casinos, con el fin de evitar decepcionarle en cuanto al precio con la oferta que reciba de nosotros.<\/p>\n<p>No podemos ni queremos competir con las \"peque\u00f1as\" empresas de aficionados que ofrecen una velada de casino por unos cientos de euros con decoraci\u00f3n y gastos de transporte gratuitos. Usted mismo sabe que entonces hay que recortar algo, y en la mayor\u00eda de los casos es la calidad de los materiales y la experiencia del personal. Usted elige Royal Casino Company porque quiere que todo est\u00e9 perfectamente organizado, busca mesas de casino de lujo y decoraciones bonitas y quiere que sus invitados pasen una gran velada.<\/p>\n<p>El presupuesto que le enviamos no es vinculante y es muy completo, para que se haga una idea de lo que podemos ofrecerle.<\/p>\n<\/div><div class=\"divider-wrapper\"  >\n    <hr class=\"border-accent-color separator-no-padding\"  \/>\n<\/div>\n<span class=\"btn-container btn-block\" ><a role=\"button\"  href=\"https:\/\/royalcasinocompany.nl\/es\/offerteformulier\/\" class=\"custom-link btn border-width-0 btn-accent btn-outline btn-block btn-icon-left\">Haga clic aqu\u00ed para solicitar un presupuesto<\/a><\/span><\/div><\/div><\/div><\/div><\/div><\/div><\/div><\/div><\/div><\/div><\/div><\/div><\/div><script id=\"script-row-unique-0\" data-row=\"script-row-unique-0\" type=\"text\/javascript\" class=\"vc_controls\">UNCODE.initRow(document.getElementById(\"row-unique-0\"));<\/script><\/div><\/div><\/div>\n<\/div>","protected":false},"excerpt":{"rendered":"OFFERTE AANVRAGENHeeft u onze prijzen bekeken voordat u een offerte aanvraagt? Bekijk alle prijzen hier. Professioneel, leuke croupiers, glamour sfeer [...]","protected":false},"author":1,"featured_media":0,"parent":0,"menu_order":0,"comment_status":"closed","ping_status":"closed","template":"","meta":{"footnotes":""},"class_list":["post-56679","page","type-page","status-publish","hentry","page_category-offerte"],"_links":{"self":[{"href":"https:\/\/royalcasinocompany.nl\/es\/wp-json\/wp\/v2\/pages\/56679","targetHints":{"allow":["GET"]}}],"collection":[{"href":"https:\/\/royalcasinocompany.nl\/es\/wp-json\/wp\/v2\/pages"}],"about":[{"href":"https:\/\/royalcasinocompany.nl\/es\/wp-json\/wp\/v2\/types\/page"}],"author":[{"embeddable":true,"href":"https:\/\/royalcasinocompany.nl\/es\/wp-json\/wp\/v2\/users\/1"}],"replies":[{"embeddable":true,"href":"https:\/\/royalcasinocompany.nl\/es\/wp-json\/wp\/v2\/comments?post=56679"}],"version-history":[{"count":20,"href":"https:\/\/royalcasinocompany.nl\/es\/wp-json\/wp\/v2\/pages\/56679\/revisions"}],"predecessor-version":[{"id":71990,"href":"https:\/\/royalcasinocompany.nl\/es\/wp-json\/wp\/v2\/pages\/56679\/revisions\/71990"}],"wp:attachment":[{"href":"https:\/\/royalcasinocompany.nl\/es\/wp-json\/wp\/v2\/media?parent=56679"}],"curies":[{"name":"wp","href":"https:\/\/api.w.org\/{rel}","templated":true}]}}