{"id":57959,"date":"2025-06-11T11:00:12","date_gmt":"2025-06-11T09:00:12","guid":{"rendered":"http:\/\/royalcasinocompany.nl\/?page_id=57959"},"modified":"2025-06-24T23:29:38","modified_gmt":"2025-06-24T21:29:38","slug":"casino-goochelaar","status":"publish","type":"page","link":"https:\/\/royalcasinocompany.nl\/es\/casino-goochelaar\/","title":{"rendered":"Mago de casino"},"content":{"rendered":"<div class=\"wpb-content-wrapper\"><div data-parent=\"true\" class=\"vc_row row-container boomapps_vcrow\" id=\"row-unique-0\"><div class=\"row limit-width row-parent\"><div class=\"wpb_row row-inner\"><div class=\"wpb_column pos-top pos-center align_center column_parent col-lg-12 boomapps_vccolumn single-internal-gutter\"><div class=\"uncol style-dark\"  ><div class=\"uncoltable\"><div class=\"uncell  boomapps_vccolumn no-block-padding\" ><div class=\"uncont\" ><div class=\"vc_custom_heading_wrap\"><div class=\"heading-text el-text\" ><h1 class=\"font-762333 h1 font-weight-700\" ><span><\/p><\/span><span><h1 class=\"p1\">MAGO DE CASINO<\/h1><\/span><span><p><\/span><\/h1><hr class=\"separator-break separator-accent\" \/><\/div><div class=\"clear\"><\/div><\/div><\/div><\/div><\/div><\/div><\/div><script id=\"script-row-unique-0\" data-row=\"script-row-unique-0\" type=\"text\/javascript\" class=\"vc_controls\">UNCODE.initRow(document.getElementById(\"row-unique-0\"));<\/script><\/div><\/div><\/div><div data-parent=\"true\" class=\"vc_row row-container boomapps_vcrow\" id=\"row-unique-1\"><div class=\"row col-double-gutter single-top-padding single-bottom-padding single-h-padding limit-width row-parent\"><div class=\"wpb_row row-inner\"><div class=\"wpb_column pos-top pos-center align_left column_parent col-lg-6 boomapps_vccolumn single-internal-gutter\"><div class=\"uncol style-dark\"  ><div class=\"uncoltable\"><div class=\"uncell  boomapps_vccolumn no-block-padding\" ><div class=\"uncont\" ><div class=\"uncode_text_column\" ><\/p>\n<blockquote>\n<p>Precio: 1.050 euros sin IVA<br \/>\nDuraci\u00f3n: 3 horas de magia de mesa<br \/>\nGastos de viaje: 0,45 euros p\/km + 25 euros p\/hora<\/p>\n<\/blockquote>\n<h2>Mago campe\u00f3n<\/h2>\n<p>D\u00e9jese hechizar por nuestro galardonado animador de casino, el flamante Mago Campe\u00f3n Holand\u00e9s. No s\u00f3lo disfrutar\u00e1 de un entretenimiento de alto nivel, sino que tambi\u00e9n se beneficiar\u00e1 de sus trucos y consejos exclusivos que pueden enriquecer cualquier visita al casino. Con asombrosos trucos de cartas y un impresionante acto de lectura de mentes, se desenvolver\u00e1 a la perfecci\u00f3n en su evento, dejando a sus invitados boquiabiertos con una experiencia inolvidable.<\/p>\n<h3>El mundo de la magia<\/h3>\n<p>Nuestro mago de casino transformar\u00e1 su <a href=\"https:\/\/www.beourguestevents.nl\/\" target=\"_blank\" rel=\"noopener\">evento<\/a> en una experiencia fascinante; los hu\u00e9spedes se adentran en un mundo de <a href=\"https:\/\/nl.wikipedia.org\/wiki\/Magie\" target=\"_blank\" rel=\"noopener\">magia<\/a> donde no s\u00f3lo son testigos, sino tambi\u00e9n protagonistas de asombrosas ilusiones. Reserve ahora y marque la pauta para una <a href=\"https:\/\/www.beourguestevents.nl\/\" target=\"_blank\" rel=\"noopener\">celebraci\u00f3n inolvidable<\/a>!<\/p>\n<\/div><\/div><\/div><\/div><\/div><\/div><div class=\"wpb_column pos-top pos-center align_left column_parent col-lg-6 boomapps_vccolumn single-internal-gutter\"><div class=\"uncol style-dark\"  ><div class=\"uncoltable\"><div class=\"uncell  boomapps_vccolumn no-block-padding\" ><div class=\"uncont\" ><div class=\"uncode_text_column\" ><\/p>\n<h3 dir=\"ltr\">Casino Royal Magic.<\/h3>\n<p class=\"text-body font-regular text-gray-800 leading-&#091;24px&#093; pt-&#091;9px&#093; pb-&#091;2px&#093;\" dir=\"ltr\">Ad\u00e9ntrese en los encantadores dominios de <a href=\"https:\/\/royalcasinocompany.nl\/es\/\">Casino Royal<\/a> \u00a1Magia! Deje que sus invitados queden encantados con la magia de nuestro maestro mago. Prep\u00e1rese para una noche de trucos impresionantes que van m\u00e1s all\u00e1 del cl\u00e1sico \"<a href=\"https:\/\/nl.wikipedia.org\/wiki\/Balletje-balletje\" target=\"_blank\" rel=\"noopener\">Baile de ballet<\/a>\". Nuestro artista realiza una mezcla fren\u00e9tica de ilusiones psicol\u00f3gicas y destreza.<\/p>\n<h3 dir=\"ltr\">Suspense y misterio<\/h3>\n<p class=\"text-body font-regular text-gray-800 leading-&#091;24px&#093; pt-&#091;9px&#093; pb-&#091;2px&#093;\" dir=\"ltr\">Prep\u00e1rese para un despliegue espectacular rebosante de emoci\u00f3n y diversi\u00f3n l\u00fadica, donde los misterios de lo imposible se revelan ante sus ojos. Nuestro espect\u00e1culo combina encanto, delicadeza y encanto para crear una atm\u00f3sfera sin igual que har\u00e1 que sus invitados hablen de su maravillosa experiencia durante d\u00edas.<\/p>\n<p class=\"text-body font-regular text-gray-800 leading-&#091;24px&#093; pt-&#091;9px&#093; pb-&#091;2px&#093;\" dir=\"ltr\">Experimente la magia y la maestr\u00eda de nuestro artista Royal Casino Magic y d\u00e9jese transportar a un mundo en el que todo parece posible.<\/p>\n<p>\n<\/div><\/div><\/div><\/div><\/div><\/div><script id=\"script-row-unique-1\" data-row=\"script-row-unique-1\" type=\"text\/javascript\" class=\"vc_controls\">UNCODE.initRow(document.getElementById(\"row-unique-1\"));<\/script><\/div><\/div><\/div><div data-parent=\"true\" class=\"vc_row row-container boomapps_vcrow\" id=\"row-unique-2\"><div class=\"row limit-width row-parent\"><div class=\"wpb_row row-inner\"><div class=\"wpb_column pos-top pos-center align_left column_parent col-lg-12 boomapps_vccolumn single-internal-gutter\"><div class=\"uncol style-dark\"  ><div class=\"uncoltable\"><div class=\"uncell  boomapps_vccolumn no-block-padding\" ><div class=\"uncont\" ><div class=\"vc_row row-internal row-container boomapps_vcrow\"><div class=\"row row-child\"><div class=\"wpb_row row-inner\"><div class=\"wpb_column pos-top pos-center align_left column_child col-lg-12 boomapps_vccolumn one-internal-gutter\"><div class=\"uncol style-dark\" ><div class=\"uncoltable\"><div class=\"uncell  boomapps_vccolumn no-block-padding\" ><div class=\"uncont\" style=\" max-width:50%;\" ><div class=\"uncode_text_column\" ><\/p>\n<blockquote>\n<p>\"Un mago de casino no s\u00f3lo aporta magia al juego, sino que convierte cada mano en un momento ganador lleno de emoci\u00f3n y misterio\".<\/p>\n<\/blockquote>\n<p>\n<\/div><\/div><\/div><\/div><\/div><\/div><\/div><\/div><\/div><\/div><\/div><\/div><\/div><\/div><script id=\"script-row-unique-2\" data-row=\"script-row-unique-2\" type=\"text\/javascript\" class=\"vc_controls\">UNCODE.initRow(document.getElementById(\"row-unique-2\"));<\/script><\/div><\/div><\/div><div data-parent=\"true\" class=\"vc_row row-container boomapps_vcrow\" id=\"row-unique-3\"><div class=\"row one-top-padding single-bottom-padding single-h-padding limit-width row-parent\"><div class=\"wpb_row row-inner\"><div class=\"wpb_column pos-top pos-center align_left column_parent col-lg-12 boomapps_vccolumn single-internal-gutter\"><div class=\"uncol style-dark\"  ><div class=\"uncoltable\"><div class=\"uncell  boomapps_vccolumn no-block-padding\" ><div class=\"uncont\" ><div class=\"divider-wrapper\"  >\n    <hr class=\"border-accent-color separator-no-padding\"  \/>\n<\/div>\n<div class=\"vc_row row-internal row-container boomapps_vcrow\"><div class=\"row row-child\"><div class=\"wpb_row row-inner\"><div class=\"wpb_column pos-top pos-center align_left column_child col-lg-12 boomapps_vccolumn single-internal-gutter\"><div class=\"uncol style-dark\" ><div class=\"uncoltable\"><div class=\"uncell  boomapps_vccolumn no-block-padding\" ><div class=\"uncont\" ><div id=\"gallery-171214\" class=\"un-media-gallery isotope-system isotope-general-dark grid-general-dark\">\n\t\t\t\t\t\n\t\n\t<div class=\"isotope-wrapper grid-wrapper half-gutter\" >\n\t\t\t\t\t\t\t\t\t<div class=\"isotope-container isotope-layout style-masonry\" data-type=\"masonry\" data-layout=\"masonry\" data-lg=\"1000\" data-md=\"600\" data-sm=\"480\">\n<div class=\"tmb tmb-iso-w4 tmb-iso-h4 img-round img-round-lg tmb-dark tmb-overlay-text-anim tmb-overlay-anim tmb-overlay-middle tmb-overlay-text-left tmb-image-anim tmb-id-68160  tmb-img-ratio tmb-media-first tmb-media-last tmb-content-overlay tmb-no-bg tmb-lightbox\" ><div class=\"t-inside no-anim\" ><div class=\"t-entry-visual\"><div class=\"t-entry-visual-tc\"><div class=\"t-entry-visual-cont\"><div class=\"dummy\" style=\"padding-top: 75%;\"><\/div><a href=\"https:\/\/royalcasinocompany.nl\/wp-content\/uploads\/2024\/05\/OGER_CasinoRoyaleAntwerp2024_\u00a9RachelEcclestonePhotography_March072024_-281.jpg\" class=\"pushed\" data-active=\"1\" data-lbox=\"ilightbox_gallery-171214\" data-options=\"width:1024,height:1536,thumbnail: &#039;https:\/\/royalcasinocompany.nl\/wp-content\/uploads\/2024\/05\/OGER_CasinoRoyaleAntwerp2024_\u00a9RachelEcclestonePhotography_March072024_-281-200x300.jpg&#039;\" data-lb-index=\"0\"><div class=\"t-entry-visual-overlay\"><div class=\"t-entry-visual-overlay-in style-light-bg\" style=\"opacity: 0.01;\"><\/div><\/div><img decoding=\"async\" class=\"wp-image-68160\" src=\"https:\/\/royalcasinocompany.nl\/wp-content\/uploads\/2024\/05\/OGER_CasinoRoyaleAntwerp2024_\u00a9RachelEcclestonePhotography_March072024_-281-uai-1024x768.jpg\" width=\"1024\" height=\"768\" alt=\"man gekleed in smoking die goocheltrucs voor gasten presenteerd\" title=\"\"><\/a><\/div>\n\t\t\t\t\t<\/div>\n\t\t\t\t<\/div><\/div><\/div><div class=\"tmb tmb-iso-w4 tmb-iso-h4 img-round img-round-lg tmb-dark tmb-overlay-text-anim tmb-overlay-anim tmb-overlay-middle tmb-overlay-text-left tmb-image-anim tmb-id-68364  tmb-img-ratio tmb-media-first tmb-media-last tmb-content-overlay tmb-no-bg tmb-lightbox\" ><div class=\"t-inside no-anim\" ><div class=\"t-entry-visual\"><div class=\"t-entry-visual-tc\"><div class=\"t-entry-visual-cont\"><div class=\"dummy\" style=\"padding-top: 75%;\"><\/div><a href=\"https:\/\/royalcasinocompany.nl\/wp-content\/uploads\/2024\/05\/SME_238712819_053.jpg\" class=\"pushed\" data-active=\"1\" data-lbox=\"ilightbox_gallery-171214\" data-options=\"width:1920,height:1280,thumbnail: &#039;https:\/\/royalcasinocompany.nl\/wp-content\/uploads\/2024\/05\/SME_238712819_053-300x200.jpg&#039;\" data-lb-index=\"1\"><div class=\"t-entry-visual-overlay\"><div class=\"t-entry-visual-overlay-in style-light-bg\" style=\"opacity: 0.01;\"><\/div><\/div><img decoding=\"async\" class=\"wp-image-68364\" src=\"https:\/\/royalcasinocompany.nl\/wp-content\/uploads\/2024\/05\/SME_238712819_053-uai-1706x1280.jpg\" width=\"1706\" height=\"1280\" alt=\"Casino dames met een croupier en de goochelaar met casino decoratie op de achtergrond\" title=\"\"><\/a><\/div>\n\t\t\t\t\t<\/div>\n\t\t\t\t<\/div><\/div><\/div><div class=\"tmb tmb-iso-w4 tmb-iso-h4 img-round img-round-lg tmb-dark tmb-overlay-text-anim tmb-overlay-anim tmb-overlay-middle tmb-overlay-text-left tmb-image-anim tmb-id-68351  tmb-img-ratio tmb-media-first tmb-media-last tmb-content-overlay tmb-no-bg tmb-lightbox\" ><div class=\"t-inside no-anim\" ><div class=\"t-entry-visual\"><div class=\"t-entry-visual-tc\"><div class=\"t-entry-visual-cont\"><div class=\"dummy\" style=\"padding-top: 75%;\"><\/div><a href=\"https:\/\/royalcasinocompany.nl\/wp-content\/uploads\/2024\/05\/OGER_CasinoRoyaleAntwerp2024_\u00a9RachelEcclestonePhotography_March072024_-285-1.jpg\" class=\"pushed\" data-active=\"1\" data-lbox=\"ilightbox_gallery-171214\" data-options=\"width:1024,height:1536,thumbnail: &#039;https:\/\/royalcasinocompany.nl\/wp-content\/uploads\/2024\/05\/OGER_CasinoRoyaleAntwerp2024_\u00a9RachelEcclestonePhotography_March072024_-285-1-200x300.jpg&#039;\" data-lb-index=\"2\"><div class=\"t-entry-visual-overlay\"><div class=\"t-entry-visual-overlay-in style-light-bg\" style=\"opacity: 0.01;\"><\/div><\/div><img decoding=\"async\" class=\"wp-image-68351\" src=\"https:\/\/royalcasinocompany.nl\/wp-content\/uploads\/2024\/05\/OGER_CasinoRoyaleAntwerp2024_\u00a9RachelEcclestonePhotography_March072024_-285-1-uai-1024x768.jpg\" width=\"1024\" height=\"768\" alt=\"man gekleed in smoking die goocheltrucs voor gasten presenteerd\" title=\"\"><\/a><\/div>\n\t\t\t\t\t<\/div>\n\t\t\t\t<\/div><\/div><\/div><div class=\"tmb tmb-iso-w4 tmb-iso-h4 img-round img-round-lg tmb-dark tmb-overlay-text-anim tmb-overlay-anim tmb-overlay-middle tmb-overlay-text-left tmb-image-anim tmb-id-68363  tmb-img-ratio tmb-media-first tmb-media-last tmb-content-overlay tmb-no-bg tmb-lightbox\" ><div class=\"t-inside no-anim\" ><div class=\"t-entry-visual\"><div class=\"t-entry-visual-tc\"><div class=\"t-entry-visual-cont\"><div class=\"dummy\" style=\"padding-top: 75%;\"><\/div><a href=\"https:\/\/royalcasinocompany.nl\/wp-content\/uploads\/2024\/05\/SME_238712819_032.jpg\" class=\"pushed\" data-active=\"1\" data-lbox=\"ilightbox_gallery-171214\" data-options=\"width:1920,height:1280,thumbnail: &#039;https:\/\/royalcasinocompany.nl\/wp-content\/uploads\/2024\/05\/SME_238712819_032-300x200.jpg&#039;\" data-lb-index=\"3\"><div class=\"t-entry-visual-overlay\"><div class=\"t-entry-visual-overlay-in style-light-bg\" style=\"opacity: 0.01;\"><\/div><\/div><img decoding=\"async\" class=\"wp-image-68363\" src=\"https:\/\/royalcasinocompany.nl\/wp-content\/uploads\/2024\/05\/SME_238712819_032-uai-1706x1280.jpg\" width=\"1706\" height=\"1280\" alt=\"- Royal Casino Company\" title=\"\"><\/a><\/div>\n\t\t\t\t\t<\/div>\n\t\t\t\t<\/div><\/div><\/div><div class=\"tmb tmb-iso-w4 tmb-iso-h4 img-round img-round-lg tmb-dark tmb-overlay-text-anim tmb-overlay-anim tmb-overlay-middle tmb-overlay-text-left tmb-image-anim tmb-id-68162  tmb-img-ratio tmb-media-first tmb-media-last tmb-content-overlay tmb-no-bg tmb-lightbox\" ><div class=\"t-inside no-anim\" ><div class=\"t-entry-visual\"><div class=\"t-entry-visual-tc\"><div class=\"t-entry-visual-cont\"><div class=\"dummy\" style=\"padding-top: 75%;\"><\/div><a href=\"https:\/\/royalcasinocompany.nl\/wp-content\/uploads\/2024\/05\/OGER_CasinoRoyaleAntwerp2024_\u00a9RachelEcclestonePhotography_March072024_-286.jpg\" class=\"pushed\" data-active=\"1\" data-lbox=\"ilightbox_gallery-171214\" data-options=\"width:1024,height:791,thumbnail: &#039;https:\/\/royalcasinocompany.nl\/wp-content\/uploads\/2024\/05\/OGER_CasinoRoyaleAntwerp2024_\u00a9RachelEcclestonePhotography_March072024_-286-300x232.jpg&#039;\" data-lb-index=\"4\"><div class=\"t-entry-visual-overlay\"><div class=\"t-entry-visual-overlay-in style-light-bg\" style=\"opacity: 0.01;\"><\/div><\/div><img decoding=\"async\" class=\"wp-image-68162\" src=\"https:\/\/royalcasinocompany.nl\/wp-content\/uploads\/2024\/05\/OGER_CasinoRoyaleAntwerp2024_\u00a9RachelEcclestonePhotography_March072024_-286-uai-1024x768.jpg\" width=\"1024\" height=\"768\" alt=\"man gekleed in smoking die goocheltrucs voor gasten presenteerd\" title=\"\"><\/a><\/div>\n\t\t\t\t\t<\/div>\n\t\t\t\t<\/div><\/div><\/div><div class=\"tmb tmb-iso-w4 tmb-iso-h4 img-round img-round-lg tmb-dark tmb-overlay-text-anim tmb-overlay-anim tmb-overlay-middle tmb-overlay-text-left tmb-image-anim tmb-id-68365  tmb-img-ratio tmb-media-first tmb-media-last tmb-content-overlay tmb-no-bg tmb-lightbox\" ><div class=\"t-inside no-anim\" ><div class=\"t-entry-visual\"><div class=\"t-entry-visual-tc\"><div class=\"t-entry-visual-cont\"><div class=\"dummy\" style=\"padding-top: 75%;\"><\/div><a href=\"https:\/\/royalcasinocompany.nl\/wp-content\/uploads\/2024\/05\/Casino-dames-en-goochelaar-Royal-Casino-Company.jpg\" class=\"pushed\" data-active=\"1\" data-lbox=\"ilightbox_gallery-171214\" data-options=\"width:1200,height:1600,thumbnail: &#039;https:\/\/royalcasinocompany.nl\/wp-content\/uploads\/2024\/05\/Casino-dames-en-goochelaar-Royal-Casino-Company-225x300.jpg&#039;\" data-lb-index=\"5\"><div class=\"t-entry-visual-overlay\"><div class=\"t-entry-visual-overlay-in style-light-bg\" style=\"opacity: 0.01;\"><\/div><\/div><img decoding=\"async\" class=\"wp-image-68365\" src=\"https:\/\/royalcasinocompany.nl\/wp-content\/uploads\/2024\/05\/Casino-dames-en-goochelaar-Royal-Casino-Company-uai-1200x900.jpg\" width=\"1200\" height=\"900\" alt=\"Casino goochelaar\" title=\"\"><\/a><\/div>\n\t\t\t\t\t<\/div>\n\t\t\t\t<\/div><\/div><\/div>\t\t\t<\/div>\n\t\t\t\t\t<\/div>\n\n\t\n\t\n\t\n<\/div>\n\n<\/div><\/div><\/div><\/div><\/div><\/div><\/div><\/div><\/div><\/div><\/div><\/div><\/div><script id=\"script-row-unique-3\" data-row=\"script-row-unique-3\" type=\"text\/javascript\" class=\"vc_controls\">UNCODE.initRow(document.getElementById(\"row-unique-3\"));<\/script><\/div><\/div><\/div><div data-parent=\"true\" class=\"vc_row row-container boomapps_vcrow\" id=\"row-unique-4\"><div class=\"row limit-width row-parent\"><div class=\"wpb_row row-inner\"><div class=\"wpb_column pos-top pos-center align_left column_parent col-lg-12 boomapps_vccolumn single-internal-gutter\"><div class=\"uncol style-dark\"  ><div class=\"uncoltable\"><div class=\"uncell  boomapps_vccolumn no-block-padding\" ><div class=\"uncont\" ><div class=\"vc_row row-internal row-container boomapps_vcrow\"><div class=\"row row-child\"><div class=\"wpb_row row-inner\"><div class=\"wpb_column pos-top pos-center align_left column_child col-lg-6 boomapps_vccolumn single-internal-gutter\"><div class=\"uncol style-dark\" ><div class=\"uncoltable\"><div class=\"uncell  boomapps_vccolumn no-block-padding\" ><div class=\"uncont\" ><div class=\"vc_custom_heading_wrap\"><div class=\"heading-text el-text\" ><\/p>\n<h3>\u00bfPor qu\u00e9 contratar a un mago?<\/h3>\n<p>\n<\/div><div class=\"clear\"><\/div><\/div><div class=\"uncode_text_column\" ><p>\u00bfBuscas una forma \u00fanica de llevar tu fiesta al siguiente nivel? Contrate a un mago de casino. Nuestros magos combinan la magia y el misterio con la emoci\u00f3n de los juegos de casino, garantizando una experiencia inolvidable para todos sus invitados.<\/p>\n<h4>A\u00f1os de experiencia<\/h4>\n<p>Con a\u00f1os de experiencia y pasi\u00f3n por el entretenimiento, nuestros magos saben exactamente c\u00f3mo sorprender y entretener al p\u00fablico. Ya sea magia de cerca en la mesa de p\u00f3quer o trucos espectaculares durante una partida de ruleta, su fiesta ser\u00e1 un \u00e9xito garantizado. \u00a1Haga de su evento un recuerdo m\u00e1gico que sus invitados recordar\u00e1n durante mucho tiempo contratando a nuestro mago de casino!<\/p>\n<\/div><div class=\"divider-wrapper\"  >\n    <hr class=\"border-accent-color separator-no-padding\"  \/>\n<\/div>\n<\/div><\/div><\/div><\/div><\/div><div class=\"wpb_column pos-middle pos-center align_left column_child col-lg-6 boomapps_vccolumn single-internal-gutter\"><div class=\"uncol style-dark\" ><div class=\"uncoltable\"><div class=\"uncell  boomapps_vccolumn no-block-padding\" ><div class=\"uncont\" ><div class=\"uncode_text_column\" ><\/p>\n<blockquote>\n<p>\"Un mago no s\u00f3lo hace desaparecer objetos, sino que tambi\u00e9n conjura el asombro y la sonrisa en los corazones de su p\u00fablico\".<\/p>\n<\/blockquote>\n<p>\n<\/div><\/div><\/div><\/div><\/div><\/div><\/div><\/div><\/div><div class=\"vc_row row-internal row-container boomapps_vcrow\"><div class=\"row row-child\"><div class=\"wpb_row row-inner\"><div class=\"wpb_column pos-middle pos-center align_left column_child col-lg-6 boomapps_vccolumn single-internal-gutter\"><div class=\"uncol style-dark\" ><div class=\"uncoltable\"><div class=\"uncell  boomapps_vccolumn no-block-padding\" ><div class=\"uncont\" ><div class=\"uncode_text_column\" ><\/p>\n<blockquote>\n<p>\"La verdadera magia de un mago no reside en sus trucos, sino en su capacidad para hacer posible lo imposible y llevar a su p\u00fablico a un viaje lleno de asombro y diversi\u00f3n\".<\/p>\n<\/blockquote>\n<p>\n<\/div><\/div><\/div><\/div><\/div><\/div><div class=\"wpb_column pos-top pos-center align_left column_child col-lg-6 boomapps_vccolumn single-internal-gutter\"><div class=\"uncol style-dark\" ><div class=\"uncoltable\"><div class=\"uncell  boomapps_vccolumn no-block-padding\" ><div class=\"uncont\" ><div class=\"vc_custom_heading_wrap\"><div class=\"heading-text el-text\" ><\/p>\n<h3>Ventajas de contratar a un mago de casino<\/h3>\n<p>\n<\/div><div class=\"clear\"><\/div><\/div><div class=\"uncode_text_column\" ><p>A\u00f1adir un mago de casino a su fiesta ofrece numerosas ventajas que har\u00e1n que su evento sea inolvidable. Una de las mayores ventajas es la forma \u00fanica y fascinante de entretenimiento que puede ofrecer un mago.<\/p>\n<h4>\u00a1Impresionado!<\/h4>\n<p>Los invitados quedan impresionados no s\u00f3lo por los asombrosos trucos de magia, sino tambi\u00e9n por la interacci\u00f3n y la atenci\u00f3n personal que puede ofrecer un mago. Adem\u00e1s, un mago de casino crea un ambiente din\u00e1mico, donde la magia y la emoci\u00f3n de los juegos de casino se combinan para crear una experiencia impresionante. Esto aumenta el compromiso y el entusiasmo de sus invitados.<\/p>\n<\/div><div class=\"divider-wrapper\"  >\n    <hr class=\"border-accent-color separator-no-padding\"  \/>\n<\/div>\n<\/div><\/div><\/div><\/div><\/div><\/div><\/div><\/div><\/div><\/div><\/div><\/div><\/div><script id=\"script-row-unique-4\" data-row=\"script-row-unique-4\" type=\"text\/javascript\" class=\"vc_controls\">UNCODE.initRow(document.getElementById(\"row-unique-4\"));<\/script><\/div><\/div><\/div>\n<\/div>","protected":false},"excerpt":{"rendered":"CASINO GOOCHELAARPrijs: \u20ac 1.050,- excl. btw Tijd:\u00a0 3 uur table magic Reiskosten: \u20ac 0,45 p\/km + \u20ac 25,- p\/u Kampioen [...]","protected":false},"author":1,"featured_media":68365,"parent":0,"menu_order":0,"comment_status":"closed","ping_status":"closed","template":"","meta":{"footnotes":""},"class_list":["post-57959","page","type-page","status-publish","has-post-thumbnail","hentry","page_category-huren"],"_links":{"self":[{"href":"https:\/\/royalcasinocompany.nl\/es\/wp-json\/wp\/v2\/pages\/57959","targetHints":{"allow":["GET"]}}],"collection":[{"href":"https:\/\/royalcasinocompany.nl\/es\/wp-json\/wp\/v2\/pages"}],"about":[{"href":"https:\/\/royalcasinocompany.nl\/es\/wp-json\/wp\/v2\/types\/page"}],"author":[{"embeddable":true,"href":"https:\/\/royalcasinocompany.nl\/es\/wp-json\/wp\/v2\/users\/1"}],"replies":[{"embeddable":true,"href":"https:\/\/royalcasinocompany.nl\/es\/wp-json\/wp\/v2\/comments?post=57959"}],"version-history":[{"count":20,"href":"https:\/\/royalcasinocompany.nl\/es\/wp-json\/wp\/v2\/pages\/57959\/revisions"}],"predecessor-version":[{"id":70355,"href":"https:\/\/royalcasinocompany.nl\/es\/wp-json\/wp\/v2\/pages\/57959\/revisions\/70355"}],"wp:featuredmedia":[{"embeddable":true,"href":"https:\/\/royalcasinocompany.nl\/es\/wp-json\/wp\/v2\/media\/68365"}],"wp:attachment":[{"href":"https:\/\/royalcasinocompany.nl\/es\/wp-json\/wp\/v2\/media?parent=57959"}],"curies":[{"name":"wp","href":"https:\/\/api.w.org\/{rel}","templated":true}]}}