{"id":58570,"date":"2025-06-25T19:00:22","date_gmt":"2025-06-25T17:00:22","guid":{"rendered":"http:\/\/royalcasinocompany.nl\/?page_id=58570"},"modified":"2025-06-25T20:01:28","modified_gmt":"2025-06-25T18:01:28","slug":"casino-huren-in-amsterdam","status":"publish","type":"page","link":"https:\/\/royalcasinocompany.nl\/es\/casino-huren-in-amsterdam\/","title":{"rendered":"Alquiler de casinos en \u00c1msterdam"},"content":{"rendered":"<div class=\"wpb-content-wrapper\"><div data-parent=\"true\" class=\"vc_row row-container boomapps_vcrow\" id=\"row-unique-0\"><div class=\"row limit-width row-parent\"><div class=\"wpb_row row-inner\"><div class=\"wpb_column pos-top pos-center align_left column_parent col-lg-12 boomapps_vccolumn single-internal-gutter\"><div class=\"uncol style-dark\"  ><div class=\"uncoltable\"><div class=\"uncell  boomapps_vccolumn no-block-padding\" ><div class=\"uncont\" ><div class=\"vc_row row-internal row-container boomapps_vcrow\"><div class=\"row row-child\"><div class=\"wpb_row row-inner\"><div class=\"wpb_column pos-top pos-center align_center column_child col-lg-12 boomapps_vccolumn single-internal-gutter\"><div class=\"uncol style-dark font-134980\" ><div class=\"uncoltable\"><div class=\"uncell  boomapps_vccolumn no-block-padding\" ><div class=\"uncont\" style=\" max-width:696px;\" ><div class=\"vc_custom_heading_wrap\"><div class=\"heading-text el-text\" ><\/p>\n<h1>\u00bfAlquilar un casino en \u00c1msterdam?<\/h1>\n<p>\n<hr class=\"separator-break separator-accent\" \/><\/div><div class=\"clear\"><\/div><\/div><\/div><\/div><\/div><\/div><\/div><\/div><\/div><\/div><\/div><\/div><\/div><\/div><\/div><script id=\"script-row-unique-0\" data-row=\"script-row-unique-0\" type=\"text\/javascript\" class=\"vc_controls\">UNCODE.initRow(document.getElementById(\"row-unique-0\"));<\/script><\/div><\/div><\/div><div data-parent=\"true\" class=\"vc_row row-container boomapps_vcrow\" id=\"row-unique-1\"><div class=\"row limit-width row-parent\"><div class=\"wpb_row row-inner\"><div class=\"wpb_column pos-top pos-center align_left column_parent col-lg-6 boomapps_vccolumn single-internal-gutter\"><div class=\"uncol style-dark\"  ><div class=\"uncoltable\"><div class=\"uncell  boomapps_vccolumn no-block-padding\" ><div class=\"uncont\" ><div class=\"uncode_text_column\" ><\/p>\n<h2>\u00bfContratar su propio casino?<\/h2>\n<p>\u00bfAlquiler de casinos en \u00c1msterdam? Royal Casino Company alquila lujosas y profesionales mesas de casino en \u00c1msterdam y sus alrededores. Puede alquilarnos un casino por un <a href=\"http:\/\/royalcasinocompany.nl\/es\/prijzen\/\">precio asequible<\/a> y de una calidad inmejorable. Disfrute de una fant\u00e1stica velada de emoci\u00f3n y diversi\u00f3n en la que sus invitados no tienen nada que perder, porque con nosotros no se juega por dinero real. Por eso nuestro concepto de casino es \u00fanico y divertido en cualquier <a href=\"https:\/\/royalcasinocompany.nl\/es\/impressie-per-gelegenheid\/\">oportunidad<\/a>.<\/p>\n<h3>Alquiler de casinos profesionales<\/h3>\n<p>\u00bfEst\u00e1 organizando una fiesta en \u00c1msterdam o alrededores y busca una empresa de alquiler profesional? Entonces ha venido al lugar correcto, proporcionamos mesas de casino y decoraciones en Amsterdam y alrededores y para cada ocasi\u00f3n. Desde \u00edntimas fiestas privadas hasta grandes galas corporativas, proporcionamos mesas de casino y decoraci\u00f3n para cualquier ocasi\u00f3n. <a href=\"http:\/\/www.dreambar.nl\" target=\"_blank\" rel=\"noopener\">entretenimiento<\/a> a nivel. Adem\u00e1s de nuestras mesas de casino, tambi\u00e9n disponemos de hermosas decoraciones de casino para vestir completamente su local.<\/p>\n<h3>Alquiler de mesas de casino de lujo<\/h3>\n<p>\u00bfQu\u00e9 busca? Consulte nuestras amplias opciones:<\/p>\n<ul>\n<li><a href=\"https:\/\/royalcasinocompany.nl\/es\/roulette-tafel-huren\/\">Mesas de ruleta<\/a><\/li>\n<li><a href=\"https:\/\/royalcasinocompany.nl\/es\/blackjack-tafel-huren\/\">Mesas de blackjack<\/a><\/li>\n<li><a href=\"https:\/\/royalcasinocompany.nl\/es\/poker-tafel-huren\/\">Mesas de p\u00f3quer<\/a><\/li>\n<li><a href=\"https:\/\/royalcasinocompany.nl\/es\/prijzen\/\">Echa un vistazo a nuestros otros juegos de casino<\/a><\/li>\n<\/ul>\n<p>\n<\/div><\/div><\/div><\/div><\/div><\/div><div class=\"wpb_column pos-top pos-center align_left column_parent col-lg-6 boomapps_vccolumn single-internal-gutter\"><div class=\"uncol style-dark\"  ><div class=\"uncoltable\"><div class=\"uncell  boomapps_vccolumn no-block-padding\" ><div class=\"uncont\" ><div class=\"uncode_text_column\" ><\/p>\n<h2>\u00bfPor qu\u00e9 alquilar mesas de casino a Royal Casino Company?<\/h2>\n<ul>\n<li>Mesas de casino de gran formato (\u00fanicas en el mercado)<\/li>\n<li>Mesas de casino reales<\/li>\n<li>Ruletas grandes y originales (\u00d8 82 cm)<\/li>\n<li>Portavasos en las mesas del casino<\/li>\n<li>Cenefas de cuero de lujo alrededor de las mesas del casino<\/li>\n<li>La mayor variedad de mesas de casino<\/li>\n<li>Croupiers divertidos y espont\u00e1neos<\/li>\n<\/ul>\n<p>\n<\/div><span class=\"btn-container\" ><a role=\"button\"  href=\"https:\/\/royalcasinocompany.nl\/es\/offerteformulier\/\" class=\"custom-link btn border-width-0 btn-accent btn-outline btn-icon-left\">SOLICITE UN PRESUPUESTO SIN COMPROMISO<\/a><\/span><div class=\"uncode-single-media  text-left\"><div class=\"single-wrapper\" style=\"max-width: 100%;\"><div class=\"tmb tmb-light  tmb-img-ratio tmb-media-first tmb-media-last tmb-content-overlay tmb-no-bg\"><div class=\"t-inside\"><div class=\"t-entry-visual\"><div class=\"t-entry-visual-tc\"><div class=\"uncode-single-media-wrapper\"><div class=\"dummy\" style=\"padding-top: 75%;\"><\/div><img decoding=\"async\" class=\"wp-image-67042\" src=\"https:\/\/royalcasinocompany.nl\/wp-content\/uploads\/2024\/02\/WhatsApp-Image-2024-02-16-at-13.21.45-uai-2048x1536.jpeg\" width=\"2048\" height=\"1536\" alt=\"- Royal Casino Company\" title=\"\"><\/div>\n\t\t\t\t\t<\/div>\n\t\t\t\t<\/div><\/div><\/div><\/div><\/div><\/div><\/div><\/div><\/div><\/div><script id=\"script-row-unique-1\" data-row=\"script-row-unique-1\" type=\"text\/javascript\" class=\"vc_controls\">UNCODE.initRow(document.getElementById(\"row-unique-1\"));<\/script><\/div><\/div><\/div><div data-parent=\"true\" class=\"vc_row row-container boomapps_vcrow\" id=\"row-unique-2\"><div class=\"row limit-width row-parent\"><div class=\"wpb_row row-inner\"><div class=\"wpb_column pos-top pos-center align_left column_parent col-lg-12 boomapps_vccolumn single-internal-gutter\"><div class=\"uncol style-dark\"  ><div class=\"uncoltable\"><div class=\"uncell  boomapps_vccolumn no-block-padding\" ><div class=\"uncont\" ><div class=\"vc_row row-internal row-container boomapps_vcrow\"><div class=\"row row-child\"><div class=\"wpb_row row-inner\"><div class=\"wpb_column pos-top pos-center align_center column_child col-lg-12 boomapps_vccolumn single-internal-gutter\"><div class=\"uncol style-dark\" ><div class=\"uncoltable\"><div class=\"uncell  boomapps_vccolumn no-block-padding\" ><div class=\"uncont\" style=\" max-width:75%;\" ><div class=\"divider-wrapper\"  >\n    <hr class=\"border-accent-color separator-no-padding\"  \/>\n<\/div>\n<div class=\"uncode_text_column\" ><\/p>\n<h3>\u00bfAlquiler de casinos en \u00c1msterdam con crupieres?<\/h3>\n<p>Para que usted y sus invitados pasen una velada estupenda, le ofrecemos nuestro servicio de casino con personal. Nuestro personal \"los croupiers\" le llevar\u00e1n a usted y a sus invitados al mundo del casino. Su hospitalidad, amabilidad y destreza garantizan que todos pasen una velada fant\u00e1stica.<\/p>\n<\/div><div class=\"divider-wrapper\"  >\n    <hr class=\"border-accent-color separator-no-padding\"  \/>\n<\/div>\n<\/div><\/div><\/div><\/div><\/div><\/div><\/div><\/div><\/div><\/div><\/div><\/div><\/div><script id=\"script-row-unique-2\" data-row=\"script-row-unique-2\" type=\"text\/javascript\" class=\"vc_controls\">UNCODE.initRow(document.getElementById(\"row-unique-2\"));<\/script><\/div><\/div><\/div><div data-parent=\"true\" class=\"vc_row row-container boomapps_vcrow\" id=\"row-unique-3\"><div class=\"row limit-width row-parent\"><div class=\"wpb_row row-inner\"><div class=\"wpb_column pos-top pos-center align_left column_parent col-lg-12 boomapps_vccolumn single-internal-gutter\"><div class=\"uncol style-dark\"  ><div class=\"uncoltable\"><div class=\"uncell  boomapps_vccolumn no-block-padding\" ><div class=\"uncont\" ><div class=\"uncode_text_column\" ><\/p>\n<h2 style=\"text-align: center;\">\u00bfQU\u00c9 MESAS DE CASINO PUEDE ALQUILARNOS?<\/h2>\n<p>\n<\/div><div id=\"index-617711\" class=\"isotope-system isotope-general-dark grid-general-dark\" >\n\t\t\t\n\t\t\t\t\t\t\t\t\t\t\t\t\t\t<div class=\"isotope-wrapper grid-wrapper single-gutter\" >\t\t\t\t\t\t\t\t\t\t\t\t<div class=\"isotope-container grid-container isotope-layout style-masonry isotope-pagination grid-pagination\" data-type=\"masonry\" data-layout=\"masonry\" data-lg=\"1000\" data-md=\"600\" data-sm=\"480\" data-vp-height=\"\">\t\t\t<div class=\"tmb atc-typography-inherit tmb-iso-w4 tmb-iso-h4 tmb-dark tmb-overlay-gradient-bottom tmb-text-showed tmb-overlay-showed tmb-overlay-anim tmb-content-center tmb-image-anim  grid-cat-63 tmb-id-56966 tmb-img-ratio tmb-content-under tmb-media-first\" ><div class=\"t-inside style-color-rgdb-bg no-anim\" ><div class=\"t-entry-visual\"><div class=\"t-entry-visual-tc\"><div class=\"t-entry-visual-cont\"><div class=\"dummy\" style=\"padding-top: 75%;\"><\/div><a role=\"button\" tabindex=\"-1\" href=\"https:\/\/royalcasinocompany.nl\/es\/roulette-tafel-huren\/\" class=\"pushed\" aria-label=\"Alquiler de mesas de ruleta\"  target=\"_self\" data-lb-index=\"0\"><div class=\"t-entry-visual-overlay\"><div class=\"t-entry-visual-overlay-in style-color-rgdb-bg\" style=\"opacity: 1;\"><\/div><\/div><img decoding=\"async\" class=\"wp-image-67068\" src=\"https:\/\/royalcasinocompany.nl\/wp-content\/uploads\/2024\/02\/IMG_E1424-scaled-uai-2540x1905.jpg\" width=\"2540\" height=\"1905\" alt=\"Roulette tafel huren\" title=\"\"><\/a><\/div>\n\t\t\t\t\t<\/div>\n\t\t\t\t<\/div><div class=\"t-entry-text\">\n\t\t\t\t\t\t\t\t\t<div class=\"t-entry-text-tc single-block-padding\"><div class=\"t-entry\"><h3 class=\"t-entry-title h5 title-scale\"><a href=\"https:\/\/royalcasinocompany.nl\/es\/roulette-tafel-huren\/\" target=\"_self\">Alquiler de mesas de ruleta<\/a><\/h3><\/div><\/div>\n\t\t\t\t\t\t\t<\/div><\/div><\/div><div class=\"tmb atc-typography-inherit tmb-iso-w4 tmb-iso-h4 tmb-dark tmb-overlay-gradient-bottom tmb-text-showed tmb-overlay-showed tmb-overlay-anim tmb-content-center tmb-image-anim  grid-cat-63 tmb-id-62817 tmb-img-ratio tmb-content-under tmb-media-first\" ><div class=\"t-inside style-color-rgdb-bg no-anim\" ><div class=\"t-entry-visual\"><div class=\"t-entry-visual-tc\"><div class=\"t-entry-visual-cont\"><div class=\"dummy\" style=\"padding-top: 75.1%;\"><\/div><a role=\"button\" tabindex=\"-1\" href=\"https:\/\/royalcasinocompany.nl\/es\/blackjack-tafel-huren\/\" class=\"pushed\" aria-label=\"Alquiler de mesas de blackjack\"  target=\"_self\" data-lb-index=\"1\"><div class=\"t-entry-visual-overlay\"><div class=\"t-entry-visual-overlay-in style-color-rgdb-bg\" style=\"opacity: 1;\"><\/div><\/div><img decoding=\"async\" class=\"wp-image-65631\" src=\"https:\/\/royalcasinocompany.nl\/wp-content\/uploads\/2023\/05\/74-Paul50\u00a9HERMANCEVANDIJK-1-uai-910x683.jpg\" width=\"910\" height=\"683\" alt=\"Blackjack tafel huren\" title=\"\"><\/a><\/div>\n\t\t\t\t\t<\/div>\n\t\t\t\t<\/div><div class=\"t-entry-text\">\n\t\t\t\t\t\t\t\t\t<div class=\"t-entry-text-tc single-block-padding\"><div class=\"t-entry\"><h3 class=\"t-entry-title h5 title-scale\"><a href=\"https:\/\/royalcasinocompany.nl\/es\/blackjack-tafel-huren\/\" target=\"_self\">Alquiler de mesas de blackjack<\/a><\/h3><\/div><\/div>\n\t\t\t\t\t\t\t<\/div><\/div><\/div><div class=\"tmb atc-typography-inherit tmb-iso-w4 tmb-iso-h4 tmb-dark tmb-overlay-gradient-bottom tmb-text-showed tmb-overlay-showed tmb-overlay-anim tmb-content-center tmb-image-anim  grid-cat-63 tmb-id-62826 tmb-img-ratio tmb-content-under tmb-media-first\" ><div class=\"t-inside style-color-rgdb-bg no-anim\" ><div class=\"t-entry-visual\"><div class=\"t-entry-visual-tc\"><div class=\"t-entry-visual-cont\"><div class=\"dummy\" style=\"padding-top: 75%;\"><\/div><a role=\"button\" tabindex=\"-1\" href=\"https:\/\/royalcasinocompany.nl\/es\/poker-tafel-huren\/\" class=\"pushed\" aria-label=\"Alquiler de mesas de p\u00f3quer\"  target=\"_self\" data-lb-index=\"2\"><div class=\"t-entry-visual-overlay\"><div class=\"t-entry-visual-overlay-in style-color-rgdb-bg\" style=\"opacity: 1;\"><\/div><\/div><img decoding=\"async\" class=\"wp-image-65729\" src=\"https:\/\/royalcasinocompany.nl\/wp-content\/uploads\/2023\/05\/Royal-Casino-Company-Ici-Paris-party-06-uai-873x655.jpg\" width=\"873\" height=\"655\" alt=\"Poker tafel huren\" title=\"\"><\/a><\/div>\n\t\t\t\t\t<\/div>\n\t\t\t\t<\/div><div class=\"t-entry-text\">\n\t\t\t\t\t\t\t\t\t<div class=\"t-entry-text-tc single-block-padding\"><div class=\"t-entry\"><h3 class=\"t-entry-title h5 title-scale\"><a href=\"https:\/\/royalcasinocompany.nl\/es\/poker-tafel-huren\/\" target=\"_self\">Alquiler de mesas de p\u00f3quer<\/a><\/h3><\/div><\/div>\n\t\t\t\t\t\t\t<\/div><\/div><\/div><div class=\"tmb atc-typography-inherit tmb-iso-w4 tmb-iso-h4 tmb-dark tmb-overlay-gradient-bottom tmb-text-showed tmb-overlay-showed tmb-overlay-anim tmb-content-center tmb-image-anim  grid-cat-63 tmb-id-62837 tmb-img-ratio tmb-content-under tmb-media-first\" ><div class=\"t-inside style-color-rgdb-bg no-anim\" ><div class=\"t-entry-visual\"><div class=\"t-entry-visual-tc\"><div class=\"t-entry-visual-cont\"><div class=\"dummy\" style=\"padding-top: 75%;\"><\/div><a role=\"button\" tabindex=\"-1\" href=\"https:\/\/royalcasinocompany.nl\/es\/chuck-a-luck-tafel-huren\/\" class=\"pushed\" aria-label=\"Alquiler de mesa de casino Chuck a Luck para fiesta de empresa\"  target=\"_self\" data-lb-index=\"3\"><div class=\"t-entry-visual-overlay\"><div class=\"t-entry-visual-overlay-in style-color-rgdb-bg\" style=\"opacity: 1;\"><\/div><\/div><img decoding=\"async\" class=\"wp-image-67946\" src=\"https:\/\/royalcasinocompany.nl\/wp-content\/uploads\/2024\/03\/WhatsApp-Image-2024-03-13-at-17.51.15-uai-1421x1066.jpeg\" width=\"1421\" height=\"1066\" alt=\"Chuck a Luck casinotafel huren voor bedrijfsfeest\" title=\"\"><\/a><\/div>\n\t\t\t\t\t<\/div>\n\t\t\t\t<\/div><div class=\"t-entry-text\">\n\t\t\t\t\t\t\t\t\t<div class=\"t-entry-text-tc single-block-padding\"><div class=\"t-entry\"><h3 class=\"t-entry-title h5 title-scale\"><a href=\"https:\/\/royalcasinocompany.nl\/es\/chuck-a-luck-tafel-huren\/\" target=\"_self\">Alquiler de mesas Chuck \u00e1 Luck<\/a><\/h3><\/div><\/div>\n\t\t\t\t\t\t\t<\/div><\/div><\/div><div class=\"tmb atc-typography-inherit tmb-iso-w4 tmb-iso-h4 tmb-dark tmb-overlay-gradient-bottom tmb-text-showed tmb-overlay-showed tmb-overlay-anim tmb-content-center tmb-image-anim  grid-cat-63 tmb-id-62843 tmb-img-ratio tmb-content-under tmb-media-first\" ><div class=\"t-inside style-color-rgdb-bg no-anim\" ><div class=\"t-entry-visual\"><div class=\"t-entry-visual-tc\"><div class=\"t-entry-visual-cont\"><div class=\"dummy\" style=\"padding-top: 75%;\"><\/div><a role=\"button\" tabindex=\"-1\" href=\"https:\/\/royalcasinocompany.nl\/es\/money-wheel-tafel-huren\/\" class=\"pushed\" aria-label=\"Alquiler de ruedas de dinero\"  target=\"_self\" data-lb-index=\"4\"><div class=\"t-entry-visual-overlay\"><div class=\"t-entry-visual-overlay-in style-color-rgdb-bg\" style=\"opacity: 1;\"><\/div><\/div><img decoding=\"async\" class=\"wp-image-65674\" src=\"https:\/\/royalcasinocompany.nl\/wp-content\/uploads\/2023\/05\/TQII9811.jpg\" width=\"1599\" height=\"1200\" alt=\"Money wheel huren\" title=\"\" srcset=\"https:\/\/royalcasinocompany.nl\/wp-content\/uploads\/2023\/05\/TQII9811.jpg 1599w, https:\/\/royalcasinocompany.nl\/wp-content\/uploads\/2023\/05\/TQII9811-300x225.jpg 300w, https:\/\/royalcasinocompany.nl\/wp-content\/uploads\/2023\/05\/TQII9811-1024x768.jpg 1024w, https:\/\/royalcasinocompany.nl\/wp-content\/uploads\/2023\/05\/TQII9811-768x576.jpg 768w, https:\/\/royalcasinocompany.nl\/wp-content\/uploads\/2023\/05\/TQII9811-1536x1153.jpg 1536w, https:\/\/royalcasinocompany.nl\/wp-content\/uploads\/2023\/05\/TQII9811-350x263.jpg 350w\" sizes=\"(max-width: 1599px) 100vw, 1599px\"><\/a><\/div>\n\t\t\t\t\t<\/div>\n\t\t\t\t<\/div><div class=\"t-entry-text\">\n\t\t\t\t\t\t\t\t\t<div class=\"t-entry-text-tc single-block-padding\"><div class=\"t-entry\"><h3 class=\"t-entry-title h5 title-scale\"><a href=\"https:\/\/royalcasinocompany.nl\/es\/money-wheel-tafel-huren\/\" target=\"_self\">Alquiler de mesas Money Wheel<\/a><\/h3><\/div><\/div>\n\t\t\t\t\t\t\t<\/div><\/div><\/div><div class=\"tmb atc-typography-inherit tmb-iso-w4 tmb-iso-h4 tmb-dark tmb-overlay-gradient-bottom tmb-text-showed tmb-overlay-showed tmb-overlay-anim tmb-content-center tmb-image-anim  grid-cat-63 tmb-id-62867 tmb-img-ratio tmb-content-under tmb-media-first\" ><div class=\"t-inside style-color-rgdb-bg no-anim\" ><div class=\"t-entry-visual\"><div class=\"t-entry-visual-tc\"><div class=\"t-entry-visual-cont\"><div class=\"dummy\" style=\"padding-top: 75%;\"><\/div><a role=\"button\" tabindex=\"-1\" href=\"https:\/\/royalcasinocompany.nl\/es\/craps-tafel-huren\/\" class=\"pushed\" aria-label=\"Alquiler de mesa de casino Craps para fiesta de empresa\"  target=\"_self\" data-lb-index=\"5\"><div class=\"t-entry-visual-overlay\"><div class=\"t-entry-visual-overlay-in style-color-rgdb-bg\" style=\"opacity: 1;\"><\/div><\/div><img decoding=\"async\" class=\"wp-image-67929\" src=\"https:\/\/royalcasinocompany.nl\/wp-content\/uploads\/2024\/03\/WhatsApp-Image-2024-03-13-at-17.51.13-uai-1434x1076.jpeg\" width=\"1434\" height=\"1076\" alt=\"Craps casinotafel huren voor bedrijfsfeest\" title=\"\"><\/a><\/div>\n\t\t\t\t\t<\/div>\n\t\t\t\t<\/div><div class=\"t-entry-text\">\n\t\t\t\t\t\t\t\t\t<div class=\"t-entry-text-tc single-block-padding\"><div class=\"t-entry\"><h3 class=\"t-entry-title h5 title-scale\"><a href=\"https:\/\/royalcasinocompany.nl\/es\/craps-tafel-huren\/\" target=\"_self\">Alquiler de mesas de dados<\/a><\/h3><\/div><\/div>\n\t\t\t\t\t\t\t<\/div><\/div><\/div><div class=\"tmb atc-typography-inherit tmb-iso-w4 tmb-iso-h4 tmb-dark tmb-overlay-gradient-bottom tmb-text-showed tmb-overlay-showed tmb-overlay-anim tmb-content-center tmb-image-anim  grid-cat-63 tmb-id-62874 tmb-img-ratio tmb-content-under tmb-media-first\" ><div class=\"t-inside style-color-rgdb-bg no-anim\" ><div class=\"t-entry-visual\"><div class=\"t-entry-visual-tc\"><div class=\"t-entry-visual-cont\"><div class=\"dummy\" style=\"padding-top: 75%;\"><\/div><a role=\"button\" tabindex=\"-1\" href=\"https:\/\/royalcasinocompany.nl\/es\/franse-roulette-tafel-huren\/\" class=\"pushed\" aria-label=\"Alquiler de mesas de ruleta francesa\"  target=\"_self\" data-lb-index=\"6\"><div class=\"t-entry-visual-overlay\"><div class=\"t-entry-visual-overlay-in style-color-rgdb-bg\" style=\"opacity: 1;\"><\/div><\/div><img decoding=\"async\" class=\"wp-image-67159\" src=\"https:\/\/royalcasinocompany.nl\/wp-content\/uploads\/2024\/02\/IMG_2234-scaled.jpg\" width=\"2560\" height=\"1920\" alt=\"Franse roulette tafel huren\" title=\"\" srcset=\"https:\/\/royalcasinocompany.nl\/wp-content\/uploads\/2024\/02\/IMG_2234-scaled.jpg 2560w, https:\/\/royalcasinocompany.nl\/wp-content\/uploads\/2024\/02\/IMG_2234-300x225.jpg 300w, https:\/\/royalcasinocompany.nl\/wp-content\/uploads\/2024\/02\/IMG_2234-1024x768.jpg 1024w, https:\/\/royalcasinocompany.nl\/wp-content\/uploads\/2024\/02\/IMG_2234-768x576.jpg 768w, https:\/\/royalcasinocompany.nl\/wp-content\/uploads\/2024\/02\/IMG_2234-1536x1152.jpg 1536w, https:\/\/royalcasinocompany.nl\/wp-content\/uploads\/2024\/02\/IMG_2234-2048x1536.jpg 2048w, https:\/\/royalcasinocompany.nl\/wp-content\/uploads\/2024\/02\/IMG_2234-350x263.jpg 350w\" sizes=\"(max-width: 2560px) 100vw, 2560px\"><\/a><\/div>\n\t\t\t\t\t<\/div>\n\t\t\t\t<\/div><div class=\"t-entry-text\">\n\t\t\t\t\t\t\t\t\t<div class=\"t-entry-text-tc single-block-padding\"><div class=\"t-entry\"><h3 class=\"t-entry-title h5 title-scale\"><a href=\"https:\/\/royalcasinocompany.nl\/es\/franse-roulette-tafel-huren\/\" target=\"_self\">Alquiler de mesas de ruleta francesa<\/a><\/h3><\/div><\/div>\n\t\t\t\t\t\t\t<\/div><\/div><\/div><div class=\"tmb atc-typography-inherit tmb-iso-w4 tmb-iso-h4 tmb-dark tmb-overlay-gradient-bottom tmb-text-showed tmb-overlay-showed tmb-overlay-anim tmb-content-center tmb-image-anim  grid-cat-63 tmb-id-65764 tmb-img-ratio tmb-content-under tmb-media-first\" ><div class=\"t-inside style-color-rgdb-bg no-anim\" ><div class=\"t-entry-visual\"><div class=\"t-entry-visual-tc\"><div class=\"t-entry-visual-cont\"><div class=\"dummy\" style=\"padding-top: 75%;\"><\/div><a role=\"button\" tabindex=\"-1\" href=\"https:\/\/royalcasinocompany.nl\/es\/xl-dubbele-roulette-tafel-huren\/\" class=\"pushed\" aria-label=\"Alquiler de ruletas XL Double\"  target=\"_self\" data-lb-index=\"7\"><div class=\"t-entry-visual-overlay\"><div class=\"t-entry-visual-overlay-in style-color-rgdb-bg\" style=\"opacity: 1;\"><\/div><\/div><img decoding=\"async\" class=\"wp-image-67917\" src=\"https:\/\/royalcasinocompany.nl\/wp-content\/uploads\/2024\/03\/WhatsApp-Image-2024-03-13-at-17.27.16-uai-1372x1029.jpeg\" width=\"1372\" height=\"1029\" alt=\"XL Dubbele roulette huren\" title=\"\"><\/a><\/div>\n\t\t\t\t\t<\/div>\n\t\t\t\t<\/div><div class=\"t-entry-text\">\n\t\t\t\t\t\t\t\t\t<div class=\"t-entry-text-tc single-block-padding\"><div class=\"t-entry\"><h3 class=\"t-entry-title h5 title-scale\"><a href=\"https:\/\/royalcasinocompany.nl\/es\/xl-dubbele-roulette-tafel-huren\/\" target=\"_self\">Alquiler de mesas de ruleta dobles XL<\/a><\/h3><\/div><\/div>\n\t\t\t\t\t\t\t<\/div><\/div><\/div>\t\t<\/div>\t\n\t\n\n\t<\/div>\t\t\t\t<\/div>\n<div class=\"empty-space empty-single\" ><span class=\"empty-space-inner\"><\/span><\/div>\n<div class=\"divider-wrapper\"  >\n    <hr class=\"border-accent-color separator-no-padding\"  \/>\n<\/div>\n<div class=\"vc_row row-internal row-container boomapps_vcrow\"><div class=\"row row-child\"><div class=\"wpb_row row-inner\"><div class=\"wpb_column pos-top pos-center align_left column_child col-lg-8 boomapps_vccolumn single-internal-gutter\"><div class=\"uncol style-dark\" ><div class=\"uncoltable\"><div class=\"uncell  boomapps_vccolumn no-block-padding\" ><div class=\"uncont\" ><div class=\"uncode_text_column\" ><\/p>\n<blockquote>\n<p>Las agencias y lugares de celebraci\u00f3n de eventos se benefician de un descuento por mediaci\u00f3n.<\/p>\n<\/blockquote>\n<p>Costes adicionales:<\/p>\n<ul>\n<li>Gastos de transporte a 0,65 euros por kil\u00f3metro<\/li>\n<li>Tiempo de juego adicional a 60 euros la hora, por consola, incluido el crupier<\/li>\n<li>Al alquilar una mesa de casino, pagas el precio de dos mesas de juego.<\/li>\n<li>Se aplica un recargo de 50 euros por hora a las horas de juego posteriores a las 00:30 horas.<\/li>\n<li>Para ubicaciones distintas de la planta baja, cobramos el recargo 10%<\/li>\n<li>Tiempo de transici\u00f3n entre la instalaci\u00f3n y la apertura del casino a 50 euros por hora y crupier<\/li>\n<li>Los d\u00edas festivos se aplica una tarifa de alquiler diferente, consulte los gastos adicionales.<\/li>\n<\/ul>\n<p>\n<\/div><div class=\"uncode_text_column\" ><p>*Todos los precios indicados son sin IVA 21%<\/p>\n<\/div><\/div><\/div><\/div><\/div><\/div><div class=\"wpb_column pos-top pos-center align_left column_child col-lg-4 boomapps_vccolumn single-internal-gutter\"><div class=\"uncol style-dark\" ><div class=\"uncoltable\"><div class=\"uncell  boomapps_vccolumn no-block-padding\" ><div class=\"uncont\" ><div class=\"uncode-single-media  text-left\"><div class=\"single-wrapper\" style=\"max-width: 100%;\"><div class=\"tmb tmb-light  tmb-img-ratio tmb-media-first tmb-media-last tmb-content-overlay tmb-no-bg\"><div class=\"t-inside\"><div class=\"t-entry-visual\"><div class=\"t-entry-visual-tc\"><div class=\"uncode-single-media-wrapper\"><div class=\"dummy\" style=\"padding-top: 75%;\"><\/div><img decoding=\"async\" class=\"wp-image-67052\" src=\"https:\/\/royalcasinocompany.nl\/wp-content\/uploads\/2024\/02\/SME_238712819_053-1-uai-1706x1280.jpg\" width=\"1706\" height=\"1280\" alt=\"Casino avond voor een bedrijfsfeest met casinotafels, casino dames en een goochelaar\" title=\"\"><\/div>\n\t\t\t\t\t<\/div>\n\t\t\t\t<\/div><\/div><\/div><\/div><\/div><\/div><\/div><\/div><\/div><\/div><\/div><\/div><\/div><\/div><\/div><\/div><\/div><\/div><script id=\"script-row-unique-3\" data-row=\"script-row-unique-3\" type=\"text\/javascript\" class=\"vc_controls\">UNCODE.initRow(document.getElementById(\"row-unique-3\"));<\/script><\/div><\/div><\/div>\n<\/div>","protected":false},"excerpt":{"rendered":"Home XL DUBBELE ROULETTE TAFEL HUREN? Roulette is een van de meest iconische en populaire casinospellen ter wereld. Het spel [...]","protected":false},"author":1,"featured_media":69046,"parent":0,"menu_order":0,"comment_status":"closed","ping_status":"closed","template":"","meta":{"footnotes":""},"class_list":["post-58570","page","type-page","status-publish","has-post-thumbnail","hentry","page_category-casino-huren-nederland","page_category-huren"],"_links":{"self":[{"href":"https:\/\/royalcasinocompany.nl\/es\/wp-json\/wp\/v2\/pages\/58570","targetHints":{"allow":["GET"]}}],"collection":[{"href":"https:\/\/royalcasinocompany.nl\/es\/wp-json\/wp\/v2\/pages"}],"about":[{"href":"https:\/\/royalcasinocompany.nl\/es\/wp-json\/wp\/v2\/types\/page"}],"author":[{"embeddable":true,"href":"https:\/\/royalcasinocompany.nl\/es\/wp-json\/wp\/v2\/users\/1"}],"replies":[{"embeddable":true,"href":"https:\/\/royalcasinocompany.nl\/es\/wp-json\/wp\/v2\/comments?post=58570"}],"version-history":[{"count":20,"href":"https:\/\/royalcasinocompany.nl\/es\/wp-json\/wp\/v2\/pages\/58570\/revisions"}],"predecessor-version":[{"id":69204,"href":"https:\/\/royalcasinocompany.nl\/es\/wp-json\/wp\/v2\/pages\/58570\/revisions\/69204"}],"wp:featuredmedia":[{"embeddable":true,"href":"https:\/\/royalcasinocompany.nl\/es\/wp-json\/wp\/v2\/media\/69046"}],"wp:attachment":[{"href":"https:\/\/royalcasinocompany.nl\/es\/wp-json\/wp\/v2\/media?parent=58570"}],"curies":[{"name":"wp","href":"https:\/\/api.w.org\/{rel}","templated":true}]}}