{"id":58715,"date":"2018-05-21T12:03:09","date_gmt":"2018-05-21T12:03:09","guid":{"rendered":"http:\/\/royalcasinocompany.nl\/?page_id=58715"},"modified":"2025-06-16T11:40:28","modified_gmt":"2025-06-16T09:40:28","slug":"v-g-privacy-policy","status":"publish","type":"page","link":"https:\/\/royalcasinocompany.nl\/es\/v-g-privacy-policy\/","title":{"rendered":"Pol\u00edtica de privacidad de A.V.G."},"content":{"rendered":"<div class=\"wpb-content-wrapper\"><div data-parent=\"true\" class=\"vc_row row-container boomapps_vcrow\" id=\"row-unique-0\"><div class=\"row limit-width row-parent\"><div class=\"wpb_row row-inner\"><div class=\"wpb_column pos-top pos-center align_left column_parent col-lg-12 boomapps_vccolumn single-internal-gutter\"><div class=\"uncol style-dark\"  ><div class=\"uncoltable\"><div class=\"uncell  boomapps_vccolumn no-block-padding\" ><div class=\"uncont\" ><div class=\"uncode_text_column\" ><\/p>\n<h1>POL\u00cdTICA DE PRIVACIDAD<\/h1>\n<p>Royal Casino Company se compromete a proteger sus datos personales. En esta Pol\u00edtica de privacidad, pretendemos ofrecer informaci\u00f3n clara y transparente sobre c\u00f3mo tratamos los datos personales.<\/p>\n<p>Nos comprometemos a garantizar su privacidad y, por lo tanto, tratamos los datos personales con cuidado. Royal Casino Company cumple en todos los casos con las leyes y reglamentos aplicables, incluido el Reglamento General de Protecci\u00f3n de Datos. Esto implica que, como m\u00ednimo<\/p>\n<ul>\n<li>Tratar sus datos personales de acuerdo con la finalidad para la que fueron facilitados; estas finalidades y tipos de datos personales se describen en la presente pol\u00edtica de privacidad;<\/li>\n<li>El tratamiento de sus datos personales se limita a los datos m\u00ednimamente necesarios para los fines para los que se tratan;<\/li>\n<li>Solicitar su consentimiento expl\u00edcito si lo necesitamos para procesar sus datos personales;<\/li>\n<li>Haber adoptado las medidas t\u00e9cnicas y organizativas adecuadas para garantizar la seguridad de sus datos personales;<\/li>\n<li>No comunicar los datos personales a terceros a menos que sea necesario para llevar a cabo los fines para los que se facilitaron;<\/li>\n<li>Ser conscientes de sus derechos en relaci\u00f3n con sus datos personales, queremos hac\u00e9rselos saber y respetarlos.<\/li>\n<\/ul>\n<p>Como Royal Casino Company, somos responsables del tratamiento de sus datos personales. Si despu\u00e9s de leer nuestra Pol\u00edtica de privacidad, o en un sentido m\u00e1s general, tiene alguna pregunta al respecto o desea ponerse en contacto con nosotros, puede hacerlo utilizando los datos de contacto que figuran al final de este documento.<\/p>\n<h2><strong>TRATAMIENTO DE DATOS PERSONALES DE CLIENTES O PROVEEDORES<\/strong><\/h2>\n<p>Los datos personales de clientes o proveedores son tratados por la Compa\u00f1\u00eda Royal Casino para los siguientes fines:<\/p>\n<ul>\n<li>Finalidad administrativa;<\/li>\n<li>Fines de marketing interno;<\/li>\n<li>Tramitaci\u00f3n de pedidos;<\/li>\n<li>Tramitaci\u00f3n de asignaciones.<\/li>\n<\/ul>\n<p>La base de estos datos personales es:<\/p>\n<ul>\n<li>La orden acordada;<\/li>\n<\/ul>\n<p>Para los fines arriba indicados, la Compa\u00f1\u00eda Royal Casino podr\u00e1 solicitarle los siguientes datos personales:<\/p>\n<ul>\n<li>Nombre y apellidos<\/li>\n<li>Inserte<\/li>\n<li>N\u00famero de tel\u00e9fono<\/li>\n<li>Direcci\u00f3n de correo electr\u00f3nico<\/li>\n<li>G\u00e9nero<\/li>\n<\/ul>\n<p>Sus datos personales ser\u00e1n almacenados por la Compa\u00f1\u00eda Royal Casino durante el periodo o periodos de procesamiento mencionados anteriormente:<\/p>\n<ul>\n<li>Durante la vigencia del acuerdo y despu\u00e9s s\u00f3lo en los registros financieros durante un m\u00e1ximo de 7 a\u00f1os.<\/li>\n<\/ul>\n<h2><strong>PERSONALIZACIONES<\/strong><\/h2>\n<p>La Compa\u00f1\u00eda Royal Casino no conserva los datos personales m\u00e1s tiempo del necesario para el fin para el que se facilitan o que exige la ley.<\/p>\n<h2><strong>SEGURIDAD<\/strong><\/h2>\n<p>Hemos adoptado las medidas t\u00e9cnicas y organizativas adecuadas para proteger sus datos personales frente al tratamiento il\u00edcito, por ejemplo, hemos adoptado las siguientes medidas<\/p>\n<ul>\n<li>Mantenemos una pol\u00edtica de nombres de usuario y contrase\u00f1as en todos nuestros sistemas;<\/li>\n<li>Hacemos copias de seguridad de los datos personales para restaurarlos en caso de incidentes f\u00edsicos o t\u00e9cnicos;<\/li>\n<\/ul>\n<h2><strong>DERECHOS RELATIVOS A SUS DATOS<\/strong><\/h2>\n<p>Tiene derecho a acceder, rectificar o suprimir los datos personales que hayamos recibido de usted. Tambi\u00e9n puede oponerse al tratamiento total o parcial de sus datos personales por nosotros o por uno de nuestros procesadores. Tambi\u00e9n tiene derecho a que transfiramos los datos que nos ha facilitado a usted o en su nombre directamente a otra parte. Es posible que le pidamos que se identifique para poder atender las solicitudes mencionadas.<\/p>\n<p>En caso de que tratemos sus datos personales sobre la base de un consentimiento dado por usted a tal efecto, siempre tendr\u00e1 derecho a retirar dicho consentimiento.<\/p>\n<h2><strong>QUEJAS<\/strong><\/h2>\n<p>Si tiene alguna queja sobre el tratamiento de sus datos personales, le rogamos que se ponga directamente en contacto con nosotros al respecto. Si no podemos solucionarlo con usted, por supuesto que nos resultar\u00e1 muy molesto. Siempre tiene derecho a presentar una queja ante la Autoridad de Datos Personales, la autoridad supervisora en materia de protecci\u00f3n de la intimidad.<\/p>\n<h2><strong>PREGUNTAS<\/strong><\/h2>\n<p>Si tiene alguna pregunta o comentario sobre nuestra Declaraci\u00f3n de privacidad, p\u00f3ngase en contacto con nosotros.<\/p>\n<h2><strong>DATOS DE CONTACTO<\/strong><\/h2>\n<p>Compa\u00f1\u00eda Royal Casino<br \/>\nCarretera por cable 1<br \/>\n1271 AN HUIZEN<\/p>\n<\/div><\/div><\/div><\/div><\/div><\/div><script id=\"script-row-unique-0\" data-row=\"script-row-unique-0\" type=\"text\/javascript\" class=\"vc_controls\">UNCODE.initRow(document.getElementById(\"row-unique-0\"));<\/script><\/div><\/div><\/div>\n<\/div>","protected":false},"excerpt":{"rendered":"PRIVACY POLICY Royal Casino Company hecht veel waarde aan de bescherming van uw persoonsgegevens. In deze Privacy policy willen we [...]","protected":false},"author":1,"featured_media":0,"parent":0,"menu_order":0,"comment_status":"closed","ping_status":"closed","template":"","meta":{"footnotes":""},"class_list":["post-58715","page","type-page","status-publish","hentry","page_category-over-ons"],"_links":{"self":[{"href":"https:\/\/royalcasinocompany.nl\/es\/wp-json\/wp\/v2\/pages\/58715","targetHints":{"allow":["GET"]}}],"collection":[{"href":"https:\/\/royalcasinocompany.nl\/es\/wp-json\/wp\/v2\/pages"}],"about":[{"href":"https:\/\/royalcasinocompany.nl\/es\/wp-json\/wp\/v2\/types\/page"}],"author":[{"embeddable":true,"href":"https:\/\/royalcasinocompany.nl\/es\/wp-json\/wp\/v2\/users\/1"}],"replies":[{"embeddable":true,"href":"https:\/\/royalcasinocompany.nl\/es\/wp-json\/wp\/v2\/comments?post=58715"}],"version-history":[{"count":5,"href":"https:\/\/royalcasinocompany.nl\/es\/wp-json\/wp\/v2\/pages\/58715\/revisions"}],"predecessor-version":[{"id":70312,"href":"https:\/\/royalcasinocompany.nl\/es\/wp-json\/wp\/v2\/pages\/58715\/revisions\/70312"}],"wp:attachment":[{"href":"https:\/\/royalcasinocompany.nl\/es\/wp-json\/wp\/v2\/media?parent=58715"}],"curies":[{"name":"wp","href":"https:\/\/api.w.org\/{rel}","templated":true}]}}