{"id":62666,"date":"2025-06-24T21:00:40","date_gmt":"2025-06-24T19:00:40","guid":{"rendered":"https:\/\/royalcasinocompany.nl\/?page_id=62666"},"modified":"2025-06-25T09:37:39","modified_gmt":"2025-06-25T07:37:39","slug":"prijs-kwaliteit-service","status":"publish","type":"page","link":"https:\/\/royalcasinocompany.nl\/es\/prijs-kwaliteit-service\/","title":{"rendered":"Precio, calidad y servicio"},"content":{"rendered":"<div class=\"wpb-content-wrapper\"><div data-parent=\"true\" class=\"vc_row row-container boomapps_vcrow\" id=\"row-unique-0\"><div class=\"row limit-width row-parent\"><div class=\"wpb_row row-inner\"><div class=\"wpb_column pos-top pos-center align_left column_parent col-lg-12 boomapps_vccolumn single-internal-gutter\"><div class=\"uncol style-dark\"  ><div class=\"uncoltable\"><div class=\"uncell  boomapps_vccolumn no-block-padding\" ><div class=\"uncont\" ><div class=\"vc_row row-internal row-container boomapps_vcrow\"><div class=\"row row-child\"><div class=\"wpb_row row-inner\"><div class=\"wpb_column pos-top pos-center align_center column_child col-lg-12 boomapps_vccolumn single-internal-gutter\"><div class=\"uncol style-dark font-134980\" ><div class=\"uncoltable\"><div class=\"uncell  boomapps_vccolumn no-block-padding\" ><div class=\"uncont\" style=\" max-width:696px;\" ><div class=\"vc_custom_heading_wrap\"><div class=\"heading-text el-text\" ><\/p>\n<h1>PRECIO, CALIDAD Y SERVICIO<\/h1>\n<div class=\"text-small text-top-reduced\"><p>No ganamos en precio. Pero s\u00ed en profesionalidad, calidad y servicio.<\/p>\n<\/div><hr class=\"separator-break separator-accent\" \/><\/div><div class=\"clear\"><\/div><\/div><\/div><\/div><\/div><\/div><\/div><\/div><\/div><\/div><\/div><\/div><\/div><\/div><\/div><script id=\"script-row-unique-0\" data-row=\"script-row-unique-0\" type=\"text\/javascript\" class=\"vc_controls\">UNCODE.initRow(document.getElementById(\"row-unique-0\"));<\/script><\/div><\/div><\/div><div data-parent=\"true\" class=\"vc_row row-container boomapps_vcrow\" id=\"row-unique-1\"><div class=\"row limit-width row-parent\"><div class=\"wpb_row row-inner\"><div class=\"wpb_column pos-top pos-center align_left column_parent col-lg-6 boomapps_vccolumn single-internal-gutter\"><div class=\"uncol style-dark\"  ><div class=\"uncoltable\"><div class=\"uncell  boomapps_vccolumn no-block-padding\" ><div class=\"uncont\" ><div class=\"vc_row row-internal row-container boomapps_vcrow\"><div class=\"row row-child\"><div class=\"wpb_row row-inner\"><div class=\"wpb_column pos-top pos-center align_left column_child col-lg-12 boomapps_vccolumn single-internal-gutter\"><div class=\"uncol style-dark\" ><div class=\"uncoltable\"><div class=\"uncell  boomapps_vccolumn no-block-padding\" ><div class=\"uncont\" ><div class=\"uncode_text_column\" ><\/p>\n<blockquote>\n<p><strong>Nuestro objetivo es ofrecer el mejor valor, no el precio m\u00e1s bajo.<\/strong><\/p>\n<\/blockquote>\n<p>Puede que no se nos conozca como la opci\u00f3n m\u00e1s barata, pero destacamos por nuestra excelencia en el alquiler de casinos. Con dos d\u00e9cadas de experiencia, hemos aprendido que la calidad y un servicio excelente son esenciales, y merecen un precio determinado.<\/p>\n<\/div><\/div><\/div><\/div><\/div><\/div><\/div><\/div><\/div><div class=\"uncode-single-media  text-left\"><div class=\"single-wrapper\" style=\"max-width: 100%;\"><div class=\"tmb tmb-light  img-round img-round-lg tmb-img-ratio tmb-media-first tmb-media-last tmb-content-overlay tmb-no-bg\"><div class=\"t-inside\"><div class=\"t-entry-visual\"><div class=\"t-entry-visual-tc\"><div class=\"uncode-single-media-wrapper img-round img-round-lg\"><div class=\"dummy\" style=\"padding-top: 30%;\"><\/div><img decoding=\"async\" class=\"wp-image-67079\" src=\"https:\/\/royalcasinocompany.nl\/wp-content\/uploads\/2024\/02\/5november2022-LasVegas-HermanceVanDijkPhotography-10-scaled-uai-2560x768.jpg\" width=\"2560\" height=\"768\" alt=\"- Royal Casino Company\" title=\"\"><\/div>\n\t\t\t\t\t<\/div>\n\t\t\t\t<\/div><\/div><\/div><\/div><\/div><div class=\"vc_row row-internal row-container boomapps_vcrow\"><div class=\"row row-child\"><div class=\"wpb_row row-inner\"><div class=\"wpb_column pos-top pos-center align_left column_child col-lg-12 boomapps_vccolumn single-internal-gutter\"><div class=\"uncol style-dark\" ><div class=\"uncoltable\"><div class=\"uncell  boomapps_vccolumn no-block-padding\" ><div class=\"uncont\" ><div class=\"uncode_text_column\" ><\/p>\n<h3>Lo barato sale caro<\/h3>\n<p>Mientras que los competidores se centran en tarifas bajas y entrega gratuita -lo que a menudo resulta en una corta vida \u00fatil-, nosotros creemos que lo barato al final sale caro. Nuestra creencia radica en ofrecer un servicio fiable y bien informado con materiales que usted reconoce de aut\u00e9nticos casinos.<\/p>\n<\/div><\/div><\/div><\/div><\/div><\/div><\/div><\/div><\/div><div class=\"uncode-single-media  text-left\"><div class=\"single-wrapper\" style=\"max-width: 100%;\"><div class=\"tmb tmb-light  img-round img-round-lg tmb-img-ratio tmb-media-first tmb-media-last tmb-content-overlay tmb-no-bg\"><div class=\"t-inside\"><div class=\"t-entry-visual\"><div class=\"t-entry-visual-tc\"><div class=\"uncode-single-media-wrapper img-round img-round-lg\"><div class=\"dummy\" style=\"padding-top: 75%;\"><\/div><img decoding=\"async\" class=\"wp-image-66836\" src=\"https:\/\/royalcasinocompany.nl\/wp-content\/uploads\/2024\/02\/20231214-tomdoms_0025915-uai-1820x1365.jpg\" width=\"1820\" height=\"1365\" alt=\"Casino huren\" title=\"\"><\/div>\n\t\t\t\t\t<\/div>\n\t\t\t\t<\/div><\/div><\/div><\/div><\/div><div class=\"vc_row row-internal row-container boomapps_vcrow\"><div class=\"row row-child\"><div class=\"wpb_row row-inner\"><div class=\"wpb_column pos-top pos-center align_left column_child col-lg-12 boomapps_vccolumn single-internal-gutter\"><div class=\"uncol style-dark\" ><div class=\"uncoltable\"><div class=\"uncell  boomapps_vccolumn no-block-padding\" ><div class=\"uncont\" ><div class=\"uncode_text_column\" ><\/p>\n<h3>Ojo al detalle<\/h3>\n<p>Cada evento es preparado por nosotros con gran cuidado y precisi\u00f3n, garantizando la puntualidad de nuestros crupieres. As\u00ed que elija sabiamente al seleccionar su empresa de alquiler de casinos.<\/p>\n<\/div><\/div><\/div><\/div><\/div><\/div><\/div><\/div><\/div><div class=\"uncode-single-media  text-left\"><div class=\"single-wrapper\" style=\"max-width: 100%;\"><div class=\"tmb tmb-light  img-round img-round-xl tmb-img-ratio tmb-media-first tmb-media-last tmb-content-overlay tmb-no-bg\"><div class=\"t-inside\"><div class=\"t-entry-visual\"><div class=\"t-entry-visual-tc\"><div class=\"uncode-single-media-wrapper img-round img-round-xl\"><div class=\"dummy\" style=\"padding-top: 30%;\"><\/div><img decoding=\"async\" class=\"wp-image-68229\" src=\"https:\/\/royalcasinocompany.nl\/wp-content\/uploads\/2024\/05\/240307EP19572-scaled-uai-2560x768.jpg\" width=\"2560\" height=\"768\" alt=\"Mobiel casino huren\" title=\"\"><\/div>\n\t\t\t\t\t<\/div>\n\t\t\t\t<\/div><\/div><\/div><\/div><\/div><div class=\"vc_row row-internal row-container boomapps_vcrow\"><div class=\"row row-child\"><div class=\"wpb_row row-inner\"><div class=\"wpb_column pos-top pos-center align_left column_child col-lg-12 boomapps_vccolumn single-internal-gutter\"><div class=\"uncol style-dark\" ><div class=\"uncoltable\"><div class=\"uncell  boomapps_vccolumn no-block-padding\" ><div class=\"uncont\" ><div class=\"uncode_text_column\" ><\/p>\n<h3>Nuestras caracter\u00edsticas \u00fanicas incluyen:<\/h3>\n<ul>\n<li>Garant\u00eda de disponibilidad permanente y comunicaci\u00f3n r\u00e1pida<\/li>\n<li>Un punto de contacto personal para todas sus preguntas<\/li>\n<li>Atenci\u00f3n a cada detalle y servicio profesional<\/li>\n<li>Croupiers formados por expertos que garantizan un ambiente cordial<\/li>\n<li>Las mesas de casino m\u00e1s grandes del mercado, disponibles exclusivamente con nosotros<\/li>\n<li>Grandes y aut\u00e9nticas ruletas de 82 cm de di\u00e1metro<\/li>\n<li>La m\u00e1s amplia selecci\u00f3n de mesas de casino y decoraciones tem\u00e1ticas<\/li>\n<\/ul>\n<p>Con estas caracter\u00edsticas, garantizamos una experiencia inigualable para todos sus eventos relacionados con el casino.<\/p>\n<\/div><\/div><\/div><\/div><\/div><\/div><\/div><\/div><\/div><div class=\"uncode-single-media  text-left\"><div class=\"single-wrapper\" style=\"max-width: 100%;\"><div class=\"tmb tmb-light  img-round img-round-lg tmb-img-ratio tmb-media-first tmb-media-last tmb-content-overlay tmb-no-bg\"><div class=\"t-inside\"><div class=\"t-entry-visual\"><div class=\"t-entry-visual-tc\"><div class=\"uncode-single-media-wrapper img-round img-round-lg\"><div class=\"dummy\" style=\"padding-top: 75%;\"><\/div><img decoding=\"async\" class=\"wp-image-66840\" src=\"https:\/\/royalcasinocompany.nl\/wp-content\/uploads\/2024\/02\/20231214-tomdoms_0540330-uai-1820x1365.jpg\" width=\"1820\" height=\"1365\" alt=\"- Royal Casino Company\" title=\"\"><\/div>\n\t\t\t\t\t<\/div>\n\t\t\t\t<\/div><\/div><\/div><\/div><\/div><div class=\"vc_row row-internal row-container boomapps_vcrow\"><div class=\"row row-child\"><div class=\"wpb_row row-inner\"><div class=\"wpb_column pos-top pos-center align_left column_child col-lg-12 boomapps_vccolumn single-internal-gutter\"><div class=\"uncol style-dark\" ><div class=\"uncoltable\"><div class=\"uncell  boomapps_vccolumn no-block-padding\" ><div class=\"uncont\" ><div class=\"uncode_text_column\" ><\/p>\n<h3>Nuestra oferta<\/h3>\n<p>Nuestra oferta va m\u00e1s all\u00e1 del mero asesoramiento en la elecci\u00f3n de mesas de casino; tambi\u00e9n apoyamos plenamente la organizaci\u00f3n de su evento o fiesta de la A a la Z. En Royal Casino Company, estaremos encantados de demostrarle por qu\u00e9 somos la opci\u00f3n preferida de particulares, empresas y agencias de eventos. Elija Royal Casino Company y aseg\u00farese una experiencia de casino que le acompa\u00f1ar\u00e1 durante mucho tiempo.<\/p>\n<\/div><\/div><\/div><\/div><\/div><\/div><\/div><\/div><\/div><div class=\"uncode-single-media  text-left\"><div class=\"single-wrapper\" style=\"max-width: 100%;\"><div class=\"tmb tmb-light  img-round img-round-lg tmb-img-ratio tmb-media-first tmb-media-last tmb-content-overlay tmb-no-bg\"><div class=\"t-inside\"><div class=\"t-entry-visual\"><div class=\"t-entry-visual-tc\"><div class=\"uncode-single-media-wrapper img-round img-round-lg\"><div class=\"dummy\" style=\"padding-top: 75.1%;\"><\/div><img decoding=\"async\" class=\"wp-image-68477\" src=\"https:\/\/royalcasinocompany.nl\/wp-content\/uploads\/2024\/05\/20-Paul50%C2%A9HERMANCEVANDIJK-uai-910x683.jpg\" width=\"910\" height=\"683\" alt=\"nep geld met witte veren ter decoratie\" title=\"\"><\/div>\n\t\t\t\t\t<\/div>\n\t\t\t\t<\/div><\/div><\/div><\/div><\/div><\/div><\/div><\/div><\/div><\/div><div class=\"wpb_column pos-top pos-center align_left column_parent col-lg-6 boomapps_vccolumn single-internal-gutter\"><div class=\"uncol style-dark\"  ><div class=\"uncoltable\"><div class=\"uncell  boomapps_vccolumn no-block-padding\" ><div class=\"uncont\" ><div class=\"vc_row row-internal row-container boomapps_vcrow\"><div class=\"row row-child\"><div class=\"wpb_row row-inner\"><div class=\"wpb_column pos-top pos-center align_left column_child col-lg-12 boomapps_vccolumn single-internal-gutter\"><div class=\"uncol style-dark\" ><div class=\"uncoltable\"><div class=\"uncell  boomapps_vccolumn no-block-padding\" ><div class=\"uncont\" ><div class=\"uncode_text_column\" ><\/p>\n<h3>INOLVIDABLE NOCHE DE CASINO<\/h3>\n<p class=\"text-body font-regular text-gray-800 leading-&#091;24px&#093; pt-&#091;9px&#093; pb-&#091;2px&#093;\" dir=\"ltr\">\u00bfBusca el complemento definitivo para que su fiesta o evento sea inolvidable? Royal Casino Company ofrece mesas de casino de lujo que transforman cualquier ocasi\u00f3n en un casino elegante y emocionante.<\/p>\n<p>\n<\/div><\/div><\/div><\/div><\/div><\/div><\/div><\/div><\/div><div class=\"uncode-single-media  text-left\"><div class=\"single-wrapper\" style=\"max-width: 100%;\"><div class=\"tmb tmb-light  img-round img-round-lg tmb-img-ratio tmb-media-first tmb-media-last tmb-content-overlay tmb-no-bg\"><div class=\"t-inside\"><div class=\"t-entry-visual\"><div class=\"t-entry-visual-tc\"><div class=\"uncode-single-media-wrapper img-round img-round-lg\"><div class=\"dummy\" style=\"padding-top: 75%;\"><\/div><img decoding=\"async\" class=\"wp-image-66873\" src=\"https:\/\/royalcasinocompany.nl\/wp-content\/uploads\/2024\/02\/WhatsApp-Image-2023-12-27-at-10.44.07-uai-1424x1068.jpeg\" width=\"1424\" height=\"1068\" alt=\"- Royal Casino Company\" title=\"\"><\/div>\n\t\t\t\t\t<\/div>\n\t\t\t\t<\/div><\/div><\/div><\/div><\/div><div class=\"vc_row row-internal row-container boomapps_vcrow\"><div class=\"row row-child\"><div class=\"wpb_row row-inner\"><div class=\"wpb_column pos-top pos-center align_left column_child col-lg-12 boomapps_vccolumn single-internal-gutter\"><div class=\"uncol style-dark\" ><div class=\"uncoltable\"><div class=\"uncell  boomapps_vccolumn no-block-padding\" ><div class=\"uncont\" ><div class=\"uncode_text_column\" ><\/p>\n<h3>Calidad superior<\/h3>\n<p>Nuestras mesas de primera calidad est\u00e1n disponibles para alquiler a precios competitivos, para que pueda disfrutar de la aut\u00e9ntica experiencia de casino sin preocupaciones.<\/p>\n<\/div><\/div><\/div><\/div><\/div><\/div><\/div><\/div><\/div><div class=\"uncode-single-media  text-left\"><div class=\"single-wrapper\" style=\"max-width: 100%;\"><div class=\"tmb tmb-light  img-round img-round-lg tmb-img-ratio tmb-media-first tmb-media-last tmb-content-overlay tmb-no-bg\"><div class=\"t-inside\"><div class=\"t-entry-visual\"><div class=\"t-entry-visual-tc\"><div class=\"uncode-single-media-wrapper img-round img-round-lg\"><div class=\"dummy\" style=\"padding-top: 30%;\"><\/div><img decoding=\"async\" class=\"wp-image-66871\" src=\"https:\/\/royalcasinocompany.nl\/wp-content\/uploads\/2024\/02\/WhatsApp-Image-2023-12-27-at-10.44.07-5-uai-1600x480.jpeg\" width=\"1600\" height=\"480\" alt=\"- Royal Casino Company\" title=\"\"><\/div>\n\t\t\t\t\t<\/div>\n\t\t\t\t<\/div><\/div><\/div><\/div><\/div><div class=\"vc_row row-internal row-container boomapps_vcrow\"><div class=\"row row-child\"><div class=\"wpb_row row-inner\"><div class=\"wpb_column pos-top pos-center align_left column_child col-lg-12 boomapps_vccolumn single-internal-gutter\"><div class=\"uncol style-dark\" ><div class=\"uncoltable\"><div class=\"uncell  boomapps_vccolumn no-block-padding\" ><div class=\"uncont\" ><div class=\"uncode_text_column\" ><\/p>\n<h3>Materiales bonitos<\/h3>\n<p>Elija entre nuestra impresionante colecci\u00f3n de aut\u00e9nticas mesas de juego y decoraciones tem\u00e1ticas que har\u00e1n las delicias de sus invitados. Ya se trate de una fiesta corporativa, un stand de feria u otro tipo de evento, le proporcionaremos esa experiencia exclusiva que sus invitados no olvidar\u00e1n pronto.<\/p>\n<\/div><\/div><\/div><\/div><\/div><\/div><\/div><\/div><\/div><div class=\"uncode-single-media  text-left\"><div class=\"single-wrapper\" style=\"max-width: 100%;\"><div class=\"tmb tmb-light  img-round img-round-lg tmb-img-ratio tmb-media-first tmb-media-last tmb-content-overlay tmb-no-bg\"><div class=\"t-inside\"><div class=\"t-entry-visual\"><div class=\"t-entry-visual-tc\"><div class=\"uncode-single-media-wrapper img-round img-round-lg\"><div class=\"dummy\" style=\"padding-top: 75%;\"><\/div><img decoding=\"async\" class=\"wp-image-66867\" src=\"https:\/\/royalcasinocompany.nl\/wp-content\/uploads\/2024\/02\/WhatsApp-Image-2023-12-27-at-10.44.07-1-uai-1424x1068.jpeg\" width=\"1424\" height=\"1068\" alt=\"- Royal Casino Company\" title=\"\"><\/div>\n\t\t\t\t\t<\/div>\n\t\t\t\t<\/div><\/div><\/div><\/div><\/div><div class=\"vc_row row-internal row-container boomapps_vcrow\"><div class=\"row row-child\"><div class=\"wpb_row row-inner\"><div class=\"wpb_column pos-top pos-center align_left column_child col-lg-12 boomapps_vccolumn single-internal-gutter\"><div class=\"uncol style-dark\" ><div class=\"uncoltable\"><div class=\"uncell  boomapps_vccolumn no-block-padding\" ><div class=\"uncont\" ><div class=\"uncode_text_column\" ><\/p>\n<h3>Alquiler de mesas de casino<\/h3>\n<p>Con una mesa de casino de Royal Casino Company, introducir\u00e1 un elemento de entretenimiento sofisticado en cualquier espacio. Explore ahora nuestra amplia selecci\u00f3n e insp\u00edrese para su pr\u00f3ximo evento. La emoci\u00f3n y la diversi\u00f3n est\u00e1n a s\u00f3lo un alquiler de mesa de distancia. Reserve hoy y haga de su evento un verdadero \u00e9xito con Royal Casino Company.<\/p>\n<\/div><\/div><\/div><\/div><\/div><\/div><\/div><\/div><\/div><div class=\"uncode-single-media  text-left\"><div class=\"single-wrapper\" style=\"max-width: 100%;\"><div class=\"tmb tmb-light  img-round img-round-lg tmb-img-ratio tmb-media-first tmb-media-last tmb-content-overlay tmb-no-bg\"><div class=\"t-inside\"><div class=\"t-entry-visual\"><div class=\"t-entry-visual-tc\"><div class=\"uncode-single-media-wrapper img-round img-round-lg\"><div class=\"dummy\" style=\"padding-top: 30%;\"><\/div><img decoding=\"async\" class=\"wp-image-67081\" src=\"https:\/\/royalcasinocompany.nl\/wp-content\/uploads\/2024\/02\/6-SFEER-5november-HermanceVanDijkPhotography-scaled-uai-2560x768.jpg\" width=\"2560\" height=\"768\" alt=\"casino decoratie\" title=\"\"><\/div>\n\t\t\t\t\t<\/div>\n\t\t\t\t<\/div><\/div><\/div><\/div><\/div><div class=\"vc_row row-internal row-container boomapps_vcrow\"><div class=\"row row-child\"><div class=\"wpb_row row-inner\"><div class=\"wpb_column pos-top pos-center align_left column_child col-lg-12 boomapps_vccolumn single-internal-gutter\"><div class=\"uncol style-dark\" ><div class=\"uncoltable\"><div class=\"uncell  boomapps_vccolumn no-block-padding\" ><div class=\"uncont\" ><div class=\"uncode_text_column\" ><\/p>\n<h3 dir=\"ltr\">PROFESIONAL Y FIABLE<\/h3>\n<p>Royal Casino Company es conocida como el l\u00edder del mercado y el proveedor m\u00e1s fiable de alquiler de casinos tanto en los Pa\u00edses Bajos como en B\u00e9lgica. Cuando elija alquilar con nosotros, disfrutar\u00e1 del lujo de unas mesas de casino de primera clase, rebosantes de ventajas.<\/p>\n<p>\n<\/div><\/div><\/div><\/div><\/div><\/div><\/div><\/div><\/div><div class=\"uncode-single-media  text-left\"><div class=\"single-wrapper\" style=\"max-width: 100%;\"><div class=\"tmb tmb-light  img-round img-round-lg tmb-img-ratio tmb-media-first tmb-media-last tmb-content-overlay tmb-no-bg\"><div class=\"t-inside\"><div class=\"t-entry-visual\"><div class=\"t-entry-visual-tc\"><div class=\"uncode-single-media-wrapper img-round img-round-lg\"><div class=\"dummy\" style=\"padding-top: 75%;\"><\/div><img decoding=\"async\" class=\"wp-image-67135\" src=\"https:\/\/royalcasinocompany.nl\/wp-content\/uploads\/2024\/02\/WhatsApp-Image-2024-02-17-at-13.28.49-uai-1319x989.jpeg\" width=\"1319\" height=\"989\" alt=\"- Royal Casino Company\" title=\"\"><\/div>\n\t\t\t\t\t<\/div>\n\t\t\t\t<\/div><\/div><\/div><\/div><\/div><div class=\"vc_row row-internal row-container boomapps_vcrow\"><div class=\"row row-child\"><div class=\"wpb_row row-inner\"><div class=\"wpb_column pos-top pos-center align_left column_child col-lg-12 boomapps_vccolumn single-internal-gutter\"><div class=\"uncol style-dark\" ><div class=\"uncoltable\"><div class=\"uncell  boomapps_vccolumn no-block-padding\" ><div class=\"uncont\" ><div class=\"uncode_text_column\" ><\/p>\n<h3>Cowboys<\/h3>\n<p>Entendemos que la b\u00fasqueda de una empresa profesional de alquiler de casinos puede ser un reto, especialmente con la gran cantidad de \"cowboys acr\u00f3batas de los precios\" que hay en el sector. Por esta raz\u00f3n, estamos aqu\u00ed para ayudarle a tomar una decisi\u00f3n informada.<\/p>\n<\/div><\/div><\/div><\/div><\/div><\/div><\/div><\/div><\/div><\/div><\/div><\/div><\/div><\/div><script id=\"script-row-unique-1\" data-row=\"script-row-unique-1\" type=\"text\/javascript\" class=\"vc_controls\">UNCODE.initRow(document.getElementById(\"row-unique-1\"));<\/script><\/div><\/div><\/div><div data-parent=\"true\" class=\"vc_row row-container boomapps_vcrow\" id=\"row-unique-2\"><div class=\"row limit-width row-parent\"><div class=\"wpb_row row-inner\"><div class=\"wpb_column pos-top pos-center align_left column_parent col-lg-12 boomapps_vccolumn single-internal-gutter\"><div class=\"uncol style-dark\"  ><div class=\"uncoltable\"><div class=\"uncell  boomapps_vccolumn no-block-padding\" ><div class=\"uncont\" ><div class=\"divider-wrapper\"  >\n    <hr class=\"border-accent-color separator-no-padding\"  \/>\n<\/div>\n<\/div><\/div><\/div><\/div><\/div><script id=\"script-row-unique-2\" data-row=\"script-row-unique-2\" type=\"text\/javascript\" class=\"vc_controls\">UNCODE.initRow(document.getElementById(\"row-unique-2\"));<\/script><\/div><\/div><\/div><div data-parent=\"true\" class=\"vc_row row-container boomapps_vcrow\" id=\"row-unique-3\"><div class=\"row limit-width row-parent\"><div class=\"wpb_row row-inner\"><div class=\"wpb_column pos-top pos-center align_left column_parent col-lg-12 boomapps_vccolumn single-internal-gutter\"><div class=\"uncol style-dark\"  ><div class=\"uncoltable\"><div class=\"uncell  boomapps_vccolumn no-block-padding\" ><div class=\"uncont\" ><div class=\"vc_row row-internal row-container boomapps_vcrow\"><div class=\"row row-child\"><div class=\"wpb_row row-inner\"><div class=\"wpb_column pos-top pos-center align_left column_child col-lg-3 boomapps_vccolumn single-internal-gutter\"><div class=\"uncol style-dark\" ><div class=\"uncoltable\"><div class=\"uncell  boomapps_vccolumn no-block-padding\" ><div class=\"uncont\" ><div class=\"uncode-single-media  text-left\"><div class=\"single-wrapper\" style=\"max-width: 100%;\"><div class=\"tmb tmb-light  img-round img-round-lg tmb-img-ratio tmb-media-first tmb-media-last tmb-content-overlay tmb-no-bg\"><div class=\"t-inside\"><div class=\"t-entry-visual\"><div class=\"t-entry-visual-tc\"><div class=\"uncode-single-media-wrapper img-round img-round-lg\"><div class=\"dummy\" style=\"padding-top: 75%;\"><\/div><img decoding=\"async\" class=\"wp-image-68380\" src=\"https:\/\/royalcasinocompany.nl\/wp-content\/uploads\/2024\/05\/20231214-tomdoms_3137059-uai-1820x1365.jpg\" width=\"1820\" height=\"1365\" alt=\"Casino dame dat aan het dansen is op de muziek\" title=\"\"><\/div>\n\t\t\t\t\t<\/div>\n\t\t\t\t<\/div><\/div><\/div><\/div><\/div><\/div><\/div><\/div><\/div><\/div><div class=\"wpb_column pos-top pos-center align_left column_child col-lg-3 boomapps_vccolumn single-internal-gutter\"><div class=\"uncol style-dark\" ><div class=\"uncoltable\"><div class=\"uncell  boomapps_vccolumn no-block-padding\" ><div class=\"uncont\" ><div class=\"uncode-single-media  text-left\"><div class=\"single-wrapper\" style=\"max-width: 100%;\"><div class=\"tmb tmb-light  img-round img-round-lg tmb-img-ratio tmb-media-first tmb-media-last tmb-content-overlay tmb-no-bg\"><div class=\"t-inside\"><div class=\"t-entry-visual\"><div class=\"t-entry-visual-tc\"><div class=\"uncode-single-media-wrapper img-round img-round-lg\"><div class=\"dummy\" style=\"padding-top: 75%;\"><\/div><img decoding=\"async\" class=\"wp-image-68227\" src=\"https:\/\/royalcasinocompany.nl\/wp-content\/uploads\/2024\/05\/240307EP19490-scaled-uai-2262x1697.jpg\" width=\"2262\" height=\"1697\" alt=\"roulette tafel met achter de tafel vijf croupiers\" title=\"\"><\/div>\n\t\t\t\t\t<\/div>\n\t\t\t\t<\/div><\/div><\/div><\/div><\/div><\/div><\/div><\/div><\/div><\/div><div class=\"wpb_column pos-top pos-center align_left column_child col-lg-3 boomapps_vccolumn single-internal-gutter\"><div class=\"uncol style-dark\" ><div class=\"uncoltable\"><div class=\"uncell  boomapps_vccolumn no-block-padding\" ><div class=\"uncont\" ><div class=\"uncode-single-media  text-left\"><div class=\"single-wrapper\" style=\"max-width: 100%;\"><div class=\"tmb tmb-light  img-round img-round-lg tmb-img-ratio tmb-media-first tmb-media-last tmb-content-overlay tmb-no-bg\"><div class=\"t-inside\"><div class=\"t-entry-visual\"><div class=\"t-entry-visual-tc\"><div class=\"uncode-single-media-wrapper img-round img-round-lg\"><div class=\"dummy\" style=\"padding-top: 75.1%;\"><\/div><img decoding=\"async\" class=\"wp-image-68194\" src=\"https:\/\/royalcasinocompany.nl\/wp-content\/uploads\/2024\/05\/OGER_CasinoRoyaleAntwerp2024_%C2%A9RachelEcclestonePhotography_March072024_-342-uai-910x683.jpg\" width=\"910\" height=\"683\" alt=\"casino munt bakjes met handen die muntjes in de bakjes doen\" title=\"\"><\/div>\n\t\t\t\t\t<\/div>\n\t\t\t\t<\/div><\/div><\/div><\/div><\/div><\/div><\/div><\/div><\/div><\/div><div class=\"wpb_column pos-top pos-center align_left column_child col-lg-3 boomapps_vccolumn single-internal-gutter\"><div class=\"uncol style-dark\" ><div class=\"uncoltable\"><div class=\"uncell  boomapps_vccolumn no-block-padding\" ><div class=\"uncont\" ><div class=\"uncode-single-media  text-left\"><div class=\"single-wrapper\" style=\"max-width: 100%;\"><div class=\"tmb tmb-light  img-round img-round-lg tmb-img-ratio tmb-media-first tmb-media-last tmb-content-overlay tmb-no-bg\"><div class=\"t-inside\"><div class=\"t-entry-visual\"><div class=\"t-entry-visual-tc\"><div class=\"uncode-single-media-wrapper img-round img-round-lg\"><div class=\"dummy\" style=\"padding-top: 75.1%;\"><\/div><img decoding=\"async\" class=\"wp-image-68066\" src=\"https:\/\/royalcasinocompany.nl\/wp-content\/uploads\/2024\/05\/OGER_CasinoRoyaleAntwerp2024_%C2%A9RachelEcclestonePhotography_March072024_-441-uai-910x683.jpg\" width=\"910\" height=\"683\" alt=\"twee croupiers met in het midden een lachtende en winnende casino speler\" title=\"\"><\/div>\n\t\t\t\t\t<\/div>\n\t\t\t\t<\/div><\/div><\/div><\/div><\/div><\/div><\/div><\/div><\/div><\/div><\/div><\/div><\/div><\/div><\/div><\/div><\/div><\/div><script id=\"script-row-unique-3\" data-row=\"script-row-unique-3\" type=\"text\/javascript\" class=\"vc_controls\">UNCODE.initRow(document.getElementById(\"row-unique-3\"));<\/script><\/div><\/div><\/div>\n<\/div>","protected":false},"excerpt":{"rendered":"PRIJS, KWALITEIT &amp; SERVICE Wij winnen het niet op prijs! Maar wel op professionaliteit, kwaliteit &amp; service. We streven ernaar [...]","protected":false},"author":1,"featured_media":67135,"parent":0,"menu_order":0,"comment_status":"closed","ping_status":"closed","template":"","meta":{"footnotes":""},"class_list":["post-62666","page","type-page","status-publish","has-post-thumbnail","hentry","page_category-over-ons"],"_links":{"self":[{"href":"https:\/\/royalcasinocompany.nl\/es\/wp-json\/wp\/v2\/pages\/62666","targetHints":{"allow":["GET"]}}],"collection":[{"href":"https:\/\/royalcasinocompany.nl\/es\/wp-json\/wp\/v2\/pages"}],"about":[{"href":"https:\/\/royalcasinocompany.nl\/es\/wp-json\/wp\/v2\/types\/page"}],"author":[{"embeddable":true,"href":"https:\/\/royalcasinocompany.nl\/es\/wp-json\/wp\/v2\/users\/1"}],"replies":[{"embeddable":true,"href":"https:\/\/royalcasinocompany.nl\/es\/wp-json\/wp\/v2\/comments?post=62666"}],"version-history":[{"count":20,"href":"https:\/\/royalcasinocompany.nl\/es\/wp-json\/wp\/v2\/pages\/62666\/revisions"}],"predecessor-version":[{"id":70465,"href":"https:\/\/royalcasinocompany.nl\/es\/wp-json\/wp\/v2\/pages\/62666\/revisions\/70465"}],"wp:featuredmedia":[{"embeddable":true,"href":"https:\/\/royalcasinocompany.nl\/es\/wp-json\/wp\/v2\/media\/67135"}],"wp:attachment":[{"href":"https:\/\/royalcasinocompany.nl\/es\/wp-json\/wp\/v2\/media?parent=62666"}],"curies":[{"name":"wp","href":"https:\/\/api.w.org\/{rel}","templated":true}]}}