{"id":63481,"date":"2021-04-12T16:11:20","date_gmt":"2021-04-12T16:11:20","guid":{"rendered":"https:\/\/royalcasinocompany.nl\/?page_id=63481"},"modified":"2025-06-11T11:59:08","modified_gmt":"2025-06-11T09:59:08","slug":"casino-tafel-verkoop-nieuw","status":"publish","type":"page","link":"https:\/\/royalcasinocompany.nl\/es\/casino-tafel-verkoop-nieuw\/","title":{"rendered":"Venta de mesas de casino (nuevas)"},"content":{"rendered":"<div class=\"wpb-content-wrapper\"><div data-parent=\"true\" class=\"vc_row row-container boomapps_vcrow\" id=\"row-unique-0\"><div class=\"row limit-width row-parent\"><div class=\"wpb_row row-inner\"><div class=\"wpb_column pos-top pos-center align_left column_parent col-lg-12 boomapps_vccolumn single-internal-gutter\"><div class=\"uncol style-dark\"  ><div class=\"uncoltable\"><div class=\"uncell  boomapps_vccolumn no-block-padding\" ><div class=\"uncont\" ><div class=\"vc_row row-internal row-container boomapps_vcrow\"><div class=\"row row-child\"><div class=\"wpb_row row-inner\"><div class=\"wpb_column pos-top pos-center align_center column_child col-lg-12 boomapps_vccolumn single-internal-gutter\"><div class=\"uncol style-dark font-134980\" ><div class=\"uncoltable\"><div class=\"uncell  boomapps_vccolumn no-block-padding\" ><div class=\"uncont\" style=\" max-width:696px;\" ><div class=\"vc_custom_heading_wrap\"><div class=\"heading-text el-text\" ><h1 class=\"font-762333 h1 font-weight-700 text-uppercase\" ><span>MESA DE CASINO VENTA \/ NUEVO<\/span><\/h1><div class=\"text-small\"><p>SIN IVA 21%<\/p>\n<\/div><hr class=\"separator-break separator-accent\" \/><\/div><div class=\"clear\"><\/div><\/div><\/div><\/div><\/div><\/div><\/div><\/div><\/div><\/div><\/div><\/div><\/div><\/div><\/div><script id=\"script-row-unique-0\" data-row=\"script-row-unique-0\" type=\"text\/javascript\" class=\"vc_controls\">UNCODE.initRow(document.getElementById(\"row-unique-0\"));<\/script><\/div><\/div><\/div><div data-parent=\"true\" class=\"vc_row row-container boomapps_vcrow\" id=\"row-unique-1\"><div class=\"row limit-width row-parent\"><div class=\"wpb_row row-inner\"><div class=\"wpb_column pos-top pos-center align_left column_parent col-lg-12 boomapps_vccolumn single-internal-gutter\"><div class=\"uncol style-dark\"  ><div class=\"uncoltable\"><div class=\"uncell  boomapps_vccolumn no-block-padding\" ><div class=\"uncont\" ><div class=\"vc_row row-internal row-container boomapps_vcrow\"><div class=\"row row-child\"><div class=\"wpb_row row-inner\"><div class=\"wpb_column pos-top pos-center align_center column_child col-lg-12 boomapps_vccolumn single-internal-gutter\"><div class=\"uncol style-dark\" ><div class=\"uncoltable\"><div class=\"uncell  boomapps_vccolumn no-block-padding\" ><div class=\"uncont\" ><div class=\"vc_custom_heading_wrap\"><div class=\"heading-text el-text\" ><\/p>\n<h2>\u00bfCOMPRAR MATERIAL PROFESIONAL PARA CASINOS?<\/h2>\n<p>\n<\/div><div class=\"clear\"><\/div><\/div><\/div><\/div><\/div><\/div><\/div><\/div><\/div><\/div><div class=\"vc_row row-internal row-container boomapps_vcrow\"><div class=\"row row-child\"><div class=\"wpb_row row-inner\"><div class=\"wpb_column pos-top pos-center align_left column_child col-lg-6 boomapps_vccolumn single-internal-gutter\"><div class=\"uncol style-dark\" ><div class=\"uncoltable\"><div class=\"uncell  boomapps_vccolumn no-block-padding\" ><div class=\"uncont\" ><div class=\"divider-wrapper\"  >\n    <hr class=\"border-accent-color separator-no-padding\"  \/>\n<\/div>\n<div class=\"uncode_text_column\" ><p>Royal Casino es el proveedor preferido de un fabricante profesional de casinos. Con esta agradable cooperaci\u00f3n y ahora muchos a\u00f1os de colaboraci\u00f3n, hemos proporcionado a muchos clientes y lugares mesas y materiales de casino lujosos y profesionales. Entre ellos se incluyen hoteles, mancaves de lujo, salas de juego en vivo, fines promocionales, clientes privados y empresas de transporte.<\/p>\n<p>Como puede ver en nuestra oferta de ventas, buscamos la perfecci\u00f3n combinada con una alta calidad europea. Los materiales de casino que ofrecemos se pueden encontrar principalmente en el casino de lujo extranjero, como el Casino de Monte Carlo, el Casino de Cannes y el Ibiza Grand Hotel Casino.<\/p>\n<\/div><\/div><\/div><\/div><\/div><\/div><div class=\"wpb_column pos-top pos-center align_left column_child col-lg-6 boomapps_vccolumn single-internal-gutter\"><div class=\"uncol style-dark\" ><div class=\"uncoltable\"><div class=\"uncell  boomapps_vccolumn no-block-padding\" ><div class=\"uncont\" ><div class=\"divider-wrapper\"  >\n    <hr class=\"border-accent-color separator-no-padding\"  \/>\n<\/div>\n<div class=\"uncode_text_column\" ><p>Durante mucho tiempo, los casinos han tenido la exclusividad de disponer de mesas y materiales de lujo.<\/p>\n<p>Hasta ahora, porque ahora usted tambi\u00e9n tiene la oportunidad de entrar en posesi\u00f3n de la mesa de casino hermoso, original y materiales. \u00bfBusca una mesa de blackjack bonita y de dise\u00f1o exclusivo? \u00bfO una mesa de ruleta que usted mismo haya compuesto en cuanto a color y disposici\u00f3n? Todo es posible o para crear una fant\u00e1stica experiencia de casino en su local.<\/p>\n<\/div><\/div><\/div><\/div><\/div><\/div><\/div><\/div><\/div><div class=\"divider-wrapper\"  >\n    <hr class=\"border-accent-color separator-no-padding\"  \/>\n<\/div>\n<div class=\"vc_row row-internal row-container boomapps_vcrow\"><div class=\"row row-child\"><div class=\"wpb_row row-inner\"><div class=\"wpb_column pos-top pos-center align_center column_child col-lg-12 boomapps_vccolumn single-internal-gutter\"><div class=\"uncol style-dark\" ><div class=\"uncoltable\"><div class=\"uncell  boomapps_vccolumn no-block-padding\" ><div class=\"uncont\" ><div class=\"vc_custom_heading_wrap\"><div class=\"heading-text el-text\" ><\/p>\n<h3>OFERTA DE VENTAS \"NUEVO<\/h3>\n<p>\n<\/div><div class=\"clear\"><\/div><\/div><div id=\"index-108240\" class=\"isotope-system isotope-general-dark grid-general-dark\" >\n\t\t\t\n\t\t\t\t\t\t\t\t\t\t\t\t\t\t<div class=\"isotope-wrapper grid-wrapper half-gutter isotope-inner-padding grid-inner-padding\" >\t\t\t\t\t\t\t\t\t\t\t\t<div class=\"isotope-container grid-container isotope-layout style-masonry isotope-pagination grid-pagination\" data-type=\"masonry\" data-layout=\"masonry\" data-lg=\"1000\" data-md=\"600\" data-sm=\"480\" data-vp-height=\"\">\t\t\t<div class=\"tmb atc-typography-inherit tmb-iso-w4 tmb-iso-h4 tmb-round img-round-lg tmb-dark tmb-overlay-gradient-bottom tmb-overlay-anim tmb-content-center tmb-content-mobile-center tmb-image-anim  grid-cat-1422 tmb-id-63499 tmb-content-under tmb-media-first\" ><div class=\"t-inside style-color-prif-bg no-anim\" ><div class=\"t-entry-visual\"><div class=\"t-entry-visual-tc\"><div class=\"t-entry-visual-cont\"><div class=\"dummy\" style=\"padding-top: 98.5%;\"><\/div><a role=\"button\" tabindex=\"-1\" href=\"https:\/\/royalcasinocompany.nl\/es\/roulette-tafels-kopen-nieuw\/\" class=\"pushed\" aria-label=\"Mesa de ruleta con robusto armaz\u00f3n de caoba, borde de cuero blanco y lujoso campo de juego rojo\"  target=\"_self\" data-lb-index=\"0\"><div class=\"t-entry-visual-overlay\"><div class=\"t-entry-visual-overlay-in style-color-rgdb-bg\" style=\"opacity: 0.01;\"><\/div><\/div><img decoding=\"async\" class=\"wp-image-66714\" src=\"https:\/\/royalcasinocompany.nl\/wp-content\/uploads\/2021\/04\/IMG_2473.jpeg\" width=\"518\" height=\"510\" alt=\"Roulette tafel met stefvig onderstel van mahonie, witte lederen rand en luxe rood speelveld\" title=\"\" srcset=\"https:\/\/royalcasinocompany.nl\/wp-content\/uploads\/2021\/04\/IMG_2473.jpeg 518w, https:\/\/royalcasinocompany.nl\/wp-content\/uploads\/2021\/04\/IMG_2473-300x295.jpeg 300w, https:\/\/royalcasinocompany.nl\/wp-content\/uploads\/2021\/04\/IMG_2473-350x345.jpeg 350w\" sizes=\"(max-width: 518px) 100vw, 518px\"><\/a><\/div>\n\t\t\t\t\t<\/div>\n\t\t\t\t<\/div><div class=\"t-entry-text\">\n\t\t\t\t\t\t\t\t\t<div class=\"t-entry-text-tc single-block-padding\"><div class=\"t-entry\"><h3 class=\"t-entry-title h6 title-scale\"><a href=\"https:\/\/royalcasinocompany.nl\/es\/roulette-tafels-kopen-nieuw\/\" target=\"_self\">Comprar mesas de ruleta (nuevo)<\/a><\/h3><\/div><\/div>\n\t\t\t\t\t\t\t<\/div><\/div><\/div><div class=\"tmb atc-typography-inherit tmb-iso-w4 tmb-iso-h4 tmb-round img-round-lg tmb-dark tmb-overlay-gradient-bottom tmb-overlay-anim tmb-content-center tmb-content-mobile-center tmb-image-anim  grid-cat-1422 tmb-id-63305 tmb-content-under tmb-media-first\" ><div class=\"t-inside style-color-prif-bg no-anim\" ><div class=\"t-entry-visual\"><div class=\"t-entry-visual-tc\"><div class=\"t-entry-visual-cont\"><div class=\"dummy\" style=\"padding-top: 98.5%;\"><\/div><a role=\"button\" tabindex=\"-1\" href=\"https:\/\/royalcasinocompany.nl\/es\/blackjack-tafel-kopen-nieuw\/\" class=\"pushed\" aria-label=\"lujosa mesa de blackjack de madera de caoba con doble capa y campo de juego azul marino\"  target=\"_self\" data-lb-index=\"1\"><div class=\"t-entry-visual-overlay\"><div class=\"t-entry-visual-overlay-in style-color-rgdb-bg\" style=\"opacity: 0.01;\"><\/div><\/div><img decoding=\"async\" class=\"wp-image-66669\" src=\"https:\/\/royalcasinocompany.nl\/wp-content\/uploads\/2021\/04\/IMG_2518.jpeg\" width=\"518\" height=\"510\" alt=\"luxe mahonie houten blackjack tafel met dubbele speellaag en navy blue speelveld\" title=\"\" srcset=\"https:\/\/royalcasinocompany.nl\/wp-content\/uploads\/2021\/04\/IMG_2518.jpeg 518w, https:\/\/royalcasinocompany.nl\/wp-content\/uploads\/2021\/04\/IMG_2518-300x295.jpeg 300w, https:\/\/royalcasinocompany.nl\/wp-content\/uploads\/2021\/04\/IMG_2518-350x345.jpeg 350w\" sizes=\"(max-width: 518px) 100vw, 518px\"><\/a><\/div>\n\t\t\t\t\t<\/div>\n\t\t\t\t<\/div><div class=\"t-entry-text\">\n\t\t\t\t\t\t\t\t\t<div class=\"t-entry-text-tc single-block-padding\"><div class=\"t-entry\"><h3 class=\"t-entry-title h6 title-scale\"><a href=\"https:\/\/royalcasinocompany.nl\/es\/blackjack-tafel-kopen-nieuw\/\" target=\"_self\">Comprar mesa de blackjack (nuevo)<\/a><\/h3><\/div><\/div>\n\t\t\t\t\t\t\t<\/div><\/div><\/div><div class=\"tmb atc-typography-inherit tmb-iso-w4 tmb-iso-h4 tmb-round img-round-lg tmb-dark tmb-overlay-gradient-bottom tmb-overlay-anim tmb-content-center tmb-content-mobile-center tmb-image-anim  grid-cat-1422 tmb-id-67591 tmb-content-under tmb-media-first\" ><div class=\"t-inside style-color-prif-bg no-anim\" ><div class=\"t-entry-visual\"><div class=\"t-entry-visual-tc\"><div class=\"t-entry-visual-cont\"><div class=\"dummy\" style=\"padding-top: 98.5%;\"><\/div><a role=\"button\" tabindex=\"-1\" href=\"https:\/\/royalcasinocompany.nl\/es\/poker-tafels-kopen-nieuw\/\" class=\"pushed\" aria-label=\"Mesa de p\u00f3quer con tapicer\u00eda de cuero negro, disposici\u00f3n en color, con bandeja para el crupier y patas plegables\"  target=\"_self\" data-lb-index=\"2\"><div class=\"t-entry-visual-overlay\"><div class=\"t-entry-visual-overlay-in style-color-rgdb-bg\" style=\"opacity: 0.01;\"><\/div><\/div><img decoding=\"async\" class=\"wp-image-66591\" src=\"https:\/\/royalcasinocompany.nl\/wp-content\/uploads\/2021\/04\/IMG_2601.jpeg\" width=\"518\" height=\"510\" alt=\"Poker tafel met zwarte lederen rand, gekleurde lay-out, met dealer tray en klappoten\" title=\"\" srcset=\"https:\/\/royalcasinocompany.nl\/wp-content\/uploads\/2021\/04\/IMG_2601.jpeg 518w, https:\/\/royalcasinocompany.nl\/wp-content\/uploads\/2021\/04\/IMG_2601-300x295.jpeg 300w, https:\/\/royalcasinocompany.nl\/wp-content\/uploads\/2021\/04\/IMG_2601-350x345.jpeg 350w\" sizes=\"(max-width: 518px) 100vw, 518px\"><\/a><\/div>\n\t\t\t\t\t<\/div>\n\t\t\t\t<\/div><div class=\"t-entry-text\">\n\t\t\t\t\t\t\t\t\t<div class=\"t-entry-text-tc single-block-padding\"><div class=\"t-entry\"><h3 class=\"t-entry-title h6 title-scale\"><a href=\"https:\/\/royalcasinocompany.nl\/es\/poker-tafels-kopen-nieuw\/\" target=\"_self\">Comprar mesas de p\u00f3quer (nuevo)<\/a><\/h3><\/div><\/div>\n\t\t\t\t\t\t\t<\/div><\/div><\/div><div class=\"tmb atc-typography-inherit tmb-iso-w4 tmb-iso-h4 tmb-round img-round-lg tmb-dark tmb-overlay-gradient-bottom tmb-overlay-anim tmb-content-center tmb-content-mobile-center tmb-image-anim  grid-cat-1422 tmb-id-66793 tmb-content-under tmb-media-first\" ><div class=\"t-inside style-color-prif-bg no-anim\" ><div class=\"t-entry-visual\"><div class=\"t-entry-visual-tc\"><div class=\"t-entry-visual-cont\"><div class=\"dummy\" style=\"padding-top: 98.5%;\"><\/div><a role=\"button\" tabindex=\"-1\" href=\"https:\/\/royalcasinocompany.nl\/es\/casino-accessoires\/\" class=\"pushed\" aria-label=\"cosas que se usan en una mesa de casino\"  target=\"_self\" data-lb-index=\"3\"><div class=\"t-entry-visual-overlay\"><div class=\"t-entry-visual-overlay-in style-color-rgdb-bg\" style=\"opacity: 0.01;\"><\/div><\/div><img decoding=\"async\" class=\"wp-image-66685\" src=\"https:\/\/royalcasinocompany.nl\/wp-content\/uploads\/2021\/04\/IMG_2502.jpeg\" width=\"518\" height=\"510\" alt=\"spullen wat je gebruikt aan een casinotafel\" title=\"\" srcset=\"https:\/\/royalcasinocompany.nl\/wp-content\/uploads\/2021\/04\/IMG_2502.jpeg 518w, https:\/\/royalcasinocompany.nl\/wp-content\/uploads\/2021\/04\/IMG_2502-300x295.jpeg 300w, https:\/\/royalcasinocompany.nl\/wp-content\/uploads\/2021\/04\/IMG_2502-350x345.jpeg 350w\" sizes=\"(max-width: 518px) 100vw, 518px\"><\/a><\/div>\n\t\t\t\t\t<\/div>\n\t\t\t\t<\/div><div class=\"t-entry-text\">\n\t\t\t\t\t\t\t\t\t<div class=\"t-entry-text-tc single-block-padding\"><div class=\"t-entry\"><h3 class=\"t-entry-title h6 title-scale\"><a href=\"https:\/\/royalcasinocompany.nl\/es\/casino-accessoires\/\" target=\"_self\">Accesorios de casino<\/a><\/h3><\/div><\/div>\n\t\t\t\t\t\t\t<\/div><\/div><\/div><div class=\"tmb atc-typography-inherit tmb-iso-w4 tmb-iso-h4 tmb-round img-round-lg tmb-dark tmb-overlay-gradient-bottom tmb-overlay-anim tmb-content-center tmb-content-mobile-center tmb-image-anim  grid-cat-1422 tmb-id-63677 tmb-content-under tmb-media-first\" ><div class=\"t-inside style-color-prif-bg no-anim\" ><div class=\"t-entry-visual\"><div class=\"t-entry-visual-tc\"><div class=\"t-entry-visual-cont\"><div class=\"dummy\" style=\"padding-top: 98.5%;\"><\/div><a role=\"button\" tabindex=\"-1\" href=\"https:\/\/royalcasinocompany.nl\/es\/casino-stoelen-kopen-nieuw\/\" class=\"pushed\" aria-label=\"Sillas de casino de lujo con cuero marr\u00f3n y crema y base dorada\"  target=\"_self\" data-lb-index=\"4\"><div class=\"t-entry-visual-overlay\"><div class=\"t-entry-visual-overlay-in style-color-rgdb-bg\" style=\"opacity: 0.01;\"><\/div><\/div><img decoding=\"async\" class=\"wp-image-67557\" src=\"https:\/\/royalcasinocompany.nl\/wp-content\/uploads\/2021\/04\/Casino-stoelen-kopen-RCCS12-5.jpg\" width=\"518\" height=\"510\" alt=\"Luxe casino stoelen met bruin en crem\u00e9 leer en een gouden onderstel\" title=\"\" srcset=\"https:\/\/royalcasinocompany.nl\/wp-content\/uploads\/2021\/04\/Casino-stoelen-kopen-RCCS12-5.jpg 518w, https:\/\/royalcasinocompany.nl\/wp-content\/uploads\/2021\/04\/Casino-stoelen-kopen-RCCS12-5-300x295.jpg 300w, https:\/\/royalcasinocompany.nl\/wp-content\/uploads\/2021\/04\/Casino-stoelen-kopen-RCCS12-5-350x345.jpg 350w\" sizes=\"(max-width: 518px) 100vw, 518px\"><\/a><\/div>\n\t\t\t\t\t<\/div>\n\t\t\t\t<\/div><div class=\"t-entry-text\">\n\t\t\t\t\t\t\t\t\t<div class=\"t-entry-text-tc single-block-padding\"><div class=\"t-entry\"><h3 class=\"t-entry-title h6 title-scale\"><a href=\"https:\/\/royalcasinocompany.nl\/es\/casino-stoelen-kopen-nieuw\/\" target=\"_self\">Comprar sillas de casino (nuevas)<\/a><\/h3><\/div><\/div>\n\t\t\t\t\t\t\t<\/div><\/div><\/div><div class=\"tmb atc-typography-inherit tmb-iso-w4 tmb-iso-h4 tmb-round img-round-lg tmb-dark tmb-overlay-gradient-bottom tmb-overlay-anim tmb-content-center tmb-content-mobile-center tmb-image-anim  grid-cat-1422 tmb-id-63805 tmb-content-under tmb-media-first\" ><div class=\"t-inside style-color-prif-bg no-anim\" ><div class=\"t-entry-visual\"><div class=\"t-entry-visual-tc\"><div class=\"t-entry-visual-cont\"><div class=\"dummy\" style=\"padding-top: 98.5%;\"><\/div><a role=\"button\" tabindex=\"-1\" href=\"https:\/\/royalcasinocompany.nl\/es\/poker-stoelen-kopen-nieuw\/\" class=\"pushed\" aria-label=\"Sillones de p\u00f3quer de lujo en combinaci\u00f3n de crema y marr\u00f3n con detalles dorados y logotipo en el respaldo\"  target=\"_self\" data-lb-index=\"5\"><div class=\"t-entry-visual-overlay\"><div class=\"t-entry-visual-overlay-in style-color-rgdb-bg\" style=\"opacity: 0.01;\"><\/div><\/div><img decoding=\"async\" class=\"wp-image-66515\" src=\"https:\/\/royalcasinocompany.nl\/wp-content\/uploads\/2021\/04\/IMG_2677.jpeg\" width=\"518\" height=\"510\" alt=\"Luxe pokerstoelen in een creme\/bruine combinatie met gouden details en een logo op de rugleuning\" title=\"\" srcset=\"https:\/\/royalcasinocompany.nl\/wp-content\/uploads\/2021\/04\/IMG_2677.jpeg 518w, https:\/\/royalcasinocompany.nl\/wp-content\/uploads\/2021\/04\/IMG_2677-300x295.jpeg 300w, https:\/\/royalcasinocompany.nl\/wp-content\/uploads\/2021\/04\/IMG_2677-350x345.jpeg 350w\" sizes=\"(max-width: 518px) 100vw, 518px\"><\/a><\/div>\n\t\t\t\t\t<\/div>\n\t\t\t\t<\/div><div class=\"t-entry-text\">\n\t\t\t\t\t\t\t\t\t<div class=\"t-entry-text-tc single-block-padding\"><div class=\"t-entry\"><h3 class=\"t-entry-title h6 title-scale\"><a href=\"https:\/\/royalcasinocompany.nl\/es\/poker-stoelen-kopen-nieuw\/\" target=\"_self\">Comprar sillas de p\u00f3quer (nuevas)<\/a><\/h3><\/div><\/div>\n\t\t\t\t\t\t\t<\/div><\/div><\/div>\t\t<\/div>\t\n\t\n\n\t<\/div>\t\t\t\t<\/div>\n<\/div><\/div><\/div><\/div><\/div><\/div><\/div><\/div><div class=\"divider-wrapper\"  >\n    <hr class=\"border-accent-color separator-no-padding\"  \/>\n<\/div>\n<div class=\"vc_row row-internal row-container boomapps_vcrow\"><div class=\"row row-child\"><div class=\"wpb_row row-inner\"><div class=\"wpb_column pos-top pos-center align_left column_child col-lg-6 boomapps_vccolumn single-internal-gutter\"><div class=\"uncol style-dark\" ><div class=\"uncoltable\"><div class=\"uncell  boomapps_vccolumn no-block-padding\" ><div class=\"uncont\" ><div class=\"uncode_text_column\" ><\/p>\n<h3>NUESTRA EXPOSICI\u00d3N<\/h3>\n<p>Como expertos, comprendemos perfectamente que una visita al casino implica una experiencia \u00fanica que estimula todos los sentidos. Nos complace invitarle a visitar nuestra sala de exposiciones\/almac\u00e9n, donde exhibimos con orgullo nuestra selecci\u00f3n de mesas de casino. Durante su visita, tendr\u00e1 la oportunidad de jugar usted mismo una mano de cartas o experimentar la emoci\u00f3n de la ruleta haciendo girar la bola. Las visitas a nuestra sala de exposici\u00f3n s\u00f3lo son posibles con cita previa y est\u00e1n dirigidas a aquellos que est\u00e9n realmente interesados. Es importante se\u00f1alar que presentamos tres mesas de juego totalmente nuevas en nuestra sala de exposici\u00f3n - ruleta, blackjack y p\u00f3quer - para que pueda juzgar la excelencia por s\u00ed mismo. Nuestras mesas de casino usadas u otros art\u00edculos se preparar\u00e1n especialmente para usted en nuestro almac\u00e9n el d\u00eda de su cita.<\/p>\n<\/div><\/div><\/div><\/div><\/div><\/div><div class=\"wpb_column pos-top pos-center align_left column_child col-lg-6 boomapps_vccolumn single-internal-gutter\"><div class=\"uncol style-dark\" ><div class=\"uncoltable\"><div class=\"uncell  boomapps_vccolumn no-block-padding\" ><div class=\"uncont\" ><div class=\"uncode_text_column\" ><\/p>\n<h3>\u00bfTu propio casino?<\/h3>\n<p>\u00bfSiempre ha so\u00f1ado con tener una mesa de casino en su propia casa? \u00bfLe gustar\u00eda transformar por completo su mansi\u00f3n en un aut\u00e9ntico casino? Gracias a nuestras impresionantes mesas de casino y accesorios, tendr\u00e1 la garant\u00eda de impresionar a sus amigos, conocidos y clientes. Ya se trate de una velada de copas, una noche de hombres, reuniones de su club de negocios o cualquier otra ocasi\u00f3n, con nuestras mesas de casino de alta calidad ser\u00e1n inolvidables.<\/p>\n<\/div><\/div><\/div><\/div><\/div><\/div><\/div><\/div><\/div><\/div><\/div><\/div><\/div><\/div><script id=\"script-row-unique-1\" data-row=\"script-row-unique-1\" type=\"text\/javascript\" class=\"vc_controls\">UNCODE.initRow(document.getElementById(\"row-unique-1\"));<\/script><\/div><\/div><\/div>\n<\/div>","protected":false},"excerpt":{"rendered":"POKER STOELEN KOPEN?Heeft u een pokertafel gekocht of gaat u deze nog kopen? Dan heeft u ook poker stoelen nodig, [...]","protected":false},"author":1,"featured_media":0,"parent":0,"menu_order":0,"comment_status":"closed","ping_status":"closed","template":"","meta":{"footnotes":""},"class_list":["post-63481","page","type-page","status-publish","hentry","page_category-verkoop"],"_links":{"self":[{"href":"https:\/\/royalcasinocompany.nl\/es\/wp-json\/wp\/v2\/pages\/63481","targetHints":{"allow":["GET"]}}],"collection":[{"href":"https:\/\/royalcasinocompany.nl\/es\/wp-json\/wp\/v2\/pages"}],"about":[{"href":"https:\/\/royalcasinocompany.nl\/es\/wp-json\/wp\/v2\/types\/page"}],"author":[{"embeddable":true,"href":"https:\/\/royalcasinocompany.nl\/es\/wp-json\/wp\/v2\/users\/1"}],"replies":[{"embeddable":true,"href":"https:\/\/royalcasinocompany.nl\/es\/wp-json\/wp\/v2\/comments?post=63481"}],"version-history":[{"count":20,"href":"https:\/\/royalcasinocompany.nl\/es\/wp-json\/wp\/v2\/pages\/63481\/revisions"}],"predecessor-version":[{"id":70360,"href":"https:\/\/royalcasinocompany.nl\/es\/wp-json\/wp\/v2\/pages\/63481\/revisions\/70360"}],"wp:attachment":[{"href":"https:\/\/royalcasinocompany.nl\/es\/wp-json\/wp\/v2\/media?parent=63481"}],"curies":[{"name":"wp","href":"https:\/\/api.w.org\/{rel}","templated":true}]}}