{"id":65781,"date":"2023-05-15T12:09:39","date_gmt":"2023-05-15T10:09:39","guid":{"rendered":"https:\/\/royalcasinocompany.nl\/?page_id=65781"},"modified":"2025-09-08T22:16:40","modified_gmt":"2025-09-08T20:16:40","slug":"casino-feest-ideeen","status":"publish","type":"page","link":"https:\/\/royalcasinocompany.nl\/es\/casino-avond\/casino-feest-ideeen\/","title":{"rendered":"Ideas para fiestas de casino"},"content":{"rendered":"<div class=\"wpb-content-wrapper\"><div data-parent=\"true\" class=\"vc_row row-container boomapps_vcrow\" id=\"row-unique-0\"><div class=\"row limit-width row-parent\"><div class=\"wpb_row row-inner\"><div class=\"wpb_column pos-top pos-center align_left column_parent col-lg-12 boomapps_vccolumn single-internal-gutter\"><div class=\"uncol style-dark\"  ><div class=\"uncoltable\"><div class=\"uncell  boomapps_vccolumn no-block-padding\" ><div class=\"uncont\" ><div class=\"vc_row row-internal row-container boomapps_vcrow\"><div class=\"row row-child\"><div class=\"wpb_row row-inner\"><div class=\"wpb_column pos-top pos-center align_left column_child col-lg-12 boomapps_vccolumn single-internal-gutter\"><div class=\"uncol style-dark\" ><div class=\"uncoltable\"><div class=\"uncell  boomapps_vccolumn no-block-padding\" ><div class=\"uncont\" ><div class=\"vc_custom_heading_wrap\"><div class=\"heading-text el-text\" ><\/p>\n<h1>Ideas para fiestas de casino: consejos para que el evento sea un \u00e9xito<\/h1>\n<p>\n<hr class=\"separator-break separator-accent\" \/><\/div><div class=\"clear\"><\/div><\/div><div class=\"uncode_text_column\" ><\/p>\n<h2 data-pm-slice=\"1 1 &#091;&#093;\">\ud83c\udfb2 Las ideas para fiestas de casino m\u00e1s divertidas para una velada inolvidable<\/h2>\n<p>\u00bfEst\u00e1 organizando una fiesta y busca entretenimiento original y espectacular? Descubra los mejores <strong>ideas para fiestas en el casino<\/strong> para cualquier tipo de evento: desde una fiesta de empresa hasta un cumplea\u00f1os o una boda. Con un elegante casino m\u00f3vil, no tendr\u00e1 m\u00e1s que llevar la emoci\u00f3n y el glamour de Las Vegas a su lugar de celebraci\u00f3n.<\/p>\n<h3>\u00bfPor qu\u00e9 elegir una fiesta tem\u00e1tica de casino?<\/h3>\n<p>Una fiesta de casino es algo m\u00e1s que entretenimiento. Es una experiencia atmosf\u00e9rica llena de brillo, diversi\u00f3n e interacci\u00f3n. \u00bfY lo mejor? Las partidas se juegan con dinero ficticio, as\u00ed que todo el mundo juega sin riesgo.<\/p>\n<h3>Ideas populares para fiestas en casinos<\/h3>\n<ul data-spread=\"false\">\n<li>\ud83c\udfb0 <strong>Alquiler de mesas de blackjack<\/strong> - Perfecto para principiantes y expertos<\/li>\n<li>\ud83c\udfb2 <strong>Mesa de ruleta con crupier<\/strong> - Emocionante hasta el \u00faltimo momento<\/li>\n<li>\u2660\ufe0f <strong>Mesa de torneo de p\u00f3quer<\/strong> - Ideal para hu\u00e9spedes competitivos<\/li>\n<li>\ud83c\udccf <strong>Casino m\u00f3vil con decoraci\u00f3n incluida<\/strong> - Pancartas de lujo, alfombra roja e iluminaci\u00f3n LED<\/li>\n<li>\ud83c\udfad <strong>Combinar temas<\/strong> - Piense en James Bond, Las Vegas o el Gran Gatsby<\/li>\n<\/ul>\n<h3>Completa tu fiesta<\/h3>\n<p>Nuestros crupieres profesionales proporcionan explicaciones y ambiente. Combina los juegos de casino con un c\u00f3digo de vestimenta, un premio para el ganador y, por ejemplo, un photobooth para tener los mejores recuerdos. As\u00ed es como conseguir\u00e1s que tu fiesta sea realmente \u00fanica.<\/p>\n<div>\n<hr \/>\n<\/div>\n<h2>\ud83d\udca1 Consejos para organizar una fiesta en el casino<\/h2>\n<ul data-spread=\"false\">\n<li>\ud83d\udccd Garantizar un espacio adecuado alrededor de las mesas.<\/li>\n<li>\ud83d\udd50 Planificar inteligentemente el horario de juego (por ejemplo, 3 horas de juego con descanso).<\/li>\n<li>\ud83c\udfc6 Dar un premio al invitado con m\u00e1s fichas.<\/li>\n<li>\ud83d\udcf8 Capta la velada con un fot\u00f3grafo<\/li>\n<\/ul>\n<div>\n<hr \/>\n<\/div>\n<h2>\ud83e\udd1d \u00bfOrganizas una fiesta en el casino? Nos encantar\u00eda ayudarte.<\/h2>\n<p>En <strong>Compa\u00f1\u00eda Royal Casino<\/strong> ha llegado al lugar adecuado para disfrutar de noches de casino elegantes, profesionales y con todos los servicios. Ofrecemos:<\/p>\n<ul data-spread=\"false\">\n<li>Mesas de casino originales y de alta calidad<\/li>\n<li>Croupiers experimentados y amables<\/li>\n<li>Montaje y desmontaje in situ<\/li>\n<li>Decoraci\u00f3n y ambiente<\/li>\n<\/ul>\n<p>\u27a1\ufe0f Consulte nuestras otras ideas en <a href=\"https:\/\/royalcasinocompany.nl\/es\/casino-avond\/\">la p\u00e1gina Noche de Casino<\/a><\/p>\n<div>\n<hr \/>\n<\/div>\n<h2>\ud83d\udccb Preguntas frecuentes sobre ideas para fiestas en casinos<\/h2>\n<p><strong>\u00bfUna fiesta en el casino es apta para todos los p\u00fablicos?<\/strong><br \/>\nS\u00ed, tanto j\u00f3venes como mayores disfrutan participando gracias a las sencillas explicaciones y al ambiente relajado.<\/p>\n<p><strong>\u00bfCu\u00e1nto cuesta organizar una noche de casino?<\/strong><br \/>\nLos precios empiezan en 525 euros sin IVA por mesa, incluyendo crupier, materiales y tiempo de juego de 4 horas.<\/p>\n<div>\n<hr \/>\n<\/div>\n<h2>\ud83d\udcde Solicita ahora un presupuesto sin compromiso<\/h2>\n<p>\u00bfSiente curiosidad por las posibilidades? P\u00f3ngase en contacto con nosotros y estaremos encantados de ayudarle a organizar una fiesta de la que se hablar\u00e1 durante mucho tiempo.<\/p>\n<p>\ud83c\udf89 <em>\u00bfNecesita ideas para una fiesta en el casino? Elija seguridad, ambiente y clase con Royal Casino Company.<\/em><\/p>\n<\/div><\/div><\/div><\/div><\/div><\/div><\/div><\/div><\/div><\/div><\/div><\/div><\/div><\/div><script id=\"script-row-unique-0\" data-row=\"script-row-unique-0\" type=\"text\/javascript\" class=\"vc_controls\">UNCODE.initRow(document.getElementById(\"row-unique-0\"));<\/script><\/div><\/div><\/div>\n<\/div>","protected":false},"excerpt":{"rendered":"Casino feest idee\u00ebn \u2013 tips voor een geslaagd event \ud83c\udfb2 De leukste casino feest idee\u00ebn voor een onvergetelijke avond Organiseer [...]","protected":false},"author":1,"featured_media":67076,"parent":67331,"menu_order":0,"comment_status":"closed","ping_status":"closed","template":"","meta":{"footnotes":""},"class_list":["post-65781","page","type-page","status-publish","has-post-thumbnail","hentry","page_category-huren"],"_links":{"self":[{"href":"https:\/\/royalcasinocompany.nl\/es\/wp-json\/wp\/v2\/pages\/65781","targetHints":{"allow":["GET"]}}],"collection":[{"href":"https:\/\/royalcasinocompany.nl\/es\/wp-json\/wp\/v2\/pages"}],"about":[{"href":"https:\/\/royalcasinocompany.nl\/es\/wp-json\/wp\/v2\/types\/page"}],"author":[{"embeddable":true,"href":"https:\/\/royalcasinocompany.nl\/es\/wp-json\/wp\/v2\/users\/1"}],"replies":[{"embeddable":true,"href":"https:\/\/royalcasinocompany.nl\/es\/wp-json\/wp\/v2\/comments?post=65781"}],"version-history":[{"count":20,"href":"https:\/\/royalcasinocompany.nl\/es\/wp-json\/wp\/v2\/pages\/65781\/revisions"}],"predecessor-version":[{"id":70409,"href":"https:\/\/royalcasinocompany.nl\/es\/wp-json\/wp\/v2\/pages\/65781\/revisions\/70409"}],"up":[{"embeddable":true,"href":"https:\/\/royalcasinocompany.nl\/es\/wp-json\/wp\/v2\/pages\/67331"}],"wp:featuredmedia":[{"embeddable":true,"href":"https:\/\/royalcasinocompany.nl\/es\/wp-json\/wp\/v2\/media\/67076"}],"wp:attachment":[{"href":"https:\/\/royalcasinocompany.nl\/es\/wp-json\/wp\/v2\/media?parent=65781"}],"curies":[{"name":"wp","href":"https:\/\/api.w.org\/{rel}","templated":true}]}}