{"id":66039,"date":"2023-06-12T13:32:27","date_gmt":"2023-06-12T11:32:27","guid":{"rendered":"https:\/\/royalcasinocompany.nl\/?page_id=66039"},"modified":"2025-05-09T12:15:46","modified_gmt":"2025-05-09T10:15:46","slug":"algemenehuurvoorwaarden","status":"publish","type":"page","link":"https:\/\/royalcasinocompany.nl\/es\/algemenehuurvoorwaarden\/","title":{"rendered":"Condiciones generales de alquiler"},"content":{"rendered":"<div class=\"wpb-content-wrapper\"><div data-parent=\"true\" class=\"vc_row row-container boomapps_vcrow\" id=\"row-unique-0\"><div class=\"row limit-width row-parent\"><div class=\"wpb_row row-inner\"><div class=\"wpb_column pos-top pos-center align_left column_parent col-lg-12 boomapps_vccolumn single-internal-gutter\"><div class=\"uncol style-dark\"  ><div class=\"uncoltable\"><div class=\"uncell  boomapps_vccolumn no-block-padding\" ><div class=\"uncont\" ><div class=\"uncode_text_column\" ><\/p>\n<h1><strong>Condiciones generales de alquiler Royal Casino Company<\/strong><\/h1>\n<p>A. El importe total del alquiler deber\u00e1 transferirse al menos 14 d\u00edas antes del evento previsto a nuestro n\u00famero IBAN NL93 RABO 0125 8363 84 a nombre de Royal Casino Company \/ Be Our Guest Events in Huizen. Recibir\u00e1 una confirmaci\u00f3n oficial y una factura en la que se indicar\u00e1n todos los arreglos realizados tras su aprobaci\u00f3n de la oferta. Si la factura no se paga antes o en la fecha de vencimiento del pago, Royal Casino Company \/ Be Our Guest Events se reserva el derecho de cancelar la asignaci\u00f3n y no ejecutar el evento.<\/p>\n<p>B. Si las mesas de casino no se colocar\u00e1n en la planta baja y esto no se ha notificado previamente por escrito, corresponde a los crupieres decidir si las mesas de casino se levantar\u00e1n o bajar\u00e1n de todos modos debido al peso y las dimensiones. Si las mesas de casino y el equipo se levantan o se bajan, se cobrar\u00e1 despu\u00e9s un cargo de 12,5% del precio total del alquiler. Para evitar decepciones, le recomendamos que lo comunique por escrito antes de su evento.<\/p>\n<p>C. Los da\u00f1os a las mesas de casino y materiales de Royal Casino Company, que no sean causados por el personal de Royal Casino Company, ser\u00e1n recuperados en su totalidad y cargados al inquilino\/cliente.<\/p>\n<p>D. La seguridad del personal de la Compa\u00f1\u00eda Royal Casino estar\u00e1 garantizada. Si por alguna raz\u00f3n el personal de Royal Casino Company considera irresponsable continuar jugando en las mesas del casino, todas las mesas del casino ser\u00e1n cerradas y desmanteladas y el personal de Royal Casino Company abandonar\u00e1 el evento.<\/p>\n<p>E. Se espera que el arrendatario\/cliente cuide el orden y la limpieza alrededor de las mesas del casino, piensa en platos y cristaler\u00eda.<\/p>\n<p>F. El precio de alquiler facturado se basa en el n\u00famero de horas de juego indicado por el arrendatario\/cliente. Si se desea seguir jugando m\u00e1s tiempo, se cobrar\u00e1n 50,00 euros por hora extra por mesa de casino y despu\u00e9s de las 00:00 se aplicar\u00e1 un recargo nocturno de 37,50 euros extra por crupier. La pr\u00f3rroga s\u00f3lo es posible para todas las mesas de casino alquiladas.<\/p>\n<p>G. El arrendatario\/cliente debe proporcionar un aparcamiento adecuado. Para poder montar y desmontar lo m\u00e1s r\u00e1pidamente posible, es deseable que haya plazas de aparcamiento delante de la entrada o de la zona de carga y descarga. El personal de Royal Casino Company llegar\u00e1 en furgoneta grande y\/o cami\u00f3n con cubo.<\/p>\n<p>H. Los gastos de aparcamiento se cobrar\u00e1n al inquilino\/cliente 1:1 despu\u00e9s.<\/p>\n<p>I. Las fichas de casino que falten en Royal Casino Company se cobrar\u00e1n al arrendador\/firmante a un precio unitario de 0,25 \u20ac. Indique claramente a sus invitados que deben devolver todas las fichas despu\u00e9s del evento.<\/p>\n<p>J. Si cancela con m\u00e1s de 3 meses de antelaci\u00f3n al evento de casino programado, se devolver\u00e1 al arrendatario\/cliente la totalidad de la cuota de alquiler.<\/p>\n<p>K. En caso de cancelaci\u00f3n con menos de 3 meses de antelaci\u00f3n al evento de casino programado, el arrendatario\/cliente deber\u00e1 abonar 25% del importe total del alquiler.<\/p>\n<p>L. En caso de cancelaci\u00f3n con menos de 4 semanas de antelaci\u00f3n al evento de casino programado, el arrendatario\/cliente deber\u00e1 abonar 50% del importe total del alquiler.<\/p>\n<p>M. En caso de cancelaci\u00f3n con menos de 14 d\u00edas de antelaci\u00f3n a la fecha prevista para el evento del casino, el arrendatario\/cliente deber\u00e1 abonar la totalidad del alquiler.<\/p>\n<p>N. En caso de impago por parte del arrendatario\/cliente, los gastos adicionales ocasionados y los posibles gastos de cobro correr\u00e1n \u00edntegramente a cargo del arrendatario\/cliente.<\/p>\n<p>O. Para lugares calculados a partir de Huizen NH, hay un cargo adicional de 0,65 euros por kil\u00f3metro recorrido tanto para viajes de ida como de vuelta. Esto siempre se le comunica por adelantado en el presupuesto, nunca repercutimos costes ocultos a nuestros clientes a posteriori.<\/p>\n<p>P. Al comprar 4 o m\u00e1s mesas de juego, pueden cobrarse costes adicionales en relaci\u00f3n con el uso\/alquiler de transporte adicional. Estos costes siempre se mencionan por adelantado en su presupuesto, nunca repercutimos costes ocultos a nuestros clientes a posteriori.<\/p>\n<p>Q. El arrendatario\/cliente proporcionar\u00e1 bebidas no alcoh\u00f3licas durante el evento del casino.<\/p>\n<p>R. El catering de la tripulaci\u00f3n es muy apreciado por nuestros crupieres. Los crupieres a menudo salen temprano de casa, por lo que no tienen tiempo de poder comer antes de tener que trabajar detr\u00e1s de las mesas del casino. Esperamos que lo tengan en cuenta.<\/p>\n<p>S. Desgraciadamente, las situaciones desagradables de tr\u00e1fico\/fichas\/autopech no pueden evitarse por \"fuerza mayor\", Royal Casino Company no se hace responsable de las consecuencias de ello. Por supuesto, haremos todo lo posible para evitarlo saliendo con suficiente antelaci\u00f3n y seg\u00fan lo acordado para llegar a tiempo al lugar de celebraci\u00f3n.<\/p>\n<p>JUGAR POR DINERO ES ILEGAL Y, POR LO TANTO, ROYAL CASINO COMPANY HA OPTADO DELIBERADAMENTE POR NO OFRECERLO. NUESTRO NEGOCIO PRINCIPAL ES EL ENTRETENIMIENTO DE LUJO.<\/p>\n<h2><strong>PREGUNTAS<\/strong><\/h2>\n<p>Si tiene alguna pregunta o comentario sobre nuestra Declaraci\u00f3n de privacidad, p\u00f3ngase en contacto con nosotros.<\/p>\n<h2><strong>DATOS DE CONTACTO<\/strong><\/h2>\n<p>Compa\u00f1\u00eda Royal Casino<br \/>\nCarretera por cable 1<br \/>\n1271 AN HUIZEN<\/p>\n<\/div><\/div><\/div><\/div><\/div><\/div><script id=\"script-row-unique-0\" data-row=\"script-row-unique-0\" type=\"text\/javascript\" class=\"vc_controls\">UNCODE.initRow(document.getElementById(\"row-unique-0\"));<\/script><\/div><\/div><\/div>\n<\/div>","protected":false},"excerpt":{"rendered":"Algemene Huurvoorwaarden Royal Casino Company A. De gehele huursom moet minimaal 14 dagen v\u00f3\u00f3r het geplande evenement zijn overgemaakt op [...]","protected":false},"author":1,"featured_media":0,"parent":0,"menu_order":0,"comment_status":"closed","ping_status":"closed","template":"","meta":{"footnotes":""},"class_list":["post-66039","page","type-page","status-publish","hentry","page_category-over-ons"],"_links":{"self":[{"href":"https:\/\/royalcasinocompany.nl\/es\/wp-json\/wp\/v2\/pages\/66039","targetHints":{"allow":["GET"]}}],"collection":[{"href":"https:\/\/royalcasinocompany.nl\/es\/wp-json\/wp\/v2\/pages"}],"about":[{"href":"https:\/\/royalcasinocompany.nl\/es\/wp-json\/wp\/v2\/types\/page"}],"author":[{"embeddable":true,"href":"https:\/\/royalcasinocompany.nl\/es\/wp-json\/wp\/v2\/users\/1"}],"replies":[{"embeddable":true,"href":"https:\/\/royalcasinocompany.nl\/es\/wp-json\/wp\/v2\/comments?post=66039"}],"version-history":[{"count":3,"href":"https:\/\/royalcasinocompany.nl\/es\/wp-json\/wp\/v2\/pages\/66039\/revisions"}],"predecessor-version":[{"id":70319,"href":"https:\/\/royalcasinocompany.nl\/es\/wp-json\/wp\/v2\/pages\/66039\/revisions\/70319"}],"wp:attachment":[{"href":"https:\/\/royalcasinocompany.nl\/es\/wp-json\/wp\/v2\/media?parent=66039"}],"curies":[{"name":"wp","href":"https:\/\/api.w.org\/{rel}","templated":true}]}}