{"id":67245,"date":"2025-06-25T19:00:39","date_gmt":"2025-06-25T17:00:39","guid":{"rendered":"https:\/\/royalcasinocompany.nl\/?page_id=67245"},"modified":"2025-06-25T20:51:54","modified_gmt":"2025-06-25T18:51:54","slug":"casinotafels-huren-in-amsterdam","status":"publish","type":"page","link":"https:\/\/royalcasinocompany.nl\/es\/casinotafels-huren-in-amsterdam\/","title":{"rendered":"Alquiler de mesas de casino en \u00c1msterdam"},"content":{"rendered":"<div class=\"wpb-content-wrapper\"><div data-parent=\"true\" class=\"vc_row row-container boomapps_vcrow\" id=\"row-unique-0\"><div class=\"row limit-width row-parent\"><div class=\"wpb_row row-inner\"><div class=\"wpb_column pos-top pos-center align_left column_parent col-lg-12 boomapps_vccolumn single-internal-gutter\"><div class=\"uncol style-dark\"  ><div class=\"uncoltable\"><div class=\"uncell  boomapps_vccolumn no-block-padding\" ><div class=\"uncont\" ><div class=\"vc_row row-internal row-container boomapps_vcrow\"><div class=\"row row-child\"><div class=\"wpb_row row-inner\"><div class=\"wpb_column pos-top pos-center align_center column_child col-lg-12 boomapps_vccolumn single-internal-gutter\"><div class=\"uncol style-dark\" ><div class=\"uncoltable\"><div class=\"uncell  boomapps_vccolumn no-block-padding\" ><div class=\"uncont\" ><div class=\"vc_custom_heading_wrap\"><div class=\"heading-text el-text\" ><h2 class=\"h2\" ><span><\/p><\/span><span><h1 class=\"font-bold text-gray-800 text-h2 leading-&#091;45px&#093; pt-&#091;30px&#093; pb-&#091;4px&#093; &#091;&amp;_a&#093;:underline-offset-&#091;6px&#093; &#091;&amp;_.underline&#093;:underline-offset-&#091;6px&#093;\" dir=\"ltr\">\u00a1Viva la emoci\u00f3n de Las Vegas con nuestro alquiler profesional de mesas de casino!<\/h1><\/span><span><p><\/span><\/h2><\/div><div class=\"clear\"><\/div><\/div><div class=\"uncode_text_column\" ><p>\u00a1Bienvenido a la experiencia de casino de alta gama de \u00c1msterdam! Tanto si est\u00e1 planeando un evento para una agencia organizadora, como si est\u00e1 organizando una fiesta de empresa o quiere crear un evento corporativo inolvidable, nuestras mesas de casino profesionales le llevar\u00e1n la emoci\u00f3n de una aut\u00e9ntica noche de casino directamente a su local.<\/p>\n<\/div><div class=\"divider-wrapper\"  >\n    <hr class=\"border-accent-color separator-no-padding\"  \/>\n<\/div>\n<\/div><\/div><\/div><\/div><\/div><\/div><\/div><\/div><div class=\"vc_row row-internal row-container boomapps_vcrow\"><div class=\"row row-child\"><div class=\"wpb_row row-inner\"><div class=\"wpb_column pos-top pos-center align_left column_child col-lg-6 boomapps_vccolumn single-internal-gutter\"><div class=\"uncol style-dark\" ><div class=\"uncoltable\"><div class=\"uncell  boomapps_vccolumn no-block-padding\" ><div class=\"uncont\" ><div class=\"vc_custom_heading_wrap\"><div class=\"heading-text el-text\" ><h2 class=\"h2\" ><span><\/p><\/span><span><h2 class=\"font-bold text-gray-800 text-h3 leading-&#091;36px&#093; pt-&#091;21px&#093; pb-&#091;2px&#093; &#091;&amp;_a&#093;:underline-offset-&#091;6px&#093; &#091;&amp;_.underline&#093;:underline-offset-&#091;6px&#093;\" dir=\"ltr\">\u00bfPor qu\u00e9 nuestras mesas de casino?<\/h2><\/span><span><p><\/span><\/h2><\/div><div class=\"clear\"><\/div><\/div><div class=\"uncode_text_column\" ><\/p>\n<p class=\"text-body font-regular text-gray-800 leading-&#091;24px&#093; pt-&#091;9px&#093; pb-&#091;2px&#093;\" dir=\"ltr\">Nuestras mesas de casino no son mesas cualquiera, son piezas de exhibici\u00f3n sacadas directamente del casino real. Perfectas para:<\/p>\n<ul class=\"pt-&#091;9px&#093; pb-&#091;2px&#093; pl-&#091;24px&#093; list-disc &#091;&amp;_ul&#093;:pt-&#091;5px&#093; pt-&#091;5px&#093;\">\n<li class=\"text-body font-regular text-gray-800 leading-&#091;24px&#093; my-&#091;5px&#093; &#091;&amp;&gt;ol&#093;:!pt-0 &#091;&amp;&gt;ol&#093;:!pb-0 &#091;&amp;&gt;ul&#093;:!pt-0 &#091;&amp;&gt;ul&#093;:!pb-0\" value=\"1\"><b><strong class=\"font-bold\">Agencias organizativas<\/strong><\/b>A\u00f1ade un toque exclusivo a su oferta de eventos.<\/li>\n<li class=\"text-body font-regular text-gray-800 leading-&#091;24px&#093; my-&#091;5px&#093; &#091;&amp;&gt;ol&#093;:!pt-0 &#091;&amp;&gt;ol&#093;:!pb-0 &#091;&amp;&gt;ul&#093;:!pt-0 &#091;&amp;&gt;ul&#093;:!pb-0\" value=\"2\"><b><strong class=\"font-bold\">Empresas<\/strong><\/b>: Ideal para las copas del personal o una velada de empresa glamurosa.<\/li>\n<li class=\"text-body font-regular text-gray-800 leading-&#091;24px&#093; my-&#091;5px&#093; &#091;&amp;&gt;ol&#093;:!pt-0 &#091;&amp;&gt;ol&#093;:!pb-0 &#091;&amp;&gt;ul&#093;:!pt-0 &#091;&amp;&gt;ul&#093;:!pb-0\" value=\"3\"><b><strong class=\"font-bold\">Eventos corporativos<\/strong><\/b>El mejor regalo: A\u00f1ada un toque de clase a sus galas, eventos de networking y ceremonias de entrega de premios.<\/li>\n<\/ul>\n<p>\n<\/div><\/div><\/div><\/div><\/div><\/div><div class=\"wpb_column pos-top pos-center align_left column_child col-lg-6 boomapps_vccolumn single-internal-gutter\"><div class=\"uncol style-dark\" ><div class=\"uncoltable\"><div class=\"uncell  boomapps_vccolumn no-block-padding\" ><div class=\"uncont\" ><div class=\"uncode-single-media  text-left\"><div class=\"single-wrapper\" style=\"max-width: 100%;\"><div class=\"tmb tmb-light  tmb-img-ratio tmb-media-first tmb-media-last tmb-content-overlay tmb-no-bg\"><div class=\"t-inside\"><div class=\"t-entry-visual\"><div class=\"t-entry-visual-tc\"><div class=\"uncode-single-media-wrapper\"><div class=\"dummy\" style=\"padding-top: 74.9%;\"><\/div><img decoding=\"async\" class=\"wp-image-67151\" src=\"https:\/\/royalcasinocompany.nl\/wp-content\/uploads\/2024\/02\/WhatsApp-Image-2024-02-17-at-14.13.48-uai-1133x849.jpeg\" width=\"1133\" height=\"849\" alt=\"- Royal Casino Company\" title=\"\"><\/div>\n\t\t\t\t\t<\/div>\n\t\t\t\t<\/div><\/div><\/div><\/div><\/div><\/div><\/div><\/div><\/div><\/div><\/div><\/div><\/div><div class=\"vc_row row-internal row-container boomapps_vcrow\"><div class=\"row row-child\"><div class=\"wpb_row row-inner\"><div class=\"wpb_column pos-top pos-center align_left column_child col-lg-6 boomapps_vccolumn single-internal-gutter\"><div class=\"uncol style-dark\" ><div class=\"uncoltable\"><div class=\"uncell  boomapps_vccolumn no-block-padding\" ><div class=\"uncont\" ><div class=\"uncode-single-media  text-left\"><div class=\"single-wrapper\" style=\"max-width: 100%;\"><div class=\"tmb tmb-light  tmb-img-ratio tmb-media-first tmb-media-last tmb-content-overlay tmb-no-bg\"><div class=\"t-inside\"><div class=\"t-entry-visual\"><div class=\"t-entry-visual-tc\"><div class=\"uncode-single-media-wrapper\"><div class=\"dummy\" style=\"padding-top: 75%;\"><\/div><img decoding=\"async\" class=\"wp-image-67133\" src=\"https:\/\/royalcasinocompany.nl\/wp-content\/uploads\/2024\/02\/WhatsApp-Image-2024-02-16-at-08.21.19-1-uai-1200x900.jpeg\" width=\"1200\" height=\"900\" alt=\"- Royal Casino Company\" title=\"\"><\/div>\n\t\t\t\t\t<\/div>\n\t\t\t\t<\/div><\/div><\/div><\/div><\/div><\/div><\/div><\/div><\/div><\/div><div class=\"wpb_column pos-top pos-center align_left column_child col-lg-6 boomapps_vccolumn single-internal-gutter\"><div class=\"uncol style-dark\" ><div class=\"uncoltable\"><div class=\"uncell  boomapps_vccolumn no-block-padding\" ><div class=\"uncont\" ><div class=\"vc_custom_heading_wrap\"><div class=\"heading-text el-text\" ><h2 class=\"h2\" ><span><\/p><\/span><span><h2 class=\"font-bold text-gray-800 text-h3 leading-&#091;36px&#093; pt-&#091;21px&#093; pb-&#091;2px&#093; &#091;&amp;_a&#093;:underline-offset-&#091;6px&#093; &#091;&amp;_.underline&#093;:underline-offset-&#091;6px&#093;\" dir=\"ltr\">Nuestros puntos fuertes<\/h2><\/span><span><p><\/span><\/h2><\/div><div class=\"clear\"><\/div><\/div><div class=\"uncode_text_column\" ><\/p>\n<ul class=\"pt-&#091;9px&#093; pb-&#091;2px&#093; pl-&#091;24px&#093; list-disc &#091;&amp;_ul&#093;:pt-&#091;5px&#093; pt-&#091;5px&#093;\">\n<li class=\"text-body font-regular text-gray-800 leading-&#091;24px&#093; my-&#091;5px&#093; &#091;&amp;&gt;ol&#093;:!pt-0 &#091;&amp;&gt;ol&#093;:!pb-0 &#091;&amp;&gt;ul&#093;:!pt-0 &#091;&amp;&gt;ul&#093;:!pb-0\" value=\"1\"><b><strong class=\"font-bold\">Experiencia de casino real<\/strong><\/b>Nuestras mesas de casino ofrecen una aut\u00e9ntica experiencia de juego.<\/li>\n<li class=\"text-body font-regular text-gray-800 leading-&#091;24px&#093; my-&#091;5px&#093; &#091;&amp;&gt;ol&#093;:!pt-0 &#091;&amp;&gt;ol&#093;:!pb-0 &#091;&amp;&gt;ul&#093;:!pt-0 &#091;&amp;&gt;ul&#093;:!pb-0\" value=\"2\"><b><strong class=\"font-bold\">Profesional y elegante<\/strong><\/b>: Mantenemos un alto nivel de profesionalidad y nuestras mesas cumplen las normas est\u00e9ticas de los casinos reales.<\/li>\n<li class=\"text-body font-regular text-gray-800 leading-&#091;24px&#093; my-&#091;5px&#093; &#091;&amp;&gt;ol&#093;:!pt-0 &#091;&amp;&gt;ol&#093;:!pb-0 &#091;&amp;&gt;ul&#093;:!pt-0 &#091;&amp;&gt;ul&#093;:!pb-0\" value=\"3\"><b><strong class=\"font-bold\">Paquete completo<\/strong><\/b>: Desde la ruleta hasta los dados, ofrecemos una experiencia de casino completa.<\/li>\n<li class=\"text-body font-regular text-gray-800 leading-&#091;24px&#093; my-&#091;5px&#093; &#091;&amp;&gt;ol&#093;:!pt-0 &#091;&amp;&gt;ol&#093;:!pb-0 &#091;&amp;&gt;ul&#093;:!pt-0 &#091;&amp;&gt;ul&#093;:!pb-0\" value=\"4\"><b><strong class=\"font-bold\">Flexible y fiable<\/strong><\/b>Nuestro servicio se adapta a sus necesidades. Entregamos puntualmente y garantizamos una experiencia fiable.<\/li>\n<\/ul>\n<p class=\"text-body font-regular text-gray-800 leading-&#091;24px&#093; pt-&#091;9px&#093; pb-&#091;2px&#093;\" dir=\"ltr\">Prep\u00e1rese para impresionar a sus invitados con una velada inolvidable de emoci\u00f3n y diversi\u00f3n en el juego.<\/p>\n<p>\n<\/div><\/div><\/div><\/div><\/div><\/div><\/div><\/div><\/div><div class=\"vc_row row-internal row-container boomapps_vcrow\"><div class=\"row row-child\"><div class=\"wpb_row row-inner\"><div class=\"wpb_column pos-top pos-center align_left column_child col-lg-6 boomapps_vccolumn single-internal-gutter\"><div class=\"uncol style-dark\" ><div class=\"uncoltable\"><div class=\"uncell  boomapps_vccolumn no-block-padding\" ><div class=\"uncont\" ><div class=\"vc_custom_heading_wrap\"><div class=\"heading-text el-text\" ><h2 class=\"h2\" ><span><\/p><\/span><span><h3 class=\"font-bold text-gray-800 text-h4 leading-&#091;30px&#093; pt-&#091;15px&#093; pb-&#091;2px&#093; &#091;&amp;_a&#093;:underline-offset-&#091;6px&#093; &#091;&amp;_.underline&#093;:underline-offset-&#091;6px&#093;\" dir=\"ltr\">\u00bfEst\u00e1 preparado para subir la apuesta?<\/h3><\/span><span><p><\/span><\/h2><\/div><div class=\"clear\"><\/div><\/div><div class=\"uncode_text_column\" ><\/p>\n<p class=\"text-body font-regular text-gray-800 leading-&#091;24px&#093; pt-&#091;9px&#093; pb-&#091;2px&#093;\" dir=\"ltr\">D\u00e9 el paso para que su evento sea un \u00e9xito garantizado. <b><strong class=\"font-bold\">Solicite un presupuesto ahora<\/strong><\/b> Para el mejor alquiler de mesas de casino en la zona de Amsterdam. Haga clic en el bot\u00f3n de abajo y d\u00e9jenos hacer el trabajo por usted.<\/p>\n<p class=\"text-body font-regular text-gray-800 leading-&#091;24px&#093; pt-&#091;9px&#093; pb-&#091;2px&#093;\" dir=\"ltr\"><a class=\"text-indigo-700 underline underline-offset-4\" title=\"Solicite un presupuesto ahora\" href=\"#offerte-formulier\">Solicitar un presupuesto<\/a><\/p>\n<p class=\"text-body font-regular text-gray-800 leading-&#091;24px&#093; pt-&#091;9px&#093; pb-&#091;2px&#093;\" dir=\"ltr\"><i><em class=\"italic\">Experimente la diversi\u00f3n, el glamour y la emoci\u00f3n. Haga que su pr\u00f3ximo evento sea legendario con nuestros alquileres de mesas de casino.<\/em><\/i><\/p>\n<p>\n<\/div><\/div><\/div><\/div><\/div><\/div><div class=\"wpb_column pos-top pos-center align_left column_child col-lg-6 boomapps_vccolumn single-internal-gutter\"><div class=\"uncol style-dark\" ><div class=\"uncoltable\"><div class=\"uncell  boomapps_vccolumn no-block-padding\" ><div class=\"uncont\" ><div class=\"uncode-single-media  text-left\"><div class=\"single-wrapper\" style=\"max-width: 100%;\"><div class=\"tmb tmb-light  tmb-img-ratio tmb-media-first tmb-media-last tmb-content-overlay tmb-no-bg\"><div class=\"t-inside\"><div class=\"t-entry-visual\"><div class=\"t-entry-visual-tc\"><div class=\"uncode-single-media-wrapper\"><div class=\"dummy\" style=\"padding-top: 75%;\"><\/div><img decoding=\"async\" class=\"wp-image-67135\" src=\"https:\/\/royalcasinocompany.nl\/wp-content\/uploads\/2024\/02\/WhatsApp-Image-2024-02-17-at-13.28.49-uai-1319x989.jpeg\" width=\"1319\" height=\"989\" alt=\"- Royal Casino Company\" title=\"\"><\/div>\n\t\t\t\t\t<\/div>\n\t\t\t\t<\/div><\/div><\/div><\/div><\/div><\/div><\/div><\/div><\/div><\/div><\/div><\/div><\/div><div class=\"vc_row row-internal row-container boomapps_vcrow\"><div class=\"row row-child\"><div class=\"wpb_row row-inner\"><div class=\"wpb_column pos-top pos-center align_left column_child col-lg-6 boomapps_vccolumn single-internal-gutter\"><div class=\"uncol style-dark\" ><div class=\"uncoltable\"><div class=\"uncell  boomapps_vccolumn no-block-padding\" ><div class=\"uncont\" ><div class=\"uncode-single-media  text-left\"><div class=\"single-wrapper\" style=\"max-width: 100%;\"><div class=\"tmb tmb-light  tmb-img-ratio tmb-media-first tmb-media-last tmb-content-overlay tmb-no-bg\"><div class=\"t-inside\"><div class=\"t-entry-visual\"><div class=\"t-entry-visual-tc\"><div class=\"uncode-single-media-wrapper\"><div class=\"dummy\" style=\"padding-top: 75%;\"><\/div><img decoding=\"async\" class=\"wp-image-67086\" src=\"https:\/\/royalcasinocompany.nl\/wp-content\/uploads\/2024\/02\/27-SFEER-5november-HermanceVanDijkPhotography-scaled-uai-2276x1707.jpg\" width=\"2276\" height=\"1707\" alt=\"- Royal Casino Company\" title=\"\"><\/div>\n\t\t\t\t\t<\/div>\n\t\t\t\t<\/div><\/div><\/div><\/div><\/div><\/div><\/div><\/div><\/div><\/div><div class=\"wpb_column pos-top pos-center align_left column_child col-lg-6 boomapps_vccolumn single-internal-gutter\"><div class=\"uncol style-dark\" ><div class=\"uncoltable\"><div class=\"uncell  boomapps_vccolumn no-block-padding\" ><div class=\"uncont\" ><div class=\"vc_custom_heading_wrap\"><div class=\"heading-text el-text\" ><h2 class=\"h2\" ><span><\/p><\/span><span><h2 class=\"font-bold text-gray-800 text-h3 leading-&#091;36px&#093; pt-&#091;21px&#093; pb-&#091;2px&#093; &#091;&amp;_a&#093;:underline-offset-&#091;6px&#093; &#091;&amp;_.underline&#093;:underline-offset-&#091;6px&#093;\" dir=\"ltr\">Nuestras opciones de mesa<\/h2><\/span><span><p><\/span><\/h2><\/div><div class=\"clear\"><\/div><\/div><div class=\"uncode_text_column\" ><\/p>\n<p class=\"text-body font-regular text-gray-800 leading-&#091;24px&#093; pt-&#091;9px&#093; pb-&#091;2px&#093;\" dir=\"ltr\">Nuestras mesas de casino est\u00e1n disponibles en diferentes opciones para adaptarse a sus necesidades espec\u00edficas:<\/p>\n<ul class=\"pt-&#091;9px&#093; pb-&#091;2px&#093; pl-&#091;24px&#093; list-disc &#091;&amp;_ul&#093;:pt-&#091;5px&#093; pt-&#091;5px&#093;\">\n<li class=\"text-body font-regular text-gray-800 leading-&#091;24px&#093; my-&#091;5px&#093; &#091;&amp;&gt;ol&#093;:!pt-0 &#091;&amp;&gt;ol&#093;:!pb-0 &#091;&amp;&gt;ul&#093;:!pt-0 &#091;&amp;&gt;ul&#093;:!pb-0\" value=\"1\"><b><strong class=\"font-bold\">Ruleta<\/strong><\/b>Este emblem\u00e1tico juego de casino es uno de los favoritos del p\u00fablico y suscita una animada interacci\u00f3n.<\/li>\n<li class=\"text-body font-regular text-gray-800 leading-&#091;24px&#093; my-&#091;5px&#093; &#091;&amp;&gt;ol&#093;:!pt-0 &#091;&amp;&gt;ol&#093;:!pb-0 &#091;&amp;&gt;ul&#093;:!pt-0 &#091;&amp;&gt;ul&#093;:!pb-0\" value=\"2\"><b><strong class=\"font-bold\">Blackjack<\/strong><\/b>Un juego de cartas cl\u00e1sico en el que los jugadores juegan contra la banca. Ideal para un desaf\u00edo estrat\u00e9gico.<\/li>\n<li class=\"text-body font-regular text-gray-800 leading-&#091;24px&#093; my-&#091;5px&#093; &#091;&amp;&gt;ol&#093;:!pt-0 &#091;&amp;&gt;ol&#093;:!pb-0 &#091;&amp;&gt;ul&#093;:!pt-0 &#091;&amp;&gt;ul&#093;:!pb-0\" value=\"3\"><b><strong class=\"font-bold\">P\u00f3quer<\/strong><\/b>Juego popular y emocionante que combina estrategia, habilidad y suerte.<\/li>\n<li value=\"3\">Y mucho m\u00e1s, <a href=\"https:\/\/royalcasinocompany.nl\/es\/casino-inhuur-prijzen\/\">Haga clic aqu\u00ed para acceder a nuestra oferta.<\/a><\/li>\n<\/ul>\n<p>\n<\/div><\/div><\/div><\/div><\/div><\/div><\/div><\/div><\/div><div class=\"vc_row row-internal row-container boomapps_vcrow\"><div class=\"row row-child\"><div class=\"wpb_row row-inner\"><div class=\"wpb_column pos-top pos-center align_left column_child col-lg-6 boomapps_vccolumn single-internal-gutter\"><div class=\"uncol style-dark\" ><div class=\"uncoltable\"><div class=\"uncell  boomapps_vccolumn no-block-padding\" ><div class=\"uncont\" ><div class=\"vc_custom_heading_wrap\"><div class=\"heading-text el-text\" ><h2 class=\"h2\" ><span><\/p><\/span><span><h2 class=\"font-bold text-gray-800 text-h3 leading-&#091;36px&#093; pt-&#091;21px&#093; pb-&#091;2px&#093; &#091;&amp;_a&#093;:underline-offset-&#091;6px&#093; &#091;&amp;_.underline&#093;:underline-offset-&#091;6px&#093;\" dir=\"ltr\">Nuestros servicios<\/h2><\/span><span><p><\/span><\/h2><\/div><div class=\"clear\"><\/div><\/div><div class=\"uncode_text_column\" ><\/p>\n<p class=\"text-body font-regular text-gray-800 leading-&#091;24px&#093; pt-&#091;9px&#093; pb-&#091;2px&#093;\" dir=\"ltr\">Adem\u00e1s de alquilar mesas de casino, tambi\u00e9n ofrecemos servicios adicionales para que su evento sea completo:<\/p>\n<ul class=\"pt-&#091;9px&#093; pb-&#091;2px&#093; pl-&#091;24px&#093; list-disc &#091;&amp;_ul&#093;:pt-&#091;5px&#093; pt-&#091;5px&#093;\">\n<li class=\"text-body font-regular text-gray-800 leading-&#091;24px&#093; my-&#091;5px&#093; &#091;&amp;&gt;ol&#093;:!pt-0 &#091;&amp;&gt;ol&#093;:!pb-0 &#091;&amp;&gt;ul&#093;:!pt-0 &#091;&amp;&gt;ul&#093;:!pb-0\" value=\"1\"><b><strong class=\"font-bold\">Croupiers<\/strong><\/b>Nuestros crupieres profesionales ofrecen una aut\u00e9ntica experiencia de casino y acompa\u00f1an los juegos.<\/li>\n<li class=\"text-body font-regular text-gray-800 leading-&#091;24px&#093; my-&#091;5px&#093; &#091;&amp;&gt;ol&#093;:!pt-0 &#091;&amp;&gt;ol&#093;:!pb-0 &#091;&amp;&gt;ul&#093;:!pt-0 &#091;&amp;&gt;ul&#093;:!pb-0\" value=\"2\"><b><strong class=\"font-bold\">Decoraci\u00f3n<\/strong><\/b>Decoraci\u00f3n: A\u00f1ada un toque extra de glamour con nuestros paquetes de decoraci\u00f3n personalizados.<\/li>\n<li class=\"text-body font-regular text-gray-800 leading-&#091;24px&#093; my-&#091;5px&#093; &#091;&amp;&gt;ol&#093;:!pt-0 &#091;&amp;&gt;ol&#093;:!pb-0 &#091;&amp;&gt;ul&#093;:!pt-0 &#091;&amp;&gt;ul&#093;:!pb-0\" value=\"3\"><b><strong class=\"font-bold\">Catering<\/strong><\/b>Completa tu velada de casino con deliciosos aperitivos y bebidas.<\/li>\n<\/ul>\n<p>\n<\/div><\/div><\/div><\/div><\/div><\/div><div class=\"wpb_column pos-top pos-center align_left column_child col-lg-6 boomapps_vccolumn single-internal-gutter\"><div class=\"uncol style-dark\" ><div class=\"uncoltable\"><div class=\"uncell  boomapps_vccolumn no-block-padding\" ><div class=\"uncont\" ><div class=\"uncode-single-media  text-left\"><div class=\"single-wrapper\" style=\"max-width: 100%;\"><div class=\"tmb tmb-light  tmb-img-ratio tmb-media-first tmb-media-last tmb-content-overlay tmb-no-bg\"><div class=\"t-inside\"><div class=\"t-entry-visual\"><div class=\"t-entry-visual-tc\"><div class=\"uncode-single-media-wrapper\"><div class=\"dummy\" style=\"padding-top: 75.1%;\"><\/div><img decoding=\"async\" class=\"wp-image-67092\" src=\"https:\/\/royalcasinocompany.nl\/wp-content\/uploads\/2024\/02\/60-Paul50%C2%A9HERMANCEVANDIJK-uai-910x683.jpg\" width=\"910\" height=\"683\" alt=\"- Royal Casino Company\" title=\"\"><\/div>\n\t\t\t\t\t<\/div>\n\t\t\t\t<\/div><\/div><\/div><\/div><\/div><\/div><\/div><\/div><\/div><\/div><\/div><\/div><\/div><div class=\"divider-wrapper\"  >\n    <hr class=\"border-accent-color separator-no-padding\"  \/>\n<\/div>\n<div class=\"vc_row row-internal row-container boomapps_vcrow\"><div class=\"row row-child\"><div class=\"wpb_row row-inner\"><div class=\"wpb_column pos-top pos-center align_left column_child col-lg-12 boomapps_vccolumn single-internal-gutter\"><div class=\"uncol style-dark\" ><div class=\"uncoltable\"><div class=\"uncell  boomapps_vccolumn no-block-padding\" ><div class=\"uncont\" ><div class=\"vc_custom_heading_wrap\"><div class=\"heading-text el-text\" ><h2 class=\"h2\" ><span><\/p><\/span><span><h2 class=\"font-bold text-gray-800 text-h3 leading-&#091;36px&#093; pt-&#091;21px&#093; pb-&#091;2px&#093; &#091;&amp;_a&#093;:underline-offset-&#091;6px&#093; &#091;&amp;_.underline&#093;:underline-offset-&#091;6px&#093;\" dir=\"ltr\">P\u00f3ngase en contacto con nosotros<\/h2><\/span><span><p><\/span><\/h2><\/div><div class=\"clear\"><\/div><\/div><div class=\"uncode_text_column\" ><\/p>\n<p class=\"text-body font-regular text-gray-800 leading-&#091;24px&#093; pt-&#091;9px&#093; pb-&#091;2px&#093;\" dir=\"ltr\">Estaremos encantados de ayudarle a planificar su pr\u00f3ximo evento. P\u00f3ngase en contacto con nosotros para obtener m\u00e1s informaci\u00f3n o concertar una <a href=\"https:\/\/royalcasinocompany.nl\/es\/offerteformulier\/\">presupuesto<\/a> solicitud. Nuestro equipo est\u00e1 listo para llevar su evento al siguiente nivel.<\/p>\n<p class=\"text-body font-regular text-gray-800 leading-&#091;24px&#093; pt-&#091;9px&#093; pb-&#091;2px&#093;\" dir=\"ltr\"><i><em class=\"italic\">Sorprende a tus invitados con una velada llena de brillo y glamour. Visite <a href=\"https:\/\/royalcasinocompany.nl\/es\/contact-royal-casino-company\/\">p\u00f3ngase en contacto con<\/a> con nosotros.<\/em><\/i><\/p>\n<p class=\"text-body font-regular text-gray-800 leading-&#091;24px&#093; pt-&#091;9px&#093; pb-&#091;2px&#093;\" dir=\"ltr\"><i><em class=\"italic\">Esperamos hacer de su evento un \u00e9xito con nuestro alquiler profesional de mesas de casino.<\/em><\/i> 1TP5Disfrute de una tarde de diversi\u00f3n<\/p>\n<p class=\"text-body font-regular text-gray-800 leading-&#091;24px&#093; pt-&#091;9px&#093; pb-&#091;2px&#093;\" dir=\"ltr\">Con nuestro <a href=\"https:\/\/royalcasinocompany.nl\/es\/casino-inhuur-prijzen\/\">mesas de casino<\/a> Llevamos la diversi\u00f3n y la emoci\u00f3n de Las Vegas a su evento. Nuestras mesas y servicios profesionales garantizar\u00e1n una velada inolvidable para usted y sus invitados.<\/p>\n<p class=\"text-body font-regular text-gray-800 leading-&#091;24px&#093; pt-&#091;9px&#093; pb-&#091;2px&#093;\" dir=\"ltr\"><i><em class=\"italic\">Solicite un presupuesto ahora y experimente la grandeza de nuestro entretenimiento de casino.<\/em><\/i> <a href=\"https:\/\/royalcasinocompany.nl\/es\/offerteformulier\/\">Solicitar un presupuesto<\/a><\/p>\n<p class=\"text-body font-regular text-gray-800 leading-&#091;24px&#093; pt-&#091;9px&#093; pb-&#091;2px&#093;\" dir=\"ltr\"><b><strong class=\"font-bold\">\u00a1Que empiecen los juegos!<\/strong><\/b> Compruebe usted mismo por qu\u00e9 nuestros clientes nos eligen una y otra vez cuando se trata de alquiler de mesas de casino. Garantizamos un servicio profesional y fiable para cualquier evento. P\u00f3ngase en contacto con nosotros hoy mismo y viva la emoci\u00f3n de Las Vegas cerca de usted.<\/p>\n<p>\n<\/div><\/div><\/div><\/div><\/div><\/div><\/div><\/div><\/div><\/div><\/div><\/div><\/div><\/div><script id=\"script-row-unique-0\" data-row=\"script-row-unique-0\" type=\"text\/javascript\" class=\"vc_controls\">UNCODE.initRow(document.getElementById(\"row-unique-0\"));<\/script><\/div><\/div><\/div>\n<\/div>","protected":false},"excerpt":{"rendered":"Ervaar de Spanning van Vegas met Onze Professionele Casino Tafel Verhuur!Welkom bij de high-end casino-ervaring van Amsterdam! Of u nu [...]","protected":false},"author":1,"featured_media":67076,"parent":0,"menu_order":0,"comment_status":"closed","ping_status":"closed","template":"","meta":{"footnotes":""},"class_list":["post-67245","page","type-page","status-publish","has-post-thumbnail","hentry","page_category-casino-huren-nederland","page_category-huren"],"_links":{"self":[{"href":"https:\/\/royalcasinocompany.nl\/es\/wp-json\/wp\/v2\/pages\/67245","targetHints":{"allow":["GET"]}}],"collection":[{"href":"https:\/\/royalcasinocompany.nl\/es\/wp-json\/wp\/v2\/pages"}],"about":[{"href":"https:\/\/royalcasinocompany.nl\/es\/wp-json\/wp\/v2\/types\/page"}],"author":[{"embeddable":true,"href":"https:\/\/royalcasinocompany.nl\/es\/wp-json\/wp\/v2\/users\/1"}],"replies":[{"embeddable":true,"href":"https:\/\/royalcasinocompany.nl\/es\/wp-json\/wp\/v2\/comments?post=67245"}],"version-history":[{"count":9,"href":"https:\/\/royalcasinocompany.nl\/es\/wp-json\/wp\/v2\/pages\/67245\/revisions"}],"predecessor-version":[{"id":67269,"href":"https:\/\/royalcasinocompany.nl\/es\/wp-json\/wp\/v2\/pages\/67245\/revisions\/67269"}],"wp:featuredmedia":[{"embeddable":true,"href":"https:\/\/royalcasinocompany.nl\/es\/wp-json\/wp\/v2\/media\/67076"}],"wp:attachment":[{"href":"https:\/\/royalcasinocompany.nl\/es\/wp-json\/wp\/v2\/media?parent=67245"}],"curies":[{"name":"wp","href":"https:\/\/api.w.org\/{rel}","templated":true}]}}