{"id":67331,"date":"2024-02-20T10:02:11","date_gmt":"2024-02-20T09:02:11","guid":{"rendered":"https:\/\/royalcasinocompany.nl\/?page_id=67331"},"modified":"2025-09-08T22:16:33","modified_gmt":"2025-09-08T20:16:33","slug":"casino-avond","status":"publish","type":"page","link":"https:\/\/royalcasinocompany.nl\/es\/casino-avond\/","title":{"rendered":"Noche de casino"},"content":{"rendered":"<div class=\"wpb-content-wrapper\"><div data-parent=\"true\" class=\"vc_row row-container boomapps_vcrow\" id=\"row-unique-0\"><div class=\"row limit-width row-parent\"><div class=\"wpb_row row-inner\"><div class=\"wpb_column pos-top pos-center align_left column_parent col-lg-12 boomapps_vccolumn single-internal-gutter\"><div class=\"uncol style-dark\"  ><div class=\"uncoltable\"><div class=\"uncell  boomapps_vccolumn no-block-padding\" ><div class=\"uncont\" ><div class=\"vc_row row-internal row-container boomapps_vcrow\"><div class=\"row row-child\"><div class=\"wpb_row row-inner\"><div class=\"wpb_column pos-top pos-center align_left column_child col-lg-12 boomapps_vccolumn single-internal-gutter\"><div class=\"uncol style-dark\" ><div class=\"uncoltable\"><div class=\"uncell  boomapps_vccolumn no-block-padding\" ><div class=\"uncont\" ><div class=\"uncode_text_column\" ><\/p>\n<h1>Organice una velada de casino con estilo y emoci\u00f3n<\/h1>\n<p>\u00bfQuieres un <strong>noche de casino<\/strong> organizar que sorprenda y entretenga a sus invitados? Royal Casino Company le ayudar\u00e1 a convertir cualquier fiesta o evento en una experiencia elegante e inolvidable. Ya sea una boda, una fiesta de empresa o una cena de gala: con nuestras lujosas mesas de casino, nuestros experimentados crupieres y nuestra ambientada decoraci\u00f3n, llevaremos a su local la atm\u00f3sfera de un casino real. A <strong>alquiler noche de casino<\/strong> es la forma de combinar entretenimiento y elegancia.<\/p>\n<h2>\u00bfEn qu\u00e9 consiste una noche de casino?<\/h2>\n<p>A <strong>noche de casino<\/strong> es un concepto festivo en el que los invitados participan en juegos de casino con dinero ficticio. As\u00ed que no hay juego real, \u00a1sino experiencia real! A su llegada, sus invitados recibir\u00e1n dinero ficticio con el que podr\u00e1n apostar en juegos populares como <strong>blackjack<\/strong>, <strong>ruleta<\/strong>, <strong>punto banco<\/strong> o <strong>p\u00f3quer<\/strong>. Nuestros crupieres profesionales acompa\u00f1an cada partida, aportando explicaciones, ambiente y espect\u00e1culo.<\/p>\n<p>Gracias a nuestra experiencia y atenci\u00f3n al detalle, la sensaci\u00f3n es como la de entrar en un lujoso casino de Las Vegas o Montecarlo. La iluminaci\u00f3n, la decoraci\u00f3n y la alfombra roja completan la imagen. Ideal para cualquiera que desee un enfoque ligeramente diferente para su fiesta.<\/p>\n<h2>Ventajas de alquilar una noche de casino<\/h2>\n<ul>\n<li>Croupiers profesionales y representativos<\/li>\n<li>Mesas de juego originales como en un casino de verdad<\/li>\n<li>Look de lujo con alfombra roja, iluminaci\u00f3n y decoraci\u00f3n<\/li>\n<li>A medida para grupos peque\u00f1os y grandes<\/li>\n<li>Diversi\u00f3n para j\u00f3venes y mayores, principiantes y avanzados<\/li>\n<li>Adecuado para interiores y exteriores<\/li>\n<li>Totalmente cuidado: sin preocupaciones, pero de m\u00e1xima calidad<\/li>\n<\/ul>\n<h2>\u00bfPara qu\u00e9 ocasiones son adecuadas las noches de casino?<\/h2>\n<p>A <strong>organizar una velada de casino<\/strong> se adapta a numerosos eventos y fiestas. Organizamos regularmente noches de casino para, entre otros:<\/p>\n<ul>\n<li>Fiestas de empresa y veladas para el personal<\/li>\n<li>Bodas y aniversarios<\/li>\n<li>Galas y noches tem\u00e1ticas<\/li>\n<li>Cumplea\u00f1os y despedidas de soltero<\/li>\n<li>Inauguraciones, lanzamientos de productos y copas de networking<\/li>\n<\/ul>\n<p>Nuestras noches de casino son flexibles. Nos desplazamos a cualquier lugar de los Pa\u00edses Bajos o B\u00e9lgica: desde hoteles de lujo y lugares para eventos hasta una carpa atractivamente decorada en su propio jard\u00edn.<\/p>\n<h2>\u00bfPor qu\u00e9 elegir Royal Casino Company?<\/h2>\n<p>Royal Casino Company es el especialista en lujo <strong>alquiler de casinos<\/strong> en los Pa\u00edses Bajos. Con m\u00e1s de 10 a\u00f1os de experiencia y pasi\u00f3n por la hospitalidad, ofrecemos un concepto total que supera sus expectativas. Nuestras mesas de juego son de alta calidad y est\u00e1n presentadas con estilo. Nuestros crupieres no s\u00f3lo son profesionales, sino tambi\u00e9n amables, en\u00e9rgicos y buenos guiando grupos.<\/p>\n<p>Pensamos junto con usted en el montaje de la velada, el tipo de juegos, el n\u00famero de mesas y el ambiente deseado. Desde una \u00edntima fiesta privada hasta un gran evento corporativo: lo adaptamos todo a sus necesidades. \u00bfNuestro objetivo? A <strong>inolvidable noche de casino<\/strong> para usted y sus invitados.<\/p>\n<h2>Preguntas frecuentes sobre las noches de casino<\/h2>\n<h3>\u00bfEs legal una noche de casino?<\/h3>\n<p>S\u00ed, un <strong>alquiler noche de casino<\/strong> 100% es legal. Como juega con dinero ficticio y no paga premios en met\u00e1lico, no necesita licencia de juego. Es puro entretenimiento.<\/p>\n<h3>\u00bfPueden participar tambi\u00e9n principiantes?<\/h3>\n<p>Por supuesto. Nuestros crupieres explican cada juego paso a paso y se aseguran de que incluso los principiantes se sientan a gusto. Cualquiera puede participar, independientemente de su experiencia o edad.<\/p>\n<h3>\u00bfCu\u00e1ntas mesas de juego necesito?<\/h3>\n<p>Depende del n\u00famero de invitados. A t\u00edtulo orientativo, utilizamos una mesa de juego por cada 10 o 12 personas. Estaremos encantados de darte consejos personalizados en funci\u00f3n de tu fiesta y ubicaci\u00f3n.<\/p>\n<h3>\u00bfQu\u00e9 incluye una noche de casino?<\/h3>\n<p>Nuestros paquetes lo incluyen todo: mesas de juego, personal, fichas, decoraci\u00f3n y montaje y desmontaje. Usted no tiene que preocuparse de nada.<\/p>\n<h2>Posibilidad de extras \u00fanicos<\/h2>\n<p>Haga su <strong>noche de casino<\/strong> a\u00fan m\u00e1s especial con opciones adicionales como cantante en directo, photobooth, pared de purpurina, barra de champ\u00e1n o decoraci\u00f3n tem\u00e1tica (por ejemplo: James Bond o Las Vegas). Trabajamos con socios de confianza para una experiencia total.<\/p>\n<h2>Solicite un presupuesto sin compromiso<\/h2>\n<p>\u00bfEst\u00e1s listo para hacer su fiesta inolvidable con un profesional y elegante <strong>noche de casino<\/strong>? Solicite ahora un presupuesto sin compromiso a trav\u00e9s de nuestro <a href=\"\/es\/offerte-aanvragen\/\">formulario de presupuesto<\/a> o tomar <a href=\"\/es\/contact\/\">contacto directo<\/a> con nosotros. En 24 horas recibir\u00e1 una propuesta personalizada y adaptada a sus necesidades. Deje que sus invitados experimenten lo especial que puede ser una noche de emoci\u00f3n, diversi\u00f3n y estilo.<\/p>\n<h2>Vea tambi\u00e9n nuestros otros servicios<\/h2>\n<ul>\n<li><a href=\"\/es\/blackjack-tafel-huren\/\">Alquiler de mesas de blackjack<\/a><\/li>\n<li><a href=\"\/es\/roulette-tafel-huren\/\">Alquiler de mesas de ruleta<\/a><\/li>\n<li><a href=\"\/es\/casino-verhuur\/\">Alquiler de casinos de lujo<\/a><\/li>\n<\/ul>\n<p>\n<\/div><div class=\"divider-wrapper\"  >\n    <hr class=\"border-accent-color separator-no-padding\"  \/>\n<\/div>\n<\/div><\/div><\/div><\/div><\/div><\/div><\/div><\/div><\/div><\/div><\/div><\/div><\/div><script id=\"script-row-unique-0\" data-row=\"script-row-unique-0\" type=\"text\/javascript\" class=\"vc_controls\">UNCODE.initRow(document.getElementById(\"row-unique-0\"));<\/script><\/div><\/div><\/div>\n<\/div>","protected":false},"excerpt":{"rendered":"Casino avond organiseren met stijl en spanning Wil jij een casino avond organiseren die jouw gasten verrast en vermaakt? Royal [...]","protected":false},"author":1,"featured_media":67076,"parent":0,"menu_order":0,"comment_status":"closed","ping_status":"closed","template":"","meta":{"footnotes":""},"class_list":["post-67331","page","type-page","status-publish","has-post-thumbnail","hentry","page_category-huren"],"_links":{"self":[{"href":"https:\/\/royalcasinocompany.nl\/es\/wp-json\/wp\/v2\/pages\/67331","targetHints":{"allow":["GET"]}}],"collection":[{"href":"https:\/\/royalcasinocompany.nl\/es\/wp-json\/wp\/v2\/pages"}],"about":[{"href":"https:\/\/royalcasinocompany.nl\/es\/wp-json\/wp\/v2\/types\/page"}],"author":[{"embeddable":true,"href":"https:\/\/royalcasinocompany.nl\/es\/wp-json\/wp\/v2\/users\/1"}],"replies":[{"embeddable":true,"href":"https:\/\/royalcasinocompany.nl\/es\/wp-json\/wp\/v2\/comments?post=67331"}],"version-history":[{"count":20,"href":"https:\/\/royalcasinocompany.nl\/es\/wp-json\/wp\/v2\/pages\/67331\/revisions"}],"predecessor-version":[{"id":70430,"href":"https:\/\/royalcasinocompany.nl\/es\/wp-json\/wp\/v2\/pages\/67331\/revisions\/70430"}],"wp:featuredmedia":[{"embeddable":true,"href":"https:\/\/royalcasinocompany.nl\/es\/wp-json\/wp\/v2\/media\/67076"}],"wp:attachment":[{"href":"https:\/\/royalcasinocompany.nl\/es\/wp-json\/wp\/v2\/media?parent=67331"}],"curies":[{"name":"wp","href":"https:\/\/api.w.org\/{rel}","templated":true}]}}