{"id":70714,"date":"2025-08-26T19:48:56","date_gmt":"2025-08-26T17:48:56","guid":{"rendered":"https:\/\/royalcasinocompany.nl\/?page_id=70714"},"modified":"2025-08-26T19:53:29","modified_gmt":"2025-08-26T17:53:29","slug":"craps-tafel-kopen-tweedehands","status":"publish","type":"page","link":"https:\/\/royalcasinocompany.nl\/es\/casinotafel-kopen-tweedehands\/craps-tafel-kopen-tweedehands\/","title":{"rendered":"Comprar mesa de dados (usada)"},"content":{"rendered":"<div class=\"wpb-content-wrapper\"><div data-parent=\"true\" class=\"vc_row row-container boomapps_vcrow\" id=\"row-unique-0\"><div class=\"row limit-width row-parent\"><div class=\"wpb_row row-inner\"><div class=\"wpb_column pos-top pos-center align_left column_parent col-lg-12 boomapps_vccolumn single-internal-gutter\"><div class=\"uncol style-dark\"  ><div class=\"uncoltable\"><div class=\"uncell  boomapps_vccolumn no-block-padding\" ><div class=\"uncont\" ><div class=\"uncode_text_column text-small text-accent-color\" ><nav aria-label=\"pan rallado\" class=\"rank-math-breadcrumb\"><p><span class=\"last\">Inicio<\/span><\/p><\/nav>\n<\/div><\/div><\/div><\/div><\/div><\/div><script id=\"script-row-unique-0\" data-row=\"script-row-unique-0\" type=\"text\/javascript\" class=\"vc_controls\">UNCODE.initRow(document.getElementById(\"row-unique-0\"));<\/script><\/div><\/div><\/div><div data-parent=\"true\" class=\"vc_row row-container boomapps_vcrow\" id=\"row-unique-1\"><div class=\"row triple-top-padding single-bottom-padding single-h-padding limit-width row-parent\"><div class=\"wpb_row row-inner\"><div class=\"wpb_column pos-top pos-center align_left column_parent col-lg-12 boomapps_vccolumn single-internal-gutter\"><div class=\"uncol style-dark\"  ><div class=\"uncoltable\"><div class=\"uncell  boomapps_vccolumn no-block-padding\" ><div class=\"uncont\" ><div class=\"vc_row row-internal row-container boomapps_vcrow\"><div class=\"row row-child\"><div class=\"wpb_row row-inner\"><div class=\"wpb_column pos-top pos-center align_center column_child col-lg-12 boomapps_vccolumn single-internal-gutter\"><div class=\"uncol style-dark\" ><div class=\"uncoltable\"><div class=\"uncell  boomapps_vccolumn no-block-padding\" ><div class=\"uncont\" ><div class=\"vc_custom_heading_wrap\"><div class=\"heading-text el-text\" ><\/p>\n<h1>\u00bfCOMPRAR MESA DE DADOS?<\/h1>\n<div ><p>SEGUNDA MANO<\/p>\n<\/div><hr class=\"separator-break separator-accent\" \/><\/div><div class=\"clear\"><\/div><\/div><\/div><\/div><\/div><\/div><\/div><\/div><\/div><\/div><\/div><\/div><\/div><\/div><\/div><script id=\"script-row-unique-1\" data-row=\"script-row-unique-1\" type=\"text\/javascript\" class=\"vc_controls\">UNCODE.initRow(document.getElementById(\"row-unique-1\"));<\/script><\/div><\/div><\/div><div data-parent=\"true\" class=\"vc_row row-container boomapps_vcrow\" id=\"row-unique-2\"><div class=\"row limit-width row-parent\"><div class=\"wpb_row row-inner\"><div class=\"wpb_column pos-top pos-center align_left column_parent col-lg-12 boomapps_vccolumn single-internal-gutter\"><div class=\"uncol style-dark\"  ><div class=\"uncoltable\"><div class=\"uncell  boomapps_vccolumn no-block-padding\" ><div class=\"uncont\" ><div class=\"uncode_text_column\" ><p>En esta p\u00e1gina encontrar\u00e1 nuestra exclusiva gama de hermosas mesas de dados de segunda mano. Estas impresionantes mesas proceden de renombrados casinos extranjeros y han sido sometidas a una completa renovaci\u00f3n en nuestro almac\u00e9n. El resultado: una mesa de dados muy lujosa que vuelve a estar como nueva, pero a un precio asequible.<\/p>\n<p>Cada mesa destila la emoci\u00f3n y el ambiente del casino real. La generosa zona de juego, las numerosas posibilidades de apuesta y la din\u00e1mica del juego de dados se combinan para crear una experiencia \u00fanica. \u00bfLleva a\u00f1os so\u00f1ando con tener una aut\u00e9ntica mesa de dados para su mansi\u00f3n, su oficina o sus tardes con los amigos? Entonces, \u00a1\u00e9sta es su oportunidad!<\/p>\n<p>Mientras que en el casino a menudo se limita a mirar, ahora puede asumir usted mismo el papel de stickman o crupier. Reciba invitados, organice su propia velada de casino y disfrute de una atracci\u00f3n que destila lujo y clase.<\/p>\n<p>A veces, nuestras mesas presentan peque\u00f1os signos de uso, lo que no hace sino reforzar su car\u00e1cter y su historia. Tras el cambio de imagen, vuelven a estar t\u00e9cnica y \u00f3pticamente en perfectas condiciones y listas para una segunda vida.<\/p>\n<p>Consigue ahora una mesa de dados original en tu casa y experimenta el juego como en el casino, pero en tu propio entorno.<\/p>\n<\/div><\/div><\/div><\/div><\/div><\/div><script id=\"script-row-unique-2\" data-row=\"script-row-unique-2\" type=\"text\/javascript\" class=\"vc_controls\">UNCODE.initRow(document.getElementById(\"row-unique-2\"));<\/script><\/div><\/div><\/div><div data-parent=\"true\" class=\"vc_row row-container boomapps_vcrow\" id=\"row-unique-3\"><div class=\"row limit-width row-parent\"><div class=\"wpb_row row-inner\"><div class=\"wpb_column pos-top pos-center align_left column_parent col-lg-12 boomapps_vccolumn single-internal-gutter\"><div class=\"uncol style-dark\"  ><div class=\"uncoltable\"><div class=\"uncell  boomapps_vccolumn no-block-padding\" ><div class=\"uncont\" ><div class=\"divider-wrapper\"  >\n    <hr class=\"border-accent-color separator-no-padding\"  \/>\n<\/div>\n<\/div><\/div><\/div><\/div><\/div><script id=\"script-row-unique-3\" data-row=\"script-row-unique-3\" type=\"text\/javascript\" class=\"vc_controls\">UNCODE.initRow(document.getElementById(\"row-unique-3\"));<\/script><\/div><\/div><\/div><div data-parent=\"true\" class=\"vc_row row-container boomapps_vcrow\" id=\"row-unique-4\"><div class=\"row limit-width row-parent\"><div class=\"wpb_row row-inner\"><div class=\"wpb_column pos-top pos-center align_left column_parent col-lg-12 boomapps_vccolumn single-internal-gutter\"><div class=\"uncol style-dark\"  ><div class=\"uncoltable\"><div class=\"uncell  boomapps_vccolumn no-block-padding\" ><div class=\"uncont\" ><div class=\"vc_row row-internal row-container boomapps_vcrow\"><div class=\"row row-child\"><div class=\"wpb_row row-inner\"><div class=\"wpb_column pos-top pos-center align_left column_child col-lg-6 boomapps_vccolumn single-internal-gutter\"><div class=\"uncol style-dark\" ><div class=\"uncoltable\"><div class=\"uncell  boomapps_vccolumn no-block-padding\" ><div class=\"uncont\" ><div class=\"vc_custom_heading_wrap\"><div class=\"heading-text el-text\" ><h2 class=\"h2\" ><span>#1 \u2013 Mesa de dados (marca desconocida)<\/span><\/h2><\/div><div class=\"clear\"><\/div><\/div><div class=\"uncode_text_column\" ><\/p>\n<blockquote>\n<p>3.000 euros sin IVA 21%<\/p>\n<\/blockquote>\n<p>Esta hermosa mesa de dados es un ejemplar \u00fanico con un aspecto impresionante. La marca es desconocida, pero la calidad y el acabado no dejan nada que desear. Gracias a sus generosas dimensiones, su detallado campo de juego y su lujoso acabado, usted y sus invitados se sentir\u00e1n inmediatamente como en un casino profesional.<\/p>\n<p>La mesa es s\u00f3lida y resistente, dise\u00f1ada para convertirse en un accesorio y exudar placer y clase en los a\u00f1os venideros. No se trata de una mesa de juego al uso, sino de una pieza \u00fanica que transforma cualquier sala en una aut\u00e9ntica experiencia de casino.<\/p>\n<p>La mesa de dados viene completa, incluidos todos los accesorios necesarios para jugar inmediatamente.<\/p>\n<p>Este modelo s\u00f3lo ha tenido un uso muy limitado, por lo que se encuentra en excelentes condiciones, casi como nuevo. Al hacerlo, se llevar\u00e1 a casa un art\u00edculo especial y poco com\u00fan que le garantizar\u00e1 impresionar.<\/p>\n<\/div><\/div><\/div><\/div><\/div><\/div><div class=\"wpb_column pos-top pos-center align_left column_child col-lg-6 boomapps_vccolumn single-internal-gutter\"><div class=\"uncol style-dark\" ><div class=\"uncoltable\"><div class=\"uncell  boomapps_vccolumn no-block-padding\" ><div class=\"uncont\" ><div class=\"uncode-single-media  text-left\"><div class=\"single-wrapper\" style=\"max-width: 100%;\"><div class=\"tmb tmb-light  tmb-img-ratio tmb-media-first tmb-media-last tmb-content-overlay tmb-no-bg\"><div class=\"t-inside\"><div class=\"t-entry-visual\"><div class=\"t-entry-visual-tc\"><div class=\"uncode-single-media-wrapper\"><div class=\"dummy\" style=\"padding-top: 75%;\"><\/div><img decoding=\"async\" class=\"wp-image-70715\" src=\"https:\/\/royalcasinocompany.nl\/wp-content\/uploads\/2025\/08\/WhatsApp-Image-2025-08-26-at-19.41.30-uai-844x633.jpeg\" width=\"844\" height=\"633\" alt=\"craps tafel kopen\" title=\"\"><\/div>\n\t\t\t\t\t<\/div>\n\t\t\t\t<\/div><\/div><\/div><\/div><\/div><div class=\"uncode_text_column\" ><p>La mesa se puede ver en nuestra sala de exposiciones. Le invitamos a que compruebe usted mismo su calidad y aspecto.<\/p>\n<p>Dimensiones: 325 x 125 x 95 cm<br \/>\nEntrega: posible con un coste adicional de 0,85 euros por kil\u00f3metro.<\/p>\n<\/div><\/div><\/div><\/div><\/div><\/div><\/div><\/div><\/div><div id=\"gallery-107721\" class=\"un-media-gallery isotope-system isotope-general-dark grid-general-dark\">\n\t\t\t\t\t\n\t\n\t<div class=\"isotope-wrapper grid-wrapper single-gutter\" >\n\t\t\t\t\t\t\t\t\t<div class=\"isotope-container isotope-layout style-masonry\" data-type=\"masonry\" data-layout=\"masonry\" data-lg=\"1000\" data-md=\"600\" data-sm=\"480\">\n<div class=\"tmb tmb-iso-w3 tmb-iso-h4 tmb-light tmb-overlay-text-anim tmb-overlay-anim tmb-overlay-middle tmb-overlay-text-left tmb-image-anim tmb-id-70716  tmb-img-ratio tmb-media-first tmb-media-last tmb-content-overlay tmb-no-bg tmb-lightbox\" ><div class=\"t-inside no-anim\" ><div class=\"t-entry-visual\"><div class=\"t-entry-visual-tc\"><div class=\"t-entry-visual-cont\"><div class=\"dummy\" style=\"padding-top: 75%;\"><\/div><a href=\"https:\/\/royalcasinocompany.nl\/wp-content\/uploads\/2025\/08\/WhatsApp-Image-2025-08-26-at-19.41.31.jpeg\"  class=\"pushed\" data-active=\"1\" data-lbox=\"ilightbox_gallery-107721\" data-options=\"width:943,height:625,thumbnail: 'https:\/\/royalcasinocompany.nl\/wp-content\/uploads\/2025\/08\/WhatsApp-Image-2025-08-26-at-19.41.31-300x199.jpeg'\" data-lb-index=\"0\"><div class=\"t-entry-visual-overlay\"><div class=\"t-entry-visual-overlay-in style-dark-bg\" style=\"opacity: 0.5;\"><\/div><\/div><img decoding=\"async\" class=\"wp-image-70716\" src=\"https:\/\/royalcasinocompany.nl\/wp-content\/uploads\/2025\/08\/WhatsApp-Image-2025-08-26-at-19.41.31-uai-833x625.jpeg\" width=\"833\" height=\"625\" alt=\"Craps tafel kopen\" title=\"\"><\/a><\/div>\n\t\t\t\t\t<\/div>\n\t\t\t\t<\/div><\/div><\/div><div class=\"tmb tmb-iso-w3 tmb-iso-h4 tmb-light tmb-overlay-text-anim tmb-overlay-anim tmb-overlay-middle tmb-overlay-text-left tmb-image-anim tmb-id-70717  tmb-img-ratio tmb-media-first tmb-media-last tmb-content-overlay tmb-no-bg tmb-lightbox\" ><div class=\"t-inside no-anim\" ><div class=\"t-entry-visual\"><div class=\"t-entry-visual-tc\"><div class=\"t-entry-visual-cont\"><div class=\"dummy\" style=\"padding-top: 75.1%;\"><\/div><a href=\"https:\/\/royalcasinocompany.nl\/wp-content\/uploads\/2025\/08\/WhatsApp-Image-2025-08-26-at-19.41.31-1.jpeg\"  class=\"pushed\" data-active=\"1\" data-lbox=\"ilightbox_gallery-107721\" data-options=\"width:943,height:617,thumbnail: 'https:\/\/royalcasinocompany.nl\/wp-content\/uploads\/2025\/08\/WhatsApp-Image-2025-08-26-at-19.41.31-1-300x196.jpeg'\" data-lb-index=\"1\"><div class=\"t-entry-visual-overlay\"><div class=\"t-entry-visual-overlay-in style-dark-bg\" style=\"opacity: 0.5;\"><\/div><\/div><img decoding=\"async\" class=\"wp-image-70717\" src=\"https:\/\/royalcasinocompany.nl\/wp-content\/uploads\/2025\/08\/WhatsApp-Image-2025-08-26-at-19.41.31-1-uai-822x617.jpeg\" width=\"822\" height=\"617\" alt=\"Craps tafel kopen\" title=\"\"><\/a><\/div>\n\t\t\t\t\t<\/div>\n\t\t\t\t<\/div><\/div><\/div><div class=\"tmb tmb-iso-w3 tmb-iso-h4 tmb-light tmb-overlay-text-anim tmb-overlay-anim tmb-overlay-middle tmb-overlay-text-left tmb-image-anim tmb-id-70718  tmb-img-ratio tmb-media-first tmb-media-last tmb-content-overlay tmb-no-bg tmb-lightbox\" ><div class=\"t-inside no-anim\" ><div class=\"t-entry-visual\"><div class=\"t-entry-visual-tc\"><div class=\"t-entry-visual-cont\"><div class=\"dummy\" style=\"padding-top: 75%;\"><\/div><a href=\"https:\/\/royalcasinocompany.nl\/wp-content\/uploads\/2025\/08\/WhatsApp-Image-2025-08-26-at-19.41.30-1.jpeg\"  class=\"pushed\" data-active=\"1\" data-lbox=\"ilightbox_gallery-107721\" data-options=\"width:943,height:633,thumbnail: 'https:\/\/royalcasinocompany.nl\/wp-content\/uploads\/2025\/08\/WhatsApp-Image-2025-08-26-at-19.41.30-1-300x201.jpeg'\" data-lb-index=\"2\"><div class=\"t-entry-visual-overlay\"><div class=\"t-entry-visual-overlay-in style-dark-bg\" style=\"opacity: 0.5;\"><\/div><\/div><img decoding=\"async\" class=\"wp-image-70718\" src=\"https:\/\/royalcasinocompany.nl\/wp-content\/uploads\/2025\/08\/WhatsApp-Image-2025-08-26-at-19.41.30-1-uai-844x633.jpeg\" width=\"844\" height=\"633\" alt=\"Craps tafel kopen\" title=\"\"><\/a><\/div>\n\t\t\t\t\t<\/div>\n\t\t\t\t<\/div><\/div><\/div><div class=\"tmb tmb-iso-w3 tmb-iso-h4 tmb-light tmb-overlay-text-anim tmb-overlay-anim tmb-overlay-middle tmb-overlay-text-left tmb-image-anim tmb-id-70719  tmb-img-ratio tmb-media-first tmb-media-last tmb-content-overlay tmb-no-bg tmb-lightbox\" ><div class=\"t-inside no-anim\" ><div class=\"t-entry-visual\"><div class=\"t-entry-visual-tc\"><div class=\"t-entry-visual-cont\"><div class=\"dummy\" style=\"padding-top: 75%;\"><\/div><a href=\"https:\/\/royalcasinocompany.nl\/wp-content\/uploads\/2025\/08\/WhatsApp-Image-2025-08-26-at-19.41.30-1-1.jpeg\"  class=\"pushed\" data-active=\"1\" data-lbox=\"ilightbox_gallery-107721\" data-options=\"width:943,height:627,thumbnail: 'https:\/\/royalcasinocompany.nl\/wp-content\/uploads\/2025\/08\/WhatsApp-Image-2025-08-26-at-19.41.30-1-1-300x199.jpeg'\" data-lb-index=\"3\"><div class=\"t-entry-visual-overlay\"><div class=\"t-entry-visual-overlay-in style-dark-bg\" style=\"opacity: 0.5;\"><\/div><\/div><img decoding=\"async\" class=\"wp-image-70719\" src=\"https:\/\/royalcasinocompany.nl\/wp-content\/uploads\/2025\/08\/WhatsApp-Image-2025-08-26-at-19.41.30-1-1-uai-836x627.jpeg\" width=\"836\" height=\"627\" alt=\"Craps tafel kopen\" title=\"\"><\/a><\/div>\n\t\t\t\t\t<\/div>\n\t\t\t\t<\/div><\/div><\/div><div class=\"tmb tmb-iso-w3 tmb-iso-h4 tmb-light tmb-overlay-text-anim tmb-overlay-anim tmb-overlay-middle tmb-overlay-text-left tmb-image-anim tmb-id-70720  tmb-img-ratio tmb-media-first tmb-media-last tmb-content-overlay tmb-no-bg tmb-lightbox\" ><div class=\"t-inside no-anim\" ><div class=\"t-entry-visual\"><div class=\"t-entry-visual-tc\"><div class=\"t-entry-visual-cont\"><div class=\"dummy\" style=\"padding-top: 75%;\"><\/div><a href=\"https:\/\/royalcasinocompany.nl\/wp-content\/uploads\/2025\/08\/WhatsApp-Image-2025-08-26-at-19.34.37-4.jpeg\"  class=\"pushed\" data-active=\"1\" data-lbox=\"ilightbox_gallery-107721\" data-options=\"width:2048,height:1536,thumbnail: 'https:\/\/royalcasinocompany.nl\/wp-content\/uploads\/2025\/08\/WhatsApp-Image-2025-08-26-at-19.34.37-4-300x225.jpeg'\" data-lb-index=\"4\"><div class=\"t-entry-visual-overlay\"><div class=\"t-entry-visual-overlay-in style-dark-bg\" style=\"opacity: 0.5;\"><\/div><\/div><img decoding=\"async\" class=\"wp-image-70720\" src=\"https:\/\/royalcasinocompany.nl\/wp-content\/uploads\/2025\/08\/WhatsApp-Image-2025-08-26-at-19.34.37-4.jpeg\" width=\"2048\" height=\"1536\" alt=\"Craps tafel kopen\" title=\"\" srcset=\"https:\/\/royalcasinocompany.nl\/wp-content\/uploads\/2025\/08\/WhatsApp-Image-2025-08-26-at-19.34.37-4.jpeg 2048w, https:\/\/royalcasinocompany.nl\/wp-content\/uploads\/2025\/08\/WhatsApp-Image-2025-08-26-at-19.34.37-4-300x225.jpeg 300w, https:\/\/royalcasinocompany.nl\/wp-content\/uploads\/2025\/08\/WhatsApp-Image-2025-08-26-at-19.34.37-4-1024x768.jpeg 1024w, https:\/\/royalcasinocompany.nl\/wp-content\/uploads\/2025\/08\/WhatsApp-Image-2025-08-26-at-19.34.37-4-768x576.jpeg 768w, https:\/\/royalcasinocompany.nl\/wp-content\/uploads\/2025\/08\/WhatsApp-Image-2025-08-26-at-19.34.37-4-1536x1152.jpeg 1536w, https:\/\/royalcasinocompany.nl\/wp-content\/uploads\/2025\/08\/WhatsApp-Image-2025-08-26-at-19.34.37-4-16x12.jpeg 16w, https:\/\/royalcasinocompany.nl\/wp-content\/uploads\/2025\/08\/WhatsApp-Image-2025-08-26-at-19.34.37-4-350x263.jpeg 350w\" sizes=\"(max-width: 2048px) 100vw, 2048px\"><\/a><\/div>\n\t\t\t\t\t<\/div>\n\t\t\t\t<\/div><\/div><\/div><div class=\"tmb tmb-iso-w3 tmb-iso-h4 tmb-light tmb-overlay-text-anim tmb-overlay-anim tmb-overlay-middle tmb-overlay-text-left tmb-image-anim tmb-id-70721  tmb-img-ratio tmb-media-first tmb-media-last tmb-content-overlay tmb-no-bg tmb-lightbox\" ><div class=\"t-inside no-anim\" ><div class=\"t-entry-visual\"><div class=\"t-entry-visual-tc\"><div class=\"t-entry-visual-cont\"><div class=\"dummy\" style=\"padding-top: 75%;\"><\/div><a href=\"https:\/\/royalcasinocompany.nl\/wp-content\/uploads\/2025\/08\/WhatsApp-Image-2025-08-26-at-19.34.37-3.jpeg\"  class=\"pushed\" data-active=\"1\" data-lbox=\"ilightbox_gallery-107721\" data-options=\"width:1536,height:2048,thumbnail: 'https:\/\/royalcasinocompany.nl\/wp-content\/uploads\/2025\/08\/WhatsApp-Image-2025-08-26-at-19.34.37-3-225x300.jpeg'\" data-lb-index=\"5\"><div class=\"t-entry-visual-overlay\"><div class=\"t-entry-visual-overlay-in style-dark-bg\" style=\"opacity: 0.5;\"><\/div><\/div><img decoding=\"async\" class=\"wp-image-70721\" src=\"https:\/\/royalcasinocompany.nl\/wp-content\/uploads\/2025\/08\/WhatsApp-Image-2025-08-26-at-19.34.37-3-uai-1536x1152.jpeg\" width=\"1536\" height=\"1152\" alt=\"Craps tafel kopen\" title=\"\"><\/a><\/div>\n\t\t\t\t\t<\/div>\n\t\t\t\t<\/div><\/div><\/div><div class=\"tmb tmb-iso-w3 tmb-iso-h4 tmb-light tmb-overlay-text-anim tmb-overlay-anim tmb-overlay-middle tmb-overlay-text-left tmb-image-anim tmb-id-70722  tmb-img-ratio tmb-media-first tmb-media-last tmb-content-overlay tmb-no-bg tmb-lightbox\" ><div class=\"t-inside no-anim\" ><div class=\"t-entry-visual\"><div class=\"t-entry-visual-tc\"><div class=\"t-entry-visual-cont\"><div class=\"dummy\" style=\"padding-top: 75%;\"><\/div><a href=\"https:\/\/royalcasinocompany.nl\/wp-content\/uploads\/2025\/08\/WhatsApp-Image-2025-08-26-at-19.34.37-1.jpeg\"  class=\"pushed\" data-active=\"1\" data-lbox=\"ilightbox_gallery-107721\" data-options=\"width:1536,height:2048,thumbnail: 'https:\/\/royalcasinocompany.nl\/wp-content\/uploads\/2025\/08\/WhatsApp-Image-2025-08-26-at-19.34.37-1-225x300.jpeg'\" data-lb-index=\"6\"><div class=\"t-entry-visual-overlay\"><div class=\"t-entry-visual-overlay-in style-dark-bg\" style=\"opacity: 0.5;\"><\/div><\/div><img decoding=\"async\" class=\"wp-image-70722\" src=\"https:\/\/royalcasinocompany.nl\/wp-content\/uploads\/2025\/08\/WhatsApp-Image-2025-08-26-at-19.34.37-1-uai-1536x1152.jpeg\" width=\"1536\" height=\"1152\" alt=\"Craps tafel kopen\" title=\"\"><\/a><\/div>\n\t\t\t\t\t<\/div>\n\t\t\t\t<\/div><\/div><\/div><div class=\"tmb tmb-iso-w3 tmb-iso-h4 tmb-light tmb-overlay-text-anim tmb-overlay-anim tmb-overlay-middle tmb-overlay-text-left tmb-image-anim tmb-id-70715  tmb-img-ratio tmb-media-first tmb-media-last tmb-content-overlay tmb-no-bg tmb-lightbox\" ><div class=\"t-inside no-anim\" ><div class=\"t-entry-visual\"><div class=\"t-entry-visual-tc\"><div class=\"t-entry-visual-cont\"><div class=\"dummy\" style=\"padding-top: 75%;\"><\/div><a href=\"https:\/\/royalcasinocompany.nl\/wp-content\/uploads\/2025\/08\/WhatsApp-Image-2025-08-26-at-19.41.30.jpeg\"  class=\"pushed\" data-active=\"1\" data-lbox=\"ilightbox_gallery-107721\" data-options=\"width:943,height:633,thumbnail: 'https:\/\/royalcasinocompany.nl\/wp-content\/uploads\/2025\/08\/WhatsApp-Image-2025-08-26-at-19.41.30-300x201.jpeg'\" data-lb-index=\"7\"><div class=\"t-entry-visual-overlay\"><div class=\"t-entry-visual-overlay-in style-dark-bg\" style=\"opacity: 0.5;\"><\/div><\/div><img decoding=\"async\" class=\"wp-image-70715\" src=\"https:\/\/royalcasinocompany.nl\/wp-content\/uploads\/2025\/08\/WhatsApp-Image-2025-08-26-at-19.41.30-uai-844x633.jpeg\" width=\"844\" height=\"633\" alt=\"craps tafel kopen\" title=\"\"><\/a><\/div>\n\t\t\t\t\t<\/div>\n\t\t\t\t<\/div><\/div><\/div>\t\t\t<\/div>\n\t\t\t\t\t<\/div>\n\n\t\n\t\n\t\n<\/div>\n\n<\/div><\/div><\/div><\/div><\/div><script id=\"script-row-unique-4\" data-row=\"script-row-unique-4\" type=\"text\/javascript\" class=\"vc_controls\">UNCODE.initRow(document.getElementById(\"row-unique-4\"));<\/script><\/div><\/div><\/div><div data-parent=\"true\" class=\"vc_row row-container boomapps_vcrow\" id=\"row-unique-5\"><div class=\"row limit-width row-parent\"><div class=\"wpb_row row-inner\"><div class=\"wpb_column pos-top pos-center align_left column_parent col-lg-12 boomapps_vccolumn single-internal-gutter\"><div class=\"uncol style-dark\"  ><div class=\"uncoltable\"><div class=\"uncell  boomapps_vccolumn no-block-padding\" ><div class=\"uncont\" ><div class=\"divider-wrapper\"  >\n    <hr class=\"border-accent-color separator-no-padding\"  \/>\n<\/div>\n<\/div><\/div><\/div><\/div><\/div><script id=\"script-row-unique-5\" data-row=\"script-row-unique-5\" type=\"text\/javascript\" class=\"vc_controls\">UNCODE.initRow(document.getElementById(\"row-unique-5\"));<\/script><\/div><\/div><\/div>\n<\/div>","protected":false},"excerpt":{"rendered":"Home CRAPS TAFEL KOPEN? TWEEDEHANDS Op deze pagina vindt u ons exclusieve aanbod van prachtige tweedehands craps tafels. Deze indrukwekkende [...]","protected":false},"author":1,"featured_media":70718,"parent":57681,"menu_order":0,"comment_status":"closed","ping_status":"closed","template":"","meta":{"footnotes":""},"class_list":["post-70714","page","type-page","status-publish","has-post-thumbnail","hentry","page_category-verkoop"],"_links":{"self":[{"href":"https:\/\/royalcasinocompany.nl\/es\/wp-json\/wp\/v2\/pages\/70714","targetHints":{"allow":["GET"]}}],"collection":[{"href":"https:\/\/royalcasinocompany.nl\/es\/wp-json\/wp\/v2\/pages"}],"about":[{"href":"https:\/\/royalcasinocompany.nl\/es\/wp-json\/wp\/v2\/types\/page"}],"author":[{"embeddable":true,"href":"https:\/\/royalcasinocompany.nl\/es\/wp-json\/wp\/v2\/users\/1"}],"replies":[{"embeddable":true,"href":"https:\/\/royalcasinocompany.nl\/es\/wp-json\/wp\/v2\/comments?post=70714"}],"version-history":[{"count":2,"href":"https:\/\/royalcasinocompany.nl\/es\/wp-json\/wp\/v2\/pages\/70714\/revisions"}],"predecessor-version":[{"id":70726,"href":"https:\/\/royalcasinocompany.nl\/es\/wp-json\/wp\/v2\/pages\/70714\/revisions\/70726"}],"up":[{"embeddable":true,"href":"https:\/\/royalcasinocompany.nl\/es\/wp-json\/wp\/v2\/pages\/57681"}],"wp:featuredmedia":[{"embeddable":true,"href":"https:\/\/royalcasinocompany.nl\/es\/wp-json\/wp\/v2\/media\/70718"}],"wp:attachment":[{"href":"https:\/\/royalcasinocompany.nl\/es\/wp-json\/wp\/v2\/media?parent=70714"}],"curies":[{"name":"wp","href":"https:\/\/api.w.org\/{rel}","templated":true}]}}