{"id":70815,"date":"2025-09-09T08:31:37","date_gmt":"2025-09-09T06:31:37","guid":{"rendered":"https:\/\/royalcasinocompany.nl\/?page_id=70815"},"modified":"2025-09-09T09:33:45","modified_gmt":"2025-09-09T07:33:45","slug":"casino-thema","status":"publish","type":"page","link":"https:\/\/royalcasinocompany.nl\/es\/casino-thema\/","title":{"rendered":"Tema del casino"},"content":{"rendered":"<div class=\"wpb-content-wrapper\"><div data-parent=\"true\" class=\"vc_row row-container boomapps_vcrow\" id=\"row-unique-0\"><div class=\"row limit-width row-parent\"><div class=\"wpb_row row-inner\"><div class=\"wpb_column pos-top pos-center align_center column_parent col-lg-12 boomapps_vccolumn single-internal-gutter\"><div class=\"uncol style-dark\"  ><div class=\"uncoltable\"><div class=\"uncell  boomapps_vccolumn no-block-padding\" ><div class=\"uncont\" ><div class=\"vc_row row-internal row-container boomapps_vcrow\"><div class=\"row row-child\"><div class=\"wpb_row row-inner\"><div class=\"wpb_column pos-top pos-center align_center column_child col-lg-12 boomapps_vccolumn single-internal-gutter\"><div class=\"uncol style-dark\" ><div class=\"uncoltable\"><div class=\"uncell  boomapps_vccolumn no-block-padding\" ><div class=\"uncont\" ><div class=\"vc_custom_heading_wrap\"><div class=\"heading-text el-text\" ><\/p>\n<h1>TEMAS DE CASINO<\/h1>\n<p>\n<hr class=\"separator-break separator-accent\" \/><\/div><div class=\"clear\"><\/div><\/div><div class=\"uncode_text_column\" ><p>Una fiesta o evento inolvidable empieza por elegir el tema de casino adecuado. En Royal Casino Company, llevamos la magia de Las Vegas, la emoci\u00f3n de James Bond y la elegancia del Gran Gatsby directamente a su lugar de celebraci\u00f3n. Con mesas de casino de lujo, crupieres profesionales y una decoraci\u00f3n con estilo, hacemos de cada fiesta una experiencia completa. Tanto si est\u00e1 organizando un evento corporativo, una boda o una noche tem\u00e1tica, con un casino tem\u00e1tico tendr\u00e1 garantizado el glamour y el entretenimiento.<\/p>\n<\/div><div class=\"vc_custom_heading_wrap\"><div class=\"heading-text el-text\" ><\/p>\n<h2>Temas populares de casino<\/h2>\n<p>\n<\/div><div class=\"clear\"><\/div><\/div><div class=\"uncode_text_column\" ><p>Organizar una fiesta tem\u00e1tica de casino es la manera de sorprender a sus invitados. Ofrecemos varios temas que responden al estilo, el ambiente y la experiencia. Desde una vibrante Noche de Espect\u00e1culos en Las Vegas hasta una elegante Noche de Casino a lo James Bond, cada tema garantiza una experiencia \u00fanica.<\/p>\n<\/div><div class=\"divider-wrapper\"  >\n    <hr class=\"border-accent-color separator-no-padding\"  \/>\n<\/div>\n<\/div><\/div><\/div><\/div><\/div><\/div><\/div><\/div><\/div><\/div><\/div><\/div><\/div><script id=\"script-row-unique-0\" data-row=\"script-row-unique-0\" type=\"text\/javascript\" class=\"vc_controls\">UNCODE.initRow(document.getElementById(\"row-unique-0\"));<\/script><\/div><\/div><\/div><div data-parent=\"true\" class=\"vc_row row-container boomapps_vcrow\" id=\"row-unique-1\"><div class=\"row limit-width row-parent\"><div class=\"wpb_row row-inner\"><div class=\"wpb_column pos-top pos-center align_center column_parent col-lg-12 boomapps_vccolumn single-internal-gutter\"><div class=\"uncol style-dark\"  ><div class=\"uncoltable\"><div class=\"uncell  boomapps_vccolumn no-block-padding\" ><div class=\"uncont\" ><div class=\"vc_row row-internal row-container boomapps_vcrow\"><div class=\"row row-child\"><div class=\"wpb_row row-inner\"><div class=\"wpb_column pos-top pos-center align_center column_child col-lg-12 boomapps_vccolumn single-internal-gutter\"><div class=\"uncol style-dark\" ><div class=\"uncoltable\"><div class=\"uncell  boomapps_vccolumn no-block-padding\" ><div class=\"uncont\" ><div id=\"index-998870\" class=\"isotope-system isotope-general-dark grid-general-dark\" >\n\t\t\t\n\t\t\t\t\t\t\t\t\t\t\t\t\t\t<div class=\"isotope-wrapper grid-wrapper half-gutter\" >\t\t\t\t\t\t\t\t\t\t\t\t<div class=\"isotope-container grid-container isotope-layout style-masonry isotope-pagination grid-pagination\" data-type=\"masonry\" data-layout=\"masonry\" data-lg=\"1000\" data-md=\"600\" data-sm=\"480\" data-vp-height=\"\">\t\t\t<div class=\"tmb atc-typography-inherit tmb-iso-w4 tmb-iso-h4 tmb-round img-round-lg tmb-dark tmb-overlay-text-anim tmb-overlay-anim tmb-content-center tmb-image-anim  grid-cat-1472 tmb-id-70738 tmb-img-ratio tmb-content-under tmb-media-first\" ><div class=\"t-inside style-color-prif-bg no-anim\" ><div class=\"t-entry-visual\"><div class=\"t-entry-visual-tc\"><div class=\"t-entry-visual-cont\"><div class=\"dummy\" style=\"padding-top: 80%;\"><\/div><a role=\"button\" tabindex=\"-1\" href=\"https:\/\/royalcasinocompany.nl\/es\/las-vegas-casino-night\/\" class=\"pushed\" aria-label=\"Carta de men\u00fa con tem\u00e1tica de Las Vegas\"  target=\"_self\" data-lb-index=\"0\"><div class=\"t-entry-visual-overlay\"><div class=\"t-entry-visual-overlay-in style-light-bg\" style=\"opacity: 0.01;\"><\/div><\/div><img decoding=\"async\" class=\"wp-image-68393\" src=\"https:\/\/royalcasinocompany.nl\/wp-content\/uploads\/2024\/05\/6-SFEER-5november-HermanceVanDijkPhotography-scaled-uai-2133x1707.jpg\" width=\"2133\" height=\"1707\" alt=\"Menu kaart in het thema van Las Vegas\" title=\"\"><\/a><\/div>\n\t\t\t\t\t<\/div>\n\t\t\t\t<\/div><div class=\"t-entry-text\">\n\t\t\t\t\t\t\t\t\t<div class=\"t-entry-text-tc single-block-padding\"><div class=\"t-entry\"><h3 class=\"t-entry-title h6 title-scale\"><a href=\"https:\/\/royalcasinocompany.nl\/es\/las-vegas-casino-night\/\" target=\"_self\">Noche de espect\u00e1culo en Las Vegas - Viva la magia del Strip in situ<\/a><\/h3><p class=\"t-entry-readmore btn-container\"><a href=\"https:\/\/royalcasinocompany.nl\/es\/las-vegas-casino-night\/\" class=\"btn btn-default btn-outline btn-round btn-flat\" target=\"_self\">M\u00e1s informaci\u00f3n y precios<\/a><\/p><\/div><\/div>\n\t\t\t\t\t\t\t<\/div><\/div><\/div><div class=\"tmb atc-typography-inherit tmb-iso-w4 tmb-iso-h4 tmb-round img-round-lg tmb-dark tmb-overlay-text-anim tmb-overlay-anim tmb-content-center tmb-image-anim  grid-cat-1472 tmb-id-70732 tmb-img-ratio tmb-content-under tmb-media-first\" ><div class=\"t-inside style-color-prif-bg no-anim\" ><div class=\"t-entry-visual\"><div class=\"t-entry-visual-tc\"><div class=\"t-entry-visual-cont\"><div class=\"dummy\" style=\"padding-top: 80%;\"><\/div><a role=\"button\" tabindex=\"-1\" href=\"https:\/\/royalcasinocompany.nl\/es\/great-gatsby-casino-night\/\" class=\"pushed\" aria-label=\"Alquiler de cartel de casino con cortina de entrada\"  target=\"_self\" data-lb-index=\"1\"><div class=\"t-entry-visual-overlay\"><div class=\"t-entry-visual-overlay-in style-light-bg\" style=\"opacity: 0.01;\"><\/div><\/div><img decoding=\"async\" class=\"wp-image-69165\" src=\"https:\/\/royalcasinocompany.nl\/wp-content\/uploads\/2024\/05\/Royalcasino1-161-scaled-uai-2133x1707.jpg\" width=\"2133\" height=\"1707\" alt=\"Casino sign met entree gordijn huren\" title=\"\"><\/a><\/div>\n\t\t\t\t\t<\/div>\n\t\t\t\t<\/div><div class=\"t-entry-text\">\n\t\t\t\t\t\t\t\t\t<div class=\"t-entry-text-tc single-block-padding\"><div class=\"t-entry\"><h3 class=\"t-entry-title h6 title-scale\"><a href=\"https:\/\/royalcasinocompany.nl\/es\/great-gatsby-casino-night\/\" target=\"_self\">Gran Noche de Casino Gatsby - Vive los locos a\u00f1os veinte con estilo<\/a><\/h3><p class=\"t-entry-readmore btn-container\"><a href=\"https:\/\/royalcasinocompany.nl\/es\/great-gatsby-casino-night\/\" class=\"btn btn-default btn-outline btn-round btn-flat\" target=\"_self\">M\u00e1s informaci\u00f3n y precios<\/a><\/p><\/div><\/div>\n\t\t\t\t\t\t\t<\/div><\/div><\/div><div class=\"tmb atc-typography-inherit tmb-iso-w4 tmb-iso-h4 tmb-round img-round-lg tmb-dark tmb-overlay-text-anim tmb-overlay-anim tmb-content-center tmb-image-anim  grid-cat-1472 tmb-id-70727 tmb-img-ratio tmb-content-under tmb-media-first\" ><div class=\"t-inside style-color-prif-bg no-anim\" ><div class=\"t-entry-visual\"><div class=\"t-entry-visual-tc\"><div class=\"t-entry-visual-cont\"><div class=\"dummy\" style=\"padding-top: 80%;\"><\/div><a role=\"button\" tabindex=\"-1\" href=\"https:\/\/royalcasinocompany.nl\/es\/james-bond-casino-night\/\" class=\"pushed\" aria-label=\"Dinero de juego del casino Royal\"  target=\"_self\" data-lb-index=\"2\"><div class=\"t-entry-visual-overlay\"><div class=\"t-entry-visual-overlay-in style-light-bg\" style=\"opacity: 0.01;\"><\/div><\/div><img decoding=\"async\" class=\"wp-image-69139\" src=\"https:\/\/royalcasinocompany.nl\/wp-content\/uploads\/2024\/05\/19-SFEER-5november-HermanceVanDijkPhotography-scaled-uai-1707x1365.jpg\" width=\"1707\" height=\"1365\" alt=\"Royal casino speelgeld\" title=\"\"><\/a><\/div>\n\t\t\t\t\t<\/div>\n\t\t\t\t<\/div><div class=\"t-entry-text\">\n\t\t\t\t\t\t\t\t\t<div class=\"t-entry-text-tc single-block-padding\"><div class=\"t-entry\"><h3 class=\"t-entry-title h6 title-scale\"><a href=\"https:\/\/royalcasinocompany.nl\/es\/james-bond-casino-night\/\" target=\"_self\">Noche de Casino James Bond - Viva Casino Royale in situ<\/a><\/h3><p class=\"t-entry-readmore btn-container\"><a href=\"https:\/\/royalcasinocompany.nl\/es\/james-bond-casino-night\/\" class=\"btn btn-default btn-outline btn-round btn-flat\" target=\"_self\">M\u00e1s informaci\u00f3n y precios<\/a><\/p><\/div><\/div>\n\t\t\t\t\t\t\t<\/div><\/div><\/div>\t\t<\/div>\t\n\t\n\n\t<\/div>\t\t\t\t<\/div>\n<\/div><\/div><\/div><\/div><\/div><\/div><\/div><\/div><div class=\"divider-wrapper\"  >\n    <hr class=\"border-accent-color separator-no-padding\"  \/>\n<\/div>\n<\/div><\/div><\/div><\/div><\/div><script id=\"script-row-unique-1\" data-row=\"script-row-unique-1\" type=\"text\/javascript\" class=\"vc_controls\">UNCODE.initRow(document.getElementById(\"row-unique-1\"));<\/script><\/div><\/div><\/div><div data-parent=\"true\" class=\"vc_row row-container boomapps_vcrow\" id=\"row-unique-2\"><div class=\"row limit-width row-parent\"><div class=\"wpb_row row-inner\"><div class=\"wpb_column pos-top pos-center align_left column_parent col-lg-12 boomapps_vccolumn single-internal-gutter\"><div class=\"uncol style-dark\"  ><div class=\"uncoltable\"><div class=\"uncell  boomapps_vccolumn no-block-padding\" ><div class=\"uncont\" ><div class=\"vc_row row-internal row-container boomapps_vcrow\"><div class=\"row row-child\"><div class=\"wpb_row row-inner\"><div class=\"wpb_column pos-top pos-center align_left column_child col-lg-6 boomapps_vccolumn single-internal-gutter\"><div class=\"uncol style-dark\" ><div class=\"uncoltable\"><div class=\"uncell  boomapps_vccolumn no-block-padding\" ><div class=\"uncont\" ><div class=\"vc_custom_heading_wrap\"><div class=\"heading-text el-text\" ><\/p>\n<h2>Noche de Casino James Bond<\/h2>\n<p>\n<\/div><div class=\"clear\"><\/div><\/div><div class=\"uncode_text_column\" ><p>\u00bfSiempre ha querido vivir el mundo de 007? Con un casino tem\u00e1tico de James Bond, sumerja a sus invitados en una atm\u00f3sfera de emoci\u00f3n y clase. Mesas elegantes, crupieres profesionales y un ambiente misterioso que encaja a la perfecci\u00f3n con el car\u00e1cter de James Bond. Este tema es ideal para quienes desean organizar una velada elegante y exclusiva.<\/p>\n<\/div><\/div><\/div><\/div><\/div><\/div><div class=\"wpb_column pos-top pos-center align_left column_child col-lg-6 boomapps_vccolumn single-internal-gutter\"><div class=\"uncol style-dark\" ><div class=\"uncoltable\"><div class=\"uncell  boomapps_vccolumn no-block-padding\" ><div class=\"uncont\" ><div id=\"index-9988702\" class=\"isotope-system isotope-general-dark grid-general-dark\" >\n\t\t\t\n\t\t\t\t\t\t\t\t\t\t\t\t\t\t<div class=\"isotope-wrapper grid-wrapper half-gutter\" >\t\t\t\t\t\t\t\t\t\t\t\t<div class=\"isotope-container grid-container isotope-layout style-masonry isotope-pagination grid-pagination\" data-type=\"masonry\" data-layout=\"masonry\" data-lg=\"1000\" data-md=\"600\" data-sm=\"480\" data-vp-height=\"\">\t\t\t<div class=\"tmb atc-typography-inherit tmb-iso-w6 tmb-iso-h4 tmb-round img-round-lg tmb-dark tmb-overlay-text-anim tmb-overlay-anim tmb-content-center tmb-image-anim  grid-cat-1472 tmb-id-70727 tmb-img-ratio tmb-content-under tmb-media-first\" ><div class=\"t-inside style-color-prif-bg no-anim\" ><div class=\"t-entry-visual\"><div class=\"t-entry-visual-tc\"><div class=\"t-entry-visual-cont\"><div class=\"dummy\" style=\"padding-top: 75%;\"><\/div><a role=\"button\" tabindex=\"-1\" href=\"https:\/\/royalcasinocompany.nl\/es\/james-bond-casino-night\/\" class=\"pushed\" aria-label=\"Dinero de juego del casino Royal\"  target=\"_self\" data-lb-index=\"0\"><div class=\"t-entry-visual-overlay\"><div class=\"t-entry-visual-overlay-in style-light-bg\" style=\"opacity: 0.01;\"><\/div><\/div><img decoding=\"async\" class=\"wp-image-69139\" src=\"https:\/\/royalcasinocompany.nl\/wp-content\/uploads\/2024\/05\/19-SFEER-5november-HermanceVanDijkPhotography-scaled-uai-1707x1280.jpg\" width=\"1707\" height=\"1280\" alt=\"Royal casino speelgeld\" title=\"\"><\/a><\/div>\n\t\t\t\t\t<\/div>\n\t\t\t\t<\/div><div class=\"t-entry-text\">\n\t\t\t\t\t\t\t\t\t<div class=\"t-entry-text-tc single-block-padding\"><div class=\"t-entry\"><h3 class=\"t-entry-title h6 title-scale\"><a href=\"https:\/\/royalcasinocompany.nl\/es\/james-bond-casino-night\/\" target=\"_self\">Noche de Casino James Bond - Viva Casino Royale in situ<\/a><\/h3><p class=\"t-entry-readmore btn-container\"><a href=\"https:\/\/royalcasinocompany.nl\/es\/james-bond-casino-night\/\" class=\"btn btn-default btn-outline btn-round btn-flat\" target=\"_self\">M\u00e1s informaci\u00f3n y precios<\/a><\/p><\/div><\/div>\n\t\t\t\t\t\t\t<\/div><\/div><\/div>\t\t<\/div>\t\n\t\n\n\t<\/div>\t\t\t\t<\/div>\n<\/div><\/div><\/div><\/div><\/div><\/div><\/div><\/div><div class=\"vc_row row-internal row-container boomapps_vcrow\"><div class=\"row row-child\"><div class=\"wpb_row row-inner\"><div class=\"wpb_column pos-top pos-center align_left column_child col-lg-6 boomapps_vccolumn single-internal-gutter\"><div class=\"uncol style-dark\" ><div class=\"uncoltable\"><div class=\"uncell  boomapps_vccolumn no-block-padding\" ><div class=\"uncont\" ><div class=\"vc_custom_heading_wrap\"><div class=\"heading-text el-text\" ><\/p>\n<h2>Noche de espect\u00e1culo en Las Vegas<\/h2>\n<p>\n<\/div><div class=\"clear\"><\/div><\/div><div class=\"uncode_text_column\" ><p>Organizar un casino tem\u00e1tico en Las Vegas es sin\u00f3nimo de brillo, luces de ne\u00f3n y lo \u00faltimo en entretenimiento. Nuestras coristas, espectaculares mesas de casino y lujosa decoraci\u00f3n llevan la magia del famoso Strip directamente a su evento. Este tema garantiza energ\u00eda, glamour y una fiesta que sus invitados recordar\u00e1n durante mucho tiempo.<\/p>\n<\/div><\/div><\/div><\/div><\/div><\/div><div class=\"wpb_column pos-top pos-center align_left column_child col-lg-6 boomapps_vccolumn single-internal-gutter\"><div class=\"uncol style-dark\" ><div class=\"uncoltable\"><div class=\"uncell  boomapps_vccolumn no-block-padding\" ><div class=\"uncont\" ><div id=\"index-99887028\" class=\"isotope-system isotope-general-dark grid-general-dark\" >\n\t\t\t\n\t\t\t\t\t\t\t\t\t\t\t\t\t\t<div class=\"isotope-wrapper grid-wrapper half-gutter\" >\t\t\t\t\t\t\t\t\t\t\t\t<div class=\"isotope-container grid-container isotope-layout style-masonry isotope-pagination grid-pagination\" data-type=\"masonry\" data-layout=\"masonry\" data-lg=\"1000\" data-md=\"600\" data-sm=\"480\" data-vp-height=\"\">\t\t\t<div class=\"tmb atc-typography-inherit tmb-iso-w6 tmb-iso-h4 tmb-round img-round-lg tmb-dark tmb-overlay-text-anim tmb-overlay-anim tmb-content-center tmb-image-anim  grid-cat-1472 tmb-id-70738 tmb-img-ratio tmb-content-under tmb-media-first\" ><div class=\"t-inside style-color-prif-bg no-anim\" ><div class=\"t-entry-visual\"><div class=\"t-entry-visual-tc\"><div class=\"t-entry-visual-cont\"><div class=\"dummy\" style=\"padding-top: 75%;\"><\/div><a role=\"button\" tabindex=\"-1\" href=\"https:\/\/royalcasinocompany.nl\/es\/las-vegas-casino-night\/\" class=\"pushed\" aria-label=\"Carta de men\u00fa con tem\u00e1tica de Las Vegas\"  target=\"_self\" data-lb-index=\"0\"><div class=\"t-entry-visual-overlay\"><div class=\"t-entry-visual-overlay-in style-light-bg\" style=\"opacity: 0.01;\"><\/div><\/div><img decoding=\"async\" class=\"wp-image-68393\" src=\"https:\/\/royalcasinocompany.nl\/wp-content\/uploads\/2024\/05\/6-SFEER-5november-HermanceVanDijkPhotography-scaled-uai-2276x1707.jpg\" width=\"2276\" height=\"1707\" alt=\"Menu kaart in het thema van Las Vegas\" title=\"\"><\/a><\/div>\n\t\t\t\t\t<\/div>\n\t\t\t\t<\/div><div class=\"t-entry-text\">\n\t\t\t\t\t\t\t\t\t<div class=\"t-entry-text-tc single-block-padding\"><div class=\"t-entry\"><h3 class=\"t-entry-title h6 title-scale\"><a href=\"https:\/\/royalcasinocompany.nl\/es\/las-vegas-casino-night\/\" target=\"_self\">Noche de espect\u00e1culo en Las Vegas - Viva la magia del Strip in situ<\/a><\/h3><p class=\"t-entry-readmore btn-container\"><a href=\"https:\/\/royalcasinocompany.nl\/es\/las-vegas-casino-night\/\" class=\"btn btn-default btn-outline btn-round btn-flat\" target=\"_self\">M\u00e1s informaci\u00f3n y precios<\/a><\/p><\/div><\/div>\n\t\t\t\t\t\t\t<\/div><\/div><\/div>\t\t<\/div>\t\n\t\n\n\t<\/div>\t\t\t\t<\/div>\n<\/div><\/div><\/div><\/div><\/div><\/div><\/div><\/div><div class=\"vc_row row-internal row-container boomapps_vcrow\"><div class=\"row row-child\"><div class=\"wpb_row row-inner\"><div class=\"wpb_column pos-top pos-center align_left column_child col-lg-6 boomapps_vccolumn single-internal-gutter\"><div class=\"uncol style-dark\" ><div class=\"uncoltable\"><div class=\"uncell  boomapps_vccolumn no-block-padding\" ><div class=\"uncont\" ><div class=\"vc_custom_heading_wrap\"><div class=\"heading-text el-text\" ><\/p>\n<h2>Noche de Casino del Gran Gatsby<\/h2>\n<p>\n<\/div><div class=\"clear\"><\/div><\/div><div class=\"uncode_text_column\" ><p>Retroceda a los locos a\u00f1os veinte y elija un casino tem\u00e1tico del Gran Gatsby. Los detalles Art Dec\u00f3, la decoraci\u00f3n elegante y el ambiente de los locos a\u00f1os veinte hacen que la fiesta sea encantadora. Este tema es perfecto para quienes desean organizar una velada lujosa y elegante con un toque de nostalgia.<\/p>\n<\/div><\/div><\/div><\/div><\/div><\/div><div class=\"wpb_column pos-top pos-center align_left column_child col-lg-6 boomapps_vccolumn single-internal-gutter\"><div class=\"uncol style-dark\" ><div class=\"uncoltable\"><div class=\"uncell  boomapps_vccolumn no-block-padding\" ><div class=\"uncont\" ><div id=\"index-998870284\" class=\"isotope-system isotope-general-dark grid-general-dark\" >\n\t\t\t\n\t\t\t\t\t\t\t\t\t\t\t\t\t\t<div class=\"isotope-wrapper grid-wrapper half-gutter\" >\t\t\t\t\t\t\t\t\t\t\t\t<div class=\"isotope-container grid-container isotope-layout style-masonry isotope-pagination grid-pagination\" data-type=\"masonry\" data-layout=\"masonry\" data-lg=\"1000\" data-md=\"600\" data-sm=\"480\" data-vp-height=\"\">\t\t\t<div class=\"tmb atc-typography-inherit tmb-iso-w6 tmb-iso-h4 tmb-round img-round-lg tmb-dark tmb-overlay-text-anim tmb-overlay-anim tmb-content-center tmb-image-anim  grid-cat-1472 tmb-id-70732 tmb-img-ratio tmb-content-under tmb-media-first\" ><div class=\"t-inside style-color-prif-bg no-anim\" ><div class=\"t-entry-visual\"><div class=\"t-entry-visual-tc\"><div class=\"t-entry-visual-cont\"><div class=\"dummy\" style=\"padding-top: 75%;\"><\/div><a role=\"button\" tabindex=\"-1\" href=\"https:\/\/royalcasinocompany.nl\/es\/great-gatsby-casino-night\/\" class=\"pushed\" aria-label=\"Alquiler de cartel de casino con cortina de entrada\"  target=\"_self\" data-lb-index=\"0\"><div class=\"t-entry-visual-overlay\"><div class=\"t-entry-visual-overlay-in style-light-bg\" style=\"opacity: 0.01;\"><\/div><\/div><img decoding=\"async\" class=\"wp-image-69165\" src=\"https:\/\/royalcasinocompany.nl\/wp-content\/uploads\/2024\/05\/Royalcasino1-161-scaled-uai-2276x1707.jpg\" width=\"2276\" height=\"1707\" alt=\"Casino sign met entree gordijn huren\" title=\"\"><\/a><\/div>\n\t\t\t\t\t<\/div>\n\t\t\t\t<\/div><div class=\"t-entry-text\">\n\t\t\t\t\t\t\t\t\t<div class=\"t-entry-text-tc single-block-padding\"><div class=\"t-entry\"><h3 class=\"t-entry-title h6 title-scale\"><a href=\"https:\/\/royalcasinocompany.nl\/es\/great-gatsby-casino-night\/\" target=\"_self\">Gran Noche de Casino Gatsby - Vive los locos a\u00f1os veinte con estilo<\/a><\/h3><p class=\"t-entry-readmore btn-container\"><a href=\"https:\/\/royalcasinocompany.nl\/es\/great-gatsby-casino-night\/\" class=\"btn btn-default btn-outline btn-round btn-flat\" target=\"_self\">M\u00e1s informaci\u00f3n y precios<\/a><\/p><\/div><\/div>\n\t\t\t\t\t\t\t<\/div><\/div><\/div>\t\t<\/div>\t\n\t\n\n\t<\/div>\t\t\t\t<\/div>\n<\/div><\/div><\/div><\/div><\/div><\/div><\/div><\/div><\/div><\/div><\/div><\/div><\/div><script id=\"script-row-unique-2\" data-row=\"script-row-unique-2\" type=\"text\/javascript\" class=\"vc_controls\">UNCODE.initRow(document.getElementById(\"row-unique-2\"));<\/script><\/div><\/div><\/div>\n<\/div>","protected":false},"excerpt":{"rendered":"Great Gatsby Casino Night \u2013 Beleef de Roaring Twenties in stijl Stap in de wereld van Art Deco, jazz en [...]","protected":false},"author":1,"featured_media":67073,"parent":0,"menu_order":0,"comment_status":"closed","ping_status":"closed","template":"","meta":{"footnotes":""},"class_list":["post-70815","page","type-page","status-publish","has-post-thumbnail","hentry"],"_links":{"self":[{"href":"https:\/\/royalcasinocompany.nl\/es\/wp-json\/wp\/v2\/pages\/70815","targetHints":{"allow":["GET"]}}],"collection":[{"href":"https:\/\/royalcasinocompany.nl\/es\/wp-json\/wp\/v2\/pages"}],"about":[{"href":"https:\/\/royalcasinocompany.nl\/es\/wp-json\/wp\/v2\/types\/page"}],"author":[{"embeddable":true,"href":"https:\/\/royalcasinocompany.nl\/es\/wp-json\/wp\/v2\/users\/1"}],"replies":[{"embeddable":true,"href":"https:\/\/royalcasinocompany.nl\/es\/wp-json\/wp\/v2\/comments?post=70815"}],"version-history":[{"count":12,"href":"https:\/\/royalcasinocompany.nl\/es\/wp-json\/wp\/v2\/pages\/70815\/revisions"}],"predecessor-version":[{"id":70833,"href":"https:\/\/royalcasinocompany.nl\/es\/wp-json\/wp\/v2\/pages\/70815\/revisions\/70833"}],"wp:featuredmedia":[{"embeddable":true,"href":"https:\/\/royalcasinocompany.nl\/es\/wp-json\/wp\/v2\/media\/67073"}],"wp:attachment":[{"href":"https:\/\/royalcasinocompany.nl\/es\/wp-json\/wp\/v2\/media?parent=70815"}],"curies":[{"name":"wp","href":"https:\/\/api.w.org\/{rel}","templated":true}]}}