{"id":71067,"date":"2025-10-29T10:41:00","date_gmt":"2025-10-29T09:41:00","guid":{"rendered":"https:\/\/royalcasinocompany.nl\/?page_id=71067"},"modified":"2026-01-15T23:11:15","modified_gmt":"2026-01-15T22:11:15","slug":"jouw-rol-als-croupier","status":"publish","type":"page","link":"https:\/\/royalcasinocompany.nl\/es\/personeel\/jouw-rol-als-croupier\/","title":{"rendered":"Su papel como crupier"},"content":{"rendered":"<div class=\"wpb-content-wrapper\"><div data-parent=\"true\" class=\"vc_row row-container boomapps_vcrow\" id=\"row-unique-0\"><div class=\"row limit-width row-parent\"><div class=\"wpb_row row-inner\"><div class=\"wpb_column pos-top pos-center align_left column_parent col-lg-12 boomapps_vccolumn single-internal-gutter\"><div class=\"uncol style-dark\"  ><div class=\"uncoltable\"><div class=\"uncell  boomapps_vccolumn no-block-padding\" ><div class=\"uncont\" ><div class=\"vc_row row-internal row-container boomapps_vcrow\"><div class=\"row row-child\"><div class=\"wpb_row row-inner\"><div class=\"wpb_column pos-top pos-center align_left column_child col-lg-12 boomapps_vccolumn single-internal-gutter\"><div class=\"uncol style-dark\" ><div class=\"uncoltable\"><div class=\"uncell  boomapps_vccolumn no-block-padding\" ><div class=\"uncont\" ><div class=\"vc_custom_heading_wrap\"><div class=\"heading-text el-text\" ><\/p>\n<h1>\ud83c\udfb0 Tu papel como crupier<\/h1>\n<p>\n<hr class=\"separator-break separator-accent\" \/><\/div><div class=\"clear\"><\/div><\/div><div class=\"empty-space empty-single\" ><span class=\"empty-space-inner\"><\/span><\/div>\n<div class=\"uncode_text_column\" ><p>En <strong>croupier en Royal Casino Company<\/strong> eres t\u00fa <strong>la cara de nuestra empresa<\/strong>.<br \/>\nSe asegurar\u00e1 de que los clientes disfruten de una experiencia inolvidable en el casino, llevada a cabo con profesionalidad, entusiasmo e impecabilidad.<br \/>\nLa sonrisa de cada hu\u00e9sped comienza con su compromiso, aspecto y profesionalidad.<\/p>\n<p>-<\/p>\n<h3>\ud83c\udf1f Lo que esperamos de ti<\/h3>\n<p>Un buen crupier es algo m\u00e1s que alguien que acompa\u00f1a una partida.<br \/>\nEres anfitri\u00f3n o anfitriona, animador o animadora, organizador o organizadora y colega, todo en uno.<br \/>\nYa sea en el almac\u00e9n, en la carretera o en las obras: usted trabaja <strong>pulcra, cuidadosa y orgullosa<\/strong>.<\/p>\n<ul>\n<li>\u2705 Ayudas a tus compa\u00f1eros y trabajas en equipo.<\/li>\n<li>\u2705 Piensas en el futuro y tomas la iniciativa incluso sin que nadie te lo diga.<\/li>\n<li>\u2705 Asume la responsabilidad de sus materiales y de su lugar de trabajo.<\/li>\n<li>\u2705 Te mantienes profesional, amable y presentable siempre y en todo lugar.<\/li>\n<\/ul>\n<p>-<\/p>\n<h3>\ud83e\udded Tus obligaciones<\/h3>\n<p>Cada misi\u00f3n consta de distintas fases en las que usted desempe\u00f1a un papel importante:<\/p>\n<ul>\n<li>\ud83c\udfb2 <strong>Recogida y carga de materiales:<\/strong> aseg\u00farese de que todo est\u00e1 completo, limpio y bien empaquetado para subir al autob\u00fas.<\/li>\n<li>\ud83e\udea9 <strong>Aumenta y disminuye:<\/strong> Ayuda activamente a montar las mesas, la decoraci\u00f3n y la iluminaci\u00f3n. Trabaja con cuidado para que todo est\u00e9 ordenado y seguro.<\/li>\n<li>\ud83d\ude90 <strong>Carga y descarga de autobuses:<\/strong> Cargue siempre de forma organizada y controlada. Los da\u00f1os o descuidos no son profesionales.<\/li>\n<li>\ud83c\udfed <strong>Vuelve:<\/strong> garantizar que, una vez terminado, todo vuelva al almac\u00e9n limpio, completo y en el lugar correcto.<\/li>\n<\/ul>\n<p>Durante cada misi\u00f3n, se design\u00f3 a una persona como <strong>ejecutivo (LG)<\/strong>. Escucha sus instrucciones y trabaja en equipo.<br \/>\nUn buen equipo es aquel en el que todos piensan, ayudan y asumen responsabilidades.<\/p>\n<p>-<\/p>\n<h3>\ud83e\udde0 Conocimiento del juego y profesionalidad.<\/h3>\n<p>Un crupier profesional conoce las reglas, percibe el ambiente y sabe c\u00f3mo tranquilizar a los invitados.<br \/>\nPor eso es importante que conozcas las reglas de nuestros juegos de casino <strong>memorizado<\/strong> y puede explicarlas con entusiasmo.<\/p>\n<p>Utiliza los conocimientos de tu formaci\u00f3n, practica en casa, mira v\u00eddeos y sigue aprendiendo.<br \/>\nCuanto mejor domines el juego, m\u00e1s divertido y f\u00e1cil te resultar\u00e1 el trabajo y m\u00e1s confianza irradiar\u00e1s en la mesa.<\/p>\n<ul>\n<li>\ud83c\udfaf Explica los juegos a los invitados con calma y claridad.<\/li>\n<li>\ud83c\udccf Crea un ambiente relajado y acogedor en la mesa.<\/li>\n<li>\ud83d\udcac Mantente alerta, profesional y paciente incluso cuando est\u00e9s ocupado.<\/li>\n<li>\ud83c\udfc6 Mantente presentable y que tu forma de vestir, tu actitud y tu comunicaci\u00f3n sean de primera.<\/li>\n<\/ul>\n<p>-<\/p>\n<h3>\ud83d\udcbc Responsabilidad y remuneraci\u00f3n<\/h3>\n<p>Los que trabajan profesionalmente obtienen algo a cambio.<br \/>\nEl buen trabajo se recompensa con un buen salario, aprecio y un ambiente de trabajo agradable.<br \/>\nEl trabajo descuidado, los desperfectos o los materiales olvidados afectan a la confianza y pueden dar lugar a que se retengan horas o no se programen para futuras tareas.<\/p>\n<p><strong>Acu\u00e9rdate:<\/strong> cada misi\u00f3n es una oportunidad para demostrar lo que vales.<br \/>\nS\u00e9 siempre puntual, ven preparado y reflexiona.<br \/>\nAs\u00ed crecer\u00e1s m\u00e1s r\u00e1pido, ganar\u00e1s m\u00e1s responsabilidad y ser\u00e1s desplegado en los mejores eventos.<\/p>\n<p>-<\/p>\n<h3>\ud83e\udd1d T\u00fa marcas la diferencia<\/h3>\n<p>En Royal Casino Company, todo gira en torno a <strong>calidad, experiencia y trabajo en equipo<\/strong>. Confiamos en que usted asuma la responsabilidad de que cada acto sea un \u00e9xito.<br \/>\nMuestra iniciativa, irradia diversi\u00f3n y si\u00e9ntete orgulloso de lo que estamos construyendo juntos.<\/p>\n<p>-<\/p>\n<p><strong>Brevemente:<\/strong><br \/>\nTrabaja con pulcritud, muestra compromiso y s\u00e9 profesional. <strong>mejor equipo de casino de los Pa\u00edses Bajos<\/strong>. \ud83c\udfa9\u2728<\/p>\n<\/div><div class=\"divider-wrapper\"  >\n    <hr class=\"separator-no-padding\"  \/>\n<\/div>\n<\/div><\/div><\/div><\/div><\/div><\/div><\/div><\/div><\/div><\/div><\/div><\/div><\/div><script id=\"script-row-unique-0\" data-row=\"script-row-unique-0\" type=\"text\/javascript\" class=\"vc_controls\">UNCODE.initRow(document.getElementById(\"row-unique-0\"));<\/script><\/div><\/div><\/div>\n<\/div>","protected":false},"excerpt":{"rendered":"\ud83c\udfb0 Jouw rol als Croupier Als croupier bij Royal Casino Company ben jij het gezicht van ons bedrijf. Jij zorgt [...]","protected":false},"author":1,"featured_media":68479,"parent":71016,"menu_order":0,"comment_status":"closed","ping_status":"closed","template":"","meta":{"footnotes":""},"class_list":["post-71067","page","type-page","status-publish","has-post-thumbnail","hentry","page_category-personeel-portaal"],"_links":{"self":[{"href":"https:\/\/royalcasinocompany.nl\/es\/wp-json\/wp\/v2\/pages\/71067","targetHints":{"allow":["GET"]}}],"collection":[{"href":"https:\/\/royalcasinocompany.nl\/es\/wp-json\/wp\/v2\/pages"}],"about":[{"href":"https:\/\/royalcasinocompany.nl\/es\/wp-json\/wp\/v2\/types\/page"}],"author":[{"embeddable":true,"href":"https:\/\/royalcasinocompany.nl\/es\/wp-json\/wp\/v2\/users\/1"}],"replies":[{"embeddable":true,"href":"https:\/\/royalcasinocompany.nl\/es\/wp-json\/wp\/v2\/comments?post=71067"}],"version-history":[{"count":8,"href":"https:\/\/royalcasinocompany.nl\/es\/wp-json\/wp\/v2\/pages\/71067\/revisions"}],"predecessor-version":[{"id":71938,"href":"https:\/\/royalcasinocompany.nl\/es\/wp-json\/wp\/v2\/pages\/71067\/revisions\/71938"}],"up":[{"embeddable":true,"href":"https:\/\/royalcasinocompany.nl\/es\/wp-json\/wp\/v2\/pages\/71016"}],"wp:featuredmedia":[{"embeddable":true,"href":"https:\/\/royalcasinocompany.nl\/es\/wp-json\/wp\/v2\/media\/68479"}],"wp:attachment":[{"href":"https:\/\/royalcasinocompany.nl\/es\/wp-json\/wp\/v2\/media?parent=71067"}],"curies":[{"name":"wp","href":"https:\/\/api.w.org\/{rel}","templated":true}]}}