{"id":71076,"date":"2025-10-29T13:22:19","date_gmt":"2025-10-29T12:22:19","guid":{"rendered":"https:\/\/royalcasinocompany.nl\/?page_id=71076"},"modified":"2026-01-15T22:42:21","modified_gmt":"2026-01-15T21:42:21","slug":"dit-verwachten-wij-van-jou","status":"publish","type":"page","link":"https:\/\/royalcasinocompany.nl\/es\/personeel\/dit-verwachten-wij-van-jou\/","title":{"rendered":"Esto es lo que esperamos de usted"},"content":{"rendered":"<div class=\"wpb-content-wrapper\"><div data-parent=\"true\" class=\"vc_row row-container boomapps_vcrow\" id=\"row-unique-0\"><div class=\"row limit-width row-parent\"><div class=\"wpb_row row-inner\"><div class=\"wpb_column pos-top pos-left align_left column_parent col-lg-12 boomapps_vccolumn single-internal-gutter\"><div class=\"uncol style-dark\"  ><div class=\"uncoltable\"><div class=\"uncell  boomapps_vccolumn no-block-padding\" ><div class=\"uncont\" ><div class=\"vc_row row-internal row-container boomapps_vcrow\"><div class=\"row row-child\"><div class=\"wpb_row row-inner\"><div class=\"wpb_column pos-top pos-center align_left column_child col-lg-12 boomapps_vccolumn single-internal-gutter\"><div class=\"uncol style-dark\" ><div class=\"uncoltable\"><div class=\"uncell  boomapps_vccolumn no-block-padding\" ><div class=\"uncont\" ><div class=\"vc_custom_heading_wrap\"><div class=\"heading-text el-text\" ><\/p>\n<h1>Esto es lo que esperamos de ti:<\/h1>\n<p>\n<hr class=\"separator-break separator-accent\" \/><\/div><div class=\"clear\"><\/div><\/div><div class=\"empty-space empty-single\" ><span class=\"empty-space-inner\"><\/span><\/div>\n<div class=\"uncode_text_column\" ><\/p>\n<div class=\"rcc-portal\">\n<h2>Trabajar como crupier<\/h2>\n<p>Trabajar como crupier en <strong>Compa\u00f1\u00eda Royal Casino<\/strong> no es un trabajo est\u00e1ndar.<br \/>\nEres la cara de nuestra empresa y te aseguras de que los invitados vivan una velada profesional e inolvidable.<br \/>\nEsto requiere compromiso, responsabilidad, empat\u00eda, ganas de aprender y entusiasmo.<\/p>\n<p>Nuestras misiones suelen tener lugar por las tardes y los fines de semana.<br \/>\nDurante un evento, usted es el jefe en la mesa del casino: usted determina el ambiente y la experiencia de los invitados.<\/p>\n<p>-<\/p>\n<div class=\"rcc-grid\">\n<div class=\"rcc-card\">\n<h3><span class=\"rcc-emoji\">\ud83d\udcaa<\/span>Esfuerzo<\/h3>\n<p>Esperamos de ti un compromiso total. Eres un embajador de Royal Casino Company y haces que los clientes se sientan bienvenidos, se diviertan y est\u00e9n bien atendidos. Eres educado, entusiasta y orientado al servicio, tanto con los clientes como con los compa\u00f1eros.<\/p>\n<p>-<\/p>\n<\/div>\n<div class=\"rcc-card\">\n<h3><span class=\"rcc-emoji\">\ud83e\udded<\/span>Responsabilidad<\/h3>\n<p>Cada empleado es responsable de principio a fin.<br \/>\nAvisar\u00e1s puntualmente de tu disponibilidad, ayudar\u00e1s con el montaje y la limpieza, entretendr\u00e1s a los invitados y registrar\u00e1s correctamente tus horas trabajadas.<br \/>\nTrabajamos con personas independientes que se enorgullecen de lo que hacen.<br \/>\n\u00bfNo le gusta o no le conviene? Entonces es probable que este trabajo no sea lo que busca.<\/p>\n<p>-<\/p>\n<\/div>\n<div class=\"rcc-card\">\n<h3><span class=\"rcc-emoji\">\ud83e\udd1d<\/span>Empat\u00eda<\/h3>\n<p>Cada situaci\u00f3n es diferente. A veces hay que actuar con rapidez, ser profesional y responder con pulcritud.<br \/>\nTanto si se trata de un hu\u00e9sped problem\u00e1tico como de un error que hay que resolver, te aseguras de que todo transcurra sin problemas y de forma amistosa.<br \/>\nAs\u00ed se mantiene un ambiente positivo para todos.<\/p>\n<p>-<\/p>\n<\/div>\n<div class=\"rcc-card\">\n<h3><span class=\"rcc-emoji\">\ud83e\udde0<\/span>Curiosidad<\/h3>\n<p>Al principio recibir\u00e1s mucha informaci\u00f3n nueva. Esperamos que muestres iniciativa y aprendas activamente.<br \/>\nAprende c\u00f3mo funcionan nuestros juegos y practica en casa para poder explicarles y guiarles a la perfecci\u00f3n.<\/p>\n<p><strong>Nuestros juegos de casino son:<\/strong><br \/>\nRuleta, Blackjack, P\u00f3quer, Rueda del Dinero, Chuck \u00e1 Luck, Bonus P\u00f3quer, Ruleta Francesa y Dados.<\/p>\n<p>Tambi\u00e9n aprender\u00e1s a montar y desmontar la decoraci\u00f3n, a utilizar las m\u00e1quinas tragaperras y a presentarlo todo con profesionalidad.<\/p>\n<p>-<\/p>\n<\/div>\n<div class=\"rcc-card\">\n<h3><span class=\"rcc-emoji\">\u2b50<\/span>Entusiasmo<\/h3>\n<p>Su energ\u00eda y carisma crean ambiente en el equipo, en el lugar de trabajo y en la mesa del casino.<br \/>\nLos clientes nos contratan porque trabajamos con crupieres entusiastas, presentables y sociables.<br \/>\nCuanto m\u00e1s diversi\u00f3n desprendas, m\u00e1s se divertir\u00e1n los invitados y m\u00e1s te apreciar\u00e1n.<\/p>\n<\/div>\n<\/div>\n<\/div>\n<p>\n<\/div><div class=\"divider-wrapper\"  >\n    <hr class=\"border-accent-color separator-no-padding\"  \/>\n<\/div>\n<\/div><\/div><\/div><\/div><\/div><\/div><\/div><\/div><\/div><\/div><\/div><\/div><\/div><script id=\"script-row-unique-0\" data-row=\"script-row-unique-0\" type=\"text\/javascript\" class=\"vc_controls\">UNCODE.initRow(document.getElementById(\"row-unique-0\"));<\/script><\/div><\/div><\/div>\n<\/div>","protected":false},"excerpt":{"rendered":"Dit verwachten wij van jou: Werken als croupier Werken als croupier bij Royal Casino Company is geen standaard baan. Je [...]","protected":false},"author":1,"featured_media":70251,"parent":71016,"menu_order":0,"comment_status":"closed","ping_status":"closed","template":"","meta":{"footnotes":""},"class_list":["post-71076","page","type-page","status-publish","has-post-thumbnail","hentry","page_category-personeel-portaal"],"_links":{"self":[{"href":"https:\/\/royalcasinocompany.nl\/es\/wp-json\/wp\/v2\/pages\/71076","targetHints":{"allow":["GET"]}}],"collection":[{"href":"https:\/\/royalcasinocompany.nl\/es\/wp-json\/wp\/v2\/pages"}],"about":[{"href":"https:\/\/royalcasinocompany.nl\/es\/wp-json\/wp\/v2\/types\/page"}],"author":[{"embeddable":true,"href":"https:\/\/royalcasinocompany.nl\/es\/wp-json\/wp\/v2\/users\/1"}],"replies":[{"embeddable":true,"href":"https:\/\/royalcasinocompany.nl\/es\/wp-json\/wp\/v2\/comments?post=71076"}],"version-history":[{"count":20,"href":"https:\/\/royalcasinocompany.nl\/es\/wp-json\/wp\/v2\/pages\/71076\/revisions"}],"predecessor-version":[{"id":71920,"href":"https:\/\/royalcasinocompany.nl\/es\/wp-json\/wp\/v2\/pages\/71076\/revisions\/71920"}],"up":[{"embeddable":true,"href":"https:\/\/royalcasinocompany.nl\/es\/wp-json\/wp\/v2\/pages\/71016"}],"wp:featuredmedia":[{"embeddable":true,"href":"https:\/\/royalcasinocompany.nl\/es\/wp-json\/wp\/v2\/media\/70251"}],"wp:attachment":[{"href":"https:\/\/royalcasinocompany.nl\/es\/wp-json\/wp\/v2\/media?parent=71076"}],"curies":[{"name":"wp","href":"https:\/\/api.w.org\/{rel}","templated":true}]}}