{"id":71079,"date":"2025-10-29T13:25:07","date_gmt":"2025-10-29T12:25:07","guid":{"rendered":"https:\/\/royalcasinocompany.nl\/?page_id=71079"},"modified":"2026-01-16T11:02:39","modified_gmt":"2026-01-16T10:02:39","slug":"uiterlijke-verzorging","status":"publish","type":"page","link":"https:\/\/royalcasinocompany.nl\/es\/personeel\/uiterlijke-verzorging\/","title":{"rendered":"Cuidados exteriores"},"content":{"rendered":"<div class=\"wpb-content-wrapper\"><div data-parent=\"true\" class=\"vc_row row-container boomapps_vcrow\" id=\"row-unique-0\"><div class=\"row limit-width row-parent\"><div class=\"wpb_row row-inner\"><div class=\"wpb_column pos-top pos-center align_left column_parent col-lg-12 boomapps_vccolumn single-internal-gutter\"><div class=\"uncol style-dark\"  ><div class=\"uncoltable\"><div class=\"uncell  boomapps_vccolumn no-block-padding\" ><div class=\"uncont\" ><div class=\"vc_row row-internal row-container boomapps_vcrow\"><div class=\"row row-child\"><div class=\"wpb_row row-inner\"><div class=\"wpb_column pos-top pos-center align_left column_child col-lg-12 boomapps_vccolumn single-internal-gutter\"><div class=\"uncol style-dark\" ><div class=\"uncoltable\"><div class=\"uncell  boomapps_vccolumn no-block-padding\" ><div class=\"uncont\" ><div class=\"vc_custom_heading_wrap\"><div class=\"heading-text el-text\" ><\/p>\n<h1>\ud83d\udc8e Cuidados f\u00edsicos<\/h1>\n<p>\n<hr class=\"separator-break separator-accent\" \/><\/div><div class=\"clear\"><\/div><\/div><div class=\"empty-space empty-single\" ><span class=\"empty-space-inner\"><\/span><\/div>\n<div class=\"uncode_text_column\" ><p>Un aspecto cuidado y presentable es una de las partes m\u00e1s importantes de tu papel como crupier en <strong>Compa\u00f1\u00eda Royal Casino<\/strong>.<br \/>\nLa primera impresi\u00f3n con el cliente determina c\u00f3mo empieza el evento y s\u00f3lo se tiene una vez. As\u00ed que aseg\u00farese de que esa impresi\u00f3n sea profesional, cuidada y positiva.<\/p>\n<p>Cuando llega a la obra, suele ser la primera persona que conoce al cliente. En ese momento, no solo te representas a ti mismo, sino a toda la empresa.<br \/>\nEl cliente debe ver inmediatamente que representamos <strong>calidad, estilo y profesionalidad<\/strong>. Un aspecto cuidado inspira confianza, irradia orgullo y marca la diferencia entre una velada ordinaria y una experiencia inolvidable.<\/p>\n<p>-<\/p>\n<h3>\ud83e\uddcd\u200d\u2642\ufe0f Cuidado personal<\/h3>\n<p>No tienes que venir con tu atuendo de casino durante el montaje, pero s\u00ed escuchar\u00e1s... <strong>ordenado y presentable<\/strong> del d\u00eda.<br \/>\nPresta atenci\u00f3n a los siguientes puntos para parecer siempre pulcro y profesional:<\/p>\n<ul>\n<li>\ud83c\udf38 <strong>Fresco aroma corporal:<\/strong> Utiliza desodorante y una fragancia sutil a diario. No te excedas con el perfume o el aftershave.<\/li>\n<li>\ud83e\uddb7 <strong>Dientes limpios y aliento fresco:<\/strong> cep\u00edllate los dientes antes de salir y t\u00f3mate un caramelo de menta si es necesario.<\/li>\n<li>\ud83d\udc87\u200d\u2642\ufe0f <strong>Corte de pelo ordenado:<\/strong> Utiliza cera, gomina o laca para dar forma a tu pelo. No acudas nunca con el pelo despeinado o graso.<\/li>\n<li>\ud83e\uddd4 <strong>Barba:<\/strong> Mantenga siempre la barba bien recortada y arreglada. Nada de barba incipiente sin forma ni arreglada.<\/li>\n<li>\ud83d\udc85 <strong>U\u00f1as:<\/strong> corto, limpio y ordenado. L\u00e1vate siempre las manos despu\u00e9s de construir.<\/li>\n<li>\ud83e\uddf4 <strong>La piel:<\/strong> aseg\u00farate de que tu cara est\u00e1 limpia, sin piel grasa ni aspecto desali\u00f1ado.<\/li>\n<li>\ud83e\uddfc <strong>Higiene general:<\/strong> Aseg\u00farate de que tu ropa, tus manos y tu cara est\u00e9n siempre frescas y limpias. Ducharse antes de salir es algo natural.<\/li>\n<\/ul>\n<p>Un aspecto fresco y cuidado demuestra que te sientes orgulloso de tu trabajo y que respetas tanto al cliente como a tus compa\u00f1eros.<br \/>\nDestila profesionalidad y se toma en serio su papel.<\/p>\n<p>-<\/p>\n<h3>\ud83d\udc54 Ropa y presentaci\u00f3n<\/h3>\n<p>Durante la preparaci\u00f3n, puede ir vestido de manera informal, siempre que sea <strong>limpio, ordenado y presentable<\/strong> es.<br \/>\nDurante el acto, los funcionarios <strong><a href=\"#\">c\u00f3digo de vestimenta<\/a><\/strong> y <strong>c\u00f3digo de vestimenta<\/strong>, pero tambi\u00e9n es importante mirar con pulcritud fuera de esos momentos.<\/p>\n<h4>\ud83d\udeab No permitido (incluso durante la acumulaci\u00f3n):<\/h4>\n<ul>\n<li>\u274c Zapatos rozados o sucios.<\/li>\n<li>\u274c Pantalones con agujeros o desgarros.<\/li>\n<li>\u274c Zapatillas o sandalias<\/li>\n<li>Pantalones cortos<\/li>\n<li>\u274c Pantalones de entrenamiento o de ch\u00e1ndal.<\/li>\n<\/ul>\n<p>Aseg\u00farate de que tu ropa <strong>limpio, planchado y completo<\/strong> es. Un aspecto cuidado forma parte de la experiencia que ofrecemos a nuestros clientes.<br \/>\nLos invitados te ven como parte del espect\u00e1culo y tu aspecto ayuda a determinar la atm\u00f3sfera y el aspecto de todo el evento.<\/p>\n<p>-<\/p>\n<h3>\ud83c\udf1f Actitud y apariencia<\/h3>\n<p>El cuidado externo va m\u00e1s all\u00e1 de la ropa o el peinado. Tu postura, energ\u00eda y expresi\u00f3n facial tambi\u00e9n forman parte de la experiencia.<br \/>\nUna sonrisa amable, una postura erguida y una actitud abierta marcan la diferencia.<\/p>\n<ul>\n<li>\ud83d\ude0a Sonr\u00ede y establece contacto visual con los invitados.<\/li>\n<li>\ud83d\udde3\ufe0f Hable con claridad y entusiasmo.<\/li>\n<li>\ud83d\udcac S\u00e9 educado, tranquilo y profesional en cualquier conversaci\u00f3n.<\/li>\n<li>\ud83e\uddcd\u200d\u2640\ufe0f Mant\u00e9ngase erguido, no se apoye en mesas o paredes y mantenga las manos bien sujetas.<\/li>\n<\/ul>\n<p>-<\/p>\n<h3>\ud83c\udfc1 En conclusi\u00f3n<\/h3>\n<p>Usted trabaja en el <strong>industria del espect\u00e1culo<\/strong> todo es cuesti\u00f3n de experiencia, carisma y energ\u00eda. Un crupier bien cuidado irradia <strong>clase, paz y confianza<\/strong> de.<br \/>\nEso es exactamente lo que aprecian nuestros clientes y por lo que eligen <strong>Compa\u00f1\u00eda Royal Casino<\/strong> elegir.<\/p>\n<p>-<\/p>\n<p><strong>Acu\u00e9rdate:<\/strong> su aspecto es nuestra primera impresi\u00f3n.<br \/>\nSi\u00e9ntete orgulloso, rebosa profesionalidad y demuestra que formas parte del mejor equipo de casinos de los Pa\u00edses Bajos. \u2728<\/p>\n<\/div><div class=\"divider-wrapper\"  >\n    <hr class=\"border-accent-color separator-no-padding\"  \/>\n<\/div>\n<\/div><\/div><\/div><\/div><\/div><\/div><\/div><\/div><\/div><\/div><\/div><\/div><\/div><script id=\"script-row-unique-0\" data-row=\"script-row-unique-0\" type=\"text\/javascript\" class=\"vc_controls\">UNCODE.initRow(document.getElementById(\"row-unique-0\"));<\/script><\/div><\/div><\/div>\n<\/div>","protected":false},"excerpt":{"rendered":"\ud83d\udc8e Uiterlijke verzorging Een verzorgde en representatieve uitstraling is \u00e9\u00e9n van de belangrijkste onderdelen van jouw rol als croupier bij [...]","protected":false},"author":1,"featured_media":69137,"parent":71016,"menu_order":0,"comment_status":"closed","ping_status":"closed","template":"","meta":{"footnotes":""},"class_list":["post-71079","page","type-page","status-publish","has-post-thumbnail","hentry","page_category-personeel-portaal"],"_links":{"self":[{"href":"https:\/\/royalcasinocompany.nl\/es\/wp-json\/wp\/v2\/pages\/71079","targetHints":{"allow":["GET"]}}],"collection":[{"href":"https:\/\/royalcasinocompany.nl\/es\/wp-json\/wp\/v2\/pages"}],"about":[{"href":"https:\/\/royalcasinocompany.nl\/es\/wp-json\/wp\/v2\/types\/page"}],"author":[{"embeddable":true,"href":"https:\/\/royalcasinocompany.nl\/es\/wp-json\/wp\/v2\/users\/1"}],"replies":[{"embeddable":true,"href":"https:\/\/royalcasinocompany.nl\/es\/wp-json\/wp\/v2\/comments?post=71079"}],"version-history":[{"count":8,"href":"https:\/\/royalcasinocompany.nl\/es\/wp-json\/wp\/v2\/pages\/71079\/revisions"}],"predecessor-version":[{"id":71964,"href":"https:\/\/royalcasinocompany.nl\/es\/wp-json\/wp\/v2\/pages\/71079\/revisions\/71964"}],"up":[{"embeddable":true,"href":"https:\/\/royalcasinocompany.nl\/es\/wp-json\/wp\/v2\/pages\/71016"}],"wp:featuredmedia":[{"embeddable":true,"href":"https:\/\/royalcasinocompany.nl\/es\/wp-json\/wp\/v2\/media\/69137"}],"wp:attachment":[{"href":"https:\/\/royalcasinocompany.nl\/es\/wp-json\/wp\/v2\/media?parent=71079"}],"curies":[{"name":"wp","href":"https:\/\/api.w.org\/{rel}","templated":true}]}}