{"id":71082,"date":"2025-10-29T13:31:20","date_gmt":"2025-10-29T12:31:20","guid":{"rendered":"https:\/\/royalcasinocompany.nl\/?page_id=71082"},"modified":"2026-01-15T23:12:48","modified_gmt":"2026-01-15T22:12:48","slug":"kledingvoorschriften","status":"publish","type":"page","link":"https:\/\/royalcasinocompany.nl\/es\/personeel\/kledingvoorschriften\/","title":{"rendered":"C\u00f3digo de vestimenta"},"content":{"rendered":"<div class=\"wpb-content-wrapper\"><div data-parent=\"true\" class=\"vc_row row-container boomapps_vcrow\" id=\"row-unique-0\"><div class=\"row limit-width row-parent\"><div class=\"wpb_row row-inner\"><div class=\"wpb_column pos-top pos-center align_left column_parent col-lg-12 boomapps_vccolumn single-internal-gutter\"><div class=\"uncol style-dark\"  ><div class=\"uncoltable\"><div class=\"uncell  boomapps_vccolumn no-block-padding\" ><div class=\"uncont\" ><div class=\"vc_row row-internal row-container boomapps_vcrow\"><div class=\"row row-child\"><div class=\"wpb_row row-inner\"><div class=\"wpb_column pos-top pos-center align_left column_child col-lg-12 boomapps_vccolumn single-internal-gutter\"><div class=\"uncol style-dark\" ><div class=\"uncoltable\"><div class=\"uncell  boomapps_vccolumn no-block-padding\" ><div class=\"uncont\" ><div class=\"vc_custom_heading_wrap\"><div class=\"heading-text el-text\" ><\/p>\n<h1>\ud83d\udc54 C\u00f3digo de vestimenta<\/h1>\n<p>\n<hr class=\"separator-break separator-accent\" \/><\/div><div class=\"clear\"><\/div><\/div><div class=\"empty-space empty-single\" ><span class=\"empty-space-inner\"><\/span><\/div>\n<div class=\"uncode_text_column\" ><p>Su aspecto y vestimenta determinan en gran medida la impresi\u00f3n que deja en nuestros clientes.<br \/>\nEn\u00a0<strong>Eventos Be Our Guest<\/strong> es sin\u00f3nimo de profesionalidad, estilo y calidad, que se irradian con la ropa y el aseo adecuados.<\/p>\n<p>Nuestra ropa de empresa es m\u00e1s que un atuendo: es un <strong>parte de nuestra imagen de marca<\/strong>.<br \/>\nCon un aspecto pulcro, ordenado y uniforme, demostramos que somos un solo equipo.<br \/>\nLos clientes nos reconocen inmediatamente y conf\u00edan en nuestra profesionalidad.<\/p>\n<p>-<\/p>\n<h3>\ud83c\udfaf Por qu\u00e9 trabajamos con ropa de empresa<\/h3>\n<p>Con nuestra ropa corporativa, creamos reconocibilidad, unidad y confianza; garantiza que todo el mundo tenga un aspecto presentable y contribuye a la percepci\u00f3n positiva de nuestros clientes. Adem\u00e1s, refuerza el esp\u00edritu de equipo: todos son iguales, forman parte de un mismo todo e irradian lo mismo.<\/p>\n<p>Adem\u00e1s, no tienes que pensar en lo que te pones, siempre sabes lo que se espera de ti.<br \/>\nUn aspecto cuidado y una vestimenta adecuada forman parte de la tarjeta de visita de <strong>Eventos Be Our Guest<\/strong>.<\/p>\n<p>-<\/p>\n<h3>\ud83d\ude9a Durante el montaje y desmontaje<\/h3>\n<p>Durante la carga, el montaje y el desmontaje, puede ir c\u00f3modamente vestido pero presentable.<br \/>\nAl fin y al cabo, usted sigue siendo la cara de la empresa, incluso cuando est\u00e1 ocupado con el trabajo pr\u00e1ctico.<\/p>\n<p><strong>Llevar durante el montaje y desmontaje:<\/strong><\/p>\n<ul>\n<li>\ud83d\udc55 <strong>Camiseta Be Our Guest<\/strong>\u00a0<em>(en pr\u00e9stamo)<\/em><\/li>\n<li>\ud83c\udf92 <strong>Guarda tu equipaci\u00f3n en nuestra bolsa de deporte<\/strong> <em>(en pr\u00e9stamo)<\/em><\/li>\n<li>\ud83e\udde5 <strong>Chaqueta Be Our Guest<\/strong> <em>(en pr\u00e9stamo)<\/em><\/li>\n<li>\ud83d\udc56 Vaqueros aseados (sin agujeros ni roturas).<\/li>\n<li>\ud83d\udc5f Zapatillas representativas limpias<\/li>\n<li>\ud83c\udf38 Olor corporal fresco y aspecto cuidado.<\/li>\n<\/ul>\n<p>-<\/p>\n<h3>\ud83c\udfb2 Durante un evento<\/h3>\n<p>Una vez que comience el casino, esperamos que todo el mundo aparezca completamente vestido con el atuendo representativo de crupier.<br \/>\nEn ese momento, usted es la tarjeta de visita de <strong>Compa\u00f1\u00eda Royal Casino<\/strong> Los clientes ver\u00e1n inmediatamente que est\u00e1n tratando con un equipo de casino profesional.<\/p>\n<p><strong>Ponte durante el acto:<\/strong><\/p>\n<ul>\n<li>\ud83d\udda4 Zapatos negros aseados (no zapatillas ni deportivas).<\/li>\n<li>\ud83e\udde6 Calcetines altos negros<\/li>\n<li>\ud83d\udc56 Pantalones negros (no vaqueros ni pantalones azules).<\/li>\n<li>\ud83e\uddcd\u200d\u2642\ufe0f Cintur\u00f3n negro<\/li>\n<li>\ud83e\udd0d Camisa blanca con cuello alto (apta para corbata)<\/li>\n<li>\ud83d\udc9b Corbata de oro <em>(de Royal Casino Company)<\/em><\/li>\n<li>\ud83d\udda4 Chaleco negro <em>(de Royal Casino Company)<\/em><\/li>\n<\/ul>\n<p>-<\/p>\n<h3>\ud83e\uddf3 Ropa de la Royal Casino Company<\/h3>\n<p>Recibir\u00e1 de nosotros los siguientes art\u00edculos, que deber\u00e1 utilizar con cuidado:<\/p>\n<ul>\n<li>\ud83d\udc9b Corbata dorada<\/li>\n<li>\ud83d\udda4 Chaleco negro<\/li>\n<li>\ud83e\udde5 Chaqueta Be Our Guest<\/li>\n<li>\ud83d\udc55 Sudadera con capucha Be Our Guest<\/li>\n<\/ul>\n<p>Usted tomar\u00e1 estos art\u00edculos del almac\u00e9n para cada trabajo y los traer\u00e1 de vuelta despu\u00e9s de su finalizaci\u00f3n <strong>ordenado y limpio<\/strong> en el lugar correcto.<br \/>\nLas p\u00e9rdidas o da\u00f1os deben notificarse inmediatamente en la aplicaci\u00f3n del grupo de asignaci\u00f3n.<\/p>\n<p>-<\/p>\n<h3>\ud83d\udcb6 Dep\u00f3sito y pr\u00e9stamo<\/h3>\n<p>Los siguientes elementos se encuentran en <strong>pr\u00e9stamo<\/strong> y seguir\u00e1n siendo propiedad de la empresa:<\/p>\n<ul>\n<li>\ud83d\udc55 <strong>Camisetas Be Our Guest<\/strong><\/li>\n<li>\ud83d\udc55<strong> Sudadera Be Our Guest<\/strong><\/li>\n<li>\ud83c\udf92 <strong>Bolsa Royal Casino<br \/>\n<\/strong><\/li>\n<li>\ud83e\udde5 <strong>Chaqueta Be Our Guest<\/strong><\/li>\n<\/ul>\n<p>Para ello, se paga un <strong>dep\u00f3sito \u00fanico de 25 euros<\/strong>.<br \/>\nSi devuelve estos art\u00edculos en las mismas condiciones, obtendr\u00e1 un reembolso completo.<\/p>\n<p><strong>Dep\u00f3sito transferido a:<\/strong><br \/>\nIBAN: <strong>NL93 RABO 0125 8363 84<\/strong><br \/>\nAttn. <strong>Creative Entertainment Group B.V.<\/strong><br \/>\nO.v.v. <em>Paquete de ropa corporativa Borg Be Our Guest\u00a0<\/em><\/p>\n<p>-<\/p>\n<h3>\ud83d\udecd\ufe0f Comprar su propia ropa<\/h3>\n<p>De las dem\u00e1s prendas te encargas t\u00fa.<br \/>\nAseg\u00farate de que todo est\u00e9 siempre limpio, planchado y ordenado. A continuaci\u00f3n se indican algunos <strong>tiendas recomendadas<\/strong> donde encontrar\u00e1 ropa de trabajo de calidad y con estilo:<\/p>\n<ul>\n<li>\ud83d\udda4 <strong>NOSOTROS<\/strong> - profesional, asequible y representativo<\/li>\n<li>\ud83e\udd0d <strong>H&amp;M<\/strong> - moderno, asequible y ordenado<\/li>\n<li>\ud83d\udc8e <strong>Cavallaro (Laren)<\/strong> - camisas de alta calidad<\/li>\n<\/ul>\n<p>Una buena camisa de Cavallaro cuesta una media de 95 euros, pero se mantendr\u00e1 bonita tras un uso frecuente y lucir\u00e1 elegante y profesional en cualquier evento.<\/p>\n<p>-<\/p>\n<h3>\u2728 Cuidados f\u00edsicos<\/h3>\n<p>Adem\u00e1s de la ropa, el cuidado personal es igual de importante.<br \/>\nUn aspecto bien cuidado irradia respeto a compa\u00f1eros e invitados. Tenga en cuenta los siguientes puntos:<\/p>\n<ul>\n<li>\ud83e\uddf4 Usa desodorante y un perfume fresco.<\/li>\n<li>\ud83e\uddfc Aseg\u00farate de que tu ropa est\u00e1 limpia, planchada y huele a fresco.<\/li>\n<li>\ud83e\ude9e Pelo bien peinado (sin gorra, sombrero o capucha).<\/li>\n<li>\ud83e\uddd4 Barba cuidada y bien recortada.<\/li>\n<li>\ud83d\udc85 U\u00f1as y manos cuidadas.<\/li>\n<li>\ud83e\uddb7 Aliento fresco y dientes limpios.<\/li>\n<\/ul>\n<p>-<\/p>\n<h3>\ud83d\udeab No permitido<\/h3>\n<ul>\n<li>\u274c Sombreros, gorras o sudaderas con capucha<\/li>\n<li>\u274c Pantalones de entrenamiento o de ch\u00e1ndal.<\/li>\n<li>\u274c Ropa descuidada, descolorida o rota.<\/li>\n<li>\u274c Perfume o aftershave excesivos.<\/li>\n<li>\u274c Aspecto descuidado (pelo, manos, ropa, zapatos).<\/li>\n<\/ul>\n<p>-<\/p>\n<h3>\ud83c\udfc1 En conclusi\u00f3n<\/h3>\n<p>Aseg\u00farese de estar siempre presente <strong>cuidada, elegante y profesional<\/strong> tanto durante el montaje como durante el propio acto.<br \/>\nUsted es el rostro de <strong>Eventos Be Our Guest<\/strong>, y la experiencia de nuestros hu\u00e9spedes comienza con su aspecto.<br \/>\nCuando te ves bien, todo el equipo lo irradia. \u2728<\/p>\n<\/div><div class=\"divider-wrapper\"  >\n    <hr class=\"border-accent-color separator-no-padding\"  \/>\n<\/div>\n<\/div><\/div><\/div><\/div><\/div><\/div><\/div><\/div><\/div><\/div><\/div><\/div><\/div><script id=\"script-row-unique-0\" data-row=\"script-row-unique-0\" type=\"text\/javascript\" class=\"vc_controls\">UNCODE.initRow(document.getElementById(\"row-unique-0\"));<\/script><\/div><\/div><\/div>\n<\/div>","protected":false},"excerpt":{"rendered":"\ud83d\udc54 Kledingvoorschriften &amp; Dresscode Jouw uiterlijk en kleding bepalen voor een groot deel de indruk die je achterlaat bij onze [...]","protected":false},"author":1,"featured_media":68399,"parent":71016,"menu_order":0,"comment_status":"closed","ping_status":"closed","template":"","meta":{"footnotes":""},"class_list":["post-71082","page","type-page","status-publish","has-post-thumbnail","hentry","page_category-personeel-portaal"],"_links":{"self":[{"href":"https:\/\/royalcasinocompany.nl\/es\/wp-json\/wp\/v2\/pages\/71082","targetHints":{"allow":["GET"]}}],"collection":[{"href":"https:\/\/royalcasinocompany.nl\/es\/wp-json\/wp\/v2\/pages"}],"about":[{"href":"https:\/\/royalcasinocompany.nl\/es\/wp-json\/wp\/v2\/types\/page"}],"author":[{"embeddable":true,"href":"https:\/\/royalcasinocompany.nl\/es\/wp-json\/wp\/v2\/users\/1"}],"replies":[{"embeddable":true,"href":"https:\/\/royalcasinocompany.nl\/es\/wp-json\/wp\/v2\/comments?post=71082"}],"version-history":[{"count":7,"href":"https:\/\/royalcasinocompany.nl\/es\/wp-json\/wp\/v2\/pages\/71082\/revisions"}],"predecessor-version":[{"id":71939,"href":"https:\/\/royalcasinocompany.nl\/es\/wp-json\/wp\/v2\/pages\/71082\/revisions\/71939"}],"up":[{"embeddable":true,"href":"https:\/\/royalcasinocompany.nl\/es\/wp-json\/wp\/v2\/pages\/71016"}],"wp:featuredmedia":[{"embeddable":true,"href":"https:\/\/royalcasinocompany.nl\/es\/wp-json\/wp\/v2\/media\/68399"}],"wp:attachment":[{"href":"https:\/\/royalcasinocompany.nl\/es\/wp-json\/wp\/v2\/media?parent=71082"}],"curies":[{"name":"wp","href":"https:\/\/api.w.org\/{rel}","templated":true}]}}