{"id":71087,"date":"2025-10-29T13:39:35","date_gmt":"2025-10-29T12:39:35","guid":{"rendered":"https:\/\/royalcasinocompany.nl\/?page_id=71087"},"modified":"2026-01-15T22:50:51","modified_gmt":"2026-01-15T21:50:51","slug":"bonusregeling","status":"publish","type":"page","link":"https:\/\/royalcasinocompany.nl\/es\/personeel\/bonusregeling\/","title":{"rendered":"Sistema de primas"},"content":{"rendered":"<div class=\"wpb-content-wrapper\"><div data-parent=\"true\" class=\"vc_row row-container boomapps_vcrow\" id=\"row-unique-0\"><div class=\"row limit-width row-parent\"><div class=\"wpb_row row-inner\"><div class=\"wpb_column pos-top pos-left align_left column_parent col-lg-12 boomapps_vccolumn single-internal-gutter\"><div class=\"uncol style-dark\"  ><div class=\"uncoltable\"><div class=\"uncell  boomapps_vccolumn\" ><div class=\"uncont no-block-padding col-custom-width\" style=\" max-width:60%;\" ><div class=\"vc_row row-internal row-container boomapps_vcrow\"><div class=\"row row-child\"><div class=\"wpb_row row-inner\"><div class=\"wpb_column pos-top pos-center align_left column_child col-lg-12 boomapps_vccolumn single-internal-gutter\"><div class=\"uncol style-dark\" ><div class=\"uncoltable\"><div class=\"uncell  boomapps_vccolumn no-block-padding\" ><div class=\"uncont\" ><div class=\"vc_custom_heading_wrap\"><div class=\"heading-text el-text\" ><\/p>\n<h1>\ud83c\udfaf Sistema de bonificaciones<\/h1>\n<p>\n<hr class=\"separator-break separator-accent\" \/><\/div><div class=\"clear\"><\/div><\/div><div class=\"empty-space empty-single\" ><span class=\"empty-space-inner\"><\/span><\/div>\n<div class=\"uncode_text_column\" ><\/p>\n<div class=\"rcc-portal\">\n<p>En <strong>Compa\u00f1\u00eda Royal Casino<\/strong> apreciamos a los empleados que se comprometen activamente con la empresa y ayudan a nuestro equipo a crecer. Por ello, adem\u00e1s de tu salario habitual, puedes ganar primas adicionales por <strong>iniciativa, compromiso y lealtad<\/strong>.<\/p>\n<p>Con nuestro sistema de bonificaciones, pretendemos recompensar a los compa\u00f1eros que contribuyen al \u00e9xito del equipo, ya sea incorporando nuevos crupieres o consiguiendo nuevos encargos.<\/p>\n<p>-<\/p>\n<div class=\"rcc-grid\">\n<div class=\"rcc-card\">\n<h4><span class=\"rcc-emoji\">\ud83c\udccf<\/span>Aplicar nuevo crupier<\/h4>\n<p><strong>Recompensa:<\/strong> 200 euros netos<\/p>\n<p>\u00bfTrae a un nuevo compa\u00f1ero que llega a tener \u00e9xito dentro del equipo? Entonces recibir\u00e1 una bonificaci\u00f3n por sus esfuerzos.<\/p>\n<p><strong>Condiciones:<\/strong><\/p>\n<ul class=\"rcc-bullets\">\n<li>El nuevo crupier ha trabajado un m\u00ednimo de cinco veces en Royal Casino Company.<\/li>\n<li>Usted facilita sus datos de contacto <strong>antes de<\/strong> la aplicaci\u00f3n.<\/li>\n<li>Los informes posteriores no pueden optar a la bonificaci\u00f3n.<\/li>\n<li>Usted mismo solicita la recompensa una vez cumplidas las condiciones.<\/li>\n<\/ul>\n<p>-<\/p>\n<\/div>\n<div class=\"rcc-card\">\n<h4><span class=\"rcc-emoji\">\ud83c\udfb0<\/span>Aplicar nueva orden de casino<\/h4>\n<p><strong>Recompensa:<\/strong> 100 euros netos<\/p>\n<p>\u00bfAportas un nuevo cliente o evento? Entonces te lo agradecemos con una bonificaci\u00f3n extra.<\/p>\n<p><strong>Condiciones:<\/strong><\/p>\n<ul class=\"rcc-bullets\">\n<li>El pedido tiene un volumen de negocios m\u00ednimo de <strong>1.000,- euros sin IVA<\/strong>.<\/li>\n<li>La reserva contiene al menos <strong>2 mesas de juego<\/strong>.<\/li>\n<li>Usted ha transmitido los datos del cliente <strong>antes de<\/strong> el propio cliente solicita un presupuesto.<\/li>\n<\/ul>\n<p>-<\/p>\n<\/div>\n<\/div>\n<h3>\u00bfPor qu\u00e9 este sistema de bonificaciones?<\/h3>\n<p>Nuestro sistema de primas est\u00e1 dise\u00f1ado para <strong>recompensar la iniciativa<\/strong>.<br \/>\nNos enorgullecemos de contar con colegas que piensan en el futuro, ven oportunidades y ayudan a Royal Casino Company a seguir creciendo.<\/p>\n<p>\u00bfAyudar\u00e1 a incorporar nuevos colegas o clientes?<br \/>\nEntonces nos gusta mostrar nuestro agradecimiento no s\u00f3lo con palabras, sino tambi\u00e9n con una recompensa econ\u00f3mica.<\/p>\n<p><strong>Gracias a su esfuerzo, \u00a1juntos marcamos la diferencia!<\/strong><\/p>\n<\/div>\n<p>\n<\/div><div class=\"divider-wrapper\"  >\n    <hr class=\"border-accent-color separator-no-padding\"  \/>\n<\/div>\n<\/div><\/div><\/div><\/div><\/div><\/div><\/div><\/div><\/div><\/div><\/div><\/div><\/div><script id=\"script-row-unique-0\" data-row=\"script-row-unique-0\" type=\"text\/javascript\" class=\"vc_controls\">UNCODE.initRow(document.getElementById(\"row-unique-0\"));<\/script><\/div><\/div><\/div>\n<\/div>","protected":false},"excerpt":{"rendered":"\ud83c\udfaf Bonusregeling Bij Royal Casino Company waarderen we medewerkers die zich actief inzetten voor het bedrijf en ons team helpen [...]","protected":false},"author":1,"featured_media":69859,"parent":71016,"menu_order":0,"comment_status":"closed","ping_status":"closed","template":"","meta":{"footnotes":""},"class_list":["post-71087","page","type-page","status-publish","has-post-thumbnail","hentry","page_category-personeel-portaal"],"_links":{"self":[{"href":"https:\/\/royalcasinocompany.nl\/es\/wp-json\/wp\/v2\/pages\/71087","targetHints":{"allow":["GET"]}}],"collection":[{"href":"https:\/\/royalcasinocompany.nl\/es\/wp-json\/wp\/v2\/pages"}],"about":[{"href":"https:\/\/royalcasinocompany.nl\/es\/wp-json\/wp\/v2\/types\/page"}],"author":[{"embeddable":true,"href":"https:\/\/royalcasinocompany.nl\/es\/wp-json\/wp\/v2\/users\/1"}],"replies":[{"embeddable":true,"href":"https:\/\/royalcasinocompany.nl\/es\/wp-json\/wp\/v2\/comments?post=71087"}],"version-history":[{"count":8,"href":"https:\/\/royalcasinocompany.nl\/es\/wp-json\/wp\/v2\/pages\/71087\/revisions"}],"predecessor-version":[{"id":71927,"href":"https:\/\/royalcasinocompany.nl\/es\/wp-json\/wp\/v2\/pages\/71087\/revisions\/71927"}],"up":[{"embeddable":true,"href":"https:\/\/royalcasinocompany.nl\/es\/wp-json\/wp\/v2\/pages\/71016"}],"wp:featuredmedia":[{"embeddable":true,"href":"https:\/\/royalcasinocompany.nl\/es\/wp-json\/wp\/v2\/media\/69859"}],"wp:attachment":[{"href":"https:\/\/royalcasinocompany.nl\/es\/wp-json\/wp\/v2\/media?parent=71087"}],"curies":[{"name":"wp","href":"https:\/\/api.w.org\/{rel}","templated":true}]}}