{"id":71090,"date":"2025-10-29T13:44:37","date_gmt":"2025-10-29T12:44:37","guid":{"rendered":"https:\/\/royalcasinocompany.nl\/?page_id=71090"},"modified":"2026-01-15T22:58:11","modified_gmt":"2026-01-15T21:58:11","slug":"collegialiteit","status":"publish","type":"page","link":"https:\/\/royalcasinocompany.nl\/es\/personeel\/collegialiteit\/","title":{"rendered":"Colegialidad"},"content":{"rendered":"<div class=\"wpb-content-wrapper\"><div data-parent=\"true\" class=\"vc_row row-container boomapps_vcrow\" id=\"row-unique-0\"><div class=\"row limit-width row-parent\"><div class=\"wpb_row row-inner\"><div class=\"wpb_column pos-top pos-left align_left column_parent col-lg-12 boomapps_vccolumn single-internal-gutter\"><div class=\"uncol style-dark\"  ><div class=\"uncoltable\"><div class=\"uncell  boomapps_vccolumn no-block-padding\" ><div class=\"uncont\" ><div class=\"vc_row row-internal row-container boomapps_vcrow\"><div class=\"row row-child\"><div class=\"wpb_row row-inner\"><div class=\"wpb_column pos-top pos-center align_left column_child col-lg-12 boomapps_vccolumn single-internal-gutter\"><div class=\"uncol style-dark\" ><div class=\"uncoltable\"><div class=\"uncell  boomapps_vccolumn no-block-padding\" ><div class=\"uncont\" ><div class=\"vc_custom_heading_wrap\"><div class=\"heading-text el-text\" ><\/p>\n<h1>\ud83e\udd1d Colegialidad<\/h1>\n<p>\n<hr class=\"separator-break separator-accent\" \/><\/div><div class=\"clear\"><\/div><\/div><div class=\"empty-space empty-single\" ><span class=\"empty-space-inner\"><\/span><\/div>\n<div class=\"uncode_text_column\" ><\/p>\n<h2>Cooperaci\u00f3n y esp\u00edritu de equipo<\/h2>\n<p>En <strong>Compa\u00f1\u00eda Royal Casino<\/strong> se basa en la colaboraci\u00f3n. Trabajamos <strong>juntos<\/strong>, no <strong>uno al lado del otro<\/strong>.<br \/>\nSolo si pensamos, actuamos y nos comunicamos como un solo equipo podremos conseguir que cada trabajo sea un \u00e9xito.<\/p>\n<p>Trabajas en la Royal Casino Company porque eres un <strong>jugador de equipo<\/strong> es alguien que entiende que un buen ambiente, una comunicaci\u00f3n clara y el apoyo mutuo marcan la diferencia entre una buena velada y un acontecimiento inolvidable.<\/p>\n<p>-<\/p>\n<h3>\ud83d\udcac Qu\u00e9 significa para nosotros la colegialidad<\/h3>\n<p>La colegialidad es algo m\u00e1s que ser amable con los dem\u00e1s.<br \/>\nSignifica que <strong>ayudarse, apoyarse y dirigirse los unos a los otros<\/strong> cuando sea necesario.<br \/>\nTodo el mundo comete un error o tiene un d\u00eda malo de vez en cuando, y eso no es malo.<br \/>\nSe trata de c\u00f3mo lo afrontamos: no condenando, sino ayudando y mejorando juntos.<\/p>\n<p>Puede reconocer a un equipo profesional por los compa\u00f1eros que:<\/p>\n<ul>\n<li>\ud83e\udd1d Ayudarnos unos a otros sin que nos lo pidan.<\/li>\n<li>\ud83d\udde3\ufe0f Atr\u00e9vete a dirigirte a los dem\u00e1s y a mejorar respetuosamente.<\/li>\n<li>\ud83d\udc42 Escucharse unos a otros y estar abiertos a los comentarios.<\/li>\n<li>\ud83d\udcaa Hacer algo extra para aliviar al equipo.<\/li>\n<li>\ud83d\udd25 Motivarse mutuamente cuando las cosas se ponen dif\u00edciles.<\/li>\n<li>\ud83c\udfc6 Enorgullecerse juntos de un buen resultado.<\/li>\n<li>\ud83d\udcac Atreverse a ser cr\u00edtico, pero siempre con respeto.<\/li>\n<li>\ud83d\udd17 Comun\u00edcate de forma clara, honesta y directa.<\/li>\n<\/ul>\n<p>-<\/p>\n<h3>\ud83d\udc65 Juntos responsables<\/h3>\n<p>Cada trabajo que hacemos, lo hacemos como <strong>un equipo<\/strong>.<br \/>\nEl cliente no nos ve como croupiers separados, sino como una unidad - <strong>Compa\u00f1\u00eda Royal Casino<\/strong>.<br \/>\nSi una persona no hace bien su trabajo, afecta a todo el grupo.<br \/>\nPor tanto, cada uno asume su responsabilidad: por s\u00ed mismo, por el material y por los dem\u00e1s.<\/p>\n<p>\u00bfAlgo va mal? No hay problema, eso puede ocurrir.<br \/>\nLo que importa es que lo reconozcas, aprendas de ello y te asegures de que no vuelva a ocurrir.<br \/>\nLos que est\u00e1n abiertos a recibir comentarios y a mejorar son los que crecen m\u00e1s r\u00e1pido y pertenecen de verdad a nuestro equipo.<\/p>\n<p>-<\/p>\n<h3>Nuestra visi\u00f3n<\/h3>\n<p>Creemos que un buen ambiente de equipo empieza por <strong>respeto, honestidad y humor<\/strong>.<br \/>\nQueremos compa\u00f1eros que trabajen con seriedad, conf\u00eden los unos en los otros y luchen juntos por la calidad.<br \/>\nCompa\u00f1eros que piensan no s\u00f3lo en su propia tarea, sino en toda la experiencia de nuestros hu\u00e9spedes.<\/p>\n<p>-<\/p>\n<h3>Nuestros valores fundamentales<\/h3>\n<p><strong>\ud83e\udd1d Lo hacemos juntos<\/strong><br \/>\nTodos contribuimos al \u00e9xito. Nos ayudamos, apoyamos y complementamos cuando es necesario. Nadie est\u00e1 solo.<\/p>\n<p><strong>Nos comunicamos abiertamente<\/strong><br \/>\nDecimos lo que podr\u00eda ser mejor, pero siempre con respeto. Una comunicaci\u00f3n clara evita malentendidos y garantiza una cooperaci\u00f3n agradable.<\/p>\n<p><strong>\ud83d\udcaa Nos ayudamos mutuamente<\/strong><br \/>\nTanto si hay mucho trabajo como si es un poco duro, como equipo nos apoyamos mutuamente. Juntos marcamos la diferencia.<\/p>\n<p><strong>\ud83c\udfc6 Nos aseguramos de que cada cliente se vaya a casa satisfecho<\/strong><br \/>\nEn \u00faltima instancia, se trata de la experiencia de los hu\u00e9spedes. Como equipo, creamos un ambiente que impresiona y deja recuerdos.<\/p>\n<p>-<\/p>\n<p><strong>Eso es lo que hace fuerte a Royal Casino Company, y por eso usted forma parte de este equipo.<\/strong><br \/>\nJuntos, nos aseguramos de que cada evento se desarrolle sin problemas, con profesionalidad y placer. \ud83d\udcaa\u2728<\/p>\n<\/div><div class=\"divider-wrapper\"  >\n    <hr class=\"border-accent-color separator-no-padding\"  \/>\n<\/div>\n<\/div><\/div><\/div><\/div><\/div><\/div><\/div><\/div><\/div><\/div><\/div><\/div><\/div><script id=\"script-row-unique-0\" data-row=\"script-row-unique-0\" type=\"text\/javascript\" class=\"vc_controls\">UNCODE.initRow(document.getElementById(\"row-unique-0\"));<\/script><\/div><\/div><\/div>\n<\/div>","protected":false},"excerpt":{"rendered":"\ud83e\udd1d Collegialiteit Samenwerking &amp; Teamspirit Bij Royal Casino Company draait alles om samenwerking. We werken met elkaar, niet naast elkaar. [...]","protected":false},"author":1,"featured_media":70351,"parent":71016,"menu_order":0,"comment_status":"closed","ping_status":"closed","template":"","meta":{"footnotes":""},"class_list":["post-71090","page","type-page","status-publish","has-post-thumbnail","hentry","page_category-personeel-portaal"],"_links":{"self":[{"href":"https:\/\/royalcasinocompany.nl\/es\/wp-json\/wp\/v2\/pages\/71090","targetHints":{"allow":["GET"]}}],"collection":[{"href":"https:\/\/royalcasinocompany.nl\/es\/wp-json\/wp\/v2\/pages"}],"about":[{"href":"https:\/\/royalcasinocompany.nl\/es\/wp-json\/wp\/v2\/types\/page"}],"author":[{"embeddable":true,"href":"https:\/\/royalcasinocompany.nl\/es\/wp-json\/wp\/v2\/users\/1"}],"replies":[{"embeddable":true,"href":"https:\/\/royalcasinocompany.nl\/es\/wp-json\/wp\/v2\/comments?post=71090"}],"version-history":[{"count":8,"href":"https:\/\/royalcasinocompany.nl\/es\/wp-json\/wp\/v2\/pages\/71090\/revisions"}],"predecessor-version":[{"id":71931,"href":"https:\/\/royalcasinocompany.nl\/es\/wp-json\/wp\/v2\/pages\/71090\/revisions\/71931"}],"up":[{"embeddable":true,"href":"https:\/\/royalcasinocompany.nl\/es\/wp-json\/wp\/v2\/pages\/71016"}],"wp:featuredmedia":[{"embeddable":true,"href":"https:\/\/royalcasinocompany.nl\/es\/wp-json\/wp\/v2\/media\/70351"}],"wp:attachment":[{"href":"https:\/\/royalcasinocompany.nl\/es\/wp-json\/wp\/v2\/media?parent=71090"}],"curies":[{"name":"wp","href":"https:\/\/api.w.org\/{rel}","templated":true}]}}