{"id":71094,"date":"2025-10-29T13:58:38","date_gmt":"2025-10-29T12:58:38","guid":{"rendered":"https:\/\/royalcasinocompany.nl\/?page_id=71094"},"modified":"2026-01-16T10:54:21","modified_gmt":"2026-01-16T09:54:21","slug":"time-management","status":"publish","type":"page","link":"https:\/\/royalcasinocompany.nl\/es\/personeel\/time-management\/","title":{"rendered":"Gesti\u00f3n del tiempo"},"content":{"rendered":"<div class=\"wpb-content-wrapper\"><div data-parent=\"true\" class=\"vc_row row-container boomapps_vcrow\" id=\"row-unique-0\"><div class=\"row limit-width row-parent\"><div class=\"wpb_row row-inner\"><div class=\"wpb_column pos-top pos-center align_left column_parent col-lg-12 boomapps_vccolumn single-internal-gutter\"><div class=\"uncol style-dark\"  ><div class=\"uncoltable\"><div class=\"uncell  boomapps_vccolumn no-block-padding\" ><div class=\"uncont\" ><div class=\"vc_row row-internal row-container boomapps_vcrow\"><div class=\"row row-child\"><div class=\"wpb_row row-inner\"><div class=\"wpb_column pos-top pos-center align_left column_child col-lg-12 boomapps_vccolumn single-internal-gutter\"><div class=\"uncol style-dark\" ><div class=\"uncoltable\"><div class=\"uncell  boomapps_vccolumn no-block-padding\" ><div class=\"uncont\" ><div class=\"vc_custom_heading_wrap\"><div class=\"heading-text el-text\" ><\/p>\n<h1>\u23f0 Gesti\u00f3n del tiempo<\/h1>\n<p>\n<hr class=\"separator-break separator-accent\" \/><\/div><div class=\"clear\"><\/div><\/div><div class=\"empty-space empty-single\" ><span class=\"empty-space-inner\"><\/span><\/div>\n<div class=\"uncode_text_column\" ><p>Una buena planificaci\u00f3n y un trabajo eficiente son parte importante de su trabajo en <strong>Eventos Be Our Guest<\/strong>.<br \/>\nCada minuto cuenta no porque tengamos prisa, sino porque <strong>estructura y profesionalidad<\/strong> marcando la diferencia entre una tarea ordinaria y una ejecuci\u00f3n perfecta.<\/p>\n<p>Queremos que cada trabajo salga bien, ajustado y a tiempo, sin estr\u00e9s. Eso significa trabajar bien juntos, pensar con antelaci\u00f3n y saber exactamente lo que se espera de usted de principio a fin.<\/p>\n<p>-<\/p>\n<h3>\ud83d\udccb Las nueve fases del trabajo en un casino<\/h3>\n<p>Cada tarea sigue los mismos pasos. En conjunto, forman el viaje de la A a la Z:<\/p>\n<ol>\n<li>\ud83d\ude90 <strong>Cargar el autob\u00fas<\/strong><\/li>\n<li>\ud83d\udee3\ufe0f <strong>Salida<\/strong><\/li>\n<li>\ud83e\udd1d <strong>Conocer y ver la ubicaci\u00f3n<\/strong><\/li>\n<li>\ud83e\uddf1 <strong>Construir<\/strong><\/li>\n<li>\ud83c\udfb2 <strong>El acontecimiento en s\u00ed<\/strong><\/li>\n<li>\ud83c\udfc6 <strong>Entrega de premios<\/strong><\/li>\n<li>\ud83d\udd27 <strong>Eliminaci\u00f3n progresiva<\/strong><\/li>\n<li>\ud83d\udefb <strong>Viaje de ida y vuelta<\/strong><\/li>\n<li>\ud83c\udfed <strong>Descarga del autob\u00fas<\/strong><\/li>\n<\/ol>\n<p>El calendario completo de estas fases se calcula de antemano (en Rentman y en la app del grupo) y figura en el <strong>ficha<\/strong>.<br \/>\nEstos tiempos no son s\u00f3lo orientativos, sino que forman parte del presupuesto y determinan si un trabajo es rentable.<br \/>\nPor lo tanto, es esencial que el equipo se atenga a los horarios previstos y trabaje eficazmente dentro de esos l\u00edmites.<\/p>\n<p>-<\/p>\n<h3>\ud83c\udfaf Por qu\u00e9 es tan importante la gesti\u00f3n del tiempo<\/h3>\n<p>Para cada trabajo, el personal de la oficina prepara un presupuesto que incluye todos los costes: personal, transporte, tiempo de viaje, descuentos, materiales y margen.<br \/>\nCuando un equipo trabaja estructuralmente m\u00e1s tiempo del previsto, los costes aumentan y esto afecta directamente a la rentabilidad de la empresa.<\/p>\n<p>Por lo tanto, esperamos que todos <strong>inteligente, eficiente y con ritmo<\/strong> trabajado.<br \/>\nCada uno es responsable de su propio esfuerzo y del ritmo del equipo.<\/p>\n<ul>\n<li>\u2705 Trabaja con concentraci\u00f3n y no te entretengas innecesariamente.<\/li>\n<li>\u2705 Piensa con antelaci\u00f3n: \u00bfqu\u00e9 puedes preparar u ordenar con antelaci\u00f3n?<\/li>\n<li>\u2705 Ay\u00fadense mutuamente: juntos terminar\u00e1n m\u00e1s r\u00e1pido.<\/li>\n<li>\u2705 Mantenga una visi\u00f3n de conjunto y escuche al supervisor.<\/li>\n<\/ul>\n<p>-<\/p>\n<h3>\ud83d\udcb0 Pago y tiempo de trabajo<\/h3>\n<p>Se le pagar\u00e1 de acuerdo con el <strong>calendario general<\/strong> que figura en la hoja de convocatoria. Este tiempo incluye el tiempo de desplazamiento, montaje y desmontaje, el evento en s\u00ed, el tiempo de espera y las pausas adicionales.<\/p>\n<p>A veces acabas un poco antes y tienes descansos extra, a veces tardas un poco m\u00e1s, eso forma parte del trabajo y al final se arregla solo.<br \/>\nLo importante es mantener la profesionalidad. Trabaja bien y con cuidado, mant\u00e9n la concentraci\u00f3n y comun\u00edcate bien con el supervisor sobre los progresos.<\/p>\n<p>-<\/p>\n<h3>\ud83d\udd52 El tiempo en tus manos<\/h3>\n<p>Despu\u00e9s del acto, el cliente o los invitados pueden invitarle a una copa (sin alcohol) o a una charla social.<br \/>\nEso est\u00e1 bien, pero esta vez cae <strong>fuera del horario de trabajo remunerado<\/strong>. Esperamos que sepas cu\u00e1ndo se realiza el trabajo y que registres tus horas de trabajo honradamente.<\/p>\n<p>-<\/p>\n<h3>\u23f3 Tiempo de trabajo adicional cuando se ampl\u00eda<\/h3>\n<p>Si un cliente decide jugar m\u00e1s tiempo, por supuesto tambi\u00e9n se le pagar\u00e1 por este tiempo extra. A veces, el cliente decide esto la misma noche, lo que requiere cierta improvisaci\u00f3n por parte del equipo. El director lo coordina sobre el terreno.<\/p>\n<p>Para evitar malentendidos, es importante discutir siempre primero los costes adicionales con el cliente. El coste de la ampliaci\u00f3n es de 60 euros, IVA 21% excluido, por hora y crupier. Este tiempo adicional se cobrar\u00e1 al cliente mediante factura despu\u00e9s de la fiesta.<\/p>\n<p>Es importante que el equipo coopere siempre con los deseos del cliente. S\u00f3lo en caso de que exista un motivo justificado se puede tomar la decisi\u00f3n de no seguir jugando. \u00bfTienes preguntas al respecto o dudas sobre tu decisi\u00f3n? Entonces ponte siempre en contacto con Tim o Taltiha a trav\u00e9s de la aplicaci\u00f3n de grupo y discutidlo juntos.<\/p>\n<p>Nunca te quedes m\u00e1s tiempo por iniciativa propia sin consultarlo tanto con el cliente como con Tim o Taltiha. Si lo haces, ese tiempo extra no se te abonar\u00e1.<\/p>\n<p>-<\/p>\n<h3>\ud83d\udeab Sin excusas innecesarias<\/h3>\n<p>Contamos con que todos manejen el tiempo con profesionalidad.<br \/>\nAlgunos retrasos vienen con el trabajo y no son una raz\u00f3n v\u00e1lida para escribir horas extra.<br \/>\nLas siguientes excusas ser\u00e1n <strong>no aceptado<\/strong>:<\/p>\n<ul>\n<li>\u274c Atasco en el camino de vuelta.<\/li>\n<li>\u274c La finalizaci\u00f3n tard\u00f3 m\u00e1s de lo previsto<\/li>\n<li>\u274c El puente estaba abierto<\/li>\n<li>\u274c Recambio de patatas fritas<\/li>\n<li>\u274c El autob\u00fas no va m\u00e1s r\u00e1pido<\/li>\n<li>\u274c Repostaje de autobuses<\/li>\n<\/ul>\n<p>-<\/p>\n<p>Esperamos <strong>honradez, disciplina y perspicacia<\/strong>.<br \/>\nLos que planifican bien su trabajo, trabajan con concentraci\u00f3n y colaboran en equipo terminar\u00e1n a tiempo y dejar\u00e1n una impresi\u00f3n profesional tanto en el cliente como en la oficina.<\/p>\n<p>-<\/p>\n<h3>\ud83c\udfc6 Trabajar con inteligencia y eficacia<\/h3>\n<p>Una buena gesti\u00f3n del tiempo no es cuesti\u00f3n de velocidad, sino de <strong>organizaci\u00f3n y cooperaci\u00f3n<\/strong>.<br \/>\nEl objetivo es ejecutarlo todo con pulcritud, impecabilidad y calma en el tiempo disponible.<br \/>\nUtiliza tu mente, mant\u00e9n la calma y trabaja de forma estructurada.<\/p>\n<ul>\n<li>\ud83d\udd39 Prep\u00e1rate bien lee la hoja de convocatorias antes de salir.<\/li>\n<li>\ud83d\udd39 Trabaja concentrado y sin distracciones.<\/li>\n<li>\ud83d\udd39 Mant\u00e9n el ritmo, pero trabaja con cuidado.<\/li>\n<li>\ud83d\udd39 Evita la duplicaci\u00f3n: piensa en el futuro.<\/li>\n<li>\ud83d\udd39 Trabajar juntos, ayudarse mutuamente y comunicarse con claridad.<\/li>\n<\/ul>\n<p>-<\/p>\n<h3>\ud83d\udcd8 Resumen<\/h3>\n<ul>\n<li>\ud83e\udde9 La gesti\u00f3n del tiempo es un trabajo en equipo.<\/li>\n<li>\u23f1\ufe0f Respetar el horario de la hoja de llamadas.<\/li>\n<li>\u2699\ufe0f Trabaje de forma estructurada, r\u00e1pida y cuidadosa.<\/li>\n<li>\ud83d\udcac Comunicarse con claridad y trabajar en equipo.<\/li>\n<li>\ud83c\udfaf Aseg\u00farate de que cada trabajo se haga a tiempo, profesionalmente y con gusto.<\/li>\n<\/ul>\n<p>-<\/p>\n<p><strong>Los que gestionan bien su tiempo trabajan con m\u00e1s calma, rinden mejor y desprenden profesionalidad.<\/strong><br \/>\nEn <strong>Eventos Be Our Guest<\/strong>\u00a0se aplica: <em>el tiempo no es para llenarlo, sino para utilizarlo de forma inteligente.<\/em> \ud83d\udd52\ud83d\udc8e<\/p>\n<\/div><div class=\"divider-wrapper\"  >\n    <hr class=\"border-accent-color separator-no-padding\"  \/>\n<\/div>\n<\/div><\/div><\/div><\/div><\/div><\/div><\/div><\/div><\/div><\/div><\/div><\/div><\/div><script id=\"script-row-unique-0\" data-row=\"script-row-unique-0\" type=\"text\/javascript\" class=\"vc_controls\">UNCODE.initRow(document.getElementById(\"row-unique-0\"));<\/script><\/div><\/div><\/div>\n<\/div>","protected":false},"excerpt":{"rendered":"\u23f0 Time Management Goede planning en effici\u00ebnt werken zijn een belangrijk onderdeel van jouw werk bij Be Our Guest Events. [...]","protected":false},"author":1,"featured_media":69007,"parent":71016,"menu_order":0,"comment_status":"closed","ping_status":"closed","template":"","meta":{"footnotes":""},"class_list":["post-71094","page","type-page","status-publish","has-post-thumbnail","hentry","page_category-personeel-portaal"],"_links":{"self":[{"href":"https:\/\/royalcasinocompany.nl\/es\/wp-json\/wp\/v2\/pages\/71094","targetHints":{"allow":["GET"]}}],"collection":[{"href":"https:\/\/royalcasinocompany.nl\/es\/wp-json\/wp\/v2\/pages"}],"about":[{"href":"https:\/\/royalcasinocompany.nl\/es\/wp-json\/wp\/v2\/types\/page"}],"author":[{"embeddable":true,"href":"https:\/\/royalcasinocompany.nl\/es\/wp-json\/wp\/v2\/users\/1"}],"replies":[{"embeddable":true,"href":"https:\/\/royalcasinocompany.nl\/es\/wp-json\/wp\/v2\/comments?post=71094"}],"version-history":[{"count":6,"href":"https:\/\/royalcasinocompany.nl\/es\/wp-json\/wp\/v2\/pages\/71094\/revisions"}],"predecessor-version":[{"id":71962,"href":"https:\/\/royalcasinocompany.nl\/es\/wp-json\/wp\/v2\/pages\/71094\/revisions\/71962"}],"up":[{"embeddable":true,"href":"https:\/\/royalcasinocompany.nl\/es\/wp-json\/wp\/v2\/pages\/71016"}],"wp:featuredmedia":[{"embeddable":true,"href":"https:\/\/royalcasinocompany.nl\/es\/wp-json\/wp\/v2\/media\/69007"}],"wp:attachment":[{"href":"https:\/\/royalcasinocompany.nl\/es\/wp-json\/wp\/v2\/media?parent=71094"}],"curies":[{"name":"wp","href":"https:\/\/api.w.org\/{rel}","templated":true}]}}