{"id":71097,"date":"2025-10-29T14:02:31","date_gmt":"2025-10-29T13:02:31","guid":{"rendered":"https:\/\/royalcasinocompany.nl\/?page_id=71097"},"modified":"2025-11-11T10:42:30","modified_gmt":"2025-11-11T09:42:30","slug":"werken-in-de-entertainmentbranche","status":"publish","type":"page","link":"https:\/\/royalcasinocompany.nl\/es\/personeel\/werken-in-de-entertainmentbranche\/","title":{"rendered":"Trabajar en la industria del entretenimiento"},"content":{"rendered":"<div class=\"wpb-content-wrapper\"><div data-parent=\"true\" class=\"vc_row row-container boomapps_vcrow\" id=\"row-unique-0\"><div class=\"row limit-width row-parent\"><div class=\"wpb_row row-inner\"><div class=\"wpb_column pos-top pos-left align_left column_parent col-lg-12 boomapps_vccolumn single-internal-gutter\"><div class=\"uncol style-dark\"  ><div class=\"uncoltable\"><div class=\"uncell  boomapps_vccolumn no-block-padding\" ><div class=\"uncont\" ><div class=\"vc_row row-internal row-container boomapps_vcrow\"><div class=\"row row-child\"><div class=\"wpb_row row-inner\"><div class=\"wpb_column pos-top pos-center align_left column_child col-lg-12 boomapps_vccolumn single-internal-gutter\"><div class=\"uncol style-dark\" ><div class=\"uncoltable\"><div class=\"uncell  boomapps_vccolumn no-block-padding\" ><div class=\"uncont\" ><div class=\"vc_custom_heading_wrap\"><div class=\"heading-text el-text\" ><\/p>\n<h1>Trabajar en la industria del entretenimiento<\/h1>\n<p>\n<hr class=\"separator-break separator-accent\" \/><\/div><div class=\"clear\"><\/div><\/div><div class=\"empty-space empty-single\" ><span class=\"empty-space-inner\"><\/span><\/div>\n<div class=\"uncode_text_column\" ><\/p>\n<div class=\"rcc-portal\">\n<h2>Cooperaci\u00f3n y esp\u00edritu de equipo<\/h2>\n<p>En <strong>Compa\u00f1\u00eda Royal Casino<\/strong> se basa en la colaboraci\u00f3n.<br \/>\nTrabajamos <strong>juntos<\/strong>, no <strong>uno al lado del otro<\/strong>. Solo juntos podemos hacer que cada trabajo sea un \u00e9xito.<\/p>\n<p>Trabajas en la Royal Casino Company porque eres un <strong>jugador de equipo<\/strong> es alguien que entiende que un buen ambiente, la comunicaci\u00f3n y la cooperaci\u00f3n marcan la diferencia entre una buena velada y un evento inolvidable.<\/p>\n<h3>Qu\u00e9 significa para nosotros la colegialidad<\/h3>\n<p>La colegialidad es algo m\u00e1s que ser amable con los dem\u00e1s. Significa que <strong>ayudarse, apoyarse y dirigirse los unos a los otros<\/strong> cuando sea necesario.<br \/>\nTodo el mundo comete un error o tiene un d\u00eda malo de vez en cuando, y eso no es malo.<br \/>\nSe trata de no juzgarnos unos a otros, sino de ayudarnos y mejorar juntos.<\/p>\n<p>Puede reconocer a un equipo profesional por los compa\u00f1eros que:<\/p>\n<ul class=\"rcc-bullets\">\n<li>Ayudarse mutuamente sin que nadie se lo pida.<\/li>\n<li>Atreverse a dirigirse y mejorarse mutuamente con respeto.<\/li>\n<li>Escucharse unos a otros y estar abiertos a los comentarios.<\/li>\n<li>Hacer algo extra para aliviar al equipo.<\/li>\n<li>Motivarse mutuamente en tiempos dif\u00edciles.<\/li>\n<li>Enorgullecerse juntos de un buen resultado.<\/li>\n<li>Atreverse a ser cr\u00edtico, pero siempre con respeto.<\/li>\n<li>Comunicar con claridad y honestidad.<\/li>\n<\/ul>\n<h3>Juntos responsables<\/h3>\n<p>Cada trabajo que hacemos, lo hacemos como <strong>un equipo<\/strong>.<br \/>\nEl cliente no nos ve como crupieres separados, sino como una sola entidad: <strong>Compa\u00f1\u00eda Royal Casino<\/strong>.<br \/>\nSi una persona no hace bien su trabajo, afecta a todo el grupo.<br \/>\nPor eso cada uno asume su responsabilidad, por s\u00ed mismo y por el equipo.<\/p>\n<p>\u00bfAlgo va mal? No hay ning\u00fan problema.<br \/>\nLo importante es reconocerlo, aprender de ello y asegurarse de que no vuelva a ocurrir.<br \/>\nLos que est\u00e1n abiertos a mejorar son los que crecen m\u00e1s r\u00e1pido y pertenecen realmente a nuestro equipo.<\/p>\n<h3>El poder del trabajo en equipo<\/h3>\n<p>Una velada de \u00e9xito nunca es el resultado de una sola persona, sino de <strong>trabajo en equipo<\/strong>.<br \/>\nJunto con tus compa\u00f1eros y el director, form\u00e1is una unidad: profesionales, en\u00e9rgicos y entusiastas.<br \/>\nLos invitados sienten que te diviertes, y eso marca la diferencia.<\/p>\n<div class=\"rcc-grid\">\n<div class=\"rcc-card\">\n<h4><span class=\"rcc-emoji\">\ud83e\udd1d<\/span>Lo hacemos juntos<\/h4>\n<p>Todos contribuimos al \u00e9xito. Nos ayudamos, apoyamos y complementamos cuando es necesario. Nadie est\u00e1 solo.<\/p>\n<\/div>\n<div class=\"rcc-card\">\n<h4><span class=\"rcc-emoji\">\ud83d\udcac<\/span>Nos comunicamos abiertamente<\/h4>\n<p>Decimos lo que podr\u00eda ser mejor, pero siempre con respeto. Una comunicaci\u00f3n clara evita malentendidos y garantiza un buen ambiente de trabajo.<\/p>\n<\/div>\n<div class=\"rcc-card\">\n<h4><span class=\"rcc-emoji\">\ud83d\udcaa<\/span>Nos ayudamos mutuamente<\/h4>\n<p>Tanto si las cosas est\u00e1n ajetreadas como si son un poco dif\u00edciles como equipo, estamos ah\u00ed los unos para los otros. Juntos marcamos la diferencia.<\/p>\n<\/div>\n<div class=\"rcc-card\">\n<h4><span class=\"rcc-emoji\">\ud83c\udfc6<\/span>Nos aseguramos de que todos los clientes vuelvan a casa satisfechos<\/h4>\n<p>En \u00faltima instancia, se trata de la experiencia de los clientes. Como equipo, creamos un ambiente que impresiona y perdura.<\/p>\n<\/div>\n<div class=\"rcc-card\">\n<h4><span class=\"rcc-emoji\">\u2b50<\/span>Estamos orgullosos de nuestro trabajo<\/h4>\n<p>Lo hacemos con pasi\u00f3n, respeto y diversi\u00f3n. Todos los que dan lo mejor de s\u00ed mismos contribuyen al \u00e9xito de Royal Casino Company.<\/p>\n<\/div>\n<\/div>\n<h3>Nuestra visi\u00f3n<\/h3>\n<p>Creemos que un ambiente de trabajo agradable empieza por <strong>respeto, honestidad y humor<\/strong>.<br \/>\nQueremos compa\u00f1eros que trabajen con seriedad, conf\u00eden los unos en los otros y luchen juntos por la calidad.<br \/>\nColegas que piensan no s\u00f3lo en su propia tarea, sino en el conjunto.<\/p>\n<h3>Resumen<\/h3>\n<p>La colaboraci\u00f3n es la base de todo lo que hacemos.<br \/>\nConfiamos los unos en los otros, nos apoyamos y celebramos juntos los \u00e9xitos.<br \/>\nComo equipo, no s\u00f3lo creamos una noche de casino, sino que creamos un <strong>experiencia<\/strong> nunca olvidar\u00e9 a esos tipos.<\/p>\n<p>Eso es lo que <strong>Compa\u00f1\u00eda Royal Casino<\/strong> fuerte y por eso formas parte de este equipo. \ud83d\udcab<\/p>\n<\/div>\n<p>\n<\/div><\/div><\/div><\/div><\/div><\/div><\/div><\/div><\/div><\/div><\/div><\/div><\/div><\/div><script id=\"script-row-unique-0\" data-row=\"script-row-unique-0\" type=\"text\/javascript\" class=\"vc_controls\">UNCODE.initRow(document.getElementById(\"row-unique-0\"));<\/script><\/div><\/div><\/div>\n<\/div>","protected":false},"excerpt":{"rendered":"Werken in de entertainmentbranche Samenwerking &amp; Teamspirit Bij Royal Casino Company draait alles om samenwerking. We werken met elkaar, niet [...]","protected":false},"author":1,"featured_media":68380,"parent":71016,"menu_order":0,"comment_status":"closed","ping_status":"closed","template":"","meta":{"footnotes":""},"class_list":["post-71097","page","type-page","status-publish","has-post-thumbnail","hentry","page_category-personeel-portaal"],"_links":{"self":[{"href":"https:\/\/royalcasinocompany.nl\/es\/wp-json\/wp\/v2\/pages\/71097","targetHints":{"allow":["GET"]}}],"collection":[{"href":"https:\/\/royalcasinocompany.nl\/es\/wp-json\/wp\/v2\/pages"}],"about":[{"href":"https:\/\/royalcasinocompany.nl\/es\/wp-json\/wp\/v2\/types\/page"}],"author":[{"embeddable":true,"href":"https:\/\/royalcasinocompany.nl\/es\/wp-json\/wp\/v2\/users\/1"}],"replies":[{"embeddable":true,"href":"https:\/\/royalcasinocompany.nl\/es\/wp-json\/wp\/v2\/comments?post=71097"}],"version-history":[{"count":12,"href":"https:\/\/royalcasinocompany.nl\/es\/wp-json\/wp\/v2\/pages\/71097\/revisions"}],"predecessor-version":[{"id":71414,"href":"https:\/\/royalcasinocompany.nl\/es\/wp-json\/wp\/v2\/pages\/71097\/revisions\/71414"}],"up":[{"embeddable":true,"href":"https:\/\/royalcasinocompany.nl\/es\/wp-json\/wp\/v2\/pages\/71016"}],"wp:featuredmedia":[{"embeddable":true,"href":"https:\/\/royalcasinocompany.nl\/es\/wp-json\/wp\/v2\/media\/68380"}],"wp:attachment":[{"href":"https:\/\/royalcasinocompany.nl\/es\/wp-json\/wp\/v2\/media?parent=71097"}],"curies":[{"name":"wp","href":"https:\/\/api.w.org\/{rel}","templated":true}]}}