{"id":71100,"date":"2025-10-29T14:09:28","date_gmt":"2025-10-29T13:09:28","guid":{"rendered":"https:\/\/royalcasinocompany.nl\/?page_id=71100"},"modified":"2026-01-15T23:14:43","modified_gmt":"2026-01-15T22:14:43","slug":"leidinggevende","status":"publish","type":"page","link":"https:\/\/royalcasinocompany.nl\/es\/personeel\/leidinggevende\/","title":{"rendered":"Director"},"content":{"rendered":"<div class=\"wpb-content-wrapper\"><div data-parent=\"true\" class=\"vc_row row-container boomapps_vcrow\" id=\"row-unique-0\"><div class=\"row limit-width row-parent\"><div class=\"wpb_row row-inner\"><div class=\"wpb_column pos-top pos-center align_left column_parent col-lg-12 boomapps_vccolumn single-internal-gutter\"><div class=\"uncol style-dark\"  ><div class=\"uncoltable\"><div class=\"uncell  boomapps_vccolumn no-block-padding\" ><div class=\"uncont\" ><div class=\"vc_row row-internal row-container boomapps_vcrow\"><div class=\"row row-child\"><div class=\"wpb_row row-inner\"><div class=\"wpb_column pos-top pos-center align_left column_child col-lg-12 boomapps_vccolumn single-internal-gutter\"><div class=\"uncol style-dark\" ><div class=\"uncoltable\"><div class=\"uncell  boomapps_vccolumn no-block-padding\" ><div class=\"uncont\" ><div class=\"vc_custom_heading_wrap\"><div class=\"heading-text el-text\" ><\/p>\n<h1>\ud83d\udc54 Informaci\u00f3n para directivos<\/h1>\n<p>\n<hr class=\"separator-break separator-accent\" \/><\/div><div class=\"clear\"><\/div><\/div><div class=\"empty-space empty-single\" ><span class=\"empty-space-inner\"><\/span><\/div>\n<div class=\"uncode_text_column\" ><p>En <strong>Eventos Be Our Guest<\/strong> es el <strong>ejecutivo (LG)<\/strong> La persona a cargo del equipo durante una misi\u00f3n.<br \/>\nComo LG, ser\u00e1 responsable de organizar, dirigir y completar la tarea, de principio a fin.<br \/>\nUsted es el punto de contacto para sus compa\u00f1eros, el cliente y la oficina.<br \/>\nBrevemente: <strong>se asegurar\u00e1 de que el acto se desarrolle sin problemas, con profesionalidad y sin fallos.<\/strong><\/p>\n<p>-<\/p>\n<h3>\ud83c\udfaf Tu papel como directivo<\/h3>\n<p>En cada misi\u00f3n, se designa a una persona como supervisor.<br \/>\nEl GL es responsable del equipo, de la comunicaci\u00f3n con el cliente y de la ejecuci\u00f3n del programa tal y como se indica en la hoja de reclamaciones.<br \/>\nAdem\u00e1s, informa brevemente en la app de grupo de c\u00f3mo ha ido el evento: qu\u00e9 ha ido bien, qu\u00e9 se puede mejorar y si ha habido alguna peculiaridad.<\/p>\n<p>El cargo de directivo no se consigue de la noche a la ma\u00f1ana. Es un signo de confianza, perspicacia y experiencia.<br \/>\nUn buen GL da ejemplo, tiene visi\u00f3n de conjunto y sabe motivar al equipo.<br \/>\nUsted no es s\u00f3lo un organizador, sino tambi\u00e9n un entrenador, un planificador y un solucionador de problemas.<\/p>\n<p>-<\/p>\n<h3>\ud83d\udcbc Lo que esperamos de un buen gestor<\/h3>\n<ul>\n<li>\u2705 <strong>Responsabilidad:<\/strong> est\u00e1s al mando, tomando decisiones y asegur\u00e1ndote de que el trabajo se hace correctamente.<\/li>\n<li>\ud83d\udc41\ufe0f <strong>Atenci\u00f3n:<\/strong> ver lo que ocurre, comprobar los materiales y evitar errores.<\/li>\n<li>\ud83d\udcac <strong>Comunicaci\u00f3n:<\/strong> Da instrucciones claras, escucha a su equipo y se coordina con el cliente.<\/li>\n<li>\ud83e\udde0 <strong>Perspicacia:<\/strong> pensar con antelaci\u00f3n, mantener una visi\u00f3n de conjunto y anticiparse a posibles problemas.<\/li>\n<li>\ud83e\udd1d <strong>Orientaci\u00f3n del equipo:<\/strong> motivas a tus compa\u00f1eros, distribuyes las tareas equitativamente y te aseguras de que todos cooperan.<\/li>\n<li>\ud83c\udfaf <strong>Orientaci\u00f3n al cliente:<\/strong> te presentas amablemente, das consejos profesionales y piensas de acuerdo con los deseos del cliente.<\/li>\n<li>\ud83e\udde9 <strong>Estructura y organizaci\u00f3n:<\/strong> se trabaja de forma planificada, se respeta el calendario y se garantiza una ejecuci\u00f3n organizada.<\/li>\n<li>\ud83e\udeb6 <strong>Cortes\u00eda:<\/strong> represente nuestra marca de forma amable, tranquila y profesional en cualquier situaci\u00f3n.<\/li>\n<\/ul>\n<p>-<\/p>\n<h3>\ud83d\udd52 Preparaci\u00f3n de almacenes<\/h3>\n<p>Como gestor, usted es <strong>el primero de la fila<\/strong> en el almac\u00e9n al menos 10 minutos antes de que lleguen los crupieres.<br \/>\nLo preparas todo para que el equipo pueda empezar a cargar y acumular inmediatamente.<\/p>\n<ul>\n<li>\ud83d\udccb Leer el <strong>ficha<\/strong> y comprueba si hay actualizaciones en la aplicaci\u00f3n del grupo.<\/li>\n<li>\ud83c\udfa4 A la llegada, dar un <strong>breve informe<\/strong> A su equipo: \u00bfc\u00f3mo lo est\u00e1 afrontando y cu\u00e1l es el calendario?<\/li>\n<li>\ud83e\uddf0 Comparte el <strong>tareas<\/strong> y materiales honestamente y compruebe que todo est\u00e1 completo.<\/li>\n<li>\ud83d\ude90 Supervisar durante la carga y asegurarse de que todo se coloca de forma ordenada, segura y eficiente en la furgoneta.<\/li>\n<li>\u23f1\ufe0f Controle la hora y aseg\u00farese de salir a la hora prevista.<\/li>\n<\/ul>\n<p>-<\/p>\n<h3>\ud83c\udfdb\ufe0f En el lugar<\/h3>\n<ul>\n<li>\ud83e\udd1d Pres\u00e9ntate al cliente, expl\u00edcale brevemente qui\u00e9n eres y ases\u00f3rale profesionalmente sobre el montaje o la ejecuci\u00f3n.<\/li>\n<li>\ud83d\udcc5 Vigila de cerca el horario y aj\u00fastalo cuando sea necesario (sin improvisar fuera de las citas de oficina).<\/li>\n<li>\ud83e\uddcd\u200d\u2642\ufe0f Asigne tareas claras a cada compa\u00f1ero y aseg\u00farese de que todos saben lo que hay que hacer.<\/li>\n<li>\ud83c\udfb2 Comprueba que todas las mesas del casino est\u00e1n ordenadas, rectas y completas antes de que empiece el evento.<\/li>\n<li>\u2615 Asegurarse de que las pausas se toman s\u00f3lo cuando todo el trabajo est\u00e1 terminado y las mesas perfectamente preparadas.<\/li>\n<li>\ud83d\udcf8 Haz fotos y v\u00eddeos t\u00fa mismo o pide a alguien que los haga para nuestras redes sociales y nuestra p\u00e1gina web (consulta la secci\u00f3n \u2018Hacer fotos in situ\u2019).<\/li>\n<\/ul>\n<p>-<\/p>\n<h3>\ud83c\udfed Volver al almac\u00e9n<\/h3>\n<ul>\n<li>\ud83e\uddfe Asigna tareas claras al equipo y divide el trabajo equitativamente: limpiar, descargar y recoger.<\/li>\n<li>\ud83e\uddfd Comprueba que todos los materiales se devuelven limpios, sin da\u00f1os y en el lugar correcto.<\/li>\n<li>\ud83d\udccb Compruebe que todos <strong>hojas de horas<\/strong> est\u00e1n rellenados correctamente y los cierra con su firma.<\/li>\n<li>\ud83d\udd0d Ejecutar un <strong>ronda de control<\/strong> por el almac\u00e9n: \u00bfest\u00e1 todo ordenado, limpio y completo?<\/li>\n<li>\ud83d\udeaa Aseg\u00farate de que el almac\u00e9n queda limpio, la alarma activada y la puerta cerrada.<\/li>\n<\/ul>\n<p>-<\/p>\n<h3>\ud83d\udce3 Fin de la misi\u00f3n y presentaci\u00f3n de informes<\/h3>\n<p>Una vez finalizada la tarea, usted ser\u00e1 responsable de la inspecci\u00f3n final y de los comentarios.<\/p>\n<ul>\n<li>\ud83d\udcf1 Env\u00eda un breve resumen en la app del grupo: c\u00f3mo ha ido, qu\u00e9 ha ido bien y qu\u00e9 se puede mejorar.<\/li>\n<li>\ud83d\udcf8 Reenv\u00eda las fotos y v\u00eddeos tomados en la app de grupo.<\/li>\n<li>\ud83e\uddfe Informar inmediatamente de cualquier da\u00f1o o irregularidad es la app dgroup.<\/li>\n<\/ul>\n<p>-<\/p>\n<h3>\ud83c\udfc6 \u00bfQu\u00e9 hace a un buen directivo?<\/h3>\n<p>Un buen LG no es el que m\u00e1s trabaja, sino el que <strong>la mejor visi\u00f3n general<\/strong> y se asegura de que todos puedan hacer bien su trabajo.<br \/>\nDemuestra que puede organizar, planificar y comunicar sin estr\u00e9s ni caos. Irradias calma, control y profesionalidad, incluso bajo presi\u00f3n.<\/p>\n<p>Cada misi\u00f3n que dirija como LG es una oportunidad para crecer en liderazgo, perspicacia y confianza.<br \/>\nDemuestre que tiene el control con respeto, claridad y trabajo en equipo.<\/p>\n<p><strong>Objetivo de cada ejecutivo:<\/strong><br \/>\nUn trabajo exitoso, un cliente satisfecho y un equipo orgulloso. \ud83d\udcaa\ud83c\udfb2<\/p>\n<\/div><div class=\"divider-wrapper\"  >\n    <hr class=\"border-accent-color separator-no-padding\"  \/>\n<\/div>\n<\/div><\/div><\/div><\/div><\/div><\/div><\/div><\/div><\/div><\/div><\/div><\/div><\/div><script id=\"script-row-unique-0\" data-row=\"script-row-unique-0\" type=\"text\/javascript\" class=\"vc_controls\">UNCODE.initRow(document.getElementById(\"row-unique-0\"));<\/script><\/div><\/div><\/div>\n<\/div>","protected":false},"excerpt":{"rendered":"\ud83d\udc54 Leidinggevende informatie Bij Be Our Guest Events is de leidinggevende (LG) degene die de leiding heeft over het team [...]","protected":false},"author":1,"featured_media":67940,"parent":71016,"menu_order":0,"comment_status":"closed","ping_status":"closed","template":"","meta":{"footnotes":""},"class_list":["post-71100","page","type-page","status-publish","has-post-thumbnail","hentry","page_category-personeel-portaal"],"_links":{"self":[{"href":"https:\/\/royalcasinocompany.nl\/es\/wp-json\/wp\/v2\/pages\/71100","targetHints":{"allow":["GET"]}}],"collection":[{"href":"https:\/\/royalcasinocompany.nl\/es\/wp-json\/wp\/v2\/pages"}],"about":[{"href":"https:\/\/royalcasinocompany.nl\/es\/wp-json\/wp\/v2\/types\/page"}],"author":[{"embeddable":true,"href":"https:\/\/royalcasinocompany.nl\/es\/wp-json\/wp\/v2\/users\/1"}],"replies":[{"embeddable":true,"href":"https:\/\/royalcasinocompany.nl\/es\/wp-json\/wp\/v2\/comments?post=71100"}],"version-history":[{"count":6,"href":"https:\/\/royalcasinocompany.nl\/es\/wp-json\/wp\/v2\/pages\/71100\/revisions"}],"predecessor-version":[{"id":71940,"href":"https:\/\/royalcasinocompany.nl\/es\/wp-json\/wp\/v2\/pages\/71100\/revisions\/71940"}],"up":[{"embeddable":true,"href":"https:\/\/royalcasinocompany.nl\/es\/wp-json\/wp\/v2\/pages\/71016"}],"wp:featuredmedia":[{"embeddable":true,"href":"https:\/\/royalcasinocompany.nl\/es\/wp-json\/wp\/v2\/media\/67940"}],"wp:attachment":[{"href":"https:\/\/royalcasinocompany.nl\/es\/wp-json\/wp\/v2\/media?parent=71100"}],"curies":[{"name":"wp","href":"https:\/\/api.w.org\/{rel}","templated":true}]}}