{"id":71104,"date":"2025-10-29T15:00:15","date_gmt":"2025-10-29T14:00:15","guid":{"rendered":"https:\/\/royalcasinocompany.nl\/?page_id=71104"},"modified":"2026-01-15T22:59:53","modified_gmt":"2026-01-15T21:59:53","slug":"fotos-maken-op-locatie","status":"publish","type":"page","link":"https:\/\/royalcasinocompany.nl\/es\/personeel\/fotos-maken-op-locatie\/","title":{"rendered":"Hacer fotos in situ"},"content":{"rendered":"<div class=\"wpb-content-wrapper\"><div data-parent=\"true\" class=\"vc_row row-container boomapps_vcrow\" id=\"row-unique-0\"><div class=\"row limit-width row-parent\"><div class=\"wpb_row row-inner\"><div class=\"wpb_column pos-top pos-center align_left column_parent col-lg-12 boomapps_vccolumn single-internal-gutter\"><div class=\"uncol style-dark\"  ><div class=\"uncoltable\"><div class=\"uncell  boomapps_vccolumn no-block-padding\" ><div class=\"uncont\" ><div class=\"vc_row row-internal row-container boomapps_vcrow\"><div class=\"row row-child\"><div class=\"wpb_row row-inner\"><div class=\"wpb_column pos-top pos-center align_left column_child col-lg-12 boomapps_vccolumn single-internal-gutter\"><div class=\"uncol style-dark\" ><div class=\"uncoltable\"><div class=\"uncell  boomapps_vccolumn no-block-padding\" ><div class=\"uncont\" ><div class=\"vc_custom_heading_wrap\"><div class=\"heading-text el-text\" ><\/p>\n<h1>Hacer fotos y v\u00eddeos in situ<\/h1>\n<p>\n<hr class=\"separator-break separator-accent\" \/><\/div><div class=\"clear\"><\/div><\/div><div class=\"empty-space empty-single\" ><span class=\"empty-space-inner\"><\/span><\/div>\n<div class=\"uncode_text_column\" ><\/p>\n<h2>\ud83d\udcf8 Creaci\u00f3n de contenidos - Fotos y pel\u00edculas<\/h2>\n<p>Hacer el bien <strong>fotos y v\u00eddeos<\/strong> in situ es <strong>obligatorio<\/strong> a cada orden de <strong>Compa\u00f1\u00eda Royal Casino<\/strong>.<br \/>\nEstas im\u00e1genes son indispensables para nuestro marketing, sitio web, redes sociales y presentaciones.<br \/>\nDemuestran qui\u00e9nes somos, lo profesionales que somos y la experiencia que ofrecemos a nuestros clientes.<\/p>\n<p><strong>Sin buenos contenidos, no podemos dar a conocer nuestros encargos, convencer a nuevos clientes y generar as\u00ed nuevos pedidos.<\/strong><br \/>\nEn otras palabras: <strong>buenas fotos y v\u00eddeos = m\u00e1s trabajo para todos.<\/strong><\/p>\n<p>-<\/p>\n<h3>\ud83c\udfaf Por qu\u00e9 es tan importante el contenido<\/h3>\n<p>Royal Casino Company no vende un producto est\u00e1ndar vendemos un <strong>experiencia<\/strong>.<br \/>\nEsa experiencia s\u00f3lo se puede transmitir correctamente con im\u00e1genes. Los clientes potenciales deben poder <em>v\u00e9ase<\/em> lo bonitas que son nuestras mesas, el entusiasmo con que trabajan nuestros crupieres y lo bien que se lo pasan los invitados.<\/p>\n<p>El contenido que creas:<\/p>\n<ul>\n<li>\ud83d\udcf1 Se utiliza para nuestro sitio web, redes sociales y material promocional.<\/li>\n<li>\ud83c\udfaf Ayuda a captar nuevos clientes.<\/li>\n<li>\ud83d\udc8e Muestra nuestra calidad y profesionalidad.<\/li>\n<li>\ud83e\udd1d Indirectamente crea m\u00e1s trabajo y continuidad para todo el equipo.<\/li>\n<\/ul>\n<p>Por lo tanto, hacer buenas im\u00e1genes no es una tarea opcional, sino un <strong>responsabilidad fija<\/strong> con cada misi\u00f3n.<\/p>\n<p>-<\/p>\n<h3>\ud83d\udc65 \u00bfQui\u00e9n es el responsable?<\/h3>\n<p>En <strong>ejecutivo (LG)<\/strong> es el responsable \u00faltimo de la creaci\u00f3n de contenidos.<br \/>\nEl GL puede asignar a alguien del equipo para tomar fotos y v\u00eddeos, pero sigue siendo responsable de que esto se haga <strong>bueno y completo<\/strong> sucede.<\/p>\n<p>Planifica siempre conscientemente el tiempo necesario para ello.<br \/>\nUn buen momento es, por ejemplo, a la llegada, durante el montaje, justo antes del comienzo del acto o durante un breve descanso.<br \/>\nT\u00f3mate tu tiempo y aseg\u00farate de que el resultado sea profesional, nada de fotos r\u00e1pidas o descuidadas, sino im\u00e1genes que sean <strong>Digno de Instagram<\/strong> son.<\/p>\n<p>-<\/p>\n<h3>\ud83d\udcf2 \u00bfQu\u00e9 tipo de im\u00e1genes hay que tomar?<\/h3>\n<p>Marca de <strong>todo al menos 3 disparos<\/strong> tanto fotos como v\u00eddeos cortos. (para ello, consulte la lista de control de contenidos)<br \/>\nPara ello, utiliza la c\u00e1mara de un buen tel\u00e9fono (preferiblemente iPhone o similar) y graba siempre <strong>vertical<\/strong>.<\/p>\n<h4>\ud83c\udfe0 La ubicaci\u00f3n<\/h4>\n<ul>\n<li>\ud83d\udcf8 Foto\/pel\u00edcula del exterior del local.<\/li>\n<li>\ud83c\udff7\ufe0f Foto\/pel\u00edcula del logotipo o nombre en la fachada.<\/li>\n<li>\ud83c\udfdb\ufe0f Foto\/pel\u00edcula del vest\u00edbulo vac\u00edo antes de la construcci\u00f3n.<\/li>\n<li>\u2728 Foto\/pel\u00edcula del espacio una vez todo montado y listo.<\/li>\n<\/ul>\n<h4>\ud83c\udfb2 Las mesas del casino<\/h4>\n<ul>\n<li>\ud83c\udfaf Primer plano de cada mesa del casino.<\/li>\n<li>\ud83d\udcf7 Foto general de todas las mesas juntas.<\/li>\n<li>\ud83d\udc8e Fotos de detalle de accesorios, fichas, l\u00e1mparas y decoraci\u00f3n.<\/li>\n<\/ul>\n<h4>\ud83e\uddcd\u200d\u2642\ufe0f Los croupiers<\/h4>\n<ul>\n<li>\ud83d\ude04 Foto de cada crupier con un fondo divertido o elegante.<\/li>\n<li>\ud83c\udfb0 Foto de cada crupier detr\u00e1s de su mesa de casino.<\/li>\n<li>\ud83d\udcf8 Foto de grupo de todos los croupiers juntos con un bonito fondo o en la sala.<\/li>\n<\/ul>\n<h4>\ud83c\udf89 Extras y ambiente<\/h4>\n<ul>\n<li>\ud83d\udcf8 Reproducci\u00f3n de invitados (s\u00f3lo con im\u00e1genes respetuosas y representativas).<\/li>\n<li>\ud83d\udcac Interacci\u00f3n entre invitados y crupieres.<\/li>\n<li>\ud83c\udf78 Im\u00e1genes de ambiente del local, iluminaci\u00f3n, catering o actos.<\/li>\n<li>\ud83d\ude90 Nuestro autob\u00fas casino o veh\u00edculos con el logotipo en el lugar.<\/li>\n<\/ul>\n<p>-<\/p>\n<h3>\ud83e\udde0 Importante: la calidad por encima de la cantidad<\/h3>\n<ul>\n<li>Prefiero hacer 10 fotos buenas que 30 mediocres.<\/li>\n<li>Aseg\u00farese de que las im\u00e1genes <strong>vertical<\/strong> son (para las redes sociales).<\/li>\n<li>Aseg\u00farate de tener suficiente luz, utiliza el flash si es necesario.<\/li>\n<li>Mant\u00e9n la c\u00e1mara recta y evita las im\u00e1genes borrosas.<\/li>\n<li>Piensa en la composici\u00f3n: mesa, personas y ambiente juntos en la foto.<\/li>\n<li>Toma im\u00e1genes generales y primeros planos.<\/li>\n<li>Tenga siempre en cuenta la privacidad: no haga fotos en las que aparezcan invitados de forma desfavorable.<\/li>\n<\/ul>\n<p>-<\/p>\n<h3>\ud83d\udcf8 Si hay un fot\u00f3grafo presente<\/h3>\n<p>Cuando est\u00e9 presente un fot\u00f3grafo oficial, preg\u00fantele siempre amablemente por su <strong>billete o datos de contacto<\/strong>.<br \/>\nPor favor, facilite esta informaci\u00f3n a la oficina para que podamos solicitar las fotos.<br \/>\nTenga en cuenta que esto sustituye a <strong>no<\/strong> Su propia obligaci\u00f3n de contenido.<br \/>\nSiempre hemos <strong>fotos y v\u00eddeos propios<\/strong> necesarios para nuestro archivo y las redes sociales.<\/p>\n<p>-<\/p>\n<h3>\ud83d\udca1 Resumen<\/h3>\n<ul>\n<li>\ud83d\udcf7 Hacer fotos y v\u00eddeos es <strong>obligatorio<\/strong> con cada misi\u00f3n.<\/li>\n<li>\ud83d\udc54 El supervisor es el responsable \u00faltimo.<\/li>\n<li>\ud83d\udcf1 Toma im\u00e1genes verticales, n\u00edtidas y representativas.<\/li>\n<li>\ud83c\udfaf Muestra el ambiente, la calidad y la profesionalidad de Royal Casino Company.<\/li>\n<li>\ud83c\udfc6 Buen contenido = m\u00e1s visibilidad, m\u00e1s clientes, m\u00e1s pedidos.<\/li>\n<\/ul>\n<p><strong>Un buen contenido muestra qui\u00e9nes somos, qu\u00e9 hacemos y por qu\u00e9 los clientes eligen Royal Casino Company, \u00a1y eso empieza por usted!<\/strong> \ud83d\ude4c<\/p>\n<\/div><div class=\"divider-wrapper\"  >\n    <hr class=\"border-accent-color separator-no-padding\"  \/>\n<\/div>\n<\/div><\/div><\/div><\/div><\/div><\/div><\/div><\/div><\/div><\/div><\/div><\/div><\/div><script id=\"script-row-unique-0\" data-row=\"script-row-unique-0\" type=\"text\/javascript\" class=\"vc_controls\">UNCODE.initRow(document.getElementById(\"row-unique-0\"));<\/script><\/div><\/div><\/div>\n<\/div>","protected":false},"excerpt":{"rendered":"Foto's &amp; Filmpjes maken op locatie \ud83d\udcf8 Content maken \u2013 Foto\u2019s &amp; Filmpjes Het maken van goede foto\u2019s en filmpjes [...]","protected":false},"author":1,"featured_media":67076,"parent":71016,"menu_order":0,"comment_status":"closed","ping_status":"closed","template":"","meta":{"footnotes":""},"class_list":["post-71104","page","type-page","status-publish","has-post-thumbnail","hentry","page_category-personeel-portaal"],"_links":{"self":[{"href":"https:\/\/royalcasinocompany.nl\/es\/wp-json\/wp\/v2\/pages\/71104","targetHints":{"allow":["GET"]}}],"collection":[{"href":"https:\/\/royalcasinocompany.nl\/es\/wp-json\/wp\/v2\/pages"}],"about":[{"href":"https:\/\/royalcasinocompany.nl\/es\/wp-json\/wp\/v2\/types\/page"}],"author":[{"embeddable":true,"href":"https:\/\/royalcasinocompany.nl\/es\/wp-json\/wp\/v2\/users\/1"}],"replies":[{"embeddable":true,"href":"https:\/\/royalcasinocompany.nl\/es\/wp-json\/wp\/v2\/comments?post=71104"}],"version-history":[{"count":7,"href":"https:\/\/royalcasinocompany.nl\/es\/wp-json\/wp\/v2\/pages\/71104\/revisions"}],"predecessor-version":[{"id":71932,"href":"https:\/\/royalcasinocompany.nl\/es\/wp-json\/wp\/v2\/pages\/71104\/revisions\/71932"}],"up":[{"embeddable":true,"href":"https:\/\/royalcasinocompany.nl\/es\/wp-json\/wp\/v2\/pages\/71016"}],"wp:featuredmedia":[{"embeddable":true,"href":"https:\/\/royalcasinocompany.nl\/es\/wp-json\/wp\/v2\/media\/67076"}],"wp:attachment":[{"href":"https:\/\/royalcasinocompany.nl\/es\/wp-json\/wp\/v2\/media?parent=71104"}],"curies":[{"name":"wp","href":"https:\/\/api.w.org\/{rel}","templated":true}]}}