{"id":71107,"date":"2025-10-29T15:07:20","date_gmt":"2025-10-29T14:07:20","guid":{"rendered":"https:\/\/royalcasinocompany.nl\/?page_id=71107"},"modified":"2026-01-15T22:56:22","modified_gmt":"2026-01-15T21:56:22","slug":"callsheet","status":"publish","type":"page","link":"https:\/\/royalcasinocompany.nl\/es\/personeel\/callsheet\/","title":{"rendered":"Ficha"},"content":{"rendered":"<div class=\"wpb-content-wrapper\"><div data-parent=\"true\" class=\"vc_row row-container boomapps_vcrow\" id=\"row-unique-0\"><div class=\"row limit-width row-parent\"><div class=\"wpb_row row-inner\"><div class=\"wpb_column pos-top pos-center align_left column_parent col-lg-12 boomapps_vccolumn single-internal-gutter\"><div class=\"uncol style-dark\"  ><div class=\"uncoltable\"><div class=\"uncell  boomapps_vccolumn no-block-padding\" ><div class=\"uncont\" ><div class=\"vc_row row-internal row-container boomapps_vcrow\"><div class=\"row row-child\"><div class=\"wpb_row row-inner\"><div class=\"wpb_column pos-top pos-center align_left column_child col-lg-12 boomapps_vccolumn single-internal-gutter\"><div class=\"uncol style-dark\" ><div class=\"uncoltable\"><div class=\"uncell  boomapps_vccolumn no-block-padding\" ><div class=\"uncont\" ><div class=\"vc_custom_heading_wrap\"><div class=\"heading-text el-text\" ><\/p>\n<h1>\ud83d\udccb La hoja de reclamaciones<\/h1>\n<p>\n<hr class=\"separator-break separator-accent\" \/><\/div><div class=\"clear\"><\/div><\/div><div class=\"empty-space empty-single\" ><span class=\"empty-space-inner\"><\/span><\/div>\n<div class=\"uncode_text_column\" ><p>En <strong>ficha<\/strong> es uno de los documentos m\u00e1s importantes de <strong>Eventos Be Our Guest<\/strong>.<br \/>\nEs su <strong>manual, planificaci\u00f3n y lista de control<\/strong> para cada trabajo.<br \/>\nContiene todo lo que necesita saber para ejecutar un evento de forma adecuada, eficaz e impecable.<br \/>\nSi lee y utiliza atentamente la hoja de reclamaciones, evitar\u00e1 errores, malentendidos y tensiones innecesarias.<\/p>\n<p>Todos los empleados, desde el crupier hasta el director, est\u00e1n obligados a seguir la hoja de reclamaciones.<br \/>\nConsid\u00e9relo como el <strong>gui\u00f3n del evento<\/strong>Si todo el mundo utiliza correctamente la hoja de convocatoria, el acto se desarrollar\u00e1 con fluidez, profesionalidad y sin sorpresas.<\/p>\n<p>-<\/p>\n<h3>\ud83e\udded \u00bfQu\u00e9 es una hoja de reclamaciones?<\/h3>\n<p>Una hoja de reclamaciones es un resumen de todo lo que usted y su equipo deben saber sobre la misi\u00f3n.<br \/>\nEl documento contiene instrucciones claras sobre el cliente, el material, el horario y la ubicaci\u00f3n.<br \/>\nTambi\u00e9n le ayuda a ser organizado, colaborador y profesional.<\/p>\n<p>-<\/p>\n<h3>\ud83d\udcd1 \u00bfQu\u00e9 contiene una hoja de reclamaciones?<\/h3>\n<ul>\n<li><strong>\ud83d\udc64 Informaci\u00f3n al cliente:<\/strong> nombre del cliente, persona de contacto y cualquier detalle o requisito.<\/li>\n<li><strong>\ud83d\udcc5 Plazo:<\/strong> una visi\u00f3n exacta de todos los tiempos, como la carga, la salida, el montaje, el inicio del evento, el desmontaje y el regreso.<br \/>\nLa hora de finalizaci\u00f3n que figura en la hoja de reclamaciones es la <strong>tiempo m\u00e1ximo abonado.<\/strong><\/li>\n<li><strong>\ud83d\udccd Detalles de la ubicaci\u00f3n:<\/strong> direcci\u00f3n, tiempo de desplazamiento, persona de contacto in situ y cualquier particularidad (como plantas, ascensores o aparcamiento).<\/li>\n<li><strong>\ud83c\udfb2 Lista de materiales:<\/strong> Una lista completa de todas las mesas de juego, decoraciones, iluminaci\u00f3n y accesorios que deben llevarse.<br \/>\nTodo est\u00e1 claramente indicado con casillas de verificaci\u00f3n para la carga y la limpieza.<\/li>\n<li><strong>\ud83d\ude90 Informaci\u00f3n del autob\u00fas:<\/strong> qu\u00e9 autob\u00fas se utiliza, el n\u00famero de autob\u00fas, el conductor y qu\u00e9 materiales van en ese autob\u00fas.<\/li>\n<li><strong>\ud83d\udc55 Informaci\u00f3n adicional:<\/strong> c\u00f3digo de vestimenta, catering de la tripulaci\u00f3n, caracter\u00edsticas especiales o tareas adicionales aplicables a esa misi\u00f3n concreta.<\/li>\n<\/ul>\n<p>-<\/p>\n<h3>\ud83e\udded El papel del directivo<\/h3>\n<p>En cada pliego de condiciones se indica claramente <strong>ejecutivo (LG)<\/strong> es.<br \/>\nEl supervisor es responsable de la correcta ejecuci\u00f3n de la misi\u00f3n y de seguir la hoja de llamadas.<br \/>\n\u00c9l o ella:<\/p>\n<ul>\n<li>Da instrucciones sobre carga, descarga, montaje y desmontaje.<\/li>\n<li>Comprueba que toda la informaci\u00f3n es correcta y que no se olvida nada.<\/li>\n<li>Termina la hoja de llamadas durante la carga, el trabajo y la limpieza.<\/li>\n<li>Supervisa al equipo, la comunicaci\u00f3n y el aspecto profesional in situ.<\/li>\n<\/ul>\n<p><strong>Importante:<\/strong> s\u00f3lo el supervisor puede marcar la hoja de llamadas.<br \/>\nOtros miembros del equipo ayudan, por supuesto, en la supervisi\u00f3n, pero la responsabilidad final recae siempre en el director.<\/p>\n<p>-<\/p>\n<h3>\u2705 La hoja de reclamaciones como lista de control<\/h3>\n<p>La lista de materiales de la hoja de reclamaciones contiene casillas para marcar. Se utilizan en tres ocasiones:<\/p>\n<ol>\n<li><strong>Durante la carga:<\/strong> marque cada art\u00edculo en cuanto llegue al autob\u00fas.<\/li>\n<li><strong>Despu\u00e9s del acto:<\/strong> Mientras limpias, marca de nuevo lo que vuelve al bid\u00f3n.<\/li>\n<li><strong>Al volver al cobertizo:<\/strong> comprobar que todo est\u00e1 completo y colocado en el lugar correcto.<\/li>\n<\/ol>\n<p>Puede parecer innecesario, pero evita que los objetos se olviden o se pierdan.<br \/>\nUn componente que se pierda (como una pata, una l\u00e1mpara o una bandeja de virutas) puede perturbar considerablemente la siguiente tarea.<br \/>\nLos que marcan bien las casillas trabajan con profesionalidad y evitan problemas a todo el equipo.<\/p>\n<p>-<\/p>\n<h3>\ud83d\udce3 Qu\u00e9 hacer si algo va mal<\/h3>\n<p>Si encuentras algo en el lugar que no est\u00e1 bien, por ejemplo, un objeto roto, material que falta o da\u00f1os, notif\u00edcalo inmediatamente en la aplicaci\u00f3n de grupo de la misi\u00f3n.<br \/>\nUtiliza siempre la aplicaci\u00f3n de grupo para ese evento concreto, de modo que todos (oficina, supervisor y compa\u00f1eros) est\u00e9n informados.<br \/>\nEscribe brevemente lo que ocurre y a\u00f1ade una foto si es necesario.<\/p>\n<p>En la oficina, esto se recoge y se resuelve al d\u00eda siguiente.<br \/>\nAl informar de ello, no s\u00f3lo te ayudas a ti mismo, sino tambi\u00e9n a tus compa\u00f1eros que m\u00e1s tarde trabajen con el mismo material.<\/p>\n<p>-<\/p>\n<h3>\ud83c\udfaf Comprobaci\u00f3n de fichas al final de una noche de casino<\/h3>\n<p>Al final de cada trabajo, siempre se deben comprobar las virutas.<br \/>\n\u00bfPor qu\u00e9? Porque es importante tanto para la administraci\u00f3n como para la preparaci\u00f3n de acontecimientos posteriores.<\/p>\n<p>Si se pierden muchas fichas durante la noche, la oficina debe ser consciente de ello. En ese caso, se puede cobrar al cliente por la p\u00e9rdida. Adem\u00e1s, comprobar las fichas ayuda a los compa\u00f1eros de la oficina a determinar si es necesario reponer fichas nuevas antes del siguiente evento.<\/p>\n<p>As\u00ed que comprueba siempre la cantidad de fichas antes de recoger las mesas. As\u00ed evitaremos problemas en la siguiente misi\u00f3n, porque no hay nada m\u00e1s molesto que empezar una velada con muy pocas fichas en la mesa.<\/p>\n<ul>\n<li>No es necesario contar las fichas por unidades<\/li>\n<li>Informa en la aplicaci\u00f3n de grupo si crees que faltan muchas fichas y en qu\u00e9 mesa del casino<\/li>\n<\/ul>\n<p>As\u00ed se evitan malentendidos, se mantiene el nivel de existencias y se demuestra que se trabaja con cuidado y profesionalidad.<\/p>\n<p>-<\/p>\n<h3>\ud83d\udcd8 Informaci\u00f3n adicional y consejos<\/h3>\n<ul>\n<li>Lea siempre el pliego de condiciones <strong>m\u00ednimo un d\u00eda<\/strong> para el evento por.<\/li>\n<li>Compruebe cuidadosamente los horarios: salida, montaje, inicio del evento, desmontaje y regreso.<\/li>\n<li>Vea qui\u00e9nes son los miembros de su equipo y cu\u00e1les son sus funciones.<\/li>\n<li>Comprueba que tu ropa, equipamiento y transporte est\u00e1n en orden.<\/li>\n<li>Utilice la hoja de convocatorias como gu\u00eda para la comunicaci\u00f3n, toda la informaci\u00f3n est\u00e1 ah\u00ed.<\/li>\n<\/ul>\n<p>-<\/p>\n<h3>\ud83c\udfc1 Por qu\u00e9 es indispensable la hoja de reclamaciones<\/h3>\n<p>La hoja de reclamaciones es el coraz\u00f3n de nuestra organizaci\u00f3n.<br \/>\nProporciona <strong>estructura, claridad y responsabilidad<\/strong>.<br \/>\nGracias a la hoja de reclamaciones, todo el mundo sabe exactamente qu\u00e9 hay que hacer, cu\u00e1ndo y con qui\u00e9n.<br \/>\nEs la diferencia entre un acontecimiento bien organizado y el caos.<\/p>\n<p>Siguiendo la hoja de reclamaciones, contribuyes a:<\/p>\n<ul>\n<li>\ud83e\udde9 Trabajo en equipo y cooperaci\u00f3n<\/li>\n<li>\ud83d\udcc5 Planificaci\u00f3n rigurosa y comunicaci\u00f3n clara<\/li>\n<li>\ud83c\udfb2 Ejecuci\u00f3n sin errores de cada evento.<\/li>\n<li>\ud83d\udcaa Profesionalidad y fiabilidad<\/li>\n<\/ul>\n<p><strong>Resumiendo:<\/strong> la hoja de convocatoria es su gui\u00f3n, su lista de control y la garant\u00eda de un evento impecable.<br \/>\nUsarlo con cuidado, trabajar con pulcritud y asumir la responsabilidad que es lo que hace que nuestro equipo sea fuerte y profesional. \ud83c\udfaf<\/p>\n<\/div><div class=\"divider-wrapper\"  >\n    <hr class=\"border-accent-color separator-no-padding\"  \/>\n<\/div>\n<\/div><\/div><\/div><\/div><\/div><\/div><\/div><\/div><\/div><\/div><\/div><\/div><\/div><script id=\"script-row-unique-0\" data-row=\"script-row-unique-0\" type=\"text\/javascript\" class=\"vc_controls\">UNCODE.initRow(document.getElementById(\"row-unique-0\"));<\/script><\/div><\/div><\/div>\n<\/div>","protected":false},"excerpt":{"rendered":"\ud83d\udccb De Callsheet De callsheet is \u00e9\u00e9n van de belangrijkste documenten binnen Be Our Guest Events. Het is jouw handleiding, [...]","protected":false},"author":1,"featured_media":69080,"parent":71016,"menu_order":0,"comment_status":"closed","ping_status":"closed","template":"","meta":{"footnotes":""},"class_list":["post-71107","page","type-page","status-publish","has-post-thumbnail","hentry","page_category-personeel-portaal"],"_links":{"self":[{"href":"https:\/\/royalcasinocompany.nl\/es\/wp-json\/wp\/v2\/pages\/71107","targetHints":{"allow":["GET"]}}],"collection":[{"href":"https:\/\/royalcasinocompany.nl\/es\/wp-json\/wp\/v2\/pages"}],"about":[{"href":"https:\/\/royalcasinocompany.nl\/es\/wp-json\/wp\/v2\/types\/page"}],"author":[{"embeddable":true,"href":"https:\/\/royalcasinocompany.nl\/es\/wp-json\/wp\/v2\/users\/1"}],"replies":[{"embeddable":true,"href":"https:\/\/royalcasinocompany.nl\/es\/wp-json\/wp\/v2\/comments?post=71107"}],"version-history":[{"count":7,"href":"https:\/\/royalcasinocompany.nl\/es\/wp-json\/wp\/v2\/pages\/71107\/revisions"}],"predecessor-version":[{"id":71930,"href":"https:\/\/royalcasinocompany.nl\/es\/wp-json\/wp\/v2\/pages\/71107\/revisions\/71930"}],"up":[{"embeddable":true,"href":"https:\/\/royalcasinocompany.nl\/es\/wp-json\/wp\/v2\/pages\/71016"}],"wp:featuredmedia":[{"embeddable":true,"href":"https:\/\/royalcasinocompany.nl\/es\/wp-json\/wp\/v2\/media\/69080"}],"wp:attachment":[{"href":"https:\/\/royalcasinocompany.nl\/es\/wp-json\/wp\/v2\/media?parent=71107"}],"curies":[{"name":"wp","href":"https:\/\/api.w.org\/{rel}","templated":true}]}}