{"id":71170,"date":"2025-10-31T09:42:11","date_gmt":"2025-10-31T08:42:11","guid":{"rendered":"https:\/\/royalcasinocompany.nl\/?page_id=71170"},"modified":"2026-01-15T22:49:08","modified_gmt":"2026-01-15T21:49:08","slug":"beschikbaarheid-en-inplannen","status":"publish","type":"page","link":"https:\/\/royalcasinocompany.nl\/es\/personeel\/beschikbaarheid-en-inplannen\/","title":{"rendered":"Disponibilidad y programaci\u00f3n"},"content":{"rendered":"<div class=\"wpb-content-wrapper\"><div data-parent=\"true\" class=\"vc_row row-container boomapps_vcrow\" id=\"row-unique-0\"><div class=\"row limit-width row-parent\"><div class=\"wpb_row row-inner\"><div class=\"wpb_column pos-top pos-center align_left column_parent col-lg-12 boomapps_vccolumn single-internal-gutter\"><div class=\"uncol style-dark\"  ><div class=\"uncoltable\"><div class=\"uncell  boomapps_vccolumn no-block-padding\" ><div class=\"uncont\" ><div class=\"vc_custom_heading_wrap\"><div class=\"heading-text el-text\" ><\/p>\n<h1>Disponibilidad \u2192 Programaci\u00f3n \u2192 Horario<\/h1>\n<p>\n<hr class=\"separator-break separator-accent\" \/><\/div><div class=\"clear\"><\/div><\/div><div class=\"empty-space empty-single\" ><span class=\"empty-space-inner\"><\/span><\/div>\n<div class=\"uncode_text_column\" ><p>Para que todo funcione a la perfecci\u00f3n en <strong>Eventos Be Our Guest<\/strong>, Una buena planificaci\u00f3n es indispensable.<br \/>\nCon esta explicaci\u00f3n, sabr\u00e1 exactamente c\u00f3mo trabajamos con la programaci\u00f3n de empleados, la formaci\u00f3n de equipos y el establecimiento del calendario.<br \/>\nDe este modo, evitamos la falta de comunicaci\u00f3n y todo el mundo sabe a qu\u00e9 atenerse.<\/p>\n<p>Lea a continuaci\u00f3n paso a paso c\u00f3mo funciona el proceso de planificaci\u00f3n, qu\u00e9 esperamos de usted y c\u00f3mo prepararse bien.<\/p>\n<p>-<\/p>\n<h3>1\ufe0f\u20e3 Solicitud de presupuesto y ronda de disponibilidad<\/h3>\n<p>Tan pronto como un <strong>solicitud de presupuesto<\/strong> llega con una alta probabilidad de aprobaci\u00f3n, empezamos a hacer balance de la disponibilidad de nuestro equipo.<br \/>\nTodos los crupieres recibir\u00e1n una notificaci\u00f3n al respecto por correo electr\u00f3nico y una notificaci\u00f3n en el <strong>Aplicaci\u00f3n Rentman<\/strong>.<\/p>\n<p><strong>Tu acci\u00f3n:<\/strong><br \/>\nEntre en <strong>De 2 a 3 d\u00edas<\/strong> su disponibilidad a trav\u00e9s de Rentman:<\/p>\n<ul>\n<li><strong>Disponible<\/strong> - Puede trabajar en la fecha indicada.<\/li>\n<li><strong>No disponible<\/strong> - No puede trabajar (ind\u00edquenoslo siempre tambi\u00e9n).<\/li>\n<li><strong>\u00bfDudoso?<\/strong> - Si es as\u00ed, av\u00edsanos a trav\u00e9s de la aplicaci\u00f3n para que sepamos que a\u00fan tienes que comprobar si funciona.<\/li>\n<\/ul>\n<p>Nuestros compa\u00f1eros de oficina est\u00e1n esperando su respuesta en este momento para determinar si aceptamos definitivamente el encargo o tal vez tengamos que rechazarlo por falta de personal. Por lo tanto, es importante que siempre <strong>reacciona con rapidez<\/strong> esto determina si podemos aceptar un trabajo o tenemos que dejarlo.<\/p>\n<p>-<\/p>\n<h3>2\ufe0f\u20e3 Selecci\u00f3n del equipo<\/h3>\n<p>Cuando hay suficientes crupieres disponibles, la oficina re\u00fane al equipo.<br \/>\nLa calificaci\u00f3n se realiza cuidadosamente en funci\u00f3n de:<\/p>\n<ul>\n<li>Motivaci\u00f3n y compromiso<\/li>\n<li>Fiabilidad y resultados anteriores<\/li>\n<li>Rapidez de respuesta<\/li>\n<li>Experiencia en el tipo de acontecimiento<\/li>\n<\/ul>\n<p>Los nuevos compa\u00f1eros (crupieres junior) se emparejan con un <strong>croupier senior con experiencia.<\/strong><br \/>\nDe este modo, aprender\u00e1s directamente de los mejores y siempre tendr\u00e1s a alguien del equipo a quien recurrir si tienes preguntas.<br \/>\nQueremos que todos se desarrollen y se hagan m\u00e1s fuertes con cada misi\u00f3n.<\/p>\n<p>-<\/p>\n<h3>3\ufe0f\u20e3 Comunicaci\u00f3n del equipo a trav\u00e9s de WhatsApp<\/h3>\n<p>Una vez que el equipo est\u00e9 completo, haremos un <strong>Chat de grupo de WhatsApp<\/strong> para esa tarea concreta.<br \/>\nEn esta aplicaci\u00f3n de grupo <strong>toda comunicaci\u00f3n<\/strong> compartidos sobre el evento, tales como:<\/p>\n<ul>\n<li>Informaci\u00f3n adicional<\/li>\n<li>Colegas con los que trabaja<\/li>\n<li>El pliego de condiciones<\/li>\n<li>Instrucciones especiales o espec\u00edficas<\/li>\n<\/ul>\n<p>Se le pedir\u00e1 un <strong>confirmaci\u00f3n de lectura<\/strong> enviar en cuanto lea el mensaje.<br \/>\nDe este modo, podemos estar seguros de que todo el mundo ha recibido la informaci\u00f3n y ha apuntado la fecha en su calendario.<\/p>\n<p>\u00bfTienes preguntas sobre la tarea o tu trabajo? Entonces preg\u00fantalas siempre en la app de grupo de ese evento.<br \/>\nToda comunicaci\u00f3n sobre esa tarea en particular es <strong>exclusivamente a trav\u00e9s de esta aplicaci\u00f3n de grupo<\/strong>, para que todo quede claro y despejado.<\/p>\n<p>-<\/p>\n<h3>4\ufe0f\u20e3 Cita = Cita<\/h3>\n<p>En <strong>Eventos Be Our Guest<\/strong> aplicamos una norma clara: <strong>un trato es un trato<\/strong>.<br \/>\nNuestros clientes cuentan con nosotros y nosotros contamos con usted. Es decir, usted:<\/p>\n<ul>\n<li>Siempre <strong>a tiempo<\/strong> (presentes al menos 10 minutos antes de la salida).<\/li>\n<li><strong>Preparado y profesional<\/strong> aparece.<\/li>\n<li>Cumple los acuerdos alcanzados.<\/li>\n<\/ul>\n<p><strong>Nota:<\/strong> Si no se presenta sin haberlo coordinado previamente por tel\u00e9fono con <strong>Tim<\/strong> o <strong>Talitha<\/strong>?<br \/>\nEntonces esto significa <strong>sobreseimiento sumario<\/strong>. Trabajamos con profesionalidad, y eso es lo que esperamos de todos los miembros del equipo.<br \/>\nLa fiabilidad es la base de nuestro \u00e9xito.<\/p>\n<p>-<\/p>\n<h3>5\ufe0f\u20e3 \u00bfSeguro que no puedes trabajar despu\u00e9s de pasar por \u201cdisponible\u201d?<\/h3>\n<p>Eso puede ocurrir, por supuesto, pero es importante que hagamos <strong>lo antes posible<\/strong> para que podamos organizar la sustituci\u00f3n y nuestro cliente no quede decepcionado.<\/p>\n<p>Haga clic a continuaci\u00f3n para ver el procedimiento correcto en ese caso:<\/p>\n<p>\ud83d\udc49 <a href=\"https:\/\/royalcasinocompany.nl\/es\/personeel\/je-kan-niet-werken-en-nu\/\">Tengo cita pero sigo sin poder trabajar, \u00bfy ahora qu\u00e9?<\/a><\/p>\n<p>Gracias por su dedicaci\u00f3n, profesionalidad y compromiso.<br \/>\nJuntos, nos aseguramos de que cada acontecimiento de <strong>Compa\u00f1\u00eda Royal Casino<\/strong> suavemente. \ud83c\udfb0\u2728<\/p>\n<\/div><div class=\"divider-wrapper\"  >\n    <hr class=\"border-accent-color separator-no-padding\"  \/>\n<\/div>\n<\/div><\/div><\/div><\/div><\/div><script id=\"script-row-unique-0\" data-row=\"script-row-unique-0\" type=\"text\/javascript\" class=\"vc_controls\">UNCODE.initRow(document.getElementById(\"row-unique-0\"));<\/script><\/div><\/div><\/div>\n<\/div>","protected":false},"excerpt":{"rendered":"Beschikbaarheid \u2192 Inplannen \u2192 Rooster Om alles soepel te laten verlopen bij Be Our Guest Events, is een goede planning [...]","protected":false},"author":1,"featured_media":70924,"parent":71016,"menu_order":0,"comment_status":"closed","ping_status":"closed","template":"","meta":{"footnotes":""},"class_list":["post-71170","page","type-page","status-publish","has-post-thumbnail","hentry","page_category-personeel-portaal"],"_links":{"self":[{"href":"https:\/\/royalcasinocompany.nl\/es\/wp-json\/wp\/v2\/pages\/71170","targetHints":{"allow":["GET"]}}],"collection":[{"href":"https:\/\/royalcasinocompany.nl\/es\/wp-json\/wp\/v2\/pages"}],"about":[{"href":"https:\/\/royalcasinocompany.nl\/es\/wp-json\/wp\/v2\/types\/page"}],"author":[{"embeddable":true,"href":"https:\/\/royalcasinocompany.nl\/es\/wp-json\/wp\/v2\/users\/1"}],"replies":[{"embeddable":true,"href":"https:\/\/royalcasinocompany.nl\/es\/wp-json\/wp\/v2\/comments?post=71170"}],"version-history":[{"count":10,"href":"https:\/\/royalcasinocompany.nl\/es\/wp-json\/wp\/v2\/pages\/71170\/revisions"}],"predecessor-version":[{"id":71925,"href":"https:\/\/royalcasinocompany.nl\/es\/wp-json\/wp\/v2\/pages\/71170\/revisions\/71925"}],"up":[{"embeddable":true,"href":"https:\/\/royalcasinocompany.nl\/es\/wp-json\/wp\/v2\/pages\/71016"}],"wp:featuredmedia":[{"embeddable":true,"href":"https:\/\/royalcasinocompany.nl\/es\/wp-json\/wp\/v2\/media\/70924"}],"wp:attachment":[{"href":"https:\/\/royalcasinocompany.nl\/es\/wp-json\/wp\/v2\/media?parent=71170"}],"curies":[{"name":"wp","href":"https:\/\/api.w.org\/{rel}","templated":true}]}}