{"id":71174,"date":"2025-10-31T09:51:39","date_gmt":"2025-10-31T08:51:39","guid":{"rendered":"https:\/\/royalcasinocompany.nl\/?page_id=71174"},"modified":"2026-01-16T09:28:49","modified_gmt":"2026-01-16T08:28:49","slug":"rentman","status":"publish","type":"page","link":"https:\/\/royalcasinocompany.nl\/es\/personeel\/rentman\/","title":{"rendered":"Rentman"},"content":{"rendered":"<div class=\"wpb-content-wrapper\"><div data-parent=\"true\" class=\"vc_row row-container boomapps_vcrow\" id=\"row-unique-0\"><div class=\"row limit-width row-parent\"><div class=\"wpb_row row-inner\"><div class=\"wpb_column pos-top pos-center align_left column_parent col-lg-12 boomapps_vccolumn single-internal-gutter\"><div class=\"uncol style-dark\"  ><div class=\"uncoltable\"><div class=\"uncell  boomapps_vccolumn no-block-padding\" ><div class=\"uncont\" ><div class=\"vc_custom_heading_wrap\"><div class=\"heading-text el-text\" ><\/p>\n<h1>\ud83d\udcf2 Rentman - Su planificaci\u00f3n y comunicaci\u00f3n<\/h1>\n<p>\n<hr class=\"separator-break separator-accent\" \/><\/div><div class=\"clear\"><\/div><\/div><div class=\"empty-space empty-single\" ><span class=\"empty-space-inner\"><\/span><\/div>\n<div class=\"uncode_text_column\" ><p>En <strong>Eventos Be Our Guest<\/strong>\u00a0trabajamos con <strong>Rentman<\/strong>, nuestra herramienta central de planificaci\u00f3n de personal, material y pedidos.<br \/>\nCon Rentman, mantenemos todo claro, profesional y eficiente tanto en la oficina como para cualquiera que trabaje in situ.<br \/>\nEl sistema le garantiza que siempre sabr\u00e1 exactamente <strong>donde<\/strong> y <strong>cuando<\/strong> tienes que trabajar, con qui\u00e9n y qu\u00e9 se espera de ti.<\/p>\n<p>-<\/p>\n<h3>\ud83d\udd0d \u00bfQu\u00e9 es Rentman?<\/h3>\n<p>Rentman es un entorno digital en el que se planifican todos nuestros encargos, la disposici\u00f3n de los equipos y los materiales.<br \/>\nCada empleado tiene su propio perfil, donde puede indicar su disponibilidad, ver sus tareas y encontrar informaci\u00f3n importante sobre sus eventos.<br \/>\nPuede utilizar Rentman a trav\u00e9s de <strong>en tu tel\u00e9fono<\/strong> o a trav\u00e9s del <strong>ordenador o tableta<\/strong>.<\/p>\n<p>En Rentman encontrar\u00e1, entre otros:<\/p>\n<ul>\n<li>\ud83d\udcc5 Sus datos personales <strong>cuadr\u00edcula<\/strong> con eventos programados.<\/li>\n<li>\ud83d\udd52 El exacto <strong>horario laboral<\/strong> y <strong>horarios de asistencia<\/strong>.<\/li>\n<li>\ud83d\udccd El <strong>ubicaci\u00f3n<\/strong> del evento con navegaci\u00f3n a trav\u00e9s de Google Maps.<\/li>\n<li>\ud83d\udc65 Los nombres de sus <strong>compa\u00f1eros<\/strong> dentro del equipo.<\/li>\n<li>Importante <strong>documentos<\/strong> o <strong>anexos<\/strong> que pertenecen a su asignaci\u00f3n.<\/li>\n<\/ul>\n<p>-<\/p>\n<h3>\ud83d\udca1 Por qu\u00e9 trabajamos con Rentman<\/h3>\n<p>Utilizamos Rentman porque aporta claridad, rapidez y profesionalidad en la comunicaci\u00f3n.<br \/>\nTrabajando con este sistema:<\/p>\n<ul>\n<li>\u2705 \u00bfTodo el mundo tiene siempre una visi\u00f3n de su propio horario.<\/li>\n<li>\u2705 \u00bfPuedes hacer r\u00e1pida y f\u00e1cilmente tu <strong>disponibilidad<\/strong> transmitir.<\/li>\n<li>\u2705 Los cambios son visibles inmediatamente, sin mensajes separados por WhatsApp o correo electr\u00f3nico.<\/li>\n<li>\u2705 Mantener claros los horarios tanto de la oficina como del personal.<\/li>\n<li>\u2705 \u00bfPodemos reunir mejor a los equipos y planificar con m\u00e1s eficacia?.<\/li>\n<\/ul>\n<p>-<\/p>\n<p>Resumiendo: <strong>Rentman es la forma de organizar nuestros encargos de forma fluida, profesional y sin errores<\/strong>.<br \/>\nTodos utilizan el mismo sistema y trabajan a partir de la misma informaci\u00f3n, lo que evita confusiones y aporta calma y estructura.<\/p>\n<p>-<\/p>\n<h3>\ud83d\udcd8 \u00bfC\u00f3mo se utiliza Rentman?<\/h3>\n<p>Para que te pongas en camino, hemos creado tres gu\u00edas claras.<br \/>\nL\u00e9alos atentamente y aseg\u00farese de que sabe exactamente c\u00f3mo funciona.<br \/>\nUna buena preparaci\u00f3n facilita el trabajo y lo hace m\u00e1s profesional.<\/p>\n<ul>\n<li>\ud83d\udcf1 <a href=\"https:\/\/royalcasinocompany.nl\/wp-content\/uploads\/2025\/10\/01-Hoe-werkt-de-Rentman-App.pdf\">Manual: C\u00f3mo funciona la aplicaci\u00f3n Rentman<\/a><\/li>\n<li>\ud83d\uddd3\ufe0f <a href=\"https:\/\/royalcasinocompany.nl\/wp-content\/uploads\/2025\/11\/01-Uitleg-over-de-Rentman-Beschikbaarheid-doorgeven-1.pdf\">Manual: Disponibilidad de transmisi\u00f3n<\/a><\/li>\n<li>\ud83d\udcbb <a href=\"https:\/\/royalcasinocompany.nl\/wp-content\/uploads\/2025\/11\/03-Uitleg-over-de-Rentman-op-Computer-of-tablet-1.pdf\">Manual: Rentman en ordenador o tableta<\/a><\/li>\n<\/ul>\n<p>-<\/p>\n<h3>\u2699\ufe0f Importante saber<\/h3>\n<ul>\n<li>Descargue siempre el <strong>Aplicaci\u00f3n Rentman<\/strong> en cuanto entres en servicio.<\/li>\n<li>Compruebe regularmente su horario e informe a tiempo de los cambios en su disponibilidad.<\/li>\n<li>Lea atentamente la informaci\u00f3n de cada tarea.<\/li>\n<li>Utilice <strong>S\u00f3lo Rentman<\/strong> para programaci\u00f3n y disponibilidad. WhatsApp solo se utiliza para la comunicaci\u00f3n dentro de un equipo espec\u00edfico.<\/li>\n<\/ul>\n<p>Utilizando bien Rentman, trabajas como el resto de nuestro equipo <strong>profesional, fiable y preparado<\/strong>.<br \/>\nEsta es la base de un evento sin problemas y clientes satisfechos. \ud83c\udfaf<\/p>\n<\/div><span class=\"btn-container\" ><a role=\"button\"  href=\"https:\/\/royalcasinocompany.nl\/wp-content\/uploads\/2025\/10\/01-Hoe-werkt-de-Rentman-App.pdf\" class=\"custom-link btn border-width-0 btn-default btn-flat btn-icon-left\" target=\"_blank\">C\u00f3mo funciona la aplicaci\u00f3n Rentman<\/a><\/span><div class=\"divider-wrapper\"  >\n    <hr class=\"border-accent-color separator-no-padding\"  \/>\n<\/div>\n<\/div><\/div><\/div><\/div><\/div><script id=\"script-row-unique-0\" data-row=\"script-row-unique-0\" type=\"text\/javascript\" class=\"vc_controls\">UNCODE.initRow(document.getElementById(\"row-unique-0\"));<\/script><\/div><\/div><\/div>\n<\/div>","protected":false},"excerpt":{"rendered":"\ud83d\udcf2 Rentman \u2013 Jouw planning &amp; communicatie Binnen Be Our Guest Events\u00a0werken we met Rentman, onze centrale planningstool voor personeel, [...]","protected":false},"author":1,"featured_media":0,"parent":71016,"menu_order":0,"comment_status":"closed","ping_status":"closed","template":"","meta":{"footnotes":""},"class_list":["post-71174","page","type-page","status-publish","hentry","page_category-personeel-portaal"],"_links":{"self":[{"href":"https:\/\/royalcasinocompany.nl\/es\/wp-json\/wp\/v2\/pages\/71174","targetHints":{"allow":["GET"]}}],"collection":[{"href":"https:\/\/royalcasinocompany.nl\/es\/wp-json\/wp\/v2\/pages"}],"about":[{"href":"https:\/\/royalcasinocompany.nl\/es\/wp-json\/wp\/v2\/types\/page"}],"author":[{"embeddable":true,"href":"https:\/\/royalcasinocompany.nl\/es\/wp-json\/wp\/v2\/users\/1"}],"replies":[{"embeddable":true,"href":"https:\/\/royalcasinocompany.nl\/es\/wp-json\/wp\/v2\/comments?post=71174"}],"version-history":[{"count":11,"href":"https:\/\/royalcasinocompany.nl\/es\/wp-json\/wp\/v2\/pages\/71174\/revisions"}],"predecessor-version":[{"id":71954,"href":"https:\/\/royalcasinocompany.nl\/es\/wp-json\/wp\/v2\/pages\/71174\/revisions\/71954"}],"up":[{"embeddable":true,"href":"https:\/\/royalcasinocompany.nl\/es\/wp-json\/wp\/v2\/pages\/71016"}],"wp:attachment":[{"href":"https:\/\/royalcasinocompany.nl\/es\/wp-json\/wp\/v2\/media?parent=71174"}],"curies":[{"name":"wp","href":"https:\/\/api.w.org\/{rel}","templated":true}]}}