{"id":71191,"date":"2025-11-02T12:37:42","date_gmt":"2025-11-02T11:37:42","guid":{"rendered":"https:\/\/royalcasinocompany.nl\/?page_id=71191"},"modified":"2026-01-15T23:19:03","modified_gmt":"2026-01-15T22:19:03","slug":"omkleden","status":"publish","type":"page","link":"https:\/\/royalcasinocompany.nl\/es\/personeel\/omkleden\/","title":{"rendered":"Cambio de ropa"},"content":{"rendered":"<div class=\"wpb-content-wrapper\"><div data-parent=\"true\" class=\"vc_row row-container boomapps_vcrow\" id=\"row-unique-0\"><div class=\"row limit-width row-parent\"><div class=\"wpb_row row-inner\"><div class=\"wpb_column pos-top pos-center align_left column_parent col-lg-12 boomapps_vccolumn single-internal-gutter\"><div class=\"uncol style-dark\"  ><div class=\"uncoltable\"><div class=\"uncell  boomapps_vccolumn no-block-padding\" ><div class=\"uncont\" ><div class=\"vc_row row-internal row-container boomapps_vcrow\"><div class=\"row row-child\"><div class=\"wpb_row row-inner\"><div class=\"wpb_column pos-top pos-center align_left column_child col-lg-12 boomapps_vccolumn single-internal-gutter\"><div class=\"uncol style-dark\" ><div class=\"uncoltable\"><div class=\"uncell  boomapps_vccolumn no-block-padding\" ><div class=\"uncont\" ><div class=\"vc_custom_heading_wrap\"><div class=\"heading-text el-text\" ><\/p>\n<h1>\ud83d\udc54 Cambiarse de ropa: el momento de la preparaci\u00f3n.<\/h1>\n<p>\n<hr class=\"separator-break separator-accent\" \/><\/div><div class=\"clear\"><\/div><\/div><div class=\"empty-space empty-single\" ><span class=\"empty-space-inner\"><\/span><\/div>\n<div class=\"uncode_text_column\" ><p>Despu\u00e9s de construir el casino, llega un momento importante: el <strong>cambio de ropa<\/strong>.<br \/>\nNo se trata s\u00f3lo de un descanso, sino del momento en que te preparas para ser como <strong>croupier profesional<\/strong> a trabajar.<br \/>\nA partir de este momento, usted es la tarjeta de visita de <strong>Compa\u00f1\u00eda Royal Casino<\/strong> su aspecto determina la primera impresi\u00f3n de los invitados.<\/p>\n<p>-<\/p>\n<h3>\ud83e\uddcd\u200d\u2642\ufe0f Profesional y representante<\/h3>\n<p>Una vez que las mesas est\u00e9n montadas y todo parezca perfecto, t\u00f3mate un tiempo para cambiarte y descansar.<br \/>\nCada croupier debe mirar <strong>fant\u00e1stico, cuidado y representativo<\/strong> mira.<br \/>\nUn aspecto cuidado irradia profesionalidad, disciplina y orgullo, y eso es exactamente lo que queremos transmitir a nuestros clientes y hu\u00e9spedes.<\/p>\n<p><strong>Nota:<\/strong> tu vestimenta y presentaci\u00f3n forman parte de la experiencia global.<br \/>\nComo parte del casino, los hu\u00e9spedes le ven como un profesional elegante y hospitalario que sabe lo que hace.<\/p>\n<p>-<\/p>\n<h3>\ud83d\udd52 Pausa y preparaci\u00f3n<\/h3>\n<p>Cambiarse de ropa tambi\u00e9n cuenta como descanso. Hay tiempo de sobra, siempre que lo distribuyas adecuadamente.<br \/>\nAproveche este tiempo para relajarse, comer algo y prepararse mentalmente para el acontecimiento.<\/p>\n<ul>\n<li>\ud83c\udf7d\ufe0f <strong>Comida y bebida:<\/strong> A menudo se <strong>cena de la tripulaci\u00f3n<\/strong> presente. Si no, puedes comer lo que hayas tra\u00eddo t\u00fa mismo durante este tiempo.<\/li>\n<li>\ud83d\udca7 <strong>Hidrataci\u00f3n:<\/strong> Bebe mucha agua, pero evita los olores fuertes (como el ajo, la cebolla o los perfumes fuertes) justo antes del acontecimiento.<\/li>\n<li>\ud83e\uddd8\u200d\u2642\ufe0f <strong>Momento de descanso:<\/strong> Aprovecha este momento para recuperarte y relajarte.<\/li>\n<\/ul>\n<p>-<\/p>\n<h3>\ud83c\udfa9 Vestir con el c\u00f3digo de vestimenta completo.<\/h3>\n<p>Cada crupier llevar\u00e1 el <strong>ropa de crupier representante oficial<\/strong>.<br \/>\nV\u00edstete con cuidado y comprueba cada detalle:<\/p>\n<ul>\n<li>\ud83d\udda4 <strong>Zapatos de vestir negros<\/strong> (sin entrenadores ni formadores)<\/li>\n<li>\ud83e\udde6 <strong>Calcetines altos negros<\/strong><\/li>\n<li>\ud83d\udc56 <strong>Pantalones negros<\/strong> (no vaqueros ni pantalones azules)<\/li>\n<li>\ud83e\uddcd\u200d\u2642\ufe0f <strong>Cintur\u00f3n negro<\/strong><\/li>\n<li>\ud83e\udd0d <strong>Camisa blanca<\/strong> con cuello alto (apto para corbata)<\/li>\n<li>\ud83d\udc9b <strong>Corbata de oro<\/strong> (de Royal Casino Company)<\/li>\n<li>\ud83d\udda4 <strong>Chaleco negro<\/strong> (de Royal Casino Company)<\/li>\n<\/ul>\n<p>Aseg\u00farate de que tu ropa est\u00e1 limpia, planchada y fresca.<br \/>\nSi es necesario, utilice un peque\u00f1o espejo para comprobar su corbata o chaleco por \u00faltima vez antes de entrar en el lugar de celebraci\u00f3n.<\/p>\n<p>-<\/p>\n<h3>\ud83e\udd1d Comprobaci\u00f3n mutua<\/h3>\n<p>Un buen equipo se ayuda mutuamente. Antes de dirigirse a las mesas del casino, todos los compa\u00f1eros se toman un momento para ver c\u00f3mo est\u00e1n los dem\u00e1s.<br \/>\nPresta atenci\u00f3n a los detalles: \u00bfla corbata est\u00e1 recta, la camisa bien metida por dentro, el chaleco cerrado, los zapatos limpios?<\/p>\n<ul>\n<li>\ud83d\udc54 <strong>Empate:<\/strong> recta, bien anudada y a la longitud adecuada.<\/li>\n<li>\ud83e\uddcd\u200d\u2640\ufe0f <strong>Chaleco:<\/strong> cerrado, sin arrugas ni botones abiertos.<\/li>\n<li>\ud83d\udc5e <strong>Zapatos:<\/strong> limpia, pulida y ordenada.<\/li>\n<li>\ud83e\ude9e <strong>Aspecto general:<\/strong> sonrisa, pelo cuidado, aliento fresco y actitud confiada.<\/li>\n<\/ul>\n<p>\u00bfVes algo malo en un colega? <strong>H\u00e1blense con amabilidad. <\/strong>Todos nos ayudamos mutuamente a estar perfectos porque trabajamos como un solo equipo profesional.<\/p>\n<p>-<\/p>\n<h3>\u26a0\ufe0f Importantes normas de conducta<\/h3>\n<ul>\n<li>\ud83d\udead Fumar en uniforme es <strong>prohibido<\/strong> tampoco fuera, justo antes o durante el evento.<\/li>\n<li>\ud83d\udcf1 No hay tel\u00e9fonos en la mesa ni visibles en la sala.<\/li>\n<li>\ud83c\udf77 Prohibido el consumo de alcohol en horario laboral, aunque lo ofrezca el cliente.<\/li>\n<\/ul>\n<p>-<\/p>\n<h3>\u2728 Listo para el despegue<\/h3>\n<p>Una vez que todo el mundo est\u00e9 completamente vestido, el <strong>ejecutivo (LG)<\/strong> una breve sesi\u00f3n informativa con los puntos finales: qui\u00e9n se sit\u00faa d\u00f3nde, cu\u00e1ndo entrar\u00e1n los invitados y qu\u00e9 se espera de cada uno. Est\u00e9 preparado a tiempo y <strong>con una sonrisa<\/strong> caminando hacia las mesas.<\/p>\n<p><strong>A partir de este momento, no eres un empleado m\u00e1s, eres un croupier de la compa\u00f1\u00eda Royal Casino.<\/strong><br \/>\nProfesional, elegante y orgulloso. \ud83c\udfb2\u2728<\/p>\n<p>-<\/p>\n<h3>\ud83e\ude9e Comprobaci\u00f3n del cambio antes del inicio<\/h3>\n<p>Utilice esta r\u00e1pida lista de comprobaci\u00f3n para asegurarse de que usted y sus colegas est\u00e1n perfectos antes de que abra el casino:<\/p>\n<ul>\n<li>\ud83d\udc5e Zapatos pulidos y limpios<\/li>\n<li>\ud83e\udde6 Calcetines negros puestos<\/li>\n<li>\ud83d\udc56 Pantalones planchados, sin arrugas.<\/li>\n<li>\ud83d\udc54 Corbata bien anudada, recta y a la longitud adecuada.<\/li>\n<li>\ud83d\udda4 C\u00e1rdigan tupido y sin arrugas.<\/li>\n<li>\ud83e\uddcd\u200d\u2642\ufe0f Camisa limpia, metida por dentro y con los botones cerrados.<\/li>\n<li>\ud83d\udc87\u200d\u2642\ufe0f Pelo bien peinado, sin aspecto desordenado<\/li>\n<li>\ud83e\uddf4 Deo usado, aroma fresco (sin exceso)<\/li>\n<li>\ud83e\uddb7 Dientes cepillados, aliento fresco<\/li>\n<li>\ud83d\udcf1 Tel\u00e9fono en silencio y guardado.<\/li>\n<li>\ud83c\udf7d\ufe0f Comi\u00f3 o cen\u00f3 la tripulaci\u00f3n<\/li>\n<li>\ud83d\ude0a \u00a1Sonrisas puestas y buena energ\u00eda!<\/li>\n<\/ul>\n<p>-<\/p>\n<p><strong>Controlarse mutuamente antes de salir para el lugar de celebraci\u00f3n.<\/strong><br \/>\nTodos no est\u00e1n listos hasta que todo el equipo luzca perfecto juntos damos la mejor impresi\u00f3n. \ud83d\udcaa\ud83c\udfa9<\/p>\n<\/div><div class=\"divider-wrapper\"  >\n    <hr class=\"border-accent-color separator-no-padding\"  \/>\n<\/div>\n<\/div><\/div><\/div><\/div><\/div><\/div><\/div><\/div><\/div><\/div><\/div><\/div><\/div><script id=\"script-row-unique-0\" data-row=\"script-row-unique-0\" type=\"text\/javascript\" class=\"vc_controls\">UNCODE.initRow(document.getElementById(\"row-unique-0\"));<\/script><\/div><\/div><\/div>\n<\/div>","protected":false},"excerpt":{"rendered":"\ud83d\udc54 Omkleden \u2013 het moment van voorbereiding Na het opbouwen van het casino is het tijd voor een belangrijk moment: [...]","protected":false},"author":1,"featured_media":0,"parent":71016,"menu_order":0,"comment_status":"closed","ping_status":"closed","template":"","meta":{"footnotes":""},"class_list":["post-71191","page","type-page","status-publish","hentry","page_category-personeel-portaal"],"_links":{"self":[{"href":"https:\/\/royalcasinocompany.nl\/es\/wp-json\/wp\/v2\/pages\/71191","targetHints":{"allow":["GET"]}}],"collection":[{"href":"https:\/\/royalcasinocompany.nl\/es\/wp-json\/wp\/v2\/pages"}],"about":[{"href":"https:\/\/royalcasinocompany.nl\/es\/wp-json\/wp\/v2\/types\/page"}],"author":[{"embeddable":true,"href":"https:\/\/royalcasinocompany.nl\/es\/wp-json\/wp\/v2\/users\/1"}],"replies":[{"embeddable":true,"href":"https:\/\/royalcasinocompany.nl\/es\/wp-json\/wp\/v2\/comments?post=71191"}],"version-history":[{"count":7,"href":"https:\/\/royalcasinocompany.nl\/es\/wp-json\/wp\/v2\/pages\/71191\/revisions"}],"predecessor-version":[{"id":71944,"href":"https:\/\/royalcasinocompany.nl\/es\/wp-json\/wp\/v2\/pages\/71191\/revisions\/71944"}],"up":[{"embeddable":true,"href":"https:\/\/royalcasinocompany.nl\/es\/wp-json\/wp\/v2\/pages\/71016"}],"wp:attachment":[{"href":"https:\/\/royalcasinocompany.nl\/es\/wp-json\/wp\/v2\/media?parent=71191"}],"curies":[{"name":"wp","href":"https:\/\/api.w.org\/{rel}","templated":true}]}}