{"id":71194,"date":"2025-11-02T12:39:05","date_gmt":"2025-11-02T11:39:05","guid":{"rendered":"https:\/\/royalcasinocompany.nl\/?page_id=71194"},"modified":"2026-01-16T10:56:00","modified_gmt":"2026-01-16T09:56:00","slug":"uitdelen-speelgeld","status":"publish","type":"page","link":"https:\/\/royalcasinocompany.nl\/es\/personeel\/uitdelen-speelgeld\/","title":{"rendered":"Repartir dinero para jugar"},"content":{"rendered":"<div class=\"wpb-content-wrapper\"><div data-parent=\"true\" class=\"vc_row row-container boomapps_vcrow\" id=\"row-unique-0\"><div class=\"row limit-width row-parent\"><div class=\"wpb_row row-inner\"><div class=\"wpb_column pos-top pos-center align_left column_parent col-lg-12 boomapps_vccolumn single-internal-gutter\"><div class=\"uncol style-dark\"  ><div class=\"uncoltable\"><div class=\"uncell  boomapps_vccolumn no-block-padding\" ><div class=\"uncont\" ><div class=\"vc_row row-internal row-container boomapps_vcrow\"><div class=\"row row-child\"><div class=\"wpb_row row-inner\"><div class=\"wpb_column pos-top pos-center align_left column_child col-lg-12 boomapps_vccolumn single-internal-gutter\"><div class=\"uncol style-dark\" ><div class=\"uncoltable\"><div class=\"uncell  boomapps_vccolumn no-block-padding\" ><div class=\"uncont\" ><div class=\"vc_custom_heading_wrap\"><div class=\"heading-text el-text\" ><\/p>\n<h1>\ud83d\udcb5 Entrega de fichas y dinero de juego<\/h1>\n<p>\n<hr class=\"separator-break separator-accent\" \/><\/div><div class=\"clear\"><\/div><\/div><div class=\"empty-space empty-single\" ><span class=\"empty-space-inner\"><\/span><\/div>\n<div class=\"uncode_text_column\" ><p>Repartir dinero de juego de casino es una parte importante del trabajo en cualquier casino.<br \/>\nAl fin y al cabo, determina el comienzo de la noche de casino, el equilibrio en las mesas y la experiencia de los invitados.<br \/>\nPor lo tanto, es importante que este <strong>claridad, profesionalidad y coherencia<\/strong> es llevada a cabo por todo el equipo.<\/p>\n<p>-<\/p>\n<h3>\ud83c\udfaf Por qu\u00e9 es importante<\/h3>\n<p>El uso adecuado del dinero de juego y las fichas garantiza:<\/p>\n<ul>\n<li>\u2696\ufe0f Un comienzo justo y equitativo para todos los hu\u00e9spedes.<\/li>\n<li>\ud83c\udfb2 Un buen equilibrio de juego, suspense y diversi\u00f3n.<\/li>\n<li>\ud83d\udcac Una imagen profesional de cara al cliente.<\/li>\n<li>\ud83d\udcb0 Una experiencia de juego realista sin pocas ni demasiadas fichas en circulaci\u00f3n.<\/li>\n<\/ul>\n<p>-<\/p>\n<h3>\ud83d\udc64 \u00bfQui\u00e9n reparte el dinero del juego?<\/h3>\n<ul>\n<li>En <strong>croupier ejecutivo (LG)<\/strong> determina cu\u00e1ntas fichas vale un billete (v\u00e9ase la tabla de billetes y fichas m\u00e1s abajo).<\/li>\n<li>En <strong>croupiers<\/strong> repartir el dinero del juego a los invitados esto siempre pasa <strong>dirigido por el LG<\/strong> y seg\u00fan el valor acordado por billete.<\/li>\n<li>\u00bfTodav\u00eda no le han transmitido el valor? <strong>Pregunte proactivamente al GL al respecto<\/strong> antes de empezar a repartir.<\/li>\n<\/ul>\n<p>-<\/p>\n<h3>\ud83d\udccd \u00bfD\u00f3nde y cu\u00e1ndo repartes?<\/h3>\n<ul>\n<li>El dinero de juego se entregar\u00e1 a la entrada de los invitados, en funci\u00f3n del montaje del acto.<br \/>\nConsulte siempre con el cliente sus deseos y las modalidades de entrega del dinero de juego.<\/li>\n<li>En los eventos m\u00e1s peque\u00f1os, los crupieres reparten ellos mismos los billetes o las fichas pase\u00e1ndose y entregando personalmente a cada invitado el dinero de juego, junto con una breve explicaci\u00f3n de la finalidad y el premio que se va a ganar.<\/li>\n<li>En los grandes eventos, esto suele hacerse en el centro, a la entrada de la fiesta. Las azafatas suelen estar all\u00ed para dar la bienvenida a los invitados con una copa de champ\u00e1n, y es muy agradable cuando tambi\u00e9n entregan el dinero del juego a los invitados. Esto se hace siempre de acuerdo con el cliente, para que los deseos y acuerdos queden claros.<\/li>\n<li>El LG se asegura de que todo el mundo sepa <strong>donde<\/strong> se produce la distribuci\u00f3n y <strong>cuando<\/strong> esto deber\u00eda ocurrir.<\/li>\n<\/ul>\n<p>-<\/p>\n<h3>\ud83d\udcb8 \u00bfCu\u00e1nto dinero de juego dais por invitado?<\/h3>\n<p>La cantidad de fichas por invitado depende del tama\u00f1o del evento y del n\u00famero de mesas.<br \/>\nSiga siempre las directrices del <strong>ficha<\/strong> o utilice la tabla siguiente.<\/p>\n<p>-<\/p>\n<h3>\ud83d\udcb6 Tabla de notas y fichas (directriz)<\/h3>\n<p>Utilice esta tabla para determinar <strong>cu\u00e1ntas entradas<\/strong> y <strong>cu\u00e1ntos euros en fichas<\/strong> por billete.<br \/>\nEsta directriz garantiza que cada evento sea equilibrado: ni demasiado ni demasiado poco dinero de juego en circulaci\u00f3n.<br \/>\nEl n\u00famero de entradas y el valor por entrada se determinan en funci\u00f3n del n\u00famero de invitados y mesas del evento.<\/p>\n<p>La correcta distribuci\u00f3n de las virutas es importante para <strong>tiempo de juego, experiencia y profesionalidad<\/strong>.<br \/>\nDemasiadas fichas hacen que haya poca rotaci\u00f3n en las mesas de juego, muy pocas fichas hacen que los invitados se queden sin fichas demasiado r\u00e1pido.<br \/>\nPor lo tanto, es esencial que entienda bien esta tabla y la utilice sistem\u00e1ticamente cuando reparta dinero de juego.<\/p>\n<style>\n  table.rcc-table {<br \/>    width: 100%;<br \/>    border-collapse: collapse;<br \/>    margin-top: 10px;<br \/>    margin-bottom: 20px;<br \/>    font-size: 15px;<br \/>    border: 1px solid #444;<br \/>  }<br \/>  table.rcc-table th {<br \/>    background-color: #c9a34a; \/* goudkleurige header *\/<br \/>    color: #111; \/* donkere tekst voor contrast *\/<br \/>    text-align: left;<br \/>    padding: 10px;<br \/>    font-weight: 700;<br \/>  }<br \/>  table.rcc-table td {<br \/>    border: 1px solid #555;<br \/>    padding: 10px;<br \/>    color: #fff; \/* witte tekst *\/<br \/>    background-color: #1f1f1f; \/* donkergrijze cellen *\/<br \/>  }<br \/>  table.rcc-table tr:nth-child(even) td {<br \/>    background-color: #292929; \/* afwisselend iets lichtere achtergrond *\/<br \/>  }<br \/>  table.rcc-table caption {<br \/>    caption-side: bottom;<br \/>    text-align: left;<br \/>    font-size: 14px;<br \/>    color: #aaa;<br \/>    padding-top: 8px;<br \/>  }<br \/><\/style>\n<table class=\"rcc-table\">\n<thead>\n<tr>\n<th>N\u00famero de mesas de casino<\/th>\n<th>N\u00famero de invitados a la fiesta<\/th>\n<th>N\u00famero de notas por hu\u00e9sped<\/th>\n<th>Valor de las fichas por billete<\/th>\n<\/tr>\n<\/thead>\n<tbody>\n<tr>\n<td>1 tabla<\/td>\n<td>10 - 50<\/td>\n<td>2<\/td>\n<td>\u20ac30 - \u20ac40<\/td>\n<\/tr>\n<tr>\n<td>2 mesas<\/td>\n<td>25 - 150<\/td>\n<td>1-2<\/td>\n<td>\u20ac40 - \u20ac50<\/td>\n<\/tr>\n<tr>\n<td>3 mesas<\/td>\n<td>50 - 200<\/td>\n<td>1<\/td>\n<td>\u20ac40 - \u20ac50<\/td>\n<\/tr>\n<tr>\n<td>4 mesas<\/td>\n<td>100 - 250<\/td>\n<td>1<\/td>\n<td>\u20ac30 - \u20ac40<\/td>\n<\/tr>\n<tr>\n<td>5-7 mesas<\/td>\n<td>150 - 500<\/td>\n<td>1<\/td>\n<td>\u20ac30 - \u20ac50<\/td>\n<\/tr>\n<tr>\n<td>8-10 mesas<\/td>\n<td>250+<\/td>\n<td>1<\/td>\n<td>\u20ac30 - \u20ac40<\/td>\n<\/tr>\n<\/tbody>\n<\/table>\n<p>Tenga en cuenta que se trata de valores orientativos. El supervisor o el personal de la oficina determinar\u00e1n los valores exactos para cada evento.<\/p>\n<p>-<\/p>\n<h3>\ud83d\udcc8 Directrices generales<\/h3>\n<ul>\n<li>En <strong>partidos m\u00e1s peque\u00f1os<\/strong> normalmente te dan algo <strong>m\u00e1s fichas por billete<\/strong> Para mantener vivo el juego.<\/li>\n<li>En <strong>principales acontecimientos<\/strong> darle <strong>menos fichas<\/strong> para equilibrar mejor el juego.<\/li>\n<li>El objetivo es siempre <strong>tiempo de juego<\/strong> y <strong>arco de tensi\u00f3n<\/strong> equilibrio: nadie debe quedarse sin fichas demasiado pronto.<\/li>\n<\/ul>\n<p>-<\/p>\n<h3>\ud83e\uddee Billetes de d\u00f3lar personalizados<\/h3>\n<p>A veces, un cliente encarga notas personalizadas con su propio logotipo o dise\u00f1o. Como el cliente paga un suplemento por ello, es importante que usted sepa <strong>cu\u00e1nto y c\u00f3mo<\/strong> se distribuir\u00e1n estas notas.<\/p>\n<p>-<\/p>\n<h4>Normas importantes:<\/h4>\n<ul>\n<li>\n<ul>\n<li>\ud83c\udf9f\ufe0f Entregue las notas personalizadas del mismo modo que las notas normales.<\/li>\n<li>\ud83d\udcb0 Utiliza el mayor n\u00famero posible de billetes de los pedidos: los paga el cliente.<\/li>\n<li>\ud83d\udce6 Los billetes suelen pedirse en lotes de 250. Util\u00edcelos casi todos, a menos que se acuerde lo contrario.<\/li>\n<li>\ud83c\udf81 Deja las notas sobrantes en el lugar despu\u00e9s del evento o d\u00e1selas al cliente como recuerdo. El cliente compr\u00f3 estas notas, as\u00ed que aseg\u00farate siempre de que lleguen a sus manos.<\/li>\n<\/ul>\n<\/li>\n<\/ul>\n<h4>As\u00ed se calcula el n\u00famero de notas por invitado:<\/h4>\n<ol>\n<li>Compruebe en el <strong>ficha<\/strong> Cu\u00e1ntos invitados se esperan.<\/li>\n<li>Divida el n\u00famero total de billetes (normalmente 250 o 500) por el n\u00famero de invitados.<\/li>\n<li>Redondea el resultado a <strong>debajo de<\/strong> en una nota completa.<\/li>\n<\/ol>\n<p><strong>Ejemplo:<\/strong><br \/>\nEl cliente ha encargado 250 entradas personalizadas y hay 70 invitados.<br \/>\n250 \u00f7 70 = 3,5 \u2192 cada invitado recibe <strong>3 notas<\/strong>.<\/p>\n<p>-<\/p>\n<h4>\u2696\ufe0f Importante:<\/h4>\n<p>Cuando gastas m\u00e1s billetes por invitado, tienes que hacerlo <strong>n\u00famero de fichas por billete<\/strong> ligeramente hacia abajo. Si no lo haces, entra en juego demasiado dinero de juego y las mesas se desequilibran. As\u00ed que trabaja siempre con coherencia y coord\u00ednate con el LG en caso de duda.<\/p>\n<p>-<\/p>\n<h3>\ud83e\udd14 \u00bfQu\u00e9 hacer cuando los invitados se quedan sin fichas?<\/h3>\n<ul>\n<li>\ud83c\udf89 <strong>Fiestas peque\u00f1as:<\/strong> \u00bfse da cuenta de que muchos invitados est\u00e1n \u201carruinados\u201d?<br \/>\nCon el consentimiento del GL y del cliente, organizar un <strong>folleto adicional<\/strong> y volver a dar dinero inicial a todos los invitados para que todos vuelvan a tener las mismas oportunidades.<\/li>\n<li>\ud83c\udfe2 <strong>Acontecimientos importantes:<\/strong> repartir notas adicionales s\u00f3lo en consulta con el cliente y LG a menudo no es necesario en caso de largo tiempo de juego o muchas mesas.<\/li>\n<\/ul>\n<p>-<\/p>\n<h3>\ud83d\udca1 Consejo adicional<\/h3>\n<p>Los hu\u00e9spedes disfrutan <strong>empezar con una gran pila de fichas<\/strong>. Esto aporta inmediatamente ambiente y energ\u00eda a la habitaci\u00f3n.<br \/>\nUn comienzo entusiasta = un mejor juego y un cliente m\u00e1s feliz. Haga que los clientes se sientan parte de una aut\u00e9ntica experiencia de casino desde el primer segundo: esa es la diferencia que marca Royal Casino Company. \ud83c\udfb2<\/p>\n<p>-<\/p>\n<h3>\u2705 Resumen<\/h3>\n<ul>\n<li>En <strong>ejecutivo<\/strong> determina el valor por nota \u2192 pregunta siempre.<\/li>\n<li>En <strong>croupiers<\/strong> repartir el dinero del juego de forma limpia, organizada y con una sonrisa.<\/li>\n<li>Utilice notas personalizadas <strong>casi todos<\/strong> (el cliente paga por ello).<\/li>\n<li>Para notas adicionales, ajuste el <strong>n\u00famero de fichas por billete<\/strong> para mantener el equilibrio.<\/li>\n<li>Trabaje siempre seg\u00fan la tabla o las instrucciones de la oficina.<\/li>\n<li>Haga que los invitados empiecen con entusiasmo: m\u00e1s fichas = m\u00e1s diversi\u00f3n = cliente satisfecho.<\/li>\n<\/ul>\n<p>-<\/p>\n<p><strong>Conclusi\u00f3n:<\/strong> Trabajar con constancia, coordinarse bien con el LG y repartir con profesionalidad garantizan el buen desarrollo de cualquier acto.<br \/>\nEsa es la base del \u00e9xito de un casino, y empieza por ti. \ud83d\udcaa<\/p>\n<\/div><div class=\"divider-wrapper\"  >\n    <hr class=\"border-accent-color separator-no-padding\"  \/>\n<\/div>\n<\/div><\/div><\/div><\/div><\/div><\/div><\/div><\/div><\/div><\/div><\/div><\/div><\/div><script id=\"script-row-unique-0\" data-row=\"script-row-unique-0\" type=\"text\/javascript\" class=\"vc_controls\">UNCODE.initRow(document.getElementById(\"row-unique-0\"));<\/script><\/div><\/div><\/div>\n<\/div>","protected":false},"excerpt":{"rendered":"\ud83d\udcb5 Uitdelen van speelgeld &amp; fiches Het uitdelen van het casino-speelgeld is een belangrijk onderdeel van elke casino opdracht. Het [...]","protected":false},"author":1,"featured_media":0,"parent":71016,"menu_order":0,"comment_status":"closed","ping_status":"closed","template":"","meta":{"footnotes":""},"class_list":["post-71194","page","type-page","status-publish","hentry","page_category-personeel-portaal"],"_links":{"self":[{"href":"https:\/\/royalcasinocompany.nl\/es\/wp-json\/wp\/v2\/pages\/71194","targetHints":{"allow":["GET"]}}],"collection":[{"href":"https:\/\/royalcasinocompany.nl\/es\/wp-json\/wp\/v2\/pages"}],"about":[{"href":"https:\/\/royalcasinocompany.nl\/es\/wp-json\/wp\/v2\/types\/page"}],"author":[{"embeddable":true,"href":"https:\/\/royalcasinocompany.nl\/es\/wp-json\/wp\/v2\/users\/1"}],"replies":[{"embeddable":true,"href":"https:\/\/royalcasinocompany.nl\/es\/wp-json\/wp\/v2\/comments?post=71194"}],"version-history":[{"count":11,"href":"https:\/\/royalcasinocompany.nl\/es\/wp-json\/wp\/v2\/pages\/71194\/revisions"}],"predecessor-version":[{"id":71963,"href":"https:\/\/royalcasinocompany.nl\/es\/wp-json\/wp\/v2\/pages\/71194\/revisions\/71963"}],"up":[{"embeddable":true,"href":"https:\/\/royalcasinocompany.nl\/es\/wp-json\/wp\/v2\/pages\/71016"}],"wp:attachment":[{"href":"https:\/\/royalcasinocompany.nl\/es\/wp-json\/wp\/v2\/media?parent=71194"}],"curies":[{"name":"wp","href":"https:\/\/api.w.org\/{rel}","templated":true}]}}