{"id":71196,"date":"2025-11-02T12:41:05","date_gmt":"2025-11-02T11:41:05","guid":{"rendered":"https:\/\/royalcasinocompany.nl\/?page_id=71196"},"modified":"2025-11-14T08:24:48","modified_gmt":"2025-11-14T07:24:48","slug":"verloop-casino-avond","status":"publish","type":"page","link":"https:\/\/royalcasinocompany.nl\/es\/personeel\/verloop-casino-avond\/","title":{"rendered":"Desarrollo de la velada del casino"},"content":{"rendered":"<div class=\"wpb-content-wrapper\"><div data-parent=\"true\" class=\"vc_row row-container boomapps_vcrow\" id=\"row-unique-0\"><div class=\"row limit-width row-parent\"><div class=\"wpb_row row-inner\"><div class=\"wpb_column pos-top pos-center align_left column_parent col-lg-12 boomapps_vccolumn single-internal-gutter\"><div class=\"uncol style-dark\"  ><div class=\"uncoltable\"><div class=\"uncell  boomapps_vccolumn no-block-padding\" ><div class=\"uncont\" ><div class=\"vc_row row-internal row-container boomapps_vcrow\"><div class=\"row row-child\"><div class=\"wpb_row row-inner\"><div class=\"wpb_column pos-top pos-center align_left column_child col-lg-12 boomapps_vccolumn single-internal-gutter\"><div class=\"uncol style-dark\" ><div class=\"uncoltable\"><div class=\"uncell  boomapps_vccolumn no-block-padding\" ><div class=\"uncont\" ><div class=\"vc_custom_heading_wrap\"><div class=\"heading-text el-text\" ><\/p>\n<h1>\ud83c\udfb2 Conducci\u00f3n de la noche de casino.<\/h1>\n<p>\n<hr class=\"separator-break separator-accent\" \/><\/div><div class=\"clear\"><\/div><\/div><div class=\"empty-space empty-single\" ><span class=\"empty-space-inner\"><\/span><\/div>\n<div class=\"uncode_text_column\" ><p>Una noche de casino en <strong>Compa\u00f1\u00eda Royal Casino<\/strong> es una experiencia de principio a fin. Durante el evento, todo gira en torno a la profesionalidad, el entusiasmo y la hospitalidad. Como crupier, eres responsable de garantizar un flujo fluido en tu mesa desde el primer minuto hasta la \u00faltima partida.<\/p>\n<h3>\u23f1\ufe0f Antes de la salida<\/h3>\n<ul>\n<li>\ud83d\udd54 <strong>Cinco minutos antes de que los invitados empiecen a tocar<\/strong> eres t\u00fa <strong>activa y representativa<\/strong> listo detr\u00e1s de su mesa.<\/li>\n<li>\ud83d\udc4b Recibe a los invitados con una sonrisa y pres\u00e9ntate educadamente (\u201c\u00a1Buenas noches, bienvenidos a la mesa de Blackjack!\u201d).<\/li>\n<li>\ud83d\udcd8 Muchos invitados no saben c\u00f3mo funciona el juego por lo tanto dan <strong>siempre una explicaci\u00f3n entusiasta del juego<\/strong>.<\/li>\n<li>\ud83d\udcc4 Despu\u00e9s de su explicaci\u00f3n, se\u00f1ale el <strong>reglas-flyer<\/strong> que est\u00e1 sobre la mesa, para que los invitados que embarquen m\u00e1s tarde tambi\u00e9n puedan tomarse un momento para releerlo.<\/li>\n<li>\ud83d\udcac Utiliza un lenguaje sencillo, humor y energ\u00eda \u00a1el ambiente en la mesa empieza por ti!<\/li>\n<\/ul>\n<h3>\ud83c\udfaf Mientras juegas<\/h3>\n<p>Desde el momento en que se abren las mesas del casino, usted desempe\u00f1a un papel central en el ambiente y la experiencia.<br \/>\nUsted no s\u00f3lo es el director del juego, sino tambi\u00e9n el animador, el anfitri\u00f3n y el punto de contacto para todos los jugadores.<\/p>\n<ul>\n<li>\ud83c\udfb2 <strong>Mantente activo e implicado:<\/strong> hable con sus jugadores, an\u00edmelos y felic\u00edtelos cuando ganen.<\/li>\n<li>\ud83d\udd04 <strong>Fomentar la fluidez:<\/strong> los invitados pueden cambiar de mesa durante la velada y seguir jugando en otros juegos.<\/li>\n<li>\ud83d\udcac <strong>Las explicaciones siguen siendo importantes:<\/strong> los nuevos jugadores siempre explican brevemente el juego, incluso cuando est\u00e1 ocupado.<\/li>\n<li>\ud83d\udc40 <strong>Mant\u00e9n una visi\u00f3n de conjunto:<\/strong> presta atenci\u00f3n a qui\u00e9n juega mucho, qui\u00e9n es nuevo y si todos se divierten.<\/li>\n<li>\ud83d\udcb8 <strong>Est\u00e9 atento a los chips:<\/strong> comprobar regularmente que los n\u00fameros son correctos y que nadie se lleva fichas de m\u00e1s sin darse cuenta.<\/li>\n<\/ul>\n<p>Sobre todo, que los invitados se diviertan <strong>no se trata s\u00f3lo de ganar, sino de vivir una gran experiencia<\/strong>. Es quien se asegura de que todo el mundo se sienta bienvenido y entienda c\u00f3mo funciona el juego. Un crupier entusiasta crea autom\u00e1ticamente un ambiente cordial y profesional.<\/p>\n<h3>\u2615 Pausa durante el acto<\/h3>\n<p>En una noche de casino de unos <strong>4 horas<\/strong> tendr\u00e1 lugar despu\u00e9s de aproximadamente <strong>2 horas un breve descanso<\/strong> lugar.<\/p>\n<ul>\n<li>\ud83d\udd52 <strong>Duraci\u00f3n de la pausa:<\/strong> m\u00e1ximo 15 minutos.<\/li>\n<li>\ud83d\udce2 Anuncia la pausa diciendo claramente:<br \/>\n<em>\u201c\u00a1Damas y caballeros, dos \u00faltimos asaltos antes del descanso!\u201d<\/em><\/li>\n<li>\ud83e\uddcd Pausa <strong>a su vez<\/strong> as\u00ed que siempre hay alguien junto a las mesas para supervisar.<\/li>\n<li>\ud83d\udebb Aprovecha este momento para ir al ba\u00f1o y tomar algo (sin alcohol).<\/li>\n<\/ul>\n<h4>\ud83d\udd12 Seguridad durante las pausas<\/h4>\n<ul>\n<li>\ud83d\udd10 Nunca dejes las fichas desatendidas.<\/li>\n<li>\ud83e\udde9 Cerrar el <strong>chiptray<\/strong> con la tapa (en Blackjack) o cubrir las fichas con un <strong>pa\u00f1o de cocina<\/strong> si no hay tapa.<\/li>\n<li>\ud83d\udeab Los invitados no pueden tocar las mesas ni las fichas durante el descanso.<\/li>\n<\/ul>\n<h4>\ud83d\udead Importante: no se puede fumar en el descanso<\/h4>\n<p>Fumar es <strong>prohibido<\/strong> durante los descansos del casino. El olor a tabaco y las manos que huelen a cigarrillo causan una mala impresi\u00f3n a los clientes.<br \/>\nAdem\u00e1s, ese olor perdura en tu ropa, que no es fresca mientras trabajas. Aprovecha la pausa para beber algo, respirar aire fresco y hacer un peque\u00f1o reset, no para fumar un cigarrillo.<\/p>\n<h3>\ud83d\udcac El trato con los invitados<\/h3>\n<ul>\n<li>\ud83e\udd1d S\u00e9 siempre amable, paciente y profesional incluso en las mesas m\u00e1s concurridas.<\/li>\n<li>\ud83d\udca1 Estate atento a los invitados que no entiendan el juego y vuelve a explic\u00e1rselo con calma.<\/li>\n<li>\ud83c\udfa9 Dir\u00edgete a los invitados con educaci\u00f3n y mant\u00e9n una actitud abierta y positiva.<\/li>\n<li>\ud83c\udfb6 Crea un ambiente relajado y acogedor sin ensuciar.<\/li>\n<li>\ud83c\udfaf C\u00e9ntrate siempre en que los invitados disfruten: eso es m\u00e1s importante que el resultado del partido.<\/li>\n<\/ul>\n<h3>\ud83e\udded Actitud profesional durante el evento.<\/h3>\n<ul>\n<li>\ud83d\udcf1 Los tel\u00e9fonos se mantienen fuera de la vista y no se utilizan en la mesa.<\/li>\n<li>\ud83c\udf79 Prohibidas las bebidas alcoh\u00f3licas en horario laboral.<\/li>\n<li>\ud83e\ude9e Lleva la ropa arreglada, el chaleco recto, la corbata bien representas la marca Royal Casino Company.<\/li>\n<li>\ud83d\ude0a Mant\u00e9n la sonrisa, el contacto visual e irradia calma y diversi\u00f3n, incluso durante las aglomeraciones.<\/li>\n<\/ul>\n<h3>\ud83c\udfc1 Fin de la velada<\/h3>\n<p>Cuando el evento llega a su fin, todo el mundo ayuda a cerrar la velada con pulcritud. Se espera la se\u00f1al del gerente antes de empezar a limpiar. Todas las mesas permanecen ocupadas hasta que el LG indique que el juego ha terminado oficialmente.<\/p>\n<ul>\n<li>\ud83c\udfb2 Anuncia la ronda final con una sonrisa:<br \/>\n<em>\u201cDamas y caballeros, esta es la ronda final - \u00a1buena suerte y gracias por jugar!\u201d<\/em><\/li>\n<li>\ud83e\uddee Despu\u00e9s, empieza a contar las fichas y anota el nombre y apellidos del jugador, junto con su puntuaci\u00f3n final.<\/li>\n<li>\ud83e\uddfc Aseg\u00farate de que la mesa siga ordenada hasta que se vaya el \u00faltimo invitado.<\/li>\n<\/ul>\n<h3>\u2728 Resumen<\/h3>\n<ul>\n<li>\ud83d\udd54 Prep\u00e1rate detr\u00e1s de tu mesa 5 minutos antes del comienzo.<\/li>\n<li>\ud83c\udf93 Da a cada nuevo jugador una explicaci\u00f3n breve y clara del juego.<\/li>\n<li>\ud83d\udcc4 Consulta los folletos con las reglas del juego que hay en las mesas.<\/li>\n<li>\u2615 Despu\u00e9s de 2 horas: breve pausa de \u00b115 minutos, por turnos.<\/li>\n<li>\ud83d\udd12 Cubre siempre las fichas al abandonar la mesa.<\/li>\n<li>\ud83d\udead Prohibido fumar durante el tiempo de descanso.<\/li>\n<li>\ud83c\udfa9 Mantente profesional, entusiasta y presentable.<\/li>\n<\/ul>\n<p>Siguiendo correctamente estas directrices, entre todos garantizamos un <strong>velada de casino perfectamente organizada, profesional y ambientada<\/strong> exactamente lo que nuestros clientes esperan de <strong>Compa\u00f1\u00eda Royal Casino<\/strong>. \ud83c\udf1f<\/p>\n<\/div><\/div><\/div><\/div><\/div><\/div><\/div><\/div><\/div><\/div><\/div><\/div><\/div><\/div><script id=\"script-row-unique-0\" data-row=\"script-row-unique-0\" type=\"text\/javascript\" class=\"vc_controls\">UNCODE.initRow(document.getElementById(\"row-unique-0\"));<\/script><\/div><\/div><\/div>\n<\/div>","protected":false},"excerpt":{"rendered":"\ud83c\udfb2 Verloop van de casino avond Een casinoavond bij Royal Casino Company is een beleving van begin tot eind. Tijdens [...]","protected":false},"author":1,"featured_media":0,"parent":71016,"menu_order":0,"comment_status":"closed","ping_status":"closed","template":"","meta":{"footnotes":""},"class_list":["post-71196","page","type-page","status-publish","hentry","page_category-personeel-portaal"],"_links":{"self":[{"href":"https:\/\/royalcasinocompany.nl\/es\/wp-json\/wp\/v2\/pages\/71196","targetHints":{"allow":["GET"]}}],"collection":[{"href":"https:\/\/royalcasinocompany.nl\/es\/wp-json\/wp\/v2\/pages"}],"about":[{"href":"https:\/\/royalcasinocompany.nl\/es\/wp-json\/wp\/v2\/types\/page"}],"author":[{"embeddable":true,"href":"https:\/\/royalcasinocompany.nl\/es\/wp-json\/wp\/v2\/users\/1"}],"replies":[{"embeddable":true,"href":"https:\/\/royalcasinocompany.nl\/es\/wp-json\/wp\/v2\/comments?post=71196"}],"version-history":[{"count":5,"href":"https:\/\/royalcasinocompany.nl\/es\/wp-json\/wp\/v2\/pages\/71196\/revisions"}],"predecessor-version":[{"id":71473,"href":"https:\/\/royalcasinocompany.nl\/es\/wp-json\/wp\/v2\/pages\/71196\/revisions\/71473"}],"up":[{"embeddable":true,"href":"https:\/\/royalcasinocompany.nl\/es\/wp-json\/wp\/v2\/pages\/71016"}],"wp:attachment":[{"href":"https:\/\/royalcasinocompany.nl\/es\/wp-json\/wp\/v2\/media?parent=71196"}],"curies":[{"name":"wp","href":"https:\/\/api.w.org\/{rel}","templated":true}]}}