{"id":71203,"date":"2025-11-02T12:49:30","date_gmt":"2025-11-02T11:49:30","guid":{"rendered":"https:\/\/royalcasinocompany.nl\/?page_id=71203"},"modified":"2026-01-16T10:47:45","modified_gmt":"2026-01-16T09:47:45","slug":"sluiting-casinotafels","status":"publish","type":"page","link":"https:\/\/royalcasinocompany.nl\/es\/personeel\/sluiting-casinotafels\/","title":{"rendered":"Cierre de las mesas del casino"},"content":{"rendered":"<div class=\"wpb-content-wrapper\"><div data-parent=\"true\" class=\"vc_row row-container boomapps_vcrow\" id=\"row-unique-0\"><div class=\"row limit-width row-parent\"><div class=\"wpb_row row-inner\"><div class=\"wpb_column pos-top pos-center align_left column_parent col-lg-12 boomapps_vccolumn single-internal-gutter\"><div class=\"uncol style-dark\"  ><div class=\"uncoltable\"><div class=\"uncell  boomapps_vccolumn no-block-padding\" ><div class=\"uncont\" ><div class=\"vc_row row-internal row-container boomapps_vcrow\"><div class=\"row row-child\"><div class=\"wpb_row row-inner\"><div class=\"wpb_column pos-top pos-center align_left column_child col-lg-12 boomapps_vccolumn single-internal-gutter\"><div class=\"uncol style-dark\" ><div class=\"uncoltable\"><div class=\"uncell  boomapps_vccolumn no-block-padding\" ><div class=\"uncont\" ><div class=\"vc_custom_heading_wrap\"><div class=\"heading-text el-text\" ><\/p>\n<h1>\ud83c\udfb0 Cierre de las mesas del casino<\/h1>\n<p>\n<hr class=\"separator-break separator-accent\" \/><\/div><div class=\"clear\"><\/div><\/div><div class=\"empty-space empty-single\" ><span class=\"empty-space-inner\"><\/span><\/div>\n<div class=\"uncode_text_column\" ><p>El final de la noche de casino es un momento importante. Determina la impresi\u00f3n final tanto con el cliente como con los invitados.<br \/>\nPor lo tanto, cerramos las mesas del casino el <strong>de forma profesional, clara y estructurada<\/strong> off. Cada crupier sabe exactamente lo que se espera de \u00e9l.<\/p>\n<p>-<\/p>\n<h3>\u23f3 Preparaci\u00f3n del cierre<\/h3>\n<ul>\n<li>\ud83d\udd52 <strong>El ejecutivo (LG)<\/strong> se detiene sobre <strong>15 minutos antes de la hora oficial de llegada<\/strong>\u00a0con su trabajo en la mesa del casino para ayudar al <strong>entrega de premios<\/strong> prep\u00e1rate.<\/li>\n<li>\ud83c\udfb2 Las dem\u00e1s mesas permanecer\u00e1n abiertas como de costumbre, por lo que los invitados de la mesa cerrada podr\u00e1n seguir jugando all\u00ed si es necesario.<\/li>\n<\/ul>\n<p>-<\/p>\n<h3>\ud83d\udce2 Anuncio de cierre<\/h3>\n<ul>\n<li>\ud83c\udfa4 El LG anuncia claramente el cierre inminente esto se puede hacer a trav\u00e9s del DJ, micr\u00f3fono o verbalmente en s\u00ed.<br \/>\nPor ejemplo: <em>\u201cSe\u00f1oras y se\u00f1ores, el casino cerrar\u00e1 en 10 minutos. Por favor, entreguen sus cheques y fichas en las mesas del casino. A continuaci\u00f3n tendr\u00e1 lugar la ceremonia de entrega de premios\u201d.\u201d<\/em><\/li>\n<li>\ud83d\udcac Si es necesario, repite este mensaje una vez m\u00e1s en tono amable cinco minutos despu\u00e9s.<\/li>\n<li>\ud83c\udfaf De esta forma, todos los clientes saben que el casino est\u00e1 a punto de cerrar y pueden hacer sus \u00faltimas apuestas o que se registren sus ganancias.<\/li>\n<\/ul>\n<p>-<\/p>\n<h3>\ud83e\uddee Recogida de fichas y cheques<\/h3>\n<ul>\n<li>\ud83d\udcac Anuncia a tu mesa con una sonrisa que esta es la \u00faltima ronda.<br \/>\nPor ejemplo: <em>\u201c\u00a1Damas y caballeros, esta es la ronda final! P\u00f3nganlo todo una vez m\u00e1s y qui\u00e9n sabe, \u00a1podr\u00edan cerrar como el ganador de la noche!\u201d<\/em><\/li>\n<li>\ud83d\udcb0 A continuaci\u00f3n, los crupieres se encargan de que todas las fichas se tomen ordenadamente y se anote la puntuaci\u00f3n con nombres y apellidos.<\/li>\n<li>\ud83e\uddfe A los invitados que se acerquen a tu mesa con cheques o fichas se les ayudar\u00e1 anotando su puntuaci\u00f3n ordenada y correctamente con nombre y apellidos.<\/li>\n<li>\ud83e\uddcd El LG hace una \u00faltima ronda por la sala para comprobar si a\u00fan hay fichas o cheques en circulaci\u00f3n entre los invitados presentes.<\/li>\n<li>\ud83d\udccb Si todav\u00eda hay jugadores con cheques, el LG anota su <strong>puntuaci\u00f3n<\/strong> incluyendo nombre y apellidos en la lista de ganadores de la ceremonia de entrega de premios.<\/li>\n<\/ul>\n<p>-<\/p>\n<h3>\ud83e\udeb6 Cierre profesional en la mesa<\/h3>\n<ul>\n<li>\ud83e\uddfc Aseg\u00farate de que la mesa tenga un aspecto cuidado, incluso en los \u00faltimos minutos. Una mesa bien cuidada transmite profesionalidad.<\/li>\n<li>\ud83e\uddee Despu\u00e9s, cuenta con calma las fichas, anota cualquier peculiaridad e informa inmediatamente de las desviaciones en la app de grupo del evento. Te faltan muchas fichas? Entonces ac\u00e9rcate a otra mesa de juego para ver si all\u00ed sobran fichas y puedes reponer tu bandeja de fichas.<\/li>\n<\/ul>\n<p>-<\/p>\n<h3>\ud83c\udfc6 Preparaci\u00f3n de la ceremonia de entrega de premios<\/h3>\n<ul>\n<li>\ud83c\udf9f\ufe0f Una vez retiradas todas las fichas y cheques, el LG recoger\u00e1 las puntuaciones m\u00e1s altas de la noche, en funci\u00f3n del n\u00famero de premios disponibles.<\/li>\n<li>\ud83d\udcc8 Los crupieres pueden ayudar pasando los ganadores de su mesa al LG.<\/li>\n<li>\ud83c\udf81 El GL prepara la ceremonia de entrega de premios junto con cualquier premio proporcionado por la oficina o el cliente.<\/li>\n<\/ul>\n<p>-<\/p>\n<h3>\u26a0\ufe0f Control por el supervisor<\/h3>\n<ul>\n<li>\ud83d\udc40 El LG comprueba todas las mesas antes de que comience la ceremonia de entrega de premios.<\/li>\n<li>\ud83d\udd0d Puntos de control: \u00bfest\u00e1n todas las fichas en su mayor\u00eda completas, est\u00e1n cerradas las bandejas de fichas, est\u00e1 guardado el dinero de juego, est\u00e1n ordenadas las mesas?<\/li>\n<li>\ud83d\udce2 Una vez que todo est\u00e1 completo, el LG anuncia que comenzar\u00e1 la entrega de premios.<\/li>\n<\/ul>\n<p>-<\/p>\n<h3>\ud83d\udca1 Puntos importantes de atenci\u00f3n<\/h3>\n<ul>\n<li>\ud83d\udd52 La noche no termina hasta que <strong>todas las fichas, billetes y cheques<\/strong> han sido entregados y comprobados.<\/li>\n<li>\ud83d\udeab No se permiten m\u00e1s jugadores en las mesas una vez anunciado el cierre.<\/li>\n<li>\ud83e\uddcd Mant\u00e9ngase profesional y amable los \u00faltimos minutos estancia con los hu\u00e9spedes mejor.<\/li>\n<li>\ud83d\udde3\ufe0f Evite las prisas o el caos. La calma, la estructura y una sonrisa garantizan una conclusi\u00f3n agradable.<\/li>\n<\/ul>\n<p>-<\/p>\n<h3>\u2705 Resumen<\/h3>\n<ul>\n<li>\u23f3 LG detiene el juego 15 minutos antes de la hora de finalizaci\u00f3n para preparar la ceremonia de entrega de premios.<\/li>\n<li>\ud83d\udce2 LG anuncia claramente el cierre a trav\u00e9s de DJ o locutor.<\/li>\n<li>\ud83c\udfb2 Los crupieres cogen todas las fichas y cheques ordenadamente.<\/li>\n<li>\ud83e\uddfe LG anota las puntuaciones finales y prepara la entrega de premios.<\/li>\n<li>\ud83e\uddfc Las mesas permanecen ordenadas hasta el \u00faltimo momento.<\/li>\n<li>\ud83c\udfc6 La velada concluye con la entrega de premios y la satisfacci\u00f3n de los invitados.<\/li>\n<\/ul>\n<p>-<\/p>\n<p>Siguiendo este planteamiento, terminamos cada velada con profesionalidad, tranquilidad y clase.<br \/>\nAs\u00ed es como todos los eventos terminan como deber\u00edan: <strong>con hu\u00e9spedes satisfechos y una impresi\u00f3n perfecta de Royal Casino Company.<\/strong> \u2728<\/p>\n<\/div><div class=\"divider-wrapper\"  >\n    <hr class=\"border-accent-color separator-no-padding\"  \/>\n<\/div>\n<\/div><\/div><\/div><\/div><\/div><\/div><\/div><\/div><\/div><\/div><\/div><\/div><\/div><script id=\"script-row-unique-0\" data-row=\"script-row-unique-0\" type=\"text\/javascript\" class=\"vc_controls\">UNCODE.initRow(document.getElementById(\"row-unique-0\"));<\/script><\/div><\/div><\/div>\n<\/div>","protected":false},"excerpt":{"rendered":"\ud83c\udfb0 Sluiting van de casinotafels Het einde van de casinoavond is een belangrijk moment. Het bepaalt de laatste indruk bij [...]","protected":false},"author":1,"featured_media":0,"parent":71016,"menu_order":0,"comment_status":"closed","ping_status":"closed","template":"","meta":{"footnotes":""},"class_list":["post-71203","page","type-page","status-publish","hentry","page_category-personeel-portaal"],"_links":{"self":[{"href":"https:\/\/royalcasinocompany.nl\/es\/wp-json\/wp\/v2\/pages\/71203","targetHints":{"allow":["GET"]}}],"collection":[{"href":"https:\/\/royalcasinocompany.nl\/es\/wp-json\/wp\/v2\/pages"}],"about":[{"href":"https:\/\/royalcasinocompany.nl\/es\/wp-json\/wp\/v2\/types\/page"}],"author":[{"embeddable":true,"href":"https:\/\/royalcasinocompany.nl\/es\/wp-json\/wp\/v2\/users\/1"}],"replies":[{"embeddable":true,"href":"https:\/\/royalcasinocompany.nl\/es\/wp-json\/wp\/v2\/comments?post=71203"}],"version-history":[{"count":7,"href":"https:\/\/royalcasinocompany.nl\/es\/wp-json\/wp\/v2\/pages\/71203\/revisions"}],"predecessor-version":[{"id":71958,"href":"https:\/\/royalcasinocompany.nl\/es\/wp-json\/wp\/v2\/pages\/71203\/revisions\/71958"}],"up":[{"embeddable":true,"href":"https:\/\/royalcasinocompany.nl\/es\/wp-json\/wp\/v2\/pages\/71016"}],"wp:attachment":[{"href":"https:\/\/royalcasinocompany.nl\/es\/wp-json\/wp\/v2\/media?parent=71203"}],"curies":[{"name":"wp","href":"https:\/\/api.w.org\/{rel}","templated":true}]}}