{"id":71206,"date":"2025-11-02T12:50:41","date_gmt":"2025-11-02T11:50:41","guid":{"rendered":"https:\/\/royalcasinocompany.nl\/?page_id=71206"},"modified":"2026-01-15T23:30:55","modified_gmt":"2026-01-15T22:30:55","slug":"prijsuitreiking","status":"publish","type":"page","link":"https:\/\/royalcasinocompany.nl\/es\/personeel\/prijsuitreiking\/","title":{"rendered":"Entrega de premios"},"content":{"rendered":"<div class=\"wpb-content-wrapper\"><div data-parent=\"true\" class=\"vc_row row-container boomapps_vcrow\" id=\"row-unique-0\"><div class=\"row limit-width row-parent\"><div class=\"wpb_row row-inner\"><div class=\"wpb_column pos-top pos-center align_left column_parent col-lg-12 boomapps_vccolumn single-internal-gutter\"><div class=\"uncol style-dark\"  ><div class=\"uncoltable\"><div class=\"uncell  boomapps_vccolumn no-block-padding\" ><div class=\"uncont\" ><div class=\"vc_row row-internal row-container boomapps_vcrow\"><div class=\"row row-child\"><div class=\"wpb_row row-inner\"><div class=\"wpb_column pos-top pos-center align_left column_child col-lg-12 boomapps_vccolumn single-internal-gutter\"><div class=\"uncol style-dark\" ><div class=\"uncoltable\"><div class=\"uncell  boomapps_vccolumn no-block-padding\" ><div class=\"uncont\" ><div class=\"vc_custom_heading_wrap\"><div class=\"heading-text el-text\" ><\/p>\n<h1>\ud83c\udfc6 Entrega de premios<\/h1>\n<p>\n<hr class=\"separator-break separator-accent\" \/><\/div><div class=\"clear\"><\/div><\/div><div class=\"empty-space empty-single\" ><span class=\"empty-space-inner\"><\/span><\/div>\n<div class=\"uncode_text_column\" ><p>La ceremonia de entrega es el <strong>cl\u00edmax y momento final<\/strong> de cada noche de casino. Es el momento de agradecer a los invitados su entusiasmo, destacar a los ganadores y concluir el evento de forma festiva. Una ceremonia de entrega de premios bien organizada causa una gran impresi\u00f3n final tanto al cliente como a los invitados.<\/p>\n<p>-<\/p>\n<h3>\ud83e\udded Preparaci\u00f3n<\/h3>\n<ul>\n<li>\ud83d\udd52 <strong>Al principio de la velada, discuta<\/strong> con el cliente c\u00f3mo se llevar\u00e1n a cabo la puntuaci\u00f3n y la entrega de premios.<br \/>\nDiscuta tambi\u00e9n si el cliente desea <strong>usted como gestor<\/strong> presenta la ceremonia de entrega de premios, o si prefiere hacerlo \u00e9l mismo.<\/li>\n<li>\ud83d\udccb Despu\u00e9s de cerrar las mesas del casino, comprueba todos los <strong>puntuaciones y cheques<\/strong> y decidir junto con el equipo qui\u00e9n ser\u00e1 el <strong>ganadores<\/strong>\u00a0de la noche son.<\/li>\n<li>\ud83c\udfa4 Si es posible: preparar la ceremonia de entrega de premios con un <strong>micr\u00f3fono<\/strong> o a trav\u00e9s del DJ para una presentaci\u00f3n profesional.<\/li>\n<li>\ud83c\udf81 Comprueba que los premios est\u00e1n presentes y completos (proporcionados por el cliente o por la empresa Royal Casino).<\/li>\n<li>\ud83d\udccd Elige un lugar central de la sala donde todos los invitados tengan una buena vista de la entrega de premios.<\/li>\n<\/ul>\n<p>-<\/p>\n<h3>\ud83d\udce2 Actuaci\u00f3n de la ceremonia de entrega de premios<\/h3>\n<ul>\n<li>\ud83c\udf89 Empieza con una bienvenida entusiasta y agradece a todos los invitados su participaci\u00f3n y convivencia.<br \/>\nHacer hincapi\u00e9 en <strong>ambiente positivo y fan\u00e1tico<\/strong> de la velada y lo bien que todos le siguieron el juego.<\/li>\n<li>\u2705 Para estar seguro, pregunta una vez m\u00e1s si alg\u00fan invitado a\u00fan no ha entregado sus cheques o fichas.<\/li>\n<li>\ud83c\udfc5 Anunciar a los ganadores, empezando por el <strong>tercer puesto<\/strong> (si procede), luego el segundo, y terminar con el <strong>gran ganador.<\/strong><\/li>\n<li>\ud83d\udc4f Despu\u00e9s de cada anuncio, pide <strong>aplausos del p\u00fablico<\/strong> y ceder brevemente el escenario al ganador para que reciba su premio.<\/li>\n<li>\ud83d\udcf8 Anima al cliente o al fot\u00f3grafo a tomar una r\u00e1pida <strong>capturas fotogr\u00e1ficas<\/strong> de la ceremonia de entrega para las redes sociales o para uso interno.<\/li>\n<li>\ud83d\udcac Que sea desenfadado, positivo y con humor. Por ejemplo:<br \/>\n<em>\u201c\u00a1Y este jugador tuvo tanta suerte que ni siquiera el casino pudo seguirle el ritmo!\u201d.\u201d<\/em><\/li>\n<\/ul>\n<p>-<\/p>\n<h3>\ud83c\udf81 Entrega de los premios<\/h3>\n<ul>\n<li>El LG o croupier entrega personalmente el premio con una sonrisa y felicita al ganador.<\/li>\n<li>Comprueba que cada premio va a parar a la persona adecuada (seg\u00fan las puntuaciones anotadas).<\/li>\n<li>Da las gracias al cliente y, si es posible, a la organizaci\u00f3n por haber hecho posible el acto.<\/li>\n<\/ul>\n<p>-<\/p>\n<h3>\ud83c\udfa4 Sugerencia de texto para el LG<\/h3>\n<p><em>\u201cSe\u00f1oras y se\u00f1ores, \u00a1qu\u00e9 gran noche de casino hemos tenido!<br \/>\nTodos jugaron con fanatismo y proporcionaron un ambiente fant\u00e1stico.<br \/>\nPero como en cualquier casino, al final hay algunos verdaderos ganadores<br \/>\nEmpezamos con el n\u00famero tres...\u201d<\/em><\/p>\n<p>Utiliza el humor, la energ\u00eda y el entusiasmo: es el momento de terminar la velada por todo lo alto.<br \/>\nQueremos que los hu\u00e9spedes se vayan con una sonrisa y una buena sensaci\u00f3n.<\/p>\n<p>-<\/p>\n<h3>\ud83c\udf87 Clausura de la velada<\/h3>\n<ul>\n<li>\ud83d\udc4f Cierra con un aplauso final para todos los participantes.<\/li>\n<li>\ud83d\udcac Agradecer de nuevo al p\u00fablico en nombre de <strong>Compa\u00f1\u00eda Royal Casino<\/strong> por su entusiasmo.<\/li>\n<li>\ud83c\udfa4 En nombre del equipo, desearos a todos un <strong>feliz continuaci\u00f3n de la velada<\/strong> o afterparty.<\/li>\n<li>\ud83d\udce6 Al terminar, recoge los cheques o materiales sobrantes y entr\u00e9galos al LG o crupier responsable.<\/li>\n<\/ul>\n<p>-<\/p>\n<h3>\ud83d\udca1 Consejos para una entrega de premios perfecta<\/h3>\n<ul>\n<li>\ud83d\udd0a Hable con calma y claridad; utilice un micr\u00f3fono si est\u00e1 presente.<\/li>\n<li>\ud83c\udfb5 Si es necesario, haz que el DJ ponga una m\u00fasica corta en cada momento de aplauso.<\/li>\n<li>\ud83d\udcf8 Pregunta si se puede hacer una foto de los ganadores con sus premios.<\/li>\n<li>\ud83c\udfa9 Mantente profesional, pero tambi\u00e9n espont\u00e1neo y entusiasta este momento bien puede tener un elemento de espect\u00e1culo.<\/li>\n<li>\ud83e\udd1d T\u00f3mese tambi\u00e9n un momento para agradecer personalmente al cliente o al organizador en el micr\u00f3fono su colaboraci\u00f3n.<\/li>\n<\/ul>\n<p>-<\/p>\n<h3>\u2705 Resumen<\/h3>\n<ul>\n<li>\ud83d\udd52 Prepara bien la entrega de premios a primera hora de la tarde.<\/li>\n<li>\ud83d\udccb Comprueba las puntuaciones y determina los tres primeros (en funci\u00f3n del n\u00famero de premios).<\/li>\n<li>\ud83c\udfa4 Pres\u00e9ntate con energ\u00eda, positividad y humor.<\/li>\n<li>\ud83d\udc4f Que el p\u00fablico se una con aplausos y entusiasmo.<\/li>\n<li>\ud83c\udfc5 Entrega los premios con profesionalidad y orgullo.<\/li>\n<li>\ud83c\udf87 Cierra la velada festivamente con un voto de agradecimiento en nombre de Royal Casino Company.<\/li>\n<\/ul>\n<p>-<\/p>\n<p>Por a <strong>ceremonia de entrega de premios clara, entusiasta y bien organizada<\/strong> abajo, terminamos cada evento con clase, diversi\u00f3n y profesionalidad.<br \/>\nLos invitados se van con una sonrisa y ese es el mejor cumplido que podemos recibir. \u2728<\/p>\n<\/div><div class=\"divider-wrapper\"  >\n    <hr class=\"border-accent-color separator-no-padding\"  \/>\n<\/div>\n<\/div><\/div><\/div><\/div><\/div><\/div><\/div><\/div><\/div><\/div><\/div><\/div><\/div><script id=\"script-row-unique-0\" data-row=\"script-row-unique-0\" type=\"text\/javascript\" class=\"vc_controls\">UNCODE.initRow(document.getElementById(\"row-unique-0\"));<\/script><\/div><\/div><\/div>\n<\/div>","protected":false},"excerpt":{"rendered":"\ud83c\udfc6 Prijsuitreiking De prijsuitreiking is het hoogtepunt \u00e9n slotmoment van elke casinoavond. Het is h\u00e9t moment waarop we de gasten [...]","protected":false},"author":1,"featured_media":0,"parent":71016,"menu_order":0,"comment_status":"closed","ping_status":"closed","template":"","meta":{"footnotes":""},"class_list":["post-71206","page","type-page","status-publish","hentry","page_category-personeel-portaal"],"_links":{"self":[{"href":"https:\/\/royalcasinocompany.nl\/es\/wp-json\/wp\/v2\/pages\/71206","targetHints":{"allow":["GET"]}}],"collection":[{"href":"https:\/\/royalcasinocompany.nl\/es\/wp-json\/wp\/v2\/pages"}],"about":[{"href":"https:\/\/royalcasinocompany.nl\/es\/wp-json\/wp\/v2\/types\/page"}],"author":[{"embeddable":true,"href":"https:\/\/royalcasinocompany.nl\/es\/wp-json\/wp\/v2\/users\/1"}],"replies":[{"embeddable":true,"href":"https:\/\/royalcasinocompany.nl\/es\/wp-json\/wp\/v2\/comments?post=71206"}],"version-history":[{"count":5,"href":"https:\/\/royalcasinocompany.nl\/es\/wp-json\/wp\/v2\/pages\/71206\/revisions"}],"predecessor-version":[{"id":71952,"href":"https:\/\/royalcasinocompany.nl\/es\/wp-json\/wp\/v2\/pages\/71206\/revisions\/71952"}],"up":[{"embeddable":true,"href":"https:\/\/royalcasinocompany.nl\/es\/wp-json\/wp\/v2\/pages\/71016"}],"wp:attachment":[{"href":"https:\/\/royalcasinocompany.nl\/es\/wp-json\/wp\/v2\/media?parent=71206"}],"curies":[{"name":"wp","href":"https:\/\/api.w.org\/{rel}","templated":true}]}}