{"id":71208,"date":"2025-11-02T12:52:28","date_gmt":"2025-11-02T11:52:28","guid":{"rendered":"https:\/\/royalcasinocompany.nl\/?page_id=71208"},"modified":"2026-01-15T22:45:39","modified_gmt":"2026-01-15T21:45:39","slug":"afbouw","status":"publish","type":"page","link":"https:\/\/royalcasinocompany.nl\/es\/personeel\/afbouw\/","title":{"rendered":"Finalizaci\u00f3n"},"content":{"rendered":"<div class=\"wpb-content-wrapper\"><div data-parent=\"true\" class=\"vc_row row-container boomapps_vcrow\" id=\"row-unique-0\"><div class=\"row limit-width row-parent\"><div class=\"wpb_row row-inner\"><div class=\"wpb_column pos-top pos-center align_left column_parent col-lg-12 boomapps_vccolumn single-internal-gutter\"><div class=\"uncol style-dark\"  ><div class=\"uncoltable\"><div class=\"uncell  boomapps_vccolumn no-block-padding\" ><div class=\"uncont\" ><div class=\"vc_row row-internal row-container boomapps_vcrow\"><div class=\"row row-child\"><div class=\"wpb_row row-inner\"><div class=\"wpb_column pos-top pos-center align_left column_child col-lg-12 boomapps_vccolumn single-internal-gutter\"><div class=\"uncol style-dark\" ><div class=\"uncoltable\"><div class=\"uncell  boomapps_vccolumn no-block-padding\" ><div class=\"uncont\" ><div class=\"vc_custom_heading_wrap\"><div class=\"heading-text el-text\" ><\/p>\n<h1>\ud83e\uddf1 Desmantelamiento del casino<\/h1>\n<p>\n<hr class=\"separator-break separator-accent\" \/><\/div><div class=\"clear\"><\/div><\/div><div class=\"empty-space empty-single\" ><span class=\"empty-space-inner\"><\/span><\/div>\n<div class=\"uncode_text_column\" ><p>Tras una exitosa velada, los invitados se despiden y para nuestro equipo, el <strong>eliminaci\u00f3n progresiva<\/strong>.<br \/>\nEsta es una parte crucial del trabajo: aqu\u00ed es donde demostramos nuestra profesionalidad, diligencia y sentido de la responsabilidad.<br \/>\nUna velada bien construida siempre termina con un desmontaje limpio, organizado y sin da\u00f1os.<\/p>\n<p>-<\/p>\n<h3>\ud83d\udc54 Breve preparaci\u00f3n<\/h3>\n<ul>\n<li>\ud83e\uddcd Una vez que los invitados se van y las mesas se cierran oficialmente, <strong>todos los crupieres se cambian de ropa<\/strong> de su pulcro atuendo de casino. (Ver callsheet cuando se le permite construir hacia abajo)<\/li>\n<li>\ud83c\udfaf Despu\u00e9s de eso, el <strong>desmantelamiento estructurado<\/strong> de todos los materiales seg\u00fan las instrucciones del <strong>ficha<\/strong> y el <strong>lista de control con casillas de verificaci\u00f3n<\/strong> (\u201cFin de la misi\u00f3n - cargado en el autob\u00fas\u201d).<\/li>\n<li>\ud83d\udcac El supervisor (LG) decide qui\u00e9n hace qu\u00e9 y divide claramente las tareas: qui\u00e9n recoge las mesas, qui\u00e9n las l\u00e1mparas, qui\u00e9n las cajas de materiales, etc.<\/li>\n<\/ul>\n<p>-<\/p>\n<h3>\ud83e\uddf9 Orden y limpieza<\/h3>\n<p>En Royal Casino Company, dejamos cada lugar como lo encontramos o mejor.<br \/>\nPor lo tanto, el <strong>todo cuidadosamente limpio y bien embalado<\/strong> antes de que se cargue.<\/p>\n<ul>\n<li>\ud83e\uddfd Limpia cada mesa de casino con un pa\u00f1o ligeramente humedecido (spray limpiador) y s\u00e9calo inmediatamente despu\u00e9s (no dejes superficies h\u00famedas en el autob\u00fas).<\/li>\n<li>\u2728 Compruebe que las mesas, las bandejas de fichas, los cilindros y la decoraci\u00f3n est\u00e1n libres de huellas, polvo o manchas de bebida.<\/li>\n<li>\ud83e\uddf4 Utilice el pa\u00f1o de pulido y el pulverizador para limpiar los bordes, las bases de las l\u00e1mparas y las pantallas.<\/li>\n<li>\ud83c\udfb2 Comprueba las fichas, tarjetas y accesorios y aseg\u00farate de que todo est\u00e1 completo (consulta la hoja de convocatorias y la lista de comprobaci\u00f3n en la caja de materiales).<\/li>\n<li>\ud83d\udce6 Clasifica los materiales en cajas adecuadas y ci\u00e9rralas bien antes de transportarlos.<\/li>\n<\/ul>\n<p>-<\/p>\n<h3>\ud83d\ude9a Carga en el autob\u00fas<\/h3>\n<ul>\n<li>\ud83e\udeb6 Trabajo <strong>estructurado y tranquilo<\/strong> Prefiero pasar 10 minutos m\u00e1s que el da\u00f1o debido a la prisa.<\/li>\n<li>\ud83d\udccb Utiliza el <strong>lista de control de la hoja de reclamaciones<\/strong> para firmar cada art\u00edculo tan pronto como est\u00e9 en la furgoneta. As\u00ed evitamos que se nos olviden cosas.<\/li>\n<li>\ud83e\udde9 Cargue primero los elementos pesados, como bases de mesa, carros de transporte y decoraci\u00f3n, y despu\u00e9s los materiales m\u00e1s ligeros.<\/li>\n<li>\ud83e\uddfc Aseg\u00farate de que todo <strong>estable, segura y protegida<\/strong> estado en la furgoneta. Utiliza correas cuando sea necesario para evitar da\u00f1os en la carretera.<\/li>\n<li>\ud83d\udeab No apile piezas o materiales sueltos sin protecci\u00f3n (utilice siempre mantas de transporte).<\/li>\n<li>\ud83d\udd26 Comprueba que tambi\u00e9n se han tra\u00eddo la iluminaci\u00f3n, los carretes y los cables alargadores que a menudo se olvidan.<\/li>\n<\/ul>\n<p>-<\/p>\n<h3>\ud83d\udc40 Control previo a la salida<\/h3>\n<ul>\n<li>\ud83d\udccb El GL o el funcionario final designado har\u00e1 un <strong>\u00faltima gira<\/strong> por la ubicaci\u00f3n y los controles:\n<ul>\n<li>\u00bfEst\u00e1 todo cargado seg\u00fan la lista de comprobaci\u00f3n?<\/li>\n<li>\u00bfEst\u00e1n vac\u00edas todas las \u00e1reas, los rincones y el vestuario?<\/li>\n<li>\u00bfSe han vuelto a colocar las mesas, las sillas y los adornos de los clientes?<\/li>\n<li>\u00bfSe deja el local limpio y ordenado?<\/li>\n<\/ul>\n<\/li>\n<li>\ud83d\udd12 Solo cuando se haya hecho la revisi\u00f3n completa, se podr\u00e1 cerrar el autob\u00fas y el equipo podr\u00e1 salir.<\/li>\n<\/ul>\n<p>-<\/p>\n<h3>\ud83d\udeab Puntos importantes de atenci\u00f3n<\/h3>\n<ul>\n<li>\ud83e\udde0 Qu\u00e9date <strong>centrado<\/strong> Hasta el \u00faltimo momento es cuando se cometen m\u00e1s errores.<\/li>\n<li>\ud83d\udcac Trabajo <strong>juntos<\/strong> y hablar entre ellos si algo no se hace con pulcritud o seguridad.<\/li>\n<li>\ud83e\udeb6 Levante con responsabilidad: use las rodillas, pida ayuda con las piezas pesadas y evite lesiones o da\u00f1os.<\/li>\n<li>\ud83d\udead No est\u00e1 permitido fumar durante el desmontaje ni en el autob\u00fas.<\/li>\n<li>\ud83c\udf7b Nada de alcohol cuando se trabaja para la compa\u00f1\u00eda Royal Casino.<\/li>\n<\/ul>\n<p>-<\/p>\n<h3>\ud83d\udd50 Tiempo y horario<\/h3>\n<p>La eliminaci\u00f3n progresiva dura una media de <strong>al menos una hora<\/strong>, seg\u00fan el n\u00famero de mesas y la decoraci\u00f3n.<br \/>\nLos grandes eventos pueden llevar m\u00e1s tiempo, pero lo importante es que todo se lleve a cabo con cuidado y seguridad.<\/p>\n<p>El gestor sigue siendo responsable hasta que <strong>el \u00faltimo autob\u00fas est\u00e1 totalmente cargado<\/strong> y el equipo puede salir con seguridad.<\/p>\n<p>-<\/p>\n<h3>\u2705 Resumen: tus pasos para desconectar<\/h3>\n<ul>\n<li>\ud83d\udc55 Cambiarse de ropa despu\u00e9s del evento.<\/li>\n<li>\ud83e\uddf9 Limpiar y revisar mesas y materiales.<\/li>\n<li>\ud83d\udce6 Carga todo de forma estructurada seg\u00fan la lista de comprobaci\u00f3n.<\/li>\n<li>\ud83d\ude9a Empaqueta el autob\u00fas de forma segura y sin dejar nada suelto.<\/li>\n<li>\ud83d\udc40 Comprobaci\u00f3n final por parte de LG ubicaci\u00f3n dej\u00f3 aseado.<\/li>\n<li>\ud83d\udd12 S\u00f3lo salir cuando todo est\u00e1 100% comprobado.<\/li>\n<\/ul>\n<p>Al terminar con pulcritud y concentraci\u00f3n, dejamos un <strong>impresi\u00f3n profesional<\/strong> detr\u00e1s y asegurarse de que el equipo se mantiene en \u00f3ptimas condiciones.<br \/>\nAs\u00ed que el pr\u00f3ximo evento vuelve a empezar perfectamente gracias a vuestra dedicaci\u00f3n y diligencia. \ud83d\ude4c<\/p>\n<\/div><div class=\"divider-wrapper\"  >\n    <hr class=\"border-accent-color separator-no-padding\"  \/>\n<\/div>\n<\/div><\/div><\/div><\/div><\/div><\/div><\/div><\/div><\/div><\/div><\/div><\/div><\/div><script id=\"script-row-unique-0\" data-row=\"script-row-unique-0\" type=\"text\/javascript\" class=\"vc_controls\">UNCODE.initRow(document.getElementById(\"row-unique-0\"));<\/script><\/div><\/div><\/div>\n<\/div>","protected":false},"excerpt":{"rendered":"\ud83e\uddf1 Afbouw van het casino Na een geslaagde avond nemen de gasten afscheid en begint voor ons team de afbouwfase. [...]","protected":false},"author":1,"featured_media":0,"parent":71016,"menu_order":0,"comment_status":"closed","ping_status":"closed","template":"","meta":{"footnotes":""},"class_list":["post-71208","page","type-page","status-publish","hentry","page_category-personeel-portaal"],"_links":{"self":[{"href":"https:\/\/royalcasinocompany.nl\/es\/wp-json\/wp\/v2\/pages\/71208","targetHints":{"allow":["GET"]}}],"collection":[{"href":"https:\/\/royalcasinocompany.nl\/es\/wp-json\/wp\/v2\/pages"}],"about":[{"href":"https:\/\/royalcasinocompany.nl\/es\/wp-json\/wp\/v2\/types\/page"}],"author":[{"embeddable":true,"href":"https:\/\/royalcasinocompany.nl\/es\/wp-json\/wp\/v2\/users\/1"}],"replies":[{"embeddable":true,"href":"https:\/\/royalcasinocompany.nl\/es\/wp-json\/wp\/v2\/comments?post=71208"}],"version-history":[{"count":7,"href":"https:\/\/royalcasinocompany.nl\/es\/wp-json\/wp\/v2\/pages\/71208\/revisions"}],"predecessor-version":[{"id":71922,"href":"https:\/\/royalcasinocompany.nl\/es\/wp-json\/wp\/v2\/pages\/71208\/revisions\/71922"}],"up":[{"embeddable":true,"href":"https:\/\/royalcasinocompany.nl\/es\/wp-json\/wp\/v2\/pages\/71016"}],"wp:attachment":[{"href":"https:\/\/royalcasinocompany.nl\/es\/wp-json\/wp\/v2\/media?parent=71208"}],"curies":[{"name":"wp","href":"https:\/\/api.w.org\/{rel}","templated":true}]}}