{"id":71211,"date":"2025-11-02T12:53:52","date_gmt":"2025-11-02T11:53:52","guid":{"rendered":"https:\/\/royalcasinocompany.nl\/?page_id=71211"},"modified":"2026-01-15T23:00:56","modified_gmt":"2026-01-15T22:00:56","slug":"het-magazijn","status":"publish","type":"page","link":"https:\/\/royalcasinocompany.nl\/es\/personeel\/het-magazijn\/","title":{"rendered":"El almac\u00e9n"},"content":{"rendered":"<div class=\"wpb-content-wrapper\"><div data-parent=\"true\" class=\"vc_row row-container boomapps_vcrow\" id=\"row-unique-0\"><div class=\"row limit-width row-parent\"><div class=\"wpb_row row-inner\"><div class=\"wpb_column pos-top pos-center align_left column_parent col-lg-12 boomapps_vccolumn single-internal-gutter\"><div class=\"uncol style-dark\"  ><div class=\"uncoltable\"><div class=\"uncell  boomapps_vccolumn no-block-padding\" ><div class=\"uncont\" ><div class=\"vc_row row-internal row-container boomapps_vcrow\"><div class=\"row row-child\"><div class=\"wpb_row row-inner\"><div class=\"wpb_column pos-top pos-center align_left column_child col-lg-12 boomapps_vccolumn single-internal-gutter\"><div class=\"uncol style-dark\" ><div class=\"uncoltable\"><div class=\"uncell  boomapps_vccolumn no-block-padding\" ><div class=\"uncont\" ><div class=\"vc_custom_heading_wrap\"><div class=\"heading-text el-text\" ><\/p>\n<h1>\ud83c\udfe0 El almac\u00e9n<\/h1>\n<p>\n<hr class=\"separator-break separator-accent\" \/><\/div><div class=\"clear\"><\/div><\/div><div class=\"empty-space empty-single\" ><span class=\"empty-space-inner\"><\/span><\/div>\n<div class=\"uncode_text_column\" ><p>Nuestro almac\u00e9n est\u00e1 situado en la <strong>Ambachtsweg off no. 51 en Huizen<\/strong> (pero al otro lado de la calle).<br \/>\nEste es el punto central donde se almacenan y preparan todos nuestros materiales, mesas de juego, decoraciones y suministros para los eventos.<br \/>\nAqu\u00ed, casi todos los d\u00edas laborables empiezan y acaban en <strong>Eventos Be Our Guest<\/strong>.<\/p>\n<p>-<\/p>\n<h3>\ud83d\udd27 \u00bfQu\u00e9 ocurre en el almac\u00e9n?<\/h3>\n<p>En el almac\u00e9n, todos los materiales se comprueban, limpian, clasifican y preparan para los siguientes trabajos.<br \/>\nAqu\u00ed tambi\u00e9n se cargan y descargan autobuses para eventos. Cada empleado que trabaja en el almac\u00e9n desempe\u00f1a un papel importante para que nuestra organizaci\u00f3n est\u00e9 ordenada y funcione bien.<\/p>\n<p>Las actividades est\u00e1ndar incluyen:<\/p>\n<ul>\n<li>\ud83c\udfb2 Preparaci\u00f3n y carga de mesas de juego, decoraciones y materiales para eventos.<\/li>\n<li>\ud83e\uddfd Limpiar y ordenar los materiales, la decoraci\u00f3n y el equipo de transporte tras el regreso.<\/li>\n<li>\ud83d\udce6 Comprobaci\u00f3n de los materiales para detectar da\u00f1os o piezas faltantes.<\/li>\n<li>\ud83d\uddc2\ufe0f Colocar correctamente los art\u00edculos en su lugar fijo en el almac\u00e9n.<\/li>\n<\/ul>\n<p>Un almac\u00e9n bien organizado es esencial para el \u00e9xito de nuestros eventos.<br \/>\nCuanto mejor mantengamos todo en orden, m\u00e1s r\u00e1pido y fluido ser\u00e1 el trabajo para todos.<\/p>\n<p>-<\/p>\n<h3>\ud83d\udc65 Responsabilidad<\/h3>\n<p>En <strong>personal de oficina<\/strong> es responsable del almac\u00e9n, pero todos los que trabajan all\u00ed o utilizan art\u00edculos contribuyen al orden y la limpieza.<br \/>\nPiense en el almac\u00e9n como nuestro espacio de trabajo compartido: juntos nos aseguramos de que todo est\u00e9 completo, limpio y ordenado.<\/p>\n<ul>\n<li>Nunca dejes cosas tiradas o sin terminar.<\/li>\n<li>Comprueba siempre que lo que llevas est\u00e1 completo y limpio.<\/li>\n<li>Devuelva los materiales a su lugar inmediatamente despu\u00e9s de utilizarlos.<\/li>\n<li>\u00bfVe da\u00f1os, suciedad o piezas que faltan? Comun\u00edquelo inmediatamente a <strong>Tim<\/strong> o <strong>Talitha<\/strong>.<\/li>\n<\/ul>\n<p>-<\/p>\n<h3>\u26a0\ufe0f Normas importantes<\/h3>\n<ul>\n<li>\ud83d\udd10 <strong>Acceda a<\/strong> - S\u00f3lo los empleados con permiso pueden entrar en el almac\u00e9n.<\/li>\n<li>\ud83d\udccb <strong>Precauci\u00f3n<\/strong> - Manipule siempre los materiales con cuidado; muchos objetos son preciosos o est\u00e1n hechos a mano.<\/li>\n<li>\ud83e\uddf9 <strong>Limpieza<\/strong> - Deje limpio su lugar de trabajo, barra si es necesario y elimine los residuos.<\/li>\n<li>\ud83e\uddfe <strong>Consulte<\/strong> - Todo lo que se traiga o se devuelva debe coincidir con lo que figura en la hoja de reclamaciones.<\/li>\n<\/ul>\n<h3><\/h3>\n<p>\n<\/div><div class=\"divider-wrapper\"  >\n    <hr class=\"border-accent-color separator-no-padding\"  \/>\n<\/div>\n<\/div><\/div><\/div><\/div><\/div><\/div><\/div><\/div><\/div><\/div><\/div><\/div><\/div><script id=\"script-row-unique-0\" data-row=\"script-row-unique-0\" type=\"text\/javascript\" class=\"vc_controls\">UNCODE.initRow(document.getElementById(\"row-unique-0\"));<\/script><\/div><\/div><\/div>\n<\/div>","protected":false},"excerpt":{"rendered":"\ud83c\udfe0 Het magazijn Ons magazijn bevindt zich aan de Ambachtsweg ter hoogte nr. 51 in Huizen (maar dan aan de [...]","protected":false},"author":1,"featured_media":0,"parent":71016,"menu_order":0,"comment_status":"closed","ping_status":"closed","template":"","meta":{"footnotes":""},"class_list":["post-71211","page","type-page","status-publish","hentry","page_category-personeel-portaal"],"_links":{"self":[{"href":"https:\/\/royalcasinocompany.nl\/es\/wp-json\/wp\/v2\/pages\/71211","targetHints":{"allow":["GET"]}}],"collection":[{"href":"https:\/\/royalcasinocompany.nl\/es\/wp-json\/wp\/v2\/pages"}],"about":[{"href":"https:\/\/royalcasinocompany.nl\/es\/wp-json\/wp\/v2\/types\/page"}],"author":[{"embeddable":true,"href":"https:\/\/royalcasinocompany.nl\/es\/wp-json\/wp\/v2\/users\/1"}],"replies":[{"embeddable":true,"href":"https:\/\/royalcasinocompany.nl\/es\/wp-json\/wp\/v2\/comments?post=71211"}],"version-history":[{"count":7,"href":"https:\/\/royalcasinocompany.nl\/es\/wp-json\/wp\/v2\/pages\/71211\/revisions"}],"predecessor-version":[{"id":71933,"href":"https:\/\/royalcasinocompany.nl\/es\/wp-json\/wp\/v2\/pages\/71211\/revisions\/71933"}],"up":[{"embeddable":true,"href":"https:\/\/royalcasinocompany.nl\/es\/wp-json\/wp\/v2\/pages\/71016"}],"wp:attachment":[{"href":"https:\/\/royalcasinocompany.nl\/es\/wp-json\/wp\/v2\/media?parent=71211"}],"curies":[{"name":"wp","href":"https:\/\/api.w.org\/{rel}","templated":true}]}}