{"id":71218,"date":"2025-11-02T12:58:05","date_gmt":"2025-11-02T11:58:05","guid":{"rendered":"https:\/\/royalcasinocompany.nl\/?page_id=71218"},"modified":"2026-01-15T22:52:45","modified_gmt":"2026-01-15T21:52:45","slug":"bus-inladen","status":"publish","type":"page","link":"https:\/\/royalcasinocompany.nl\/es\/personeel\/bus-inladen\/","title":{"rendered":"Cargar el autob\u00fas"},"content":{"rendered":"<div class=\"wpb-content-wrapper\"><div data-parent=\"true\" class=\"vc_row row-container boomapps_vcrow\" id=\"row-unique-0\"><div class=\"row limit-width row-parent\"><div class=\"wpb_row row-inner\"><div class=\"wpb_column pos-top pos-center align_left column_parent col-lg-12 boomapps_vccolumn single-internal-gutter\"><div class=\"uncol style-dark\"  ><div class=\"uncoltable\"><div class=\"uncell  boomapps_vccolumn no-block-padding\" ><div class=\"uncont\" ><div class=\"vc_row row-internal row-container boomapps_vcrow\"><div class=\"row row-child\"><div class=\"wpb_row row-inner\"><div class=\"wpb_column pos-top pos-center align_left column_child col-lg-12 boomapps_vccolumn single-internal-gutter\"><div class=\"uncol style-dark\" ><div class=\"uncoltable\"><div class=\"uncell  boomapps_vccolumn no-block-padding\" ><div class=\"uncont\" ><div class=\"vc_custom_heading_wrap\"><div class=\"heading-text el-text\" ><\/p>\n<h1>\ud83d\ude9a Carga del autob\u00fas<\/h1>\n<p>\n<hr class=\"separator-break separator-accent\" \/><\/div><div class=\"clear\"><\/div><\/div><div class=\"empty-space empty-single\" ><span class=\"empty-space-inner\"><\/span><\/div>\n<div class=\"uncode_text_column\" ><p>La carga correcta y segura es esencial. En <strong>Compa\u00f1\u00eda Royal Casino<\/strong> transportamos materiales valiosos y fr\u00e1giles, desde mesas de casino de lujo hasta decoraci\u00f3n y equipamiento.<br \/>\nPor lo tanto, es importante que todo <strong>en el orden correcto, bien protegidos y bien sujetos<\/strong> est\u00e1 cargado. As\u00ed se evitan da\u00f1os, deslizamientos o accidentes por el camino.<\/p>\n<p>-<\/p>\n<h3>\ud83c\udfaf Por qu\u00e9 es tan importante<\/h3>\n<ul>\n<li>\ud83d\udcb8 Para evitar da\u00f1os en mesas, cilindros y decoraci\u00f3n.<\/li>\n<li>\ud83d\udd12 Para garantizar que los materiales no puedan desplazarse ni caerse durante el transporte.<\/li>\n<li>\ud83d\ude9a Mantener el autob\u00fas ordenado, para poder descargar todo inmediatamente en orden a la llegada.<\/li>\n<li>\ud83d\udcaa Trabajar con profesionalidad y cuidado nuestro material es nuestra carta de presentaci\u00f3n.<\/li>\n<\/ul>\n<p>-<\/p>\n<h3>1\ufe0f\u20e3 Preparaci\u00f3n<\/h3>\n<ul>\n<li>\ud83e\uddf9 Aseg\u00farate de que el autob\u00fas est\u00e1 limpio y vac\u00edo antes de empezar a cargar.<\/li>\n<li>\ud83d\udce6 Aseg\u00farate de que tienes todos los <strong>mantas, espumas y correas<\/strong> a mano.<\/li>\n<li>\ud83e\udde0 Piensa con antelaci\u00f3n: los objetos pesados y las mesas van primero, los materiales ligeros van despu\u00e9s encima o en medio. (Utiliza siempre mantas de transporte)<\/li>\n<li>\ud83c\udfaf Trabaja en silencio y en consulta con tus compa\u00f1eros. El supervisor (LG) indica qui\u00e9n carga qu\u00e9.<\/li>\n<\/ul>\n<p>-<\/p>\n<h3>2\ufe0f\u20e3 Tablas de carga<\/h3>\n<p>Empiece siempre por colocar las mesas de juego, \u00e9stas forman la base de la carga.<\/p>\n<ul>\n<li>\ud83d\udd17 Haz dos <strong>correas de amarre<\/strong> fijado en el lado izquierdo del autob\u00fas, donde se colocar\u00e1n las mesas.<\/li>\n<li>\ud83e\uddfd Pierna <strong>dos colchonetas de espuma<\/strong> sobre las correas para proteger las superficies de la mesa.<\/li>\n<li>\ud83e\ude91 Establecer la primera tabla con el <strong>fondo<\/strong> contra el lateral del autob\u00fas.<\/li>\n<li>\ud83c\udfb2 Coloca la segunda tabla con el <strong>hoja contra la otra hoja<\/strong> \u00a1nunca juegues campo contra campo!<\/li>\n<li>\ud83e\uddf4 Pon dos o tres <strong>mantas<\/strong> sobre las mesas para que todo est\u00e9 bien protegido.<\/li>\n<li>\ud83d\udd12 Confirme la <strong>correas de amarre s\u00f3lidas<\/strong> y coloque espuma entre la plancha y el tablero.<\/li>\n<li>\u2705 Compruebe siempre que las mesas est\u00e1n firmemente fijadas antes de proceder.<\/li>\n<\/ul>\n<p>-<\/p>\n<h3>3\ufe0f\u20e3 Carga de camiones caja (con carros)<\/h3>\n<ul>\n<li>\ud83e\ude91 Poner las mesas <strong>en medio del carro<\/strong> y cubrirlos bien con 2-3 mantas.<\/li>\n<li>\ud83d\udd17 Asegura las mesas en el carro con un <strong>correa de amarre<\/strong> y poner una espuma entre el neum\u00e1tico y la hoja.<\/li>\n<li>\u2699\ufe0f Pierna dos <strong>correas de amarre listas<\/strong> en el lateral del cami\u00f3n cazo (trinquete en la parte superior, correa en el suelo).<\/li>\n<li>\ud83d\ude9b Introduzca con cuidado el carro en el cami\u00f3n cazo y f\u00edjelo con las correas de amarre.<\/li>\n<li>\u2705 En caso necesario, utilice <strong>film estirable<\/strong> para proporcionar una fijaci\u00f3n adicional al carro.<\/li>\n<\/ul>\n<p>-<\/p>\n<h3>4\ufe0f\u20e3 Trenes de rodaje y piezas largas<\/h3>\n<ul>\n<li>\ud83e\uddf1 Fijar m\u00e1ximo <strong>cuatro bases<\/strong> pegado al lado derecho del autob\u00fas.<\/li>\n<li>\ud83d\udd17 Utiliza correas de amarre y coloca almohadillas de espuma entre el metal y la correa.<\/li>\n<li>\ud83e\ude9c Las vigas intermedias pueden colocarse en la parte superior siempre que queden firmes y no se deslicen.<\/li>\n<li>\ud83e\udeb5 \u00bfBarras de ruleta largas? Aseg\u00faralas con dos correas de amarre en el lado derecho y comprueba que no se mueven.<\/li>\n<\/ul>\n<p>-<\/p>\n<h3>5\ufe0f\u20e3 Decoraci\u00f3n y accesorios<\/h3>\n<ul>\n<li>\ud83c\udfc6 Apoya bien los postes dorados contra la cabina del autob\u00fas y pon una manta encima.<\/li>\n<li>\ud83d\udca1 L\u00e1mparas y decoraci\u00f3n firmemente en las esquinas, asegurar con bandas de goma.<\/li>\n<li>\ud83d\udce6 Cajas de materiales en el centro, apiladas hasta dos de altura. Aseg\u00farate de que no puedan deslizarse.<\/li>\n<li>\ud83c\udfb0 Las m\u00e1quinas tragaperras siempre en el suelo o contra el lateral (nunca sobre los perros), aseguradas con una correa de amarre.<\/li>\n<\/ul>\n<p>-<\/p>\n<h3>\u2705 Control y seguridad<\/h3>\n<ul>\n<li>\ud83d\udc40 Comprueba con el LG que todo est\u00e1 bien sujeto.<\/li>\n<li>\ud83e\uddf4 Comprueba todas las espumas, mantas y ataduras una vez m\u00e1s.<\/li>\n<li>\ud83d\udd12 Tira de las correas para comprobar que todo est\u00e1 bien sujeto.<\/li>\n<li>\ud83e\udeb6 Trabajar sin prisa causa da\u00f1os.<\/li>\n<\/ul>\n<p>-<\/p>\n<h3>\u26a0\ufe0f Errores comunes (\u00a1evitados!)<\/h3>\n<ul>\n<li>\u274c Las mesas ponen la hoja contra el env\u00e9s: siempre hoja contra hoja o env\u00e9s contra env\u00e9s.<\/li>\n<li>\u274c Sin espuma entre los neum\u00e1ticos: esto provoca ara\u00f1azos.<\/li>\n<li>\u274c Objetos sueltos no asegurados - riesgo de da\u00f1os durante la conducci\u00f3n.<\/li>\n<li>\u274c Cajas apiladas demasiado altas - pueden volcarse al frenar.<\/li>\n<\/ul>\n<p>-<\/p>\n<h3>\ud83e\udde0 En conclusi\u00f3n<\/h3>\n<p>Cargar es trabajar en equipo. Trabaje con calma, comun\u00edquese con claridad y compruebe el trabajo de los dem\u00e1s.<br \/>\nUn autob\u00fas bien cargado evita tensiones, da\u00f1os y p\u00e9rdidas de tiempo, y garantiza que el siguiente evento empiece con la misma profesionalidad con la que acaba este. \ud83d\udcaa\u2728<\/p>\n<p>-<\/p>\n<h3>\u2705 Carga del autob\u00fas - comprobaci\u00f3n r\u00e1pida antes de la salida<\/h3>\n<ul>\n<li>\ud83e\uddf9 El autob\u00fas est\u00e1 vac\u00edo y limpio<\/li>\n<li>\ud83e\udeb5 Cuadros hoja a hoja, debidamente asegurados.<\/li>\n<li>\ud83e\uddf4 Espumas entre neum\u00e1ticos y material<\/li>\n<li>Cajas de materiales completas y firmemente apiladas<\/li>\n<li>\ud83e\uddf1 Pedestales fijos, vigas en su sitio.<\/li>\n<li>\ud83c\udfc6 Postes y decoraci\u00f3n protegidos con mantas.<\/li>\n<li>\ud83d\udd12 Todas las correas de amarre fijadas y comprobadas.<\/li>\n<li>\ud83d\udc40 \u00daltima comprobaci\u00f3n realizada por LG<\/li>\n<\/ul>\n<p><strong>\u00bfTodo comprobado?<\/strong> S\u00f3lo entonces se cierra el autob\u00fas y se parte tranquilamente hacia el siguiente destino.<br \/>\nSeguro, profesional y orgulloso como corresponde <strong>Compa\u00f1\u00eda Royal Casino<\/strong>. \ud83d\ude9b\u2728<\/p>\n<\/div><div class=\"divider-wrapper\"  >\n    <hr class=\"border-accent-color separator-no-padding\"  \/>\n<\/div>\n<\/div><\/div><\/div><\/div><\/div><\/div><\/div><\/div><\/div><\/div><\/div><\/div><\/div><script id=\"script-row-unique-0\" data-row=\"script-row-unique-0\" type=\"text\/javascript\" class=\"vc_controls\">UNCODE.initRow(document.getElementById(\"row-unique-0\"));<\/script><\/div><\/div><\/div>\n<\/div>","protected":false},"excerpt":{"rendered":"\ud83d\ude9a Bus inladen Een correcte en veilige manier van inladen is essentieel. Bij Royal Casino Company vervoeren we waardevolle, kwetsbare [...]","protected":false},"author":1,"featured_media":0,"parent":71016,"menu_order":0,"comment_status":"closed","ping_status":"closed","template":"","meta":{"footnotes":""},"class_list":["post-71218","page","type-page","status-publish","hentry","page_category-personeel-portaal"],"_links":{"self":[{"href":"https:\/\/royalcasinocompany.nl\/es\/wp-json\/wp\/v2\/pages\/71218","targetHints":{"allow":["GET"]}}],"collection":[{"href":"https:\/\/royalcasinocompany.nl\/es\/wp-json\/wp\/v2\/pages"}],"about":[{"href":"https:\/\/royalcasinocompany.nl\/es\/wp-json\/wp\/v2\/types\/page"}],"author":[{"embeddable":true,"href":"https:\/\/royalcasinocompany.nl\/es\/wp-json\/wp\/v2\/users\/1"}],"replies":[{"embeddable":true,"href":"https:\/\/royalcasinocompany.nl\/es\/wp-json\/wp\/v2\/comments?post=71218"}],"version-history":[{"count":6,"href":"https:\/\/royalcasinocompany.nl\/es\/wp-json\/wp\/v2\/pages\/71218\/revisions"}],"predecessor-version":[{"id":71928,"href":"https:\/\/royalcasinocompany.nl\/es\/wp-json\/wp\/v2\/pages\/71218\/revisions\/71928"}],"up":[{"embeddable":true,"href":"https:\/\/royalcasinocompany.nl\/es\/wp-json\/wp\/v2\/pages\/71016"}],"wp:attachment":[{"href":"https:\/\/royalcasinocompany.nl\/es\/wp-json\/wp\/v2\/media?parent=71218"}],"curies":[{"name":"wp","href":"https:\/\/api.w.org\/{rel}","templated":true}]}}