{"id":71223,"date":"2025-11-02T13:08:31","date_gmt":"2025-11-02T12:08:31","guid":{"rendered":"https:\/\/royalcasinocompany.nl\/?page_id=71223"},"modified":"2026-01-15T23:17:39","modified_gmt":"2026-01-15T22:17:39","slug":"nieuwe-medewerker","status":"publish","type":"page","link":"https:\/\/royalcasinocompany.nl\/es\/personeel\/nieuwe-medewerker\/","title":{"rendered":"Nuevo empleado"},"content":{"rendered":"<div class=\"wpb-content-wrapper\"><div data-parent=\"true\" class=\"vc_row row-container boomapps_vcrow\" id=\"row-unique-0\"><div class=\"row limit-width row-parent\"><div class=\"wpb_row row-inner\"><div class=\"wpb_column pos-top pos-left align_left column_parent col-lg-12 boomapps_vccolumn single-internal-gutter\"><div class=\"uncol style-dark\"  ><div class=\"uncoltable\"><div class=\"uncell  boomapps_vccolumn no-block-padding\" ><div class=\"uncont\" ><div class=\"vc_row row-internal row-container boomapps_vcrow\"><div class=\"row row-child\"><div class=\"wpb_row row-inner\"><div class=\"wpb_column pos-top pos-center align_left column_child col-lg-12 boomapps_vccolumn single-internal-gutter\"><div class=\"uncol style-dark\" ><div class=\"uncoltable\"><div class=\"uncell  boomapps_vccolumn no-block-padding\" ><div class=\"uncont\" ><div class=\"vc_custom_heading_wrap\"><div class=\"heading-text el-text\" ><\/p>\n<h1>Nuevo empleado<\/h1>\n<p>\n<hr class=\"separator-break separator-accent\" \/><\/div><div class=\"clear\"><\/div><\/div><div class=\"empty-space empty-single\" ><span class=\"empty-space-inner\"><\/span><\/div>\n<div class=\"uncode_text_column\" ><p>Bienvenido al equipo de <strong>Eventos Be Our Guest<\/strong>!<br \/>\nQu\u00e9 amable de su parte unirse a nosotros, esperamos una colaboraci\u00f3n agradable, amistosa y profesional.<\/p>\n<p>Para organizar adecuadamente su contrataci\u00f3n, necesitamos una serie de formularios y documentos. Con estos datos, crearemos su contrato de guardia, le daremos de alta en nuestra contabilidad y nos aseguraremos de que est\u00e9 a\u00f1adido a nuestro sistema de planificaci\u00f3n <strong>Rentman<\/strong>.<\/p>\n<p>Lea atentamente todo lo que figura a continuaci\u00f3n y env\u00ede los formularios debidamente cumplimentados y firmados.<\/p>\n<p>-<\/p>\n<h3>\ud83d\udcc4 Qu\u00e9 tienes que aportar<\/h3>\n<ol>\n<li><strong>Datos necesarios nuevo empleado<\/strong><br \/>\nRellene este formulario en su totalidad y adjunte una copia de:<\/p>\n<ul>\n<li>Su documento de identidad (no el permiso de conducir) - anverso y reverso<\/li>\n<li>Su tarjeta bancaria, para que su n\u00famero de cuenta se procese correctamente<\/li>\n<li>Su formulario de mutaci\u00f3n cumplimentado por nuestro contable<\/li>\n<\/ul>\n<\/li>\n<li><strong>Declaraci\u00f3n de la n\u00f3mina<\/strong><br \/>\nEs obligatorio para todo nuevo empleado. Por favor, rellene este formulario e indique si tenemos el <strong>cr\u00e9dito fiscal sobre las n\u00f3minas<\/strong> deben aplicarse.<\/li>\n<li><strong>Contrato de pr\u00e9stamo<\/strong><br \/>\nEn \u00e9l se indica la ropa de empresa y los art\u00edculos que te prestar\u00e1n. No olvides transferir la fianza tal como se menciona en el documento.<\/li>\n<li><strong>Subsidio de trabajo en r\u00e9gimen de atenci\u00f3n continuada 2025<\/strong><br \/>\nEn este documento encontrar\u00e1s toda la informaci\u00f3n sobre tu salario por hora, la compensaci\u00f3n por tiempo de viaje y los acuerdos importantes en torno a la jornada laboral y las pausas.<\/li>\n<\/ol>\n<p>-<\/p>\n<h3>\u2705 Importante<\/h3>\n<ul>\n<li>Facilite todos los documentos <strong>digital o impreso<\/strong> antes de tu primer d\u00eda de trabajo.<\/li>\n<li>Compruebe que todo <strong>claramente legible<\/strong> y <strong>firmado<\/strong> es.<\/li>\n<li>Una vez procesados sus datos, recibir\u00e1 su <strong>inlog para Rentman<\/strong> e instrucciones adicionales.<\/li>\n<\/ul>\n<p>Juntos conseguiremos que la temporada sea un \u00e9xito - <strong>bienvenido al equipo<\/strong> \ud83c\udf89<\/p>\n<\/div><div class=\"divider-wrapper\"  >\n    <hr class=\"border-accent-color separator-no-padding\"  \/>\n<\/div>\n<\/div><\/div><\/div><\/div><\/div><\/div><\/div><\/div><\/div><\/div><\/div><\/div><\/div><script id=\"script-row-unique-0\" data-row=\"script-row-unique-0\" type=\"text\/javascript\" class=\"vc_controls\">UNCODE.initRow(document.getElementById(\"row-unique-0\"));<\/script><\/div><\/div><\/div>\n<\/div>","protected":false},"excerpt":{"rendered":"Nieuwe medewerker Welkom bij het team van Be Our Guest Events! Wat leuk dat je bij ons komt werken, we [...]","protected":false},"author":1,"featured_media":0,"parent":71016,"menu_order":0,"comment_status":"closed","ping_status":"closed","template":"","meta":{"footnotes":""},"class_list":["post-71223","page","type-page","status-publish","hentry","page_category-personeel-portaal"],"_links":{"self":[{"href":"https:\/\/royalcasinocompany.nl\/es\/wp-json\/wp\/v2\/pages\/71223","targetHints":{"allow":["GET"]}}],"collection":[{"href":"https:\/\/royalcasinocompany.nl\/es\/wp-json\/wp\/v2\/pages"}],"about":[{"href":"https:\/\/royalcasinocompany.nl\/es\/wp-json\/wp\/v2\/types\/page"}],"author":[{"embeddable":true,"href":"https:\/\/royalcasinocompany.nl\/es\/wp-json\/wp\/v2\/users\/1"}],"replies":[{"embeddable":true,"href":"https:\/\/royalcasinocompany.nl\/es\/wp-json\/wp\/v2\/comments?post=71223"}],"version-history":[{"count":16,"href":"https:\/\/royalcasinocompany.nl\/es\/wp-json\/wp\/v2\/pages\/71223\/revisions"}],"predecessor-version":[{"id":71943,"href":"https:\/\/royalcasinocompany.nl\/es\/wp-json\/wp\/v2\/pages\/71223\/revisions\/71943"}],"up":[{"embeddable":true,"href":"https:\/\/royalcasinocompany.nl\/es\/wp-json\/wp\/v2\/pages\/71016"}],"wp:attachment":[{"href":"https:\/\/royalcasinocompany.nl\/es\/wp-json\/wp\/v2\/media?parent=71223"}],"curies":[{"name":"wp","href":"https:\/\/api.w.org\/{rel}","templated":true}]}}