{"id":71232,"date":"2025-11-02T13:15:26","date_gmt":"2025-11-02T12:15:26","guid":{"rendered":"https:\/\/royalcasinocompany.nl\/?page_id=71232"},"modified":"2026-01-15T23:27:34","modified_gmt":"2026-01-15T22:27:34","slug":"pech-onderweg","status":"publish","type":"page","link":"https:\/\/royalcasinocompany.nl\/es\/personeel\/pech-onderweg\/","title":{"rendered":"Aver\u00eda en la carretera"},"content":{"rendered":"<div class=\"wpb-content-wrapper\"><div data-parent=\"true\" class=\"vc_row row-container boomapps_vcrow\" id=\"row-unique-0\"><div class=\"row limit-width row-parent\"><div class=\"wpb_row row-inner\"><div class=\"wpb_column pos-top pos-center align_left column_parent col-lg-12 boomapps_vccolumn single-internal-gutter\"><div class=\"uncol style-dark\"  ><div class=\"uncoltable\"><div class=\"uncell  boomapps_vccolumn no-block-padding\" ><div class=\"uncont\" ><div class=\"vc_row row-internal row-container boomapps_vcrow\"><div class=\"row row-child\"><div class=\"wpb_row row-inner\"><div class=\"wpb_column pos-top pos-center align_left column_child col-lg-12 boomapps_vccolumn single-internal-gutter\"><div class=\"uncol style-dark\" ><div class=\"uncoltable\"><div class=\"uncell  boomapps_vccolumn no-block-padding\" ><div class=\"uncont\" ><div class=\"vc_custom_heading_wrap\"><div class=\"heading-text el-text\" ><\/p>\n<h1>\ud83c\udd98 \u00bfAver\u00eda en la carretera?<\/h1>\n<p>\n<hr class=\"separator-break separator-accent\" \/><\/div><div class=\"clear\"><\/div><\/div><div class=\"empty-space empty-single\" ><span class=\"empty-space-inner\"><\/span><\/div>\n<div class=\"uncode_text_column\" ><p>A pesar de que nuestros autobuses est\u00e1n bien mantenidos, puede ocurrir que algo falle en el camino.<br \/>\nYa sea un pinchazo, un fallo del motor o un combustible inadecuado... <strong>mantenga siempre la calma<\/strong> y sigue los pasos que se indican a continuaci\u00f3n.<br \/>\nDe este modo, nos aseguramos de que usted permanezca seguro, el cliente sea informado a tiempo y el problema se resuelva lo antes posible.<\/p>\n<p>-<\/p>\n<h3>\ud83d\udea6 Primera actuaci\u00f3n en caso de aver\u00eda<\/h3>\n<ul>\n<li>\ud83d\uded1 <strong>Mant\u00e9n la calma<\/strong> El p\u00e1nico no ayuda, actuar s\u00ed.<\/li>\n<li>\u26a0\ufe0f Ponga el autob\u00fas <strong>de forma segura junto a la carretera<\/strong>, preferiblemente en un aparcamiento o en un carril de emergencia.<\/li>\n<li>\ud83d\udea8 Pon el <strong>luces de emergencia<\/strong> e inserte el <strong>tri\u00e1ngulo de se\u00f1alizaci\u00f3n<\/strong> (al menos 30 metros por detr\u00e1s del autob\u00fas).<\/li>\n<li>\ud83e\uddba Tira de tu <strong>chaqueta de seguridad<\/strong> encendido (obligatorio en caso de aver\u00eda en autopistas o carreteras muy transitadas).<\/li>\n<li>\ud83d\udc65 Que los pasajeros salgan con seguridad por la derecha y esperen detr\u00e1s del quitamiedos.<\/li>\n<\/ul>\n<p>-<\/p>\n<h3>\ud83d\udcde Llama al ANWB inmediatamente<\/h3>\n<p>Contacte inmediatamente con el Centro de Emergencias ANWB.<br \/>\nIndique que es <strong>Be Our Guest \/ Royal Casino Company<\/strong> y facilite el n\u00famero de afiliaci\u00f3n que figura en el <strong>Tarjeta ANWB en el bus<\/strong> o en el <strong>PDF abajo<\/strong> estado.<\/p>\n<ul>\n<li>\ud83d\udcde <strong>Centro de Emergencias ANWB:<\/strong> +31 (0)88 269 21 00<\/li>\n<li>\ud83e\udeaa <strong>N\u00famero de socio:<\/strong> 51 20 41 24 5<\/li>\n<li>\ud83d\ude90 Indique la matr\u00edcula del autob\u00fas que conduce actualmente.<\/li>\n<li>\ud83d\udccd Proporcione la ubicaci\u00f3n exacta (utilice Google Maps o el n\u00famero de se\u00f1al ANWB a lo largo de la autopista).<\/li>\n<\/ul>\n<p>-<\/p>\n<h3>\ud83d\udccd Ayuda en camino<\/h3>\n<p>ANWB suele venir en <strong>De 30 a 90 minutos<\/strong> en el acto.<br \/>\nMientras tanto, es importante mantenerse accesible y esperar en un lugar seguro.<\/p>\n<ul>\n<li>\ud83e\uddcd Qu\u00e9date con el autob\u00fas, pero a una distancia prudencial del tr\u00e1fico.<\/li>\n<li>\ud83d\udcf1 Mantenga su tel\u00e9fono a mano las llamadas ANWB cuando est\u00e1n a punto de llegar.<\/li>\n<li>\ud83d\udd27 No te limites a dejar atr\u00e1s el autob\u00fas; el conductor siempre permanece presente hasta que llega ANWB.<\/li>\n<\/ul>\n<p>-<\/p>\n<h3>\ud83d\ude9a Llama tambi\u00e9n a Tim (s\u00f3lo en el viaje de ida)<\/h3>\n<p>Cuando <strong>se dirigen a una misi\u00f3n<\/strong> y desafortunado, <strong>llama directamente a Tim<\/strong> Despu\u00e9s de llamar al ANWB.<br \/>\nEval\u00faa si existe una <strong>autob\u00fas de sustituci\u00f3n<\/strong> para que los materiales lleguen a tiempo al cliente.<\/p>\n<ul>\n<li>\ud83d\udcde <strong>Tim:<\/strong> 06 29 54 14 50<\/li>\n<li>\ud83d\udcac Explica brevemente qu\u00e9 est\u00e1 pasando y cu\u00e1l es tu postura.<\/li>\n<li>\ud83d\udd50 Tim decide si puede enviar otro autob\u00fas o si el equipo debe esperar a la ANWB.<\/li>\n<\/ul>\n<p>\u00bfEst\u00e1 usted en el <strong>de vuelta al almac\u00e9n<\/strong> \u00bfy tener mala suerte?<br \/>\nEntonces no hay necesidad de llamar a Tim o Talitha esperar tranquilamente a que la ANWB y luego volver con seguridad una vez que el autob\u00fas est\u00e1 reparado o servicio de remolque est\u00e1 arreglado.<\/p>\n<p>-<\/p>\n<h3>\ud83d\udca1 Consejos durante la espera<\/h3>\n<ul>\n<li>\ud83e\uddc3 Qu\u00e9date cerca del autob\u00fas, pero espera a una distancia prudencial de la carretera.<\/li>\n<li>\ud83d\udeab No fume cerca del autob\u00fas esto puede ser peligroso en caso de fugas de combustible.<\/li>\n<li>\ud83e\udeb5 No utilices cables de arranque ni herramientas de desconocidos.<\/li>\n<li>\ud83d\udcf7 Si es necesario, haz una foto de la situaci\u00f3n para los registros o el seguro.<\/li>\n<\/ul>\n<p>-<\/p>\n<h3>\ud83d\udcb0 Coste y responsabilidad<\/h3>\n<ul>\n<li>\ud83e\uddfe Toda la asistencia en carretera est\u00e1ndar en Holanda est\u00e1 incluida en nuestro paquete ANWB.<\/li>\n<li>\ud83d\udcb3 \u00bfHas <strong>comet\u00ed un error<\/strong> (por ejemplo, combustible equivocado o da\u00f1os debidos a un manejo descuidado)?<br \/>\nA continuaci\u00f3n, el costo de ANWB y combustible <strong>por cuenta propia<\/strong>.<\/li>\n<li>\ud83d\udd27 Cualquier autob\u00fas de sustituci\u00f3n o transporte adicional se organizar\u00e1 a trav\u00e9s de Tim, si la situaci\u00f3n lo requiere.<\/li>\n<\/ul>\n<p>-<\/p>\n<h3>\u2705 Resumen: qu\u00e9 hacer en caso de aver\u00eda<\/h3>\n<ul>\n<li>\ud83d\uded1 Mant\u00e9n la calma y det\u00e9n el autob\u00fas con seguridad.<\/li>\n<li>\ud83d\udea8 Enciende las luces de emergencia, coloca el tri\u00e1ngulo de se\u00f1alizaci\u00f3n, ponte el chaleco reflectante.<\/li>\n<li>\ud83d\udcde Llama a ANWB: +31 88 269 21 00 (n\u00ba de socio 51 20 41 24 5).<\/li>\n<li>\ud83d\udccd Por favor, indique el n\u00famero de matr\u00edcula, el lugar y la situaci\u00f3n.<\/li>\n<li>\ud83d\udcf1 Entonces llama a Tim cuando est\u00e9s de camino a una misi\u00f3n.<\/li>\n<li>\ud83d\udd50 Espera a una distancia segura hasta que llegue la ANWB.<\/li>\n<li>\ud83e\uddfe Informa de cualquier aver\u00eda o cita de seguimiento en la app del grupo.<\/li>\n<\/ul>\n<p>-<\/p>\n<h3>\ud83d\udcc4 Descargar instrucci\u00f3n ANWB<\/h3>\n<p>Hay un laminado <strong>Instrucci\u00f3n ANWB<\/strong> en la guantera.<br \/>\nTambi\u00e9n puede descargar a continuaci\u00f3n la versi\u00f3n digital con todos los datos de contacto, matr\u00edculas e informaci\u00f3n sobre el paquete:<\/p>\n<p style=\"margin-top: 15px;\"><a style=\"display: inline-block; background-color: #c9a34a; color: #111; font-weight: bold; padding: 12px 24px; border-radius: 8px; text-decoration: none;\" href=\"https:\/\/royalcasinocompany.nl\/wp-content\/uploads\/2025\/11\/1.png\">\ud83d\udce5 Descargar la informaci\u00f3n del ANWB (PDF)<br \/>\n<\/a><\/p>\n<p>-<\/p>\n<h3>\ud83e\udde0 Importante recordar<\/h3>\n<ul>\n<li>\ud83d\ude97 La seguridad siempre va por delante de la velocidad.<\/li>\n<li>\ud83d\udcde Llama siempre al ANWB y (si es necesario) a Tim.<\/li>\n<li>\ud83d\udee0\ufe0f Permanezca en el autob\u00fas hasta que se resuelva la situaci\u00f3n.<\/li>\n<li>\ud83d\udcac Informa siempre en la app de grupo una vez que todo vuelva a estar bajo control.<\/li>\n<\/ul>\n<p>-<\/p>\n<p><strong>Mantenga la calma, trabaje con seguridad y comun\u00edquese con claridad.<\/strong><br \/>\nLas aver\u00edas en carretera nunca son divertidas, pero con el enfoque adecuado, se mantienen profesionales y bajo control. \ud83d\udcaa<\/p>\n<\/div><div class=\"divider-wrapper\"  >\n    <hr class=\"border-accent-color separator-no-padding\"  \/>\n<\/div>\n<\/div><\/div><\/div><\/div><\/div><\/div><\/div><\/div><\/div><\/div><\/div><\/div><\/div><script id=\"script-row-unique-0\" data-row=\"script-row-unique-0\" type=\"text\/javascript\" class=\"vc_controls\">UNCODE.initRow(document.getElementById(\"row-unique-0\"));<\/script><\/div><\/div><\/div>\n<\/div>","protected":false},"excerpt":{"rendered":"\ud83c\udd98 Pech onderweg? Ondanks dat onze bussen goed onderhouden zijn, kan het natuurlijk gebeuren dat er onderweg iets misgaat. Of [...]","protected":false},"author":1,"featured_media":0,"parent":71016,"menu_order":0,"comment_status":"closed","ping_status":"closed","template":"","meta":{"footnotes":""},"class_list":["post-71232","page","type-page","status-publish","hentry","page_category-personeel-portaal"],"_links":{"self":[{"href":"https:\/\/royalcasinocompany.nl\/es\/wp-json\/wp\/v2\/pages\/71232","targetHints":{"allow":["GET"]}}],"collection":[{"href":"https:\/\/royalcasinocompany.nl\/es\/wp-json\/wp\/v2\/pages"}],"about":[{"href":"https:\/\/royalcasinocompany.nl\/es\/wp-json\/wp\/v2\/types\/page"}],"author":[{"embeddable":true,"href":"https:\/\/royalcasinocompany.nl\/es\/wp-json\/wp\/v2\/users\/1"}],"replies":[{"embeddable":true,"href":"https:\/\/royalcasinocompany.nl\/es\/wp-json\/wp\/v2\/comments?post=71232"}],"version-history":[{"count":6,"href":"https:\/\/royalcasinocompany.nl\/es\/wp-json\/wp\/v2\/pages\/71232\/revisions"}],"predecessor-version":[{"id":71950,"href":"https:\/\/royalcasinocompany.nl\/es\/wp-json\/wp\/v2\/pages\/71232\/revisions\/71950"}],"up":[{"embeddable":true,"href":"https:\/\/royalcasinocompany.nl\/es\/wp-json\/wp\/v2\/pages\/71016"}],"wp:attachment":[{"href":"https:\/\/royalcasinocompany.nl\/es\/wp-json\/wp\/v2\/media?parent=71232"}],"curies":[{"name":"wp","href":"https:\/\/api.w.org\/{rel}","templated":true}]}}