{"id":71237,"date":"2025-11-02T13:17:45","date_gmt":"2025-11-02T12:17:45","guid":{"rendered":"https:\/\/royalcasinocompany.nl\/?page_id=71237"},"modified":"2026-01-15T23:21:41","modified_gmt":"2026-01-15T22:21:41","slug":"parkeren","status":"publish","type":"page","link":"https:\/\/royalcasinocompany.nl\/es\/personeel\/parkeren\/","title":{"rendered":"Aparcamiento"},"content":{"rendered":"<div class=\"wpb-content-wrapper\"><div data-parent=\"true\" class=\"vc_row row-container boomapps_vcrow\" id=\"row-unique-0\"><div class=\"row limit-width row-parent\"><div class=\"wpb_row row-inner\"><div class=\"wpb_column pos-top pos-center align_left column_parent col-lg-12 boomapps_vccolumn single-internal-gutter\"><div class=\"uncol style-dark\"  ><div class=\"uncoltable\"><div class=\"uncell  boomapps_vccolumn no-block-padding\" ><div class=\"uncont\" ><div class=\"vc_row row-internal row-container boomapps_vcrow\"><div class=\"row row-child\"><div class=\"wpb_row row-inner\"><div class=\"wpb_column pos-top pos-center align_left column_child col-lg-12 boomapps_vccolumn single-internal-gutter\"><div class=\"uncol style-dark\" ><div class=\"uncoltable\"><div class=\"uncell  boomapps_vccolumn no-block-padding\" ><div class=\"uncont\" ><div class=\"vc_custom_heading_wrap\"><div class=\"heading-text el-text\" ><\/p>\n<h1>\ud83c\udd7f\ufe0f Aparcamiento<\/h1>\n<p>\n<hr class=\"separator-break separator-accent\" \/><\/div><div class=\"clear\"><\/div><\/div><div class=\"empty-space empty-single\" ><span class=\"empty-space-inner\"><\/span><\/div>\n<div class=\"uncode_text_column\" ><p>En Be Our Guest Events, queremos que todo funcione sin problemas y con profesionalidad, incluido el aparcamiento de nuestros autobuses y veh\u00edculos.<br \/>\nPara hacerlo de forma sencilla y sin errores, utilizamos la funci\u00f3n <strong>Aplicaci\u00f3n SME Fuel<\/strong> para aparcamientos de pago. A trav\u00e9s de esta aplicaci\u00f3n, usted puede f\u00e1cilmente y con seguridad iniciar y detener las acciones de estacionamiento en el lugar.<\/p>\n<p>-<\/p>\n<h3>\ud83d\udcf2 Aparcamiento a trav\u00e9s de la app SME Fuel.<\/h3>\n<p>Siga siempre atentamente los pasos que se indican a continuaci\u00f3n. El gestor es responsable de iniciar y detener la acci\u00f3n de aparcamiento.<\/p>\n<ol>\n<li>\ud83d\udce5 <strong>Descargar<\/strong> la aplicaci\u00f3n SME Fuel a trav\u00e9s de App Store (iPhone) o Google Play (Android).<\/li>\n<li>\ud83d\udcf1 <strong>Abrir la aplicaci\u00f3n<\/strong> y dar permiso para las notificaciones y la ubicaci\u00f3n (\u201ccompartir mi ubicaci\u00f3n\u201d activado).<\/li>\n<li>\ud83d\udeab Cuando se le pida \u201cCrear nueva cuenta\u201d \u2192 haga clic en <strong>\u201cAhora no\u201d<\/strong>.<\/li>\n<li>\ud83d\udd11 En la parte inferior, haz clic en <strong>\u201cMi PYME\u201d<\/strong> y luego en <strong>\u201cIniciar sesi\u00f3n\u201d<\/strong>.<\/li>\n<li>Introduzca los siguientes datos de acceso:<br \/>\n\ud83d\udce7 <strong>Direcci\u00f3n de correo electr\u00f3nico:<\/strong> info@BeOurGuestEvents.nl<br \/>\n\ud83d\udd10 <strong>Contrase\u00f1a:<\/strong> \u00a1Park2800!<\/li>\n<li>\ud83d\udccd En la barra de men\u00fas de la parte inferior, haz clic en <strong>\u201cMapa\u201d<\/strong>.<\/li>\n<li>Encuentre y seleccione el <strong>zona de aparcamiento<\/strong> D\u00f3nde est\u00e1s.<\/li>\n<li>\ud83d\ude97 Compruebe que la <strong>matr\u00edcula<\/strong> (el cambio puede realizarse pulsando el n\u00famero de registro).<\/li>\n<li>\u23f1\ufe0f Sugerir una <strong>hora final<\/strong> para la sesi\u00f3n de aparcamiento (puede ajustarlo m\u00e1s tarde si es necesario).<\/li>\n<li>\u2705 Prensa <strong>\u201cIniciar acci\u00f3n\u201d<\/strong> para empezar a aparcar.<\/li>\n<li>\ud83c\udfc1 \u00bfHas terminado antes de la hora de finalizaci\u00f3n establecida? Entonces desactiva manualmente la acci\u00f3n de aparcar para evitar cargos adicionales.<\/li>\n<\/ol>\n<p>-<\/p>\n<h3>\ud83d\udca1 Puntos importantes de atenci\u00f3n<\/h3>\n<ul>\n<li>\ud83d\udc68\u200d\ud83d\udcbc El <strong>ejecutivo<\/strong> es siempre responsable de iniciar y detener la aplicaci\u00f3n de aparcamiento.<\/li>\n<li>\ud83d\udcb8 Se incurrir\u00e1 en gastos innecesarios de aparcamiento por parar tarde <strong>deducido del salario<\/strong>.<\/li>\n<li>\ud83d\udeab Las multas de aparcamiento son siempre <strong>por cuenta propia<\/strong>.<\/li>\n<li>\ud83d\udd52 Al aparcar, comprueba si hay tiempo m\u00e1ximo de estacionamiento en la zona ampl\u00eda el tiempo si es necesario.<\/li>\n<li>\ud83d\udccd Utiliza la app \u00fanicamente para uso comercial en relaci\u00f3n con nuestra administraci\u00f3n y facturaci\u00f3n. En caso de fraude, se aplicar\u00e1 el despido inmediato.<\/li>\n<\/ul>\n<p>-<\/p>\n<h3>\ud83d\udcde \u00bfProblemas para aparcar?<\/h3>\n<p>\u00bfNo funciona la aplicaci\u00f3n o falla el inicio de sesi\u00f3n?<br \/>\nEntonces ponte en contacto con Tim o Taltiha directamente a trav\u00e9s de la aplicaci\u00f3n de grupo, \u00bfno obtienes respuesta? Entonces adelanta el importe del aparcamiento y decl\u00e1ralo en tu hoja de horas, esto solo es posible si tambi\u00e9n tienes un recibo.<br \/>\nNunca ponga el autob\u00fas en cualquier lugar sin un billete de estacionamiento v\u00e1lido esto dar\u00e1 lugar a multas que ser\u00e1n recuperados del equipo.<\/p>\n<p>-<\/p>\n<h3>\ud83d\udea8 Resumen: lista de control para aparcar<\/h3>\n<ul>\n<li>\ud83d\udcf2 Abr\u00ed la aplicaci\u00f3n e inici\u00e9 sesi\u00f3n con las credenciales correctas.<\/li>\n<li>\ud83d\udccd Se ha seleccionado la zona de aparcamiento correcta<\/li>\n<li>\ud83d\ude97 N\u00famero de registro comprobado<\/li>\n<li>\ud83d\udd52 Hora de finalizaci\u00f3n fijada<\/li>\n<li>\u2705 Lanzamiento de la campa\u00f1a de aparcamiento<\/li>\n<li>\ud83c\udfc1 Acci\u00f3n de estacionamiento detenido a la salida.<\/li>\n<li>\ud83d\udcac Confirmado en la app de grupo que se ha completado el aparcamiento<\/li>\n<\/ul>\n<p>-<\/p>\n<h3>\ud83d\udcc4 Descargar manual<\/h3>\n<p>\u00bfQuieres guardar o compartir la gu\u00eda paso a paso?<br \/>\nHaga clic a continuaci\u00f3n para descargar el PDF completo con capturas de pantalla y explicaciones.<\/p>\n<p style=\"margin-top: 15px;\"><a style=\"display: inline-block; background-color: #c9a34a; color: #111; font-weight: bold; padding: 12px 24px; border-radius: 8px; text-decoration: none;\" href=\"https:\/\/royalcasinocompany.nl\/wp-content\/uploads\/2025\/11\/PARKEER-APP-INSTRUCTIES-1-1.pdf\">\ud83d\udce5 Descargar las instrucciones de aparcamiento (PDF)<br \/>\n<\/a><\/p>\n<p>-<\/p>\n<p><strong><br \/>\nAcu\u00e9rdate:<\/strong> Aparcar con cuidado forma parte del trabajo profesional.<br \/>\nAsegurarse de realizarlo siempre con pulcritud evita multas, costes innecesarios y demuestra que somos un equipo organizado y fiable.<br \/>\nEso es verdad. <strong>Compa\u00f1\u00eda Royal Casino<\/strong> es sin\u00f3nimo de. \ud83d\udcaa<\/p>\n<\/div><div class=\"divider-wrapper\"  >\n    <hr class=\"border-accent-color separator-no-padding\"  \/>\n<\/div>\n<\/div><\/div><\/div><\/div><\/div><\/div><\/div><\/div><\/div><\/div><\/div><\/div><\/div><script id=\"script-row-unique-0\" data-row=\"script-row-unique-0\" type=\"text\/javascript\" class=\"vc_controls\">UNCODE.initRow(document.getElementById(\"row-unique-0\"));<\/script><\/div><\/div><\/div>\n<\/div>","protected":false},"excerpt":{"rendered":"\ud83c\udd7f\ufe0f Parkeren Bij Be Our Guest Events willen we dat alles soepel en professioneel verloopt ook het parkeren van onze [...]","protected":false},"author":1,"featured_media":0,"parent":71016,"menu_order":0,"comment_status":"closed","ping_status":"closed","template":"","meta":{"footnotes":""},"class_list":["post-71237","page","type-page","status-publish","hentry","page_category-personeel-portaal"],"_links":{"self":[{"href":"https:\/\/royalcasinocompany.nl\/es\/wp-json\/wp\/v2\/pages\/71237","targetHints":{"allow":["GET"]}}],"collection":[{"href":"https:\/\/royalcasinocompany.nl\/es\/wp-json\/wp\/v2\/pages"}],"about":[{"href":"https:\/\/royalcasinocompany.nl\/es\/wp-json\/wp\/v2\/types\/page"}],"author":[{"embeddable":true,"href":"https:\/\/royalcasinocompany.nl\/es\/wp-json\/wp\/v2\/users\/1"}],"replies":[{"embeddable":true,"href":"https:\/\/royalcasinocompany.nl\/es\/wp-json\/wp\/v2\/comments?post=71237"}],"version-history":[{"count":6,"href":"https:\/\/royalcasinocompany.nl\/es\/wp-json\/wp\/v2\/pages\/71237\/revisions"}],"predecessor-version":[{"id":71946,"href":"https:\/\/royalcasinocompany.nl\/es\/wp-json\/wp\/v2\/pages\/71237\/revisions\/71946"}],"up":[{"embeddable":true,"href":"https:\/\/royalcasinocompany.nl\/es\/wp-json\/wp\/v2\/pages\/71016"}],"wp:attachment":[{"href":"https:\/\/royalcasinocompany.nl\/es\/wp-json\/wp\/v2\/media?parent=71237"}],"curies":[{"name":"wp","href":"https:\/\/api.w.org\/{rel}","templated":true}]}}