{"id":71239,"date":"2025-11-02T13:19:22","date_gmt":"2025-11-02T12:19:22","guid":{"rendered":"https:\/\/royalcasinocompany.nl\/?page_id=71239"},"modified":"2026-01-15T23:16:48","modified_gmt":"2026-01-15T22:16:48","slug":"naam-kaarten","status":"publish","type":"page","link":"https:\/\/royalcasinocompany.nl\/es\/personeel\/naam-kaarten\/","title":{"rendered":"Tarjetas con nombre"},"content":{"rendered":"<div class=\"wpb-content-wrapper\"><div data-parent=\"true\" class=\"vc_row row-container boomapps_vcrow\" id=\"row-unique-0\"><div class=\"row limit-width row-parent\"><div class=\"wpb_row row-inner\"><div class=\"wpb_column pos-top pos-center align_left column_parent col-lg-12 boomapps_vccolumn single-internal-gutter\"><div class=\"uncol style-dark\"  ><div class=\"uncoltable\"><div class=\"uncell  boomapps_vccolumn no-block-padding\" ><div class=\"uncont\" ><div class=\"vc_row row-internal row-container boomapps_vcrow\"><div class=\"row row-child\"><div class=\"wpb_row row-inner\"><div class=\"wpb_column pos-top pos-center align_left column_child col-lg-12 boomapps_vccolumn single-internal-gutter\"><div class=\"uncol style-dark\" ><div class=\"uncoltable\"><div class=\"uncell  boomapps_vccolumn no-block-padding\" ><div class=\"uncont\" ><div class=\"vc_custom_heading_wrap\"><div class=\"heading-text el-text\" ><\/p>\n<h1>\ud83c\udfb4 Tarjetas con nombre<\/h1>\n<p>\n<hr class=\"separator-break separator-accent\" \/><\/div><div class=\"clear\"><\/div><\/div><div class=\"empty-space empty-single\" ><span class=\"empty-space-inner\"><\/span><\/div>\n<div class=\"uncode_text_column\" ><p>En cada acto <strong>Compa\u00f1\u00eda Royal Casino<\/strong> con <strong>identificadores personalizados<\/strong> para todos los crupieres.<br \/>\nEsta tarjeta pertenece a su mesa de casino y nos ayuda a mantener la claridad, la estructura y la profesionalidad durante el montaje y la limpieza del evento.<\/p>\n<p>Cada tarjeta de nombre est\u00e1 vinculada a una mesa espec\u00edfica (Ruleta, Blackjack o P\u00f3quer, etc.) y muestra que es responsable de la <strong>preparaci\u00f3n, control y limpieza<\/strong> de esa mesa. De este modo, todo el mundo sabe exactamente a qui\u00e9n le corresponde cada tarea, el trabajo queda claro y se puede pedir cuentas a alguien por el trabajo mal hecho o los materiales que faltan.<\/p>\n<p>-<\/p>\n<h3>\ud83d\udc64 \u00bfPara qu\u00e9 sirve la tarjeta de identificaci\u00f3n?<\/h3>\n<ul>\n<li>La tarjeta de identificaci\u00f3n ser\u00e1 entregada por el director al comienzo del acto.<\/li>\n<li>La tarjeta muestra su nombre, informaci\u00f3n y la mesa de casino de la que es responsable.<\/li>\n<li>Usted es responsable del <strong>preparar, presentar<\/strong>\u00a0y <strong>limpiar<\/strong> de la tabla que figura en su tarjeta.<\/li>\n<li>\u00bfHay alg\u00fan problema durante la construcci\u00f3n o faltan materiales? <strong>Informar inmediatamente al supervisor<\/strong> antes de que empiece el acto.<\/li>\n<\/ul>\n<p>-<\/p>\n<h3>\ud83e\uddfd \u00bfQu\u00e9 haces al final de la tarde?<\/h3>\n<p>Despu\u00e9s del evento, siga los pasos que se indican a continuaci\u00f3n para limpiar su mesa de casino de forma limpia y completa:<\/p>\n<ol>\n<li><strong>Compruebe siempre que la bandeja de virutas est\u00e1 completa. <\/strong>Si te faltan muchas fichas, lo m\u00e1s probable es que otra mesa tenga demasiadas, compru\u00e9balo.<strong><br \/>\nDeje siempre este <strong>control del gestor<\/strong>.<\/strong><\/li>\n<li><strong>Limpieza de mesas de casino<\/strong> con un pa\u00f1o h\u00famedo (spray limpiador) y luego con un pa\u00f1o seco.<br \/>\nNo olvide el <strong>vasos para bebidas<\/strong> y eliminar cualquier mancha.<\/li>\n<li><strong>Caja de materiales bien guardada<\/strong>:\n<ul>\n<li>Piezas pesadas en el fondo de la caja.<\/li>\n<li>Peque\u00f1os materiales en bolsillos o compartimentos en el lugar adecuado (v\u00e9ase la lista de materiales).<\/li>\n<li>Comprueba que todo est\u00e1 completo antes de cerrar la caja.<\/li>\n<\/ul>\n<\/li>\n<li><strong>Devoluci\u00f3n de la tarjeta<\/strong> en la caja de materiales de su mesa de casino.<br \/>\nDe este modo, cuando nos registramos en el cobertizo, sabemos inmediatamente qui\u00e9n era el responsable de esta mesa.<\/li>\n<\/ol>\n<p>-<\/p>\n<h3>\u26a0\ufe0f Importante<\/h3>\n<ul>\n<li>No deje nunca su tarjeta de identificaci\u00f3n por ah\u00ed o tirada en el cobertizo.<\/li>\n<li>La tarjeta de identificaci\u00f3n forma parte de nuestro <strong>calidad y control, <\/strong>tr\u00e1talo con cuidado.<\/li>\n<li>Si hay alg\u00fan desperfecto, falta alguna pieza u otro detalle, comun\u00edcalo inmediatamente en la app de grupo de la asignaci\u00f3n correspondiente.<\/li>\n<li>No realizar estos pasos con pulcritud puede tener consecuencias en la Lista de Comprobaci\u00f3n del Equipo y en el pago de las horas trabajadas.<\/li>\n<\/ul>\n<p>-<\/p>\n<h3>\ud83c\udfaf Por qu\u00e9 trabajamos con tarjetas identificativas<\/h3>\n<p>La tarjeta de identificaci\u00f3n proporciona <strong>claridad y propiedad<\/strong>.<br \/>\nTodo el mundo sabe de qu\u00e9 es responsable, lo que agiliza y hace m\u00e1s eficaz la preparaci\u00f3n y la limpieza.<br \/>\nEvita que se omitan tareas y garantiza que todas las mesas y materiales se mantengan en las mejores condiciones.<\/p>\n<p>Un buen croupier siempre deja su mesa <strong>lo dej\u00f3 m\u00e1s limpio de lo que lo encontr\u00f3<\/strong>.<br \/>\nEse es el nivel al que aspiramos en <strong>Compa\u00f1\u00eda Royal Casino<\/strong> profesional, atento y fiable.<\/p>\n<p><strong>Gracias por su dedicaci\u00f3n y precisi\u00f3n.<\/strong><br \/>\nTu atenci\u00f3n y responsabilidad marcan la diferencia en nuestra calidad y apariencia. \ud83d\udcaa\ud83c\udfb2<\/p>\n<\/div><div class=\"divider-wrapper\"  >\n    <hr class=\"border-accent-color separator-no-padding\"  \/>\n<\/div>\n<\/div><\/div><\/div><\/div><\/div><\/div><\/div><\/div><\/div><\/div><\/div><\/div><\/div><script id=\"script-row-unique-0\" data-row=\"script-row-unique-0\" type=\"text\/javascript\" class=\"vc_controls\">UNCODE.initRow(document.getElementById(\"row-unique-0\"));<\/script><\/div><\/div><\/div>\n<\/div>","protected":false},"excerpt":{"rendered":"\ud83c\udfb4 Naamkaarten Bij elk evenement werkt Royal Casino Company met persoonlijke naamkaarten voor alle croupiers. Deze kaart hoort bij jouw [...]","protected":false},"author":1,"featured_media":0,"parent":71016,"menu_order":0,"comment_status":"closed","ping_status":"closed","template":"","meta":{"footnotes":""},"class_list":["post-71239","page","type-page","status-publish","hentry","page_category-personeel-portaal"],"_links":{"self":[{"href":"https:\/\/royalcasinocompany.nl\/es\/wp-json\/wp\/v2\/pages\/71239","targetHints":{"allow":["GET"]}}],"collection":[{"href":"https:\/\/royalcasinocompany.nl\/es\/wp-json\/wp\/v2\/pages"}],"about":[{"href":"https:\/\/royalcasinocompany.nl\/es\/wp-json\/wp\/v2\/types\/page"}],"author":[{"embeddable":true,"href":"https:\/\/royalcasinocompany.nl\/es\/wp-json\/wp\/v2\/users\/1"}],"replies":[{"embeddable":true,"href":"https:\/\/royalcasinocompany.nl\/es\/wp-json\/wp\/v2\/comments?post=71239"}],"version-history":[{"count":7,"href":"https:\/\/royalcasinocompany.nl\/es\/wp-json\/wp\/v2\/pages\/71239\/revisions"}],"predecessor-version":[{"id":71942,"href":"https:\/\/royalcasinocompany.nl\/es\/wp-json\/wp\/v2\/pages\/71239\/revisions\/71942"}],"up":[{"embeddable":true,"href":"https:\/\/royalcasinocompany.nl\/es\/wp-json\/wp\/v2\/pages\/71016"}],"wp:attachment":[{"href":"https:\/\/royalcasinocompany.nl\/es\/wp-json\/wp\/v2\/media?parent=71239"}],"curies":[{"name":"wp","href":"https:\/\/api.w.org\/{rel}","templated":true}]}}