{"id":71247,"date":"2025-11-02T13:23:14","date_gmt":"2025-11-02T12:23:14","guid":{"rendered":"https:\/\/royalcasinocompany.nl\/?page_id=71247"},"modified":"2026-01-16T10:45:39","modified_gmt":"2026-01-16T09:45:39","slug":"sleutelkastje","status":"publish","type":"page","link":"https:\/\/royalcasinocompany.nl\/es\/personeel\/sleutelkastje\/","title":{"rendered":"Caja de llaves"},"content":{"rendered":"<div class=\"wpb-content-wrapper\"><div data-parent=\"true\" class=\"vc_row row-container boomapps_vcrow\" id=\"row-unique-0\"><div class=\"row limit-width row-parent\"><div class=\"wpb_row row-inner\"><div class=\"wpb_column pos-top pos-center align_left column_parent col-lg-12 boomapps_vccolumn single-internal-gutter\"><div class=\"uncol style-dark\"  ><div class=\"uncoltable\"><div class=\"uncell  boomapps_vccolumn no-block-padding\" ><div class=\"uncont\" ><div class=\"vc_row row-internal row-container boomapps_vcrow\"><div class=\"row row-child\"><div class=\"wpb_row row-inner\"><div class=\"wpb_column pos-top pos-center align_left column_child col-lg-12 boomapps_vccolumn single-internal-gutter\"><div class=\"uncol style-dark\" ><div class=\"uncoltable\"><div class=\"uncell  boomapps_vccolumn no-block-padding\" ><div class=\"uncont\" ><div class=\"vc_custom_heading_wrap\"><div class=\"heading-text el-text\" ><\/p>\n<h1>\ud83d\udd11 Caja de llaves y caseta de acceso.<\/h1>\n<p>\n<hr class=\"separator-break separator-accent\" \/><\/div><div class=\"clear\"><\/div><\/div><div class=\"empty-space empty-single\" ><span class=\"empty-space-inner\"><\/span><\/div>\n<div class=\"uncode_text_column\" ><p>Cuando llegue por primera vez al cobertizo, encontrar\u00e1 la puerta de entrada a la izquierda de la puerta rodante. Directamente a la izquierda de esa puerta de entrada cuelga el <strong>armario de llaves<\/strong> que contiene la llave. A continuaci\u00f3n le explicamos exactamente c\u00f3mo utilizar la caja de llaves, qu\u00e9 esperamos de usted y qu\u00e9 hacer en caso de problemas.<\/p>\n<p>-<\/p>\n<h3>Aviso importante<\/h3>\n<ul>\n<li>El c\u00f3digo y la clave son <strong>confidencial<\/strong>. No lo comparta con otras personas. S\u00f3lo el personal de Be Our Guest debe tener acceso.<\/li>\n<li>Manipule siempre el c\u00f3digo y la llave con cuidado y atenci\u00f3n. Los descuidos aumentan el riesgo de robo o p\u00e9rdida.<\/li>\n<li>Si ves algo sospechoso, pierdes la llave o la taquilla est\u00e1 rota: <strong>p\u00f3ngase en contacto directamente con Tim o Talitha<\/strong>.<\/li>\n<\/ul>\n<p>-<\/p>\n<h3>1\ufe0f\u20e3 C\u00f3mo abrir la caja de llaves (paso a paso)<\/h3>\n<ol>\n<li>Camina hacia la puerta de entrada a la izquierda de la puerta rodante. A la izquierda de esa puerta cuelga la caja de llaves.<\/li>\n<li>Deslice la tapa negra del armario <strong>abajo<\/strong> Para llegar a los n\u00fameros.<\/li>\n<li>Introduzca el c\u00f3digo con los diales.<\/li>\n<li>Haz la pesta\u00f1a negra (a la izquierda de los n\u00fameros) <strong>abajo<\/strong> y al mismo tiempo tira de la parte gris de la caja hacia ti.<\/li>\n<li>Dentro de la taquilla encontrar\u00e1s la llave. Est\u00e1 unida a un cable, tira de la llave hacia ti y s\u00e1cala de la taquilla.<\/li>\n<li>Introduzca la llave en la cerradura y g\u00edrela varias veces hasta que la puerta se desbloquee. A continuaci\u00f3n, empuje contra la puerta para abrirla.<\/li>\n<li>Una vez dentro, aseg\u00farese de volver a colocar la llave en la taquilla y cierre la taquilla como se describe a continuaci\u00f3n.<\/li>\n<\/ol>\n<p>-<\/p>\n<h3>2\ufe0f\u20e3 C\u00f3mo cerrar la taquilla (bloquearla de forma segura)<\/h3>\n<ul>\n<li>Vuelve a colocar la llave en su sitio en la taquilla.<\/li>\n<li>Gire brevemente los d\u00edgitos para que el c\u00f3digo no quede visible en la cabina (esto impide que alguien pueda leer f\u00e1cilmente el c\u00f3digo).<\/li>\n<li>Vuelva a deslizar la leng\u00fceta negra <strong>hacia arriba<\/strong> y cierre la solapa negra.<\/li>\n<li>Comprueba siempre que la caja est\u00e9 realmente cerrada y no cuelgue suelta.<\/li>\n<\/ul>\n<p>-<\/p>\n<h3>3\ufe0f\u20e3 Normas de seguridad y comportamiento adicionales<\/h3>\n<ul>\n<li>Nunca escribas el c\u00f3digo en un lugar que otros puedan ver. Gu\u00e1rdalo a buen recaudo en tu tel\u00e9fono para poder encontrarlo r\u00e1pidamente en tu pr\u00f3ximo turno.<\/li>\n<li>Nunca digas a terceros d\u00f3nde est\u00e1 la llave o c\u00f3mo abrir el armario, incluidos amigos o familiares.<\/li>\n<li>No deje nunca la puerta abierta ni la llave por ah\u00ed. Informe inmediatamente al personal de la oficina si la puerta no est\u00e1 bien cerrada.<\/li>\n<\/ul>\n<p>-<\/p>\n<h3>4\ufe0f\u20e3 Qu\u00e9 hacer en caso de problemas o irregularidades<\/h3>\n<ul>\n<li>\u00bfNo puede abrir la caja? Comprueba que la solapa negra est\u00e1 completamente bajada y que los n\u00fameros est\u00e1n correctamente colocados.<\/li>\n<li>\u00bfHa perdido o se le ha estropeado la llave? Comun\u00edquelo inmediatamente a <strong>Tim o Talitha<\/strong>. No corra riesgos ni intente forzar la cerradura usted mismo.<\/li>\n<li>\u00bfVes u oyes algo sospechoso (por ejemplo, se\u00f1ales de robo)? Abandona el lugar, llama inmediatamente a Tim o Talitha y, si es necesario, llama al 112.<\/li>\n<li>Si sales del cobertizo y ves algo digno de menci\u00f3n, notif\u00edcalo inmediatamente a trav\u00e9s de la aplicaci\u00f3n y haz una breve anotaci\u00f3n con tu nombre y hora.<\/li>\n<\/ul>\n<p>-<\/p>\n<h3>\ud83d\udd0e Lista de comprobaci\u00f3n breve (antes de la salida)<\/h3>\n<ul>\n<li>Has vuelto a poner la llave? \u2705<\/li>\n<li>Has confundido los n\u00fameros y has puesto la pesta\u00f1a negra? \u2705<\/li>\n<li>Est\u00e1 el armario bien cerrado y colgado de forma segura? \u2705<\/li>\n<li>\u00bfViste algo sospechoso? Si es as\u00ed, \u00bflo denunci\u00f3 inmediatamente? \u2705<\/li>\n<\/ul>\n<p>-<\/p>\n<p><strong>Conclusi\u00f3n:<\/strong> trate siempre el c\u00f3digo y la llave como si fuera su responsabilidad con cuidado, respeto y consideraci\u00f3n por la seguridad de todos. Si hay ambig\u00fcedades o problemas: llame o app directamente <strong>Tim<\/strong> o <strong>Talitha<\/strong>. Confiamos en su fiabilidad.<\/p>\n<\/div><div class=\"divider-wrapper\"  >\n    <hr class=\"border-accent-color separator-no-padding\"  \/>\n<\/div>\n<\/div><\/div><\/div><\/div><\/div><\/div><\/div><\/div><\/div><\/div><\/div><\/div><\/div><script id=\"script-row-unique-0\" data-row=\"script-row-unique-0\" type=\"text\/javascript\" class=\"vc_controls\">UNCODE.initRow(document.getElementById(\"row-unique-0\"));<\/script><\/div><\/div><\/div>\n<\/div>","protected":false},"excerpt":{"rendered":"\ud83d\udd11 Sleutelkastje &amp; toegang loods Als je voor het eerst bij de loods komt, vind je links van de roldeur [...]","protected":false},"author":1,"featured_media":0,"parent":71016,"menu_order":0,"comment_status":"closed","ping_status":"closed","template":"","meta":{"footnotes":""},"class_list":["post-71247","page","type-page","status-publish","hentry","page_category-personeel-portaal"],"_links":{"self":[{"href":"https:\/\/royalcasinocompany.nl\/es\/wp-json\/wp\/v2\/pages\/71247","targetHints":{"allow":["GET"]}}],"collection":[{"href":"https:\/\/royalcasinocompany.nl\/es\/wp-json\/wp\/v2\/pages"}],"about":[{"href":"https:\/\/royalcasinocompany.nl\/es\/wp-json\/wp\/v2\/types\/page"}],"author":[{"embeddable":true,"href":"https:\/\/royalcasinocompany.nl\/es\/wp-json\/wp\/v2\/users\/1"}],"replies":[{"embeddable":true,"href":"https:\/\/royalcasinocompany.nl\/es\/wp-json\/wp\/v2\/comments?post=71247"}],"version-history":[{"count":8,"href":"https:\/\/royalcasinocompany.nl\/es\/wp-json\/wp\/v2\/pages\/71247\/revisions"}],"predecessor-version":[{"id":71956,"href":"https:\/\/royalcasinocompany.nl\/es\/wp-json\/wp\/v2\/pages\/71247\/revisions\/71956"}],"up":[{"embeddable":true,"href":"https:\/\/royalcasinocompany.nl\/es\/wp-json\/wp\/v2\/pages\/71016"}],"wp:attachment":[{"href":"https:\/\/royalcasinocompany.nl\/es\/wp-json\/wp\/v2\/media?parent=71247"}],"curies":[{"name":"wp","href":"https:\/\/api.w.org\/{rel}","templated":true}]}}