{"id":71251,"date":"2025-11-02T13:25:26","date_gmt":"2025-11-02T12:25:26","guid":{"rendered":"https:\/\/royalcasinocompany.nl\/?page_id=71251"},"modified":"2026-01-15T22:46:51","modified_gmt":"2026-01-15T21:46:51","slug":"alarm","status":"publish","type":"page","link":"https:\/\/royalcasinocompany.nl\/es\/personeel\/alarm\/","title":{"rendered":"Alarma"},"content":{"rendered":"<div class=\"wpb-content-wrapper\"><div data-parent=\"true\" class=\"vc_row row-container boomapps_vcrow\" id=\"row-unique-0\"><div class=\"row limit-width row-parent\"><div class=\"wpb_row row-inner\"><div class=\"wpb_column pos-top pos-center align_left column_parent col-lg-12 boomapps_vccolumn single-internal-gutter\"><div class=\"uncol style-dark\"  ><div class=\"uncoltable\"><div class=\"uncell  boomapps_vccolumn no-block-padding\" ><div class=\"uncont\" ><div class=\"vc_row row-internal row-container boomapps_vcrow\"><div class=\"row row-child\"><div class=\"wpb_row row-inner\"><div class=\"wpb_column pos-top pos-center align_left column_child col-lg-12 boomapps_vccolumn single-internal-gutter\"><div class=\"uncol style-dark\" ><div class=\"uncoltable\"><div class=\"uncell  boomapps_vccolumn no-block-padding\" ><div class=\"uncont\" ><div class=\"vc_custom_heading_wrap\"><div class=\"heading-text el-text\" ><\/p>\n<h1>\ud83d\udea8 Alarma y acceso a la entrada<\/h1>\n<p>\n<hr class=\"separator-break separator-accent\" \/><\/div><div class=\"clear\"><\/div><\/div><div class=\"empty-space empty-single\" ><span class=\"empty-space-inner\"><\/span><\/div>\n<div class=\"uncode_text_column\" ><p>En nuestro cobertizo hay un <strong>sistema de alarma<\/strong> instalados para asegurar nuestros materiales y los locales.<br \/>\nTodos los empleados que tengan acceso a la nave deben saber c\u00f3mo funciona el sistema y c\u00f3mo activar y desactivar la alarma de forma segura.<br \/>\nLea atentamente las instrucciones que figuran a continuaci\u00f3n y s\u00edgalas al pie de la letra.<\/p>\n<p>-<\/p>\n<h3>\ud83d\udccd \u00bfD\u00f3nde se encuentra el sistema de alarma?<\/h3>\n<p>En cuanto entres por la puerta normal (a la izquierda de la puerta rodante), ver\u00e1s <strong>de inmediato<\/strong> de ti <strong>caja de alarma<\/strong>.<br \/>\nEl armario se monta a la altura de los ojos contra la pared.<\/p>\n<p>-<\/p>\n<h3>\ud83d\udd13 Desactivar alarma al entrar<\/h3>\n<p>Cuando entres en la caseta, oir\u00e1s un pitido. Eso significa que la alarma est\u00e1 activada y tienes que desactivarla en cuesti\u00f3n de segundos.<\/p>\n<ol>\n<li>Camina directamente a la caja de alarma a la derecha de la puerta.<\/li>\n<li>Introduce el c\u00f3digo.<\/li>\n<li>A continuaci\u00f3n, pulse la tecla <strong>A<\/strong>.<\/li>\n<li>El sistema emite un breve pitido y la pantalla indica que la alarma est\u00e1 <strong>desactivado<\/strong><\/li>\n<li>\u00bfHa introducido un c\u00f3digo incorrecto por error? Pulsa ESC inmediatamente y repite los pasos anteriores.<\/li>\n<\/ol>\n<p>A partir de ese momento, el cobertizo estar\u00e1 accesible de forma segura y podr\u00e1 continuar con su trabajo.<\/p>\n<p>-<\/p>\n<h3>\ud83d\udd12 Activar alarma a la salida<\/h3>\n<p>Cuando abandones la nave, comprueba siempre que todo est\u00e1 bien cerrado y que la alarma est\u00e1 conectada.<\/p>\n<ol>\n<li>Comprueba que la puerta de entrada est\u00e1 cerrada y bloqueada.<\/li>\n<li>Vuelve a introducir el c\u00f3digo.<\/li>\n<li>Pulse <strong>A<\/strong> para activar la alarma.<\/li>\n<li>Oir\u00e1 un pitido durante el tiempo de encendido (unos 20 segundos).<\/li>\n<li>\u00bfHa introducido un c\u00f3digo incorrecto por error? Pulsa ESC inmediatamente y repite los pasos anteriores.<\/li>\n<li>Sal del cobertizo por la puerta enrollable y ci\u00e9rrala pulsando la flecha hacia abajo del panel de control.<\/li>\n<\/ol>\n<p><strong>Importante:<\/strong> Nunca olvides encender la alarma cuando te vayas.<br \/>\nSi la alarma no se activa, la propiedad queda desprotegida, lo que puede tener consecuencias importantes en caso de robo o da\u00f1os.<br \/>\nCada empleado es responsable de la seguridad del cierre.<\/p>\n<p>-<\/p>\n<h3>\u26a0\ufe0f Mensajes de error o aver\u00edas<\/h3>\n<ul>\n<li>Si la alarma emite un pitido o un mensaje de error, compruebe la pantalla.<br \/>\nA veces aparece un mensaje como \u201cZona abierta\u201d que significa que una puerta est\u00e1 abierta.<\/li>\n<li>Solucione primero el problema (cierre bien la puerta) e intente introducir de nuevo el c\u00f3digo.<\/li>\n<li>\u00bfLa alarma sigue sonando o no se activa?<br \/>\n<strong>Llame directamente a Tim o Talitha<\/strong> y esperar fuera de las instalaciones para recibir instrucciones.<\/li>\n<li>Nunca intente pulsar ning\u00fan bot\u00f3n sin m\u00e1s, ya que podr\u00eda bloquear el sistema o activar la central receptora.<\/li>\n<\/ul>\n<p>-<\/p>\n<h3>\ud83d\udd14 Importante para los nuevos empleados<\/h3>\n<p>Si es la primera vez que est\u00e1s en la nave, practica una vez con un compa\u00f1ero experimentado c\u00f3mo funciona el sistema de alarma.<br \/>\nDe este modo, sabr\u00e1 exactamente qu\u00e9 hacer a la entrada y a la salida. Presta siempre mucha atenci\u00f3n a la orden y al c\u00f3digo, los errores pueden provocar una falsa alarma.<\/p>\n<p>-<\/p>\n<h3>\ud83e\udde0 Seguridad y responsabilidad<\/h3>\n<ul>\n<li>El c\u00f3digo de alarma es <strong>confidencial<\/strong> y no puede compartirse con terceros.<\/li>\n<li>Anota el c\u00f3digo de la alarma de forma segura en tu tel\u00e9fono para poder encontrarlo r\u00e1pida y f\u00e1cilmente la pr\u00f3xima vez.<\/li>\n<li>Utilice el c\u00f3digo s\u00f3lo para fines laborales, no est\u00e1 permitido el uso privado.<\/li>\n<li>Si sospecha que alguien conoce el c\u00f3digo y no deber\u00eda, comun\u00edquelo inmediatamente a <strong>Tim<\/strong> o <strong>Talitha<\/strong>.<\/li>\n<\/ul>\n<p>-<\/p>\n<h3>\u2705 Resumen<\/h3>\n<ul>\n<li>A la entrada: <strong>introduzca el c\u00f3digo &gt; A<\/strong> \u2192 alarma desactivada<\/li>\n<li>A la salida: <strong>introduzca el c\u00f3digo &gt; A<\/strong> \u2192 alarma activada<\/li>\n<li>Comprobar las puertas antes de la salida<\/li>\n<li>Abandonar las instalaciones en silencio dentro del horario de encendido.<\/li>\n<li>En caso de aver\u00edas o problemas <strong>contactar siempre directamente<\/strong><\/li>\n<\/ul>\n<p>Manejando con cuidado el sistema de alarma, juntos garantizamos un entorno de trabajo seguro y protegemos nuestros materiales, veh\u00edculos y las instalaciones.<br \/>\nGracias por su consideraci\u00f3n y responsabilidad. \ud83d\udd10<\/p>\n<\/div><div class=\"divider-wrapper\"  >\n    <hr class=\"border-accent-color separator-no-padding\"  \/>\n<\/div>\n<\/div><\/div><\/div><\/div><\/div><\/div><\/div><\/div><\/div><\/div><\/div><\/div><\/div><script id=\"script-row-unique-0\" data-row=\"script-row-unique-0\" type=\"text\/javascript\" class=\"vc_controls\">UNCODE.initRow(document.getElementById(\"row-unique-0\"));<\/script><\/div><\/div><\/div>\n<\/div>","protected":false},"excerpt":{"rendered":"\ud83d\udea8 Alarm &amp; Toegang bij binnenkomst In onze loods is een alarmsysteem ge\u00efnstalleerd om onze materialen en het pand te [...]","protected":false},"author":1,"featured_media":0,"parent":71016,"menu_order":0,"comment_status":"closed","ping_status":"closed","template":"","meta":{"footnotes":""},"class_list":["post-71251","page","type-page","status-publish","hentry","page_category-personeel-portaal"],"_links":{"self":[{"href":"https:\/\/royalcasinocompany.nl\/es\/wp-json\/wp\/v2\/pages\/71251","targetHints":{"allow":["GET"]}}],"collection":[{"href":"https:\/\/royalcasinocompany.nl\/es\/wp-json\/wp\/v2\/pages"}],"about":[{"href":"https:\/\/royalcasinocompany.nl\/es\/wp-json\/wp\/v2\/types\/page"}],"author":[{"embeddable":true,"href":"https:\/\/royalcasinocompany.nl\/es\/wp-json\/wp\/v2\/users\/1"}],"replies":[{"embeddable":true,"href":"https:\/\/royalcasinocompany.nl\/es\/wp-json\/wp\/v2\/comments?post=71251"}],"version-history":[{"count":9,"href":"https:\/\/royalcasinocompany.nl\/es\/wp-json\/wp\/v2\/pages\/71251\/revisions"}],"predecessor-version":[{"id":71923,"href":"https:\/\/royalcasinocompany.nl\/es\/wp-json\/wp\/v2\/pages\/71251\/revisions\/71923"}],"up":[{"embeddable":true,"href":"https:\/\/royalcasinocompany.nl\/es\/wp-json\/wp\/v2\/pages\/71016"}],"wp:attachment":[{"href":"https:\/\/royalcasinocompany.nl\/es\/wp-json\/wp\/v2\/media?parent=71251"}],"curies":[{"name":"wp","href":"https:\/\/api.w.org\/{rel}","templated":true}]}}