{"id":71253,"date":"2025-11-02T13:26:46","date_gmt":"2025-11-02T12:26:46","guid":{"rendered":"https:\/\/royalcasinocompany.nl\/?page_id=71253"},"modified":"2026-01-15T23:15:50","modified_gmt":"2026-01-15T22:15:50","slug":"magazijn-afsluiten","status":"publish","type":"page","link":"https:\/\/royalcasinocompany.nl\/es\/personeel\/magazijn-afsluiten\/","title":{"rendered":"Cerrar almac\u00e9n"},"content":{"rendered":"<div class=\"wpb-content-wrapper\"><div data-parent=\"true\" class=\"vc_row row-container boomapps_vcrow\" id=\"row-unique-0\"><div class=\"row limit-width row-parent\"><div class=\"wpb_row row-inner\"><div class=\"wpb_column pos-top pos-center align_left column_parent col-lg-12 boomapps_vccolumn single-internal-gutter\"><div class=\"uncol style-dark\"  ><div class=\"uncoltable\"><div class=\"uncell  boomapps_vccolumn no-block-padding\" ><div class=\"uncont\" ><div class=\"vc_row row-internal row-container boomapps_vcrow\"><div class=\"row row-child\"><div class=\"wpb_row row-inner\"><div class=\"wpb_column pos-top pos-center align_left column_child col-lg-12 boomapps_vccolumn single-internal-gutter\"><div class=\"uncol style-dark\" ><div class=\"uncoltable\"><div class=\"uncell  boomapps_vccolumn no-block-padding\" ><div class=\"uncont\" ><div class=\"vc_custom_heading_wrap\"><div class=\"heading-text el-text\" ><\/p>\n<h1>Cerrar almac\u00e9n<\/h1>\n<p>\n<hr class=\"separator-break separator-accent\" \/><\/div><div class=\"clear\"><\/div><\/div><div class=\"empty-space empty-single\" ><span class=\"empty-space-inner\"><\/span><\/div>\n<div class=\"uncode_text_column\" ><\/p>\n<div class=\"rcc-portal\">\n<p>En <strong>Almac\u00e9n Be Our Guest<\/strong>\u00a0es la base de todas nuestras tareas.<br \/>\nAqu\u00ed est\u00e1n todas nuestras mesas de casino, materiales, decoraci\u00f3n y vestuario, todo lo que necesitamos para ejecutar nuestros eventos a la perfecci\u00f3n.<br \/>\nPor lo tanto, es vital que el almac\u00e9n <strong>siempre se cierra con cuidado y de forma segura<\/strong>.<\/p>\n<p>Quien salga \u00faltimo del almac\u00e9n tiene la <strong>plena responsabilidad<\/strong> para comprobar que todo quedaba a buen recaudo y debidamente cerrado.<br \/>\nUna puerta, una luz o una llave olvidadas pueden tener consecuencias importantes para la seguridad, el seguro y la continuidad de nuestro negocio.<\/p>\n<p>-<\/p>\n<h3>\ud83d\udd11 Procedimiento de apagado paso a paso.<\/h3>\n<p>Siga atentamente los pasos que se indican a continuaci\u00f3n. Es la \u00fanica manera de garantizar que todo se deja de forma segura, ordenada y profesional:<\/p>\n<ol>\n<li>\ud83e\uddf9 <strong>Limpia todo.<\/strong><br \/>\nTodas las mesas, materiales, sillas, carros y decoraciones deben volver a colocarse en sus posiciones fijas.<br \/>\nNo hay que dejar nada tirado. Un almac\u00e9n ordenado es se\u00f1al de profesionalidad.<\/li>\n<li>\ud83e\uddf4 <strong>Compruebe que no haya suciedad ni residuos.<\/strong><br \/>\nDeposita los residuos en los contenedores adecuados y comprueba que el lugar de trabajo queda limpio.<\/li>\n<li>\ud83d\udca1 <strong>Comprueba la iluminaci\u00f3n.<\/strong><br \/>\nDeje encendidas s\u00f3lo las luces necesarias que pertenezcan a seguridad (si procede).<br \/>\nTodas las dem\u00e1s luces deben estar apagadas.<\/li>\n<li>\ud83d\udeaa <strong>Cierra todas las puertas.<\/strong><br \/>\nCompruebe la puerta lateral, la puerta enrollable tire siempre de la puerta para asegurarse de que est\u00e1 realmente cerrada.<\/li>\n<li>\ud83d\udd12 <strong>Bloquee correctamente la puerta enrollable.<\/strong><br \/>\nPuede abrir y cerrar la puerta mediante el panel de control situado a la derecha de la puerta enrollable. Aseg\u00farese siempre de que la puerta enrollable est\u00e9 completamente cerrada cuando salga de la caseta.<\/li>\n<li>\ud83d\udce6 <strong>Las llaves del autob\u00fas.<\/strong><br \/>\nLas llaves de bote deben depositarse siempre en la bandeja negra para llaves del almac\u00e9n.<br \/>\nCuidado: nunca te lleves las llaves a casa.<\/li>\n<li>\ud83d\udce6 <strong>Llave de la caja de llaves<br \/>\n<\/strong>Al salir del almac\u00e9n, compruebe que la llave se ha vuelto a colocar en la caja de llaves y que est\u00e1 bien cerrada.<br \/>\nDespu\u00e9s, gire el c\u00f3digo num\u00e9rico durante un rato para que la caja no se quede en el c\u00f3digo correcto.<\/li>\n<li>\ud83d\udea8 <strong>Comprueba la alarma.<\/strong><br \/>\nAseg\u00farese de que no queda nadie dentro. A continuaci\u00f3n, activa el sistema de alarma (sigue las instrucciones del c\u00f3digo).<br \/>\nEspere a o\u00edr el sonido de confirmaci\u00f3n antes de salir.<\/li>\n<li>\ud83d\ude97 <strong>Comprueba el terreno.<\/strong><br \/>\nCuando te vayas, comprueba que no haya puertas abiertas, luces encendidas o cosas fuera.<\/li>\n<\/ol>\n<p>-<\/p>\n<h3>\ud83d\udc65 Responsabilidad<\/h3>\n<p>En <strong>ejecutivo<\/strong> del \u00faltimo pedido es b\u00e1sicamente responsable del cierre del almac\u00e9n, salvo acuerdo en contrario.<br \/>\nCuando est\u00e9n presentes varios colegas, es importante que este <strong>est\u00e1 claramente alineada<\/strong> antes de que nadie se vaya.<\/p>\n<ul class=\"rcc-bullets\">\n<li>Nunca te vayas sin saber qui\u00e9n cierra.<\/li>\n<li>Comprobar juntos los puntos finales dos ojos ven m\u00e1s que uno.<\/li>\n<li>La persona que cierra es responsable de la alarma y del cierre de puertas y llaves.<\/li>\n<\/ul>\n<p>-<\/p>\n<h3>\u26a0\ufe0f Qu\u00e9 puede salir mal (y por qu\u00e9 es importante)<\/h3>\n<p>Una puerta abierta, una llave olvidada pueden tener consecuencias importantes:<\/p>\n<ul class=\"rcc-bullets\">\n<li>Los da\u00f1os causados por robo o hurto no siempre est\u00e1n cubiertos por el seguro.<\/li>\n<li>\u2699\ufe0f Los materiales pueden da\u00f1arse por la humedad, el fr\u00edo o el acceso no deseado.<\/li>\n<li>\ud83d\udea8 Una alarma olvidada o una puerta abierta pueden provocar una llamada a la polic\u00eda o a la sala de control, con costes adicionales para la empresa.<\/li>\n<\/ul>\n<p>Por lo tanto, tomamos esta cuesti\u00f3n <strong>muy seriamente<\/strong>.<br \/>\nConfiamos en que todos act\u00faen con cuidado y responsabilidad al cerrar el almac\u00e9n.<\/p>\n<p>-<\/p>\n<\/div>\n<div class=\"rcc-portal\">\n<h3>\u2705 \u00daltimo control antes de la salida<\/h3>\n<div class=\"rcc-grid\">\n<div class=\"rcc-card\">\n<h4><span class=\"rcc-emoji\">\ud83e\uddf9<\/span> Resuelto<\/h4>\n<p>Todo est\u00e1 en su sitio, sin dejar nada tirado.<\/p>\n<\/div>\n<div class=\"rcc-card\">\n<h4><span class=\"rcc-emoji\">\ud83d\udca1<\/span> Luces apagadas<\/h4>\n<p>Todas las luces y aparatos est\u00e1n apagados (excepto las luces de seguridad).<\/p>\n<\/div>\n<div class=\"rcc-card\">\n<h4><span class=\"rcc-emoji\">\ud83d\udeaa<\/span> Puertas cerradas<\/h4>\n<p>Se comprobaron todas las puertas y se cerraron correctamente.<\/p>\n<\/div>\n<div class=\"rcc-card\">\n<h4><span class=\"rcc-emoji\">\ud83d\udd11<\/span> Llaves guardadas<\/h4>\n<p>Las llaves est\u00e1n seguras en la bandeja y la caja de llaves.<\/p>\n<\/div>\n<div class=\"rcc-card\">\n<h4><span class=\"rcc-emoji\">\ud83d\udea8<\/span> Alarma activada<\/h4>\n<p>Alarma activada y confirmada con un pitido.<\/p>\n<p>-<\/p>\n<\/div>\n<\/div>\n<h3>Resumen<\/h3>\n<p>El cierre del almac\u00e9n es un <strong>importante tarea final<\/strong> de la que todos somos responsables.<br \/>\nDemuestra que trabajamos de forma profesional, cuidadosa y fiable, exactamente igual que in situ.<\/p>\n<p><strong>Compruebe siempre, vuelva a comprobar y salga s\u00f3lo cuando todo est\u00e9 100% en orden.<\/strong><br \/>\nJuntos, as\u00ed es como mantenemos seguros nuestros equipos, nuestras instalaciones y nuestra confianza. \ud83d\udd12\u2728<\/p>\n<\/div>\n<p>\n<\/div><div class=\"divider-wrapper\"  >\n    <hr class=\"border-accent-color separator-no-padding\"  \/>\n<\/div>\n<\/div><\/div><\/div><\/div><\/div><\/div><\/div><\/div><\/div><\/div><\/div><\/div><\/div><script id=\"script-row-unique-0\" data-row=\"script-row-unique-0\" type=\"text\/javascript\" class=\"vc_controls\">UNCODE.initRow(document.getElementById(\"row-unique-0\"));<\/script><\/div><\/div><\/div>\n<\/div>","protected":false},"excerpt":{"rendered":"Magazijn afsluiten Het magazijn van Be Our Guest\u00a0is de basis van al onze opdrachten. Hier liggen al onze casinotafels, materialen, [...]","protected":false},"author":1,"featured_media":0,"parent":71016,"menu_order":0,"comment_status":"closed","ping_status":"closed","template":"","meta":{"footnotes":""},"class_list":["post-71253","page","type-page","status-publish","hentry","page_category-personeel-portaal"],"_links":{"self":[{"href":"https:\/\/royalcasinocompany.nl\/es\/wp-json\/wp\/v2\/pages\/71253","targetHints":{"allow":["GET"]}}],"collection":[{"href":"https:\/\/royalcasinocompany.nl\/es\/wp-json\/wp\/v2\/pages"}],"about":[{"href":"https:\/\/royalcasinocompany.nl\/es\/wp-json\/wp\/v2\/types\/page"}],"author":[{"embeddable":true,"href":"https:\/\/royalcasinocompany.nl\/es\/wp-json\/wp\/v2\/users\/1"}],"replies":[{"embeddable":true,"href":"https:\/\/royalcasinocompany.nl\/es\/wp-json\/wp\/v2\/comments?post=71253"}],"version-history":[{"count":8,"href":"https:\/\/royalcasinocompany.nl\/es\/wp-json\/wp\/v2\/pages\/71253\/revisions"}],"predecessor-version":[{"id":71941,"href":"https:\/\/royalcasinocompany.nl\/es\/wp-json\/wp\/v2\/pages\/71253\/revisions\/71941"}],"up":[{"embeddable":true,"href":"https:\/\/royalcasinocompany.nl\/es\/wp-json\/wp\/v2\/pages\/71016"}],"wp:attachment":[{"href":"https:\/\/royalcasinocompany.nl\/es\/wp-json\/wp\/v2\/media?parent=71253"}],"curies":[{"name":"wp","href":"https:\/\/api.w.org\/{rel}","templated":true}]}}