{"id":71259,"date":"2025-11-02T13:30:54","date_gmt":"2025-11-02T12:30:54","guid":{"rendered":"https:\/\/royalcasinocompany.nl\/?page_id=71259"},"modified":"2026-01-15T23:03:10","modified_gmt":"2026-01-15T22:03:10","slug":"huurbus","status":"publish","type":"page","link":"https:\/\/royalcasinocompany.nl\/es\/personeel\/huurbus\/","title":{"rendered":"Autob\u00fas de alquiler"},"content":{"rendered":"<div class=\"wpb-content-wrapper\"><div data-parent=\"true\" class=\"vc_row row-container boomapps_vcrow\" id=\"row-unique-0\"><div class=\"row limit-width row-parent\"><div class=\"wpb_row row-inner\"><div class=\"wpb_column pos-top pos-center align_left column_parent col-lg-12 boomapps_vccolumn single-internal-gutter\"><div class=\"uncol style-dark\"  ><div class=\"uncoltable\"><div class=\"uncell  boomapps_vccolumn no-block-padding\" ><div class=\"uncont\" ><div class=\"vc_row row-internal row-container boomapps_vcrow\"><div class=\"row row-child\"><div class=\"wpb_row row-inner\"><div class=\"wpb_column pos-top pos-center align_left column_child col-lg-12 boomapps_vccolumn single-internal-gutter\"><div class=\"uncol style-dark\" ><div class=\"uncoltable\"><div class=\"uncell  boomapps_vccolumn no-block-padding\" ><div class=\"uncont\" ><div class=\"vc_custom_heading_wrap\"><div class=\"heading-text el-text\" ><\/p>\n<h1>\ud83d\ude90 Autob\u00fas de alquiler<\/h1>\n<p>\n<hr class=\"separator-break separator-accent\" \/><\/div><div class=\"clear\"><\/div><\/div><div class=\"empty-space empty-single\" ><span class=\"empty-space-inner\"><\/span><\/div>\n<div class=\"uncode_text_column\" ><p>Cuando nuestros propios autobuses de transporte ya est\u00e1n programados, utilizamos un <strong>autob\u00fas de alquiler de Jansen &amp; Van Kouwen<\/strong> En Huizen.<br \/>\nS\u00f3lo utilizamos estos autobuses como soluci\u00f3n de emergencia en d\u00edas de gran afluencia o eventos simult\u00e1neos.<br \/>\nEs importante que todo el mundo sepa c\u00f3mo funciona y qu\u00e9 se espera de usted cuando utilice un autob\u00fas de alquiler.<\/p>\n<p>-<\/p>\n<h3>\ud83d\udccd \u00bfD\u00f3nde encontrar el autob\u00fas de alquiler?<\/h3>\n<ul>\n<li>En la mayor\u00eda de los casos, el autob\u00fas de alquiler ya lo recoge un compa\u00f1ero de la oficina.<\/li>\n<li>El autob\u00fas se para <strong>listo en el aparcamiento del almac\u00e9n<\/strong> o en la calle Ambachtsweg.<\/li>\n<li>La llave del autob\u00fas de alquiler est\u00e1 en el <strong>bandeja de llaves<\/strong>\u00a0en el almac\u00e9n.<br \/>\nEn caso de duda, consulte al supervisor o la aplicaci\u00f3n de grupo para comprobar qu\u00e9 autob\u00fas es el suyo. En la mayor\u00eda de los casos, puedes encontrarlo f\u00e1cilmente en la hoja de llamadas.<\/li>\n<\/ul>\n<p>-<\/p>\n<h3>Combustible y conducci\u00f3n<\/h3>\n<ul>\n<li>Todos los autobuses de alquiler funcionan con <strong>diesel<\/strong>. (Todos nuestros autobuses tambi\u00e9n funcionan con gas\u00f3leo).<\/li>\n<li>Utilice siempre el <strong>tarjeta de combustible de Be Our Guest Events<\/strong> para repostar esto se encuentra la bandeja designada en el almac\u00e9n.<\/li>\n<li>Siempre repostas <strong>antes de volver<\/strong> del autob\u00fas de alquiler (v\u00e9ase m\u00e1s abajo).<\/li>\n<li>Conduzca con calma y responsabilidad, no se trata de su propio veh\u00edculo, sino de un veh\u00edculo comercial alquilado.<\/li>\n<li>Compru\u00e9belo antes de la salida: <strong>da\u00f1os, iluminaci\u00f3n, retrovisores y nivel de combustible<\/strong>. \u00bfVes algo sospechoso o sobre lo que tengas dudas? P\u00f3ngalo en la aplicaci\u00f3n de grupo correspondiente de su tarea.<\/li>\n<\/ul>\n<p>-<\/p>\n<h3>\ud83d\ude9b Carga y descarga del autob\u00fas de alquiler<\/h3>\n<p>La carga y descarga de un autob\u00fas de alquiler es exactamente igual que con nuestros propios autobuses de transporte.<\/p>\n<ul>\n<li>Utilice <strong>mantas, espumas y correas<\/strong> para evitar da\u00f1os.<\/li>\n<li>Aseg\u00farate de que todo est\u00e1 bien sujeto y protegido mientras conduces.<\/li>\n<li>Utiliza el <strong>lista de control de la hoja de reclamaciones<\/strong> para comprobar que todo se ha cargado.<\/li>\n<li>Al volver al almac\u00e9n, se aplican las mismas normas para <strong>descarga, limpieza y control<\/strong>.<\/li>\n<\/ul>\n<p>-<\/p>\n<h3>\u26fd Repostaje de autobuses (\u00a1obligatorio!)<\/h3>\n<p>Antes de devolver el autob\u00fas de alquiler, siempre se debe <strong>repostado<\/strong> sea con nuestra tarjeta bancaria corporativa.<br \/>\nEsta es una condici\u00f3n dura por parte del propietario y de nuestra empresa.<\/p>\n<ul>\n<li>Llene el dep\u00f3sito de gas\u00f3leo del autob\u00fas en la gasolinera m\u00e1s cercana (utilice la tarjeta de combustible).<\/li>\n<li>No tire los recibos. Deje el recibo de repostaje en la carpeta de la hoja de reclamaciones.<\/li>\n<li><strong>\u00bfOlvidaste repostar el autob\u00fas?<\/strong> Entonces la empresa Royal Casino recibir\u00e1 una multa de 15 euros sin IVA<br \/>\nEsta multa ser\u00e1 <strong>cargado al equipo<\/strong> que era responsable del autob\u00fas.<\/li>\n<\/ul>\n<p>-<\/p>\n<h3>\ud83d\udd11 Bajada del autob\u00fas en Jansen &amp; Van Kouwen<\/h3>\n<p>Una vez finalizada la misi\u00f3n, el autob\u00fas de alquiler deber\u00e1 devolverse esa misma noche (a menos que se acuerde lo contrario con usted o se indique en la hoja de reclamaciones). <strong>Volver a Jansen &amp; Van Kouwen Alquiler de coches<\/strong>\u00a0En Huizen.<\/p>\n<ul>\n<li>Direcci\u00f3n: <strong>Ambachtsweg 52, Huizen<\/strong> (junto a la gasolinera Esso).<\/li>\n<li>Aparque el autob\u00fas en cualquier aparcamiento<strong>\u00a0de la empresa de alquiler<\/strong>.<\/li>\n<li>Compruebe que todos los efectos personales, materiales y bolsas han sido retirados del autob\u00fas.<\/li>\n<li>No deje basura, tazas de caf\u00e9 o materiales detr\u00e1s el autob\u00fas debe ser devuelto limpio.<\/li>\n<li>\ud83d\udcf8 En caso de duda, haz una foto del autob\u00fas aparcado como prueba de que la devoluci\u00f3n es correcta.<\/li>\n<\/ul>\n<p>-<\/p>\n<h3>\ud83d\udcee Devoluci\u00f3n de llave<\/h3>\n<p>La llave debe entregarse inmediatamente a trav\u00e9s del <strong>llave segura de Jansen &amp; Van Kouwen alquiler de coches<\/strong> (v\u00e9ase la imagen inferior con la flecha roja).<\/p>\n<ul>\n<li>Coloque la llave en la ranura designada de la caja fuerte.<\/li>\n<li>Una vez entregada, la llave puede <strong>no se puede recuperar<\/strong>.<\/li>\n<li>As\u00ed que comprueba <strong>siempre por adelantado<\/strong> \u00a1Si ya no te has dejado nada en el autob\u00fas!<\/li>\n<li>Tras la entrega, pres\u00e9ntese en el <strong>aplicaci\u00f3n de grupo<\/strong>:<br \/>\n\u201cAutob\u00fas de alquiler devuelto, repostado y llave entregada en Jansen &amp; Van Kouwen\u201d.\u201d<\/li>\n<\/ul>\n<p>-<\/p>\n<h3>\u26a0\ufe0f Puntos de inter\u00e9s importantes<\/h3>\n<ul>\n<li>\ud83e\udde0 Piensa con antelaci\u00f3n no olvides repostar antes de conducir hasta la empresa de alquiler.<\/li>\n<li>\ud83d\udd0d Compruebe siempre que el autob\u00fas est\u00e1 completamente vac\u00edo (incluido el salpicadero, los bolsillos de las puertas y el espacio de carga).<\/li>\n<li>\ud83d\udeab No deje ninguna compa\u00f1\u00eda ni pertenencias personales; el autob\u00fas regresar\u00e1 inmediatamente.<\/li>\n<li>\ud83d\udcb8 \u00bfTe olvidas de repostar o dejas el autob\u00fas sucio? Entonces los costes adicionales se cargar\u00e1n a tu equipo.<\/li>\n<\/ul>\n<p>-<\/p>\n<h3>\u2705 Autob\u00fas de alquiler - comprobaci\u00f3n r\u00e1pida<\/h3>\n<ul>\n<li>\ud83d\ude90 Autob\u00fas de alquiler encontrado y comprobado (parado junto al almac\u00e9n o al lado de la calle).<\/li>\n<li>\ud83d\udd11 Llave extra\u00edda de la bandeja de llaves<\/li>\n<li>\ud83d\udce6 Materiales cargados de forma segura (seg\u00fan lista de comprobaci\u00f3n).<\/li>\n<li>\u26fd Repostaje completo posterior con tarjeta de combustible.<\/li>\n<li>\ud83d\udccd Autob\u00fas devuelto a Jansen &amp; Van Kouwen alquiler de coches.<\/li>\n<li>\ud83d\udcee Entrega de llaves a trav\u00e9s de la caja fuerte de llaves (ver foto).<\/li>\n<li>\ud83e\uddfe Fine evitado \u2714\ufe0f<\/li>\n<li>\ud83d\udcf1 Mensaje enviado en app de grupo: \u201cAutob\u00fas de alquiler repostado y devuelto\u201d.\u201d<\/li>\n<\/ul>\n<p>-<\/p>\n<p><strong>Nota:<\/strong> Si olvidas repostar o sacar cosas del autob\u00fas, es tu responsabilidad.<br \/>\nContamos con la profesionalidad de todos para asegurarnos de que lo ejecutan cuidadosa y completamente, como se menciona en la lista de comprobaci\u00f3n.<br \/>\nAs\u00ed es como mantenemos todo ordenado, fiable y profesional en Royal Casino Company. \ud83d\udcaa\u2728<\/p>\n<p>Devuelva siempre la llave al autob\u00fas de alquiler a trav\u00e9s de la caja fuerte especial para llaves de Jansen van Kouwen Car Rental.<br \/>\nLa caja fuerte est\u00e1 colgada en la pared junto a la valla (v\u00e9ase el c\u00edrculo rojo en la imagen).<\/p>\n<p>-<\/p>\n<p><strong>\u00bfC\u00f3mo funciona?<\/strong><br \/>\nGire el mecanismo giratorio met\u00e1lico hasta que la abertura sea visible.<br \/>\nIntroduzca la llave en el orificio y suelte el mecanismo de giro.<br \/>\nLa llave se introduce autom\u00e1ticamente en la caja fuerte.<br \/>\nCompruebe siempre si la llave se ha ca\u00eddo realmente para asegurarse de que est\u00e1 bien guardada.<\/p>\n<p><img decoding=\"async\" class=\"alignnone wp-image-71521\" src=\"https:\/\/royalcasinocompany.nl\/wp-content\/uploads\/2025\/11\/Schermafbeelding-2025-11-19-122544-300x156.png\" alt=\"- Royal Casino Company\" width=\"775\" height=\"403\" srcset=\"https:\/\/royalcasinocompany.nl\/wp-content\/uploads\/2025\/11\/Schermafbeelding-2025-11-19-122544-300x156.png 300w, https:\/\/royalcasinocompany.nl\/wp-content\/uploads\/2025\/11\/Schermafbeelding-2025-11-19-122544-1024x532.png 1024w, https:\/\/royalcasinocompany.nl\/wp-content\/uploads\/2025\/11\/Schermafbeelding-2025-11-19-122544-768x399.png 768w, https:\/\/royalcasinocompany.nl\/wp-content\/uploads\/2025\/11\/Schermafbeelding-2025-11-19-122544-18x9.png 18w, https:\/\/royalcasinocompany.nl\/wp-content\/uploads\/2025\/11\/Schermafbeelding-2025-11-19-122544-350x182.png 350w, https:\/\/royalcasinocompany.nl\/wp-content\/uploads\/2025\/11\/Schermafbeelding-2025-11-19-122544.png 1127w\" sizes=\"(max-width: 775px) 100vw, 775px\" title=\"\"><\/p>\n<\/div><div class=\"divider-wrapper\"  >\n    <hr class=\"border-accent-color separator-no-padding\"  \/>\n<\/div>\n<\/div><\/div><\/div><\/div><\/div><\/div><\/div><\/div><\/div><\/div><\/div><\/div><\/div><script id=\"script-row-unique-0\" data-row=\"script-row-unique-0\" type=\"text\/javascript\" class=\"vc_controls\">UNCODE.initRow(document.getElementById(\"row-unique-0\"));<\/script><\/div><\/div><\/div>\n<\/div>","protected":false},"excerpt":{"rendered":"\ud83d\ude90 Huurbus Wanneer onze eigen transportbussen al zijn ingepland, maken we gebruik van een huurbus van Jansen &amp; Van Kouwen [...]","protected":false},"author":1,"featured_media":0,"parent":71016,"menu_order":0,"comment_status":"closed","ping_status":"closed","template":"","meta":{"footnotes":""},"class_list":["post-71259","page","type-page","status-publish","hentry","page_category-personeel-portaal"],"_links":{"self":[{"href":"https:\/\/royalcasinocompany.nl\/es\/wp-json\/wp\/v2\/pages\/71259","targetHints":{"allow":["GET"]}}],"collection":[{"href":"https:\/\/royalcasinocompany.nl\/es\/wp-json\/wp\/v2\/pages"}],"about":[{"href":"https:\/\/royalcasinocompany.nl\/es\/wp-json\/wp\/v2\/types\/page"}],"author":[{"embeddable":true,"href":"https:\/\/royalcasinocompany.nl\/es\/wp-json\/wp\/v2\/users\/1"}],"replies":[{"embeddable":true,"href":"https:\/\/royalcasinocompany.nl\/es\/wp-json\/wp\/v2\/comments?post=71259"}],"version-history":[{"count":10,"href":"https:\/\/royalcasinocompany.nl\/es\/wp-json\/wp\/v2\/pages\/71259\/revisions"}],"predecessor-version":[{"id":71935,"href":"https:\/\/royalcasinocompany.nl\/es\/wp-json\/wp\/v2\/pages\/71259\/revisions\/71935"}],"up":[{"embeddable":true,"href":"https:\/\/royalcasinocompany.nl\/es\/wp-json\/wp\/v2\/pages\/71016"}],"wp:attachment":[{"href":"https:\/\/royalcasinocompany.nl\/es\/wp-json\/wp\/v2\/media?parent=71259"}],"curies":[{"name":"wp","href":"https:\/\/api.w.org\/{rel}","templated":true}]}}