{"id":71262,"date":"2025-11-02T13:32:03","date_gmt":"2025-11-02T12:32:03","guid":{"rendered":"https:\/\/royalcasinocompany.nl\/?page_id=71262"},"modified":"2026-01-16T10:49:59","modified_gmt":"2026-01-16T09:49:59","slug":"tanken","status":"publish","type":"page","link":"https:\/\/royalcasinocompany.nl\/es\/personeel\/tanken\/","title":{"rendered":"Alimentando"},"content":{"rendered":"<div class=\"wpb-content-wrapper\"><div data-parent=\"true\" class=\"vc_row row-container boomapps_vcrow\" id=\"row-unique-0\"><div class=\"row limit-width row-parent\"><div class=\"wpb_row row-inner\"><div class=\"wpb_column pos-top pos-center align_left column_parent col-lg-12 boomapps_vccolumn single-internal-gutter\"><div class=\"uncol style-dark\"  ><div class=\"uncoltable\"><div class=\"uncell  boomapps_vccolumn no-block-padding\" ><div class=\"uncont\" ><div class=\"vc_row row-internal row-container boomapps_vcrow\"><div class=\"row row-child\"><div class=\"wpb_row row-inner\"><div class=\"wpb_column pos-top pos-center align_left column_child col-lg-12 boomapps_vccolumn single-internal-gutter\"><div class=\"uncol style-dark\" ><div class=\"uncoltable\"><div class=\"uncell  boomapps_vccolumn no-block-padding\" ><div class=\"uncont\" ><div class=\"vc_custom_heading_wrap\"><div class=\"heading-text el-text\" ><\/p>\n<h1>Abastecimiento de combustible<\/h1>\n<p>\n<hr class=\"separator-break separator-accent\" \/><\/div><div class=\"clear\"><\/div><\/div><div class=\"empty-space empty-single\" ><span class=\"empty-space-inner\"><\/span><\/div>\n<div class=\"uncode_text_column\" ><p>En <strong>Eventos Be Our Guest<\/strong> Trabajamos con autobuses de transporte profesionales que est\u00e1n todos en <strong>DIESEL<\/strong> conducir.<br \/>\nPor lo tanto, es muy importante que preste siempre mucha atenci\u00f3n al combustible que utiliza cuando reposta.<br \/>\nUn peque\u00f1o error gasolina en lugar de diesel puede tener consecuencias importantes para el autob\u00fas, el horario y su cartera.<\/p>\n<p>-<\/p>\n<h3>\u2699\ufe0f Informaci\u00f3n sobre el combustible<\/h3>\n<ul>\n<li>\ud83d\udee2\ufe0f <strong>Combustible:<\/strong> siempre <strong>DIESEL<\/strong><\/li>\n<li>\ud83d\udeaa Al abrir la tapa del dep\u00f3sito, tambi\u00e9n indica claramente: <strong>Diesel<\/strong><\/li>\n<li>\ud83d\udccd La tarjeta de combustible se encuentra por defecto en la bandeja de llaves designada en el almac\u00e9n.<\/li>\n<li>\ud83d\udcb3 La tarjeta de carburante funciona en todas las gasolineras normales de los Pa\u00edses Bajos.<\/li>\n<\/ul>\n<p>-<\/p>\n<h3>\u26a0\ufe0f Preste atenci\u00f3n al repostar<\/h3>\n<p>Por desgracia, ha habido varias ocasiones en las que los empleados han repostado gasolina accidentalmente.<br \/>\nA continuaci\u00f3n, el autob\u00fas suele circular s\u00f3lo unos pocos kil\u00f3metros y luego se queda completamente en silencio.<br \/>\nEste error tiene consecuencias importantes y cuesta mucho tiempo y dinero.<br \/>\nAs\u00ed que aseg\u00farate de tener siempre un <strong>comprueba lo que est\u00e1 escrito en la pistola de relleno<\/strong> antes de repostar.<\/p>\n<ul>\n<li>\u2705 El gas\u00f3leo se indica con un <strong>mango negro o amarillo<\/strong> y la letra \u201cB7\u201d o \u201cDiesel\u201d.<\/li>\n<li>\ud83d\udeab Los mangos de gasolina suelen ser <strong>verde<\/strong> - \u00a1As\u00ed que nunca los uses!<\/li>\n<\/ul>\n<p>-<\/p>\n<h3>\ud83c\udd98 Qu\u00e9 hacer en caso de repostar mal<\/h3>\n<p>\u00bfHas repostado gasolina en lugar de gas\u00f3leo por accidente?<br \/>\nMant\u00e9n la calma y sigue estos pasos:<\/p>\n<ol>\n<li>\u26d4 <strong>NO arranque el motor.<\/strong> En cuanto arranca, la gasolina se extiende por todo el sistema, con lo que el da\u00f1o es mucho mayor.<\/li>\n<li>\ud83d\udcde <strong>Llame directamente a ANWB<\/strong> - el n\u00famero de emergencia est\u00e1 en el <strong>Instrucci\u00f3n ANWB<\/strong> en la guantera (hoja A4 plastificada).<\/li>\n<li>\ud83d\udd52 ANWB suele venir en <strong>De 30 a 90 minutos<\/strong>.<\/li>\n<li>\ud83d\udcb0 El coste de este servicio de asistencia (alrededor de 150 euros) es de 1,5 millones de euros. <strong>por cuenta de la persona que carg\u00f3 combustible inapropiado<\/strong>.<\/li>\n<li>\u26fd La ANWB bombear\u00e1 el dep\u00f3sito por completo el combustible que acaba de repostar se pierde y tambi\u00e9n se cobrar\u00e1 a la persona que cometi\u00f3 el error.<\/li>\n<\/ol>\n<p>-<\/p>\n<h3>\ud83d\ude9a Retraso por repostaje incorrecto<\/h3>\n<ul>\n<li>\ud83d\udd52 Este error provoca <strong>grave retraso<\/strong> a menudo m\u00e1s de una hora y entonces es casi imposible llegar a tiempo a las instalaciones del cliente.<\/li>\n<li>\ud83d\udcde \u00bfEst\u00e1 pasando esto <strong>de camino a una misi\u00f3n<\/strong>? Llame a <strong>inmediatamente Tim<\/strong> para que pueda evaluar si debe utilizarse otro autob\u00fas para transbordar el material y seguir llegando al cliente.<\/li>\n<li>\ud83c\udf19 \u00bfEst\u00e1 pasando esto <strong>De vuelta al almac\u00e9n<\/strong> (por la tarde o por la noche)? Entonces necesitas a Tim o Talitha <strong>no<\/strong> llamar.<br \/>\nEspere tranquilamente a que ANWB termine y vuelva al almac\u00e9n. Estas horas perdidas no entran dentro de las horas de trabajo y, por tanto, no se pagan.<\/li>\n<\/ul>\n<p>-<\/p>\n<h3>\ud83d\udcb8 Costes por repostar combustible inapropiado<\/h3>\n<ul>\n<li>\ud83d\udd27 Coste de la asistencia de ANWB (bombeo del dep\u00f3sito): <strong>\u00b1 \u20ac150<\/strong><\/li>\n<li>\u26fd Coste del combustible perdido: asumido \u00edntegramente por la persona que ha cargado combustible inapropiado.<\/li>\n<li>\ud83d\udcc6 Cualquier da\u00f1o, retraso o kilometraje extra debido a la transferencia tambi\u00e9n se cobrar\u00e1.<\/li>\n<\/ul>\n<p>-<\/p>\n<h3>\ud83e\udde0 Resumen: tu lista de comprobaci\u00f3n para repostar<\/h3>\n<ul>\n<li>\ud83d\ude97 Comprobar antes de repostar: \u00bfdice <strong>Diesel<\/strong> en la pistola de relleno?<\/li>\n<li>\ud83d\udee2\ufe0f Utilice s\u00f3lo el <strong>palanca negra o amarilla<\/strong> (gas\u00f3leo, B7).<\/li>\n<li>\ud83d\udcb3 Paga con la tarjeta de carburante Be Our Guest (nunca con tu propia tarjeta de d\u00e9bito).<\/li>\n<li>\ud83d\udccb Despu\u00e9s de repostar, compruebe que el tap\u00f3n de llenado est\u00e1 bien cerrado.<\/li>\n<\/ul>\n<p>-<\/p>\n<h3>\ud83d\udcc4 Descargar instrucciones ANWB<\/h3>\n<p>El pleno <strong>Instrucci\u00f3n ANWB<\/strong> (con n\u00fameros de contacto, costes y qu\u00e9 hacer en caso de aver\u00eda) se encuentran en la guantera de cada autob\u00fas.<br \/>\nPuede descargar la versi\u00f3n digital a continuaci\u00f3n para consultarla inmediatamente:<\/p>\n<p style=\"margin-top: 15px;\"><a style=\"display: inline-block; background-color: #c9a34a; color: #111; font-weight: bold; padding: 12px 24px; border-radius: 8px; text-decoration: none;\" href=\"\/wp-content\/uploads\/2025\/01\/ANWB-INSTRUCTIE.pdf\"><br \/>\n\ud83d\udce5 Descargar las instrucciones ANWB (PDF)<br \/>\n<\/a><\/p>\n<p>-<\/p>\n<h3>\ud83d\udea6 Importante recordar<\/h3>\n<ul>\n<li>\ud83d\udd0d Compruebe siempre el combustible antes de introducir la manguera en el dep\u00f3sito.<\/li>\n<li>\ud83e\udde0 Piensa con calma y conc\u00e9ntrate repostar es un trabajo sencillo, pero un error se paga caro.<\/li>\n<li>\ud83d\udcde En caso de duda o angustia: llama siempre a Tim o Talitha para consultar.<\/li>\n<\/ul>\n<p>-<\/p>\n<p><strong>\u00a1Cuidado al repostar!<\/strong> Un segundo de control adicional evita muchas desgracias, da\u00f1os y costes.<br \/>\nContamos con tu profesionalidad y responsabilidad. \ud83d\udcaa<\/p>\n<\/div><\/div><\/div><\/div><\/div><\/div><\/div><\/div><\/div><\/div><\/div><\/div><\/div><\/div><script id=\"script-row-unique-0\" data-row=\"script-row-unique-0\" type=\"text\/javascript\" class=\"vc_controls\">UNCODE.initRow(document.getElementById(\"row-unique-0\"));<\/script><\/div><\/div><\/div>\n<\/div>","protected":false},"excerpt":{"rendered":"\u26fd Tanken Bij Be Our Guest Events werken we met professionele transportbussen die allemaal op DIESEL rijden. Het is daarom [...]","protected":false},"author":1,"featured_media":0,"parent":71016,"menu_order":0,"comment_status":"closed","ping_status":"closed","template":"","meta":{"footnotes":""},"class_list":["post-71262","page","type-page","status-publish","hentry","page_category-personeel-portaal"],"_links":{"self":[{"href":"https:\/\/royalcasinocompany.nl\/es\/wp-json\/wp\/v2\/pages\/71262","targetHints":{"allow":["GET"]}}],"collection":[{"href":"https:\/\/royalcasinocompany.nl\/es\/wp-json\/wp\/v2\/pages"}],"about":[{"href":"https:\/\/royalcasinocompany.nl\/es\/wp-json\/wp\/v2\/types\/page"}],"author":[{"embeddable":true,"href":"https:\/\/royalcasinocompany.nl\/es\/wp-json\/wp\/v2\/users\/1"}],"replies":[{"embeddable":true,"href":"https:\/\/royalcasinocompany.nl\/es\/wp-json\/wp\/v2\/comments?post=71262"}],"version-history":[{"count":5,"href":"https:\/\/royalcasinocompany.nl\/es\/wp-json\/wp\/v2\/pages\/71262\/revisions"}],"predecessor-version":[{"id":71959,"href":"https:\/\/royalcasinocompany.nl\/es\/wp-json\/wp\/v2\/pages\/71262\/revisions\/71959"}],"up":[{"embeddable":true,"href":"https:\/\/royalcasinocompany.nl\/es\/wp-json\/wp\/v2\/pages\/71016"}],"wp:attachment":[{"href":"https:\/\/royalcasinocompany.nl\/es\/wp-json\/wp\/v2\/media?parent=71262"}],"curies":[{"name":"wp","href":"https:\/\/api.w.org\/{rel}","templated":true}]}}