{"id":71264,"date":"2025-11-02T13:36:15","date_gmt":"2025-11-02T12:36:15","guid":{"rendered":"https:\/\/royalcasinocompany.nl\/?page_id=71264"},"modified":"2026-01-16T10:52:32","modified_gmt":"2026-01-16T09:52:32","slug":"teamdiscipline-en-consequenties","status":"publish","type":"page","link":"https:\/\/royalcasinocompany.nl\/es\/personeel\/teamdiscipline-en-consequenties\/","title":{"rendered":"Disciplina de equipo y consecuencias"},"content":{"rendered":"<div class=\"wpb-content-wrapper\"><div data-parent=\"true\" class=\"vc_row row-container boomapps_vcrow\" id=\"row-unique-0\"><div class=\"row limit-width row-parent\"><div class=\"wpb_row row-inner\"><div class=\"wpb_column pos-top pos-center align_left column_parent col-lg-12 boomapps_vccolumn single-internal-gutter\"><div class=\"uncol style-dark\"  ><div class=\"uncoltable\"><div class=\"uncell  boomapps_vccolumn no-block-padding\" ><div class=\"uncont\" ><div class=\"vc_row row-internal row-container boomapps_vcrow\"><div class=\"row row-child\"><div class=\"wpb_row row-inner\"><div class=\"wpb_column pos-top pos-center align_left column_child col-lg-12 boomapps_vccolumn single-internal-gutter\"><div class=\"uncol style-dark\" ><div class=\"uncoltable\"><div class=\"uncell  boomapps_vccolumn no-block-padding\" ><div class=\"uncont\" ><div class=\"vc_custom_heading_wrap\"><div class=\"heading-text el-text\" ><\/p>\n<h1>Disciplina de equipo y consecuencias<\/h1>\n<p>\n<hr class=\"separator-break separator-accent\" \/><\/div><div class=\"clear\"><\/div><\/div><div class=\"empty-space empty-single\" ><span class=\"empty-space-inner\"><\/span><\/div>\n<div class=\"uncode_text_column\" ><\/p>\n<div class=\"rcc-portal\">\n<p>La disciplina dentro del equipo es esencial para trabajar con profesionalidad, fiabilidad y \u00e9xito.<br \/>\nEn <strong>Compa\u00f1\u00eda Royal Casino<\/strong> se trata de <strong>calidad, responsabilidad y cooperaci\u00f3n<\/strong>.<br \/>\nQueremos que todos los compa\u00f1eros comprendan que su comportamiento afecta directamente a la experiencia de los clientes, al ambiente dentro del equipo y a la confianza de nuestros clientes.<\/p>\n<p>La disciplina no es un castigo, sino una forma de <strong>conducta profesional<\/strong>.<br \/>\nSignifica cumplir los acuerdos, asumir responsabilidades y tomarse en serio unos a otros, en cualquier situaci\u00f3n.<\/p>\n<p>-<\/p>\n<h3>Lo que esperamos de usted<\/h3>\n<p>Un equipo fuerte est\u00e1 formado por personas que pueden confiar unas en otras.<br \/>\nPor lo tanto, esperamos que todo el mundo respete nuestras reglas b\u00e1sicas y normas profesionales:<\/p>\n<ul class=\"rcc-bullets\">\n<li>\u23f0 <strong>Llegar siempre a tiempo<\/strong> - Llegar tarde significa que los dem\u00e1s tienen que esperar y la preparaci\u00f3n se ve comprometida.<\/li>\n<li>\ud83d\udc55 <strong>Aseg\u00farese de estar presentable<\/strong> - La vestimenta, el aseo y la actitud determinan la primera impresi\u00f3n con el cliente.<\/li>\n<li>\ud83d\udcf1 <strong>Utiliza el tel\u00e9fono s\u00f3lo cuando est\u00e9 permitido<\/strong> - durante las tareas, mantente centrado en los invitados, no en tu pantalla.<\/li>\n<li>\ud83e\udde0 <strong>Toma la iniciativa<\/strong> - Ayudar, pensar en el futuro y mostrar compromiso con el equipo.<\/li>\n<li>\ud83d\udcac <strong>Comunicarse abierta y honestamente<\/strong> - notifique inmediatamente los problemas o errores para que puedan solucionarse.<\/li>\n<li>\ud83e\udd1d <strong>Respetar a compa\u00f1eros y jefes<\/strong> - trabajamos juntos por un objetivo: un evento perfecto.<\/li>\n<\/ul>\n<p>-<\/p>\n<h3>La disciplina en la pr\u00e1ctica<\/h3>\n<p>La disciplina va m\u00e1s all\u00e1 de llegar a tiempo o ir bien vestido.<br \/>\nSignifica que <strong>asume su responsabilidad<\/strong> por tu trabajo y tu actitud, incluso cuando nadie te ve.<\/p>\n<ul class=\"rcc-bullets\">\n<li>Apareces preparado y con la actitud adecuada en cada tarea.<\/li>\n<li>Escuchas las instrucciones y sigues las indicaciones del supervisor.<\/li>\n<li>Te comprometes con el equipo y reflexionas cuando algo va mal.<\/li>\n<li>Mantienes acuerdos sobre horarios de trabajo, comportamiento, comunicaci\u00f3n y representaci\u00f3n.<\/li>\n<\/ul>\n<p>Un equipo profesional se reconoce por su calma, su visi\u00f3n de conjunto y su actitud positiva, incluso bajo presi\u00f3n.<\/p>\n<p>-<\/p>\n<h3>Si no se cumplen los acuerdos<\/h3>\n<p>Siempre suponemos que todo el mundo trabaja con la intenci\u00f3n correcta.<br \/>\nNo obstante, es importante tener claras las consecuencias si no se respetan las normas o los acuerdos.<\/p>\n<ul class=\"rcc-bullets\">\n<li>\u26a0\ufe0f <strong>Advertencia:<\/strong> una primera infracci\u00f3n siempre va seguida de una entrevista personal o un apercibimiento por escrito. Examinamos qu\u00e9 ha fallado y c\u00f3mo se puede mejorar.<\/li>\n<li>\u26d4 <strong>Retrasos o cancelaciones sin un motivo v\u00e1lido:<\/strong> no firmar o firmar tarde puede afectar a la planificaci\u00f3n futura o a la empleabilidad.<\/li>\n<li>\ud83d\udcb8 <strong>Da\u00f1os materiales o negligencia:<\/strong> los da\u00f1os causados por un comportamiento negligente pueden ser reclamados a la persona responsable.<\/li>\n<li>\ud83d\udeab <strong>No presentarse a una misi\u00f3n sin anulaci\u00f3n:<\/strong> esto conduce directamente a la exclusi\u00f3n de una mayor cooperaci\u00f3n.<\/li>\n<\/ul>\n<p>-<\/p>\n<h3>Nuestro enfoque de las infracciones<\/h3>\n<p>Trabajamos con un sistema claro y justo.<br \/>\nCada situaci\u00f3n se eval\u00faa en funci\u00f3n de la intenci\u00f3n, la responsabilidad y la repetici\u00f3n.<br \/>\nSiempre buscamos primero la mejora, no el castigo.<\/p>\n<div class=\"rcc-grid\">\n<div class=\"rcc-card\">\n<h4><span class=\"rcc-emoji\">\ud83d\udde3\ufe0f<\/span> 1. Llame a<\/h4>\n<p>En caso de primera infracci\u00f3n, se celebrar\u00e1 una entrevista personal para discutir la situaci\u00f3n y comprender lo ocurrido.<\/p>\n<\/div>\n<div class=\"rcc-card\">\n<h4><span class=\"rcc-emoji\">\ud83d\udcdd<\/span> 2. Advertencia<\/h4>\n<p>Si el comportamiento se repite, recibir\u00e1s una advertencia oficial con acuerdos concretos de mejora.<\/p>\n<\/div>\n<div class=\"rcc-card\">\n<h4><span class=\"rcc-emoji\">\ud83d\udeab<\/span> 3. 3. Suspensi\u00f3n o expulsi\u00f3n<\/h4>\n<p>Las infracciones graves o repetidas pueden dar lugar a que no se le asignen tareas (temporal o permanentemente).<\/p>\n<p>-<\/p>\n<\/div>\n<\/div>\n<h3>Lo que nos parece importante<\/h3>\n<p>Queremos un equipo de <strong>fiable, profesional y comprometida<\/strong> personas.<br \/>\nPersonas que se enorgullecen de su trabajo, asumen responsabilidades y entienden que la disciplina es la base de la libertad y la confianza.<br \/>\nCuanto mejor trabajemos juntos, m\u00e1s espacio habr\u00e1 para la diversi\u00f3n, la iniciativa y la independencia.<\/p>\n<p>-<\/p>\n<h3>Nuestra visi\u00f3n de la disciplina<\/h3>\n<p>La disciplina no es ser estricto: es preocuparse por la calidad.<br \/>\nSignifica que podemos contar unos con otros y que cada colega se toma en serio su papel.<br \/>\nEsto nos permite trabajar juntos de forma profesional, relajada y agradable.<\/p>\n<div class=\"rcc-grid\">\n<div class=\"rcc-card\">\n<h4><span class=\"rcc-emoji\">\ud83d\udcaa<\/span>Responsabilidad<\/h4>\n<p>Usted es responsable de su propio comportamiento, compromiso y actitud durante cada tarea.<\/p>\n<\/div>\n<div class=\"rcc-card\">\n<h4><span class=\"rcc-emoji\">\ud83d\udcc5<\/span>Fiabilidad<\/h4>\n<p>Los que cumplen los acuerdos generan confianza entre compa\u00f1eros, directivos y clientes.<\/p>\n<\/div>\n<div class=\"rcc-card\">\n<h4><span class=\"rcc-emoji\">\ud83e\udded<\/span>Profesionalidad<\/h4>\n<p>La conducta profesional es lo que nos distingue. Demuestra que estamos orgullosos de nuestro trabajo y de nuestro nombre.<\/p>\n<\/div>\n<div class=\"rcc-card\">\n<h4><span class=\"rcc-emoji\">\ud83d\udd25<\/span>Mentalidad de equipo<\/h4>\n<p>Trabajamos como uno solo. Todo el mundo contribuye al ambiente, el ritmo y el \u00e9xito de la velada.<\/p>\n<p>-<\/p>\n<\/div>\n<\/div>\n<h3>Resumen<\/h3>\n<p>La disciplina es la columna vertebral de nuestro equipo.<br \/>\nSin estructura, acuerdos y responsabilidad, no hay calidad ni diversi\u00f3n.<br \/>\nPor ello, esperamos de todos una actitud profesional, respetuosa con los compa\u00f1eros, los clientes y los equipos.<\/p>\n<p>-<\/p>\n<p><strong>Quienes trabajan con profesionalidad, honradez y compromiso nunca tienen que preocuparse por las consecuencias.<\/strong><br \/>\nJuntos, formamos un equipo fuerte, fiable y orgulloso de lo que hacemos. \ud83d\udcaa\ud83c\udfaf<\/p>\n<\/div>\n<p>\n<\/div><div class=\"divider-wrapper\"  >\n    <hr class=\"border-accent-color separator-no-padding\"  \/>\n<\/div>\n<\/div><\/div><\/div><\/div><\/div><\/div><\/div><\/div><\/div><\/div><\/div><\/div><\/div><script id=\"script-row-unique-0\" data-row=\"script-row-unique-0\" type=\"text\/javascript\" class=\"vc_controls\">UNCODE.initRow(document.getElementById(\"row-unique-0\"));<\/script><\/div><\/div><\/div>\n<\/div>","protected":false},"excerpt":{"rendered":"Teamdiscipline en consequenties Discipline binnen het team is essentieel om professioneel, betrouwbaar en succesvol te kunnen werken. Bij Royal Casino [...]","protected":false},"author":1,"featured_media":0,"parent":71016,"menu_order":0,"comment_status":"closed","ping_status":"closed","template":"","meta":{"footnotes":""},"class_list":["post-71264","page","type-page","status-publish","hentry","page_category-personeel-portaal"],"_links":{"self":[{"href":"https:\/\/royalcasinocompany.nl\/es\/wp-json\/wp\/v2\/pages\/71264","targetHints":{"allow":["GET"]}}],"collection":[{"href":"https:\/\/royalcasinocompany.nl\/es\/wp-json\/wp\/v2\/pages"}],"about":[{"href":"https:\/\/royalcasinocompany.nl\/es\/wp-json\/wp\/v2\/types\/page"}],"author":[{"embeddable":true,"href":"https:\/\/royalcasinocompany.nl\/es\/wp-json\/wp\/v2\/users\/1"}],"replies":[{"embeddable":true,"href":"https:\/\/royalcasinocompany.nl\/es\/wp-json\/wp\/v2\/comments?post=71264"}],"version-history":[{"count":5,"href":"https:\/\/royalcasinocompany.nl\/es\/wp-json\/wp\/v2\/pages\/71264\/revisions"}],"predecessor-version":[{"id":71961,"href":"https:\/\/royalcasinocompany.nl\/es\/wp-json\/wp\/v2\/pages\/71264\/revisions\/71961"}],"up":[{"embeddable":true,"href":"https:\/\/royalcasinocompany.nl\/es\/wp-json\/wp\/v2\/pages\/71016"}],"wp:attachment":[{"href":"https:\/\/royalcasinocompany.nl\/es\/wp-json\/wp\/v2\/media?parent=71264"}],"curies":[{"name":"wp","href":"https:\/\/api.w.org\/{rel}","templated":true}]}}