{"id":71267,"date":"2025-11-02T13:42:04","date_gmt":"2025-11-02T12:42:04","guid":{"rendered":"https:\/\/royalcasinocompany.nl\/?page_id=71267"},"modified":"2026-01-16T10:51:18","modified_gmt":"2026-01-16T09:51:18","slug":"team-checklijst","status":"publish","type":"page","link":"https:\/\/royalcasinocompany.nl\/es\/personeel\/team-checklijst\/","title":{"rendered":"Lista de control del equipo"},"content":{"rendered":"<div class=\"wpb-content-wrapper\"><div data-parent=\"true\" class=\"vc_row row-container boomapps_vcrow\" id=\"row-unique-0\"><div class=\"row limit-width row-parent\"><div class=\"wpb_row row-inner\"><div class=\"wpb_column pos-top pos-center align_left column_parent col-lg-12 boomapps_vccolumn single-internal-gutter\"><div class=\"uncol style-dark\"  ><div class=\"uncoltable\"><div class=\"uncell  boomapps_vccolumn no-block-padding\" ><div class=\"uncont\" ><div class=\"vc_row row-internal row-container boomapps_vcrow\"><div class=\"row row-child\"><div class=\"wpb_row row-inner\"><div class=\"wpb_column pos-top pos-center align_left column_child col-lg-12 boomapps_vccolumn single-internal-gutter\"><div class=\"uncol style-dark\" ><div class=\"uncoltable\"><div class=\"uncell  boomapps_vccolumn no-block-padding\" ><div class=\"uncont\" ><div class=\"vc_custom_heading_wrap\"><div class=\"heading-text el-text\" ><\/p>\n<h1>\ud83e\uddfe Lista de control del equipo - Fin de la misi\u00f3n<\/h1>\n<p>\n<hr class=\"separator-break separator-accent\" \/><\/div><div class=\"clear\"><\/div><\/div><div class=\"empty-space empty-single\" ><span class=\"empty-space-inner\"><\/span><\/div>\n<div class=\"uncode_text_column\" ><p>En <strong>Lista de control del equipo<\/strong> forma parte integrante de todas las tareas <strong>Compa\u00f1\u00eda Royal Casino<\/strong>.<br \/>\nEs responsabilidad conjunta de todo el equipo completar todas las tareas al final de un evento <strong>completo y correcto<\/strong> ejecutar.<br \/>\nEsta lista garantiza que todo se haga de forma ordenada, profesional y segura en el almac\u00e9n y en el autob\u00fas.<\/p>\n<p>-<\/p>\n<h3>\ud83e\udd1d Juntos responsables<\/h3>\n<p>Hasta hace poco, el supervisor se encargaba de marcar y completar la lista de control.<br \/>\nEn la pr\u00e1ctica, sin embargo, result\u00f3 que muchas tareas no se realizaban o se hac\u00edan a medias, aunque estuvieran marcadas.<br \/>\nEsto no es profesional y conlleva riesgos tanto para la empresa como para los siguientes equipos que tienen que trabajar con el equipo.<\/p>\n<p>A partir de ahora, la lista de comprobaci\u00f3n es una <strong>responsabilidad del equipo<\/strong>.<br \/>\nEsto significa que todos -incluidos los crupieres sin cargo directivo- participan activamente en la correcta ejecuci\u00f3n de las tareas.<br \/>\nCada miembro del equipo es responsable del resultado final.<br \/>\n\u00bfAlguien ve que a\u00fan no se ha hecho algo? <strong>Hablar entre s\u00ed<\/strong> y hazlo antes de irte.<\/p>\n<p>-<\/p>\n<h3>\ud83d\udccb \u00bfEn qu\u00e9 consiste la lista de control del equipo?<\/h3>\n<p>La lista de comprobaci\u00f3n del equipo debe <strong>siempre<\/strong> se repasan y terminan antes de que el equipo abandone el cobertizo.<br \/>\nLos componentes clave son:<\/p>\n<ul>\n<li>\ud83d\ude90 <strong>Autob\u00fas:<\/strong> repostar, dejar limpio, aparcar fuera, dejar 3 correas y 5 mantas dobladas en la furgoneta.<\/li>\n<li>\ud83c\udfed <strong>Almac\u00e9n:<\/strong> limpie todos los materiales, vuelva a colocarlos en el lugar correcto y compruebe si hay da\u00f1os o faltan piezas.<\/li>\n<li>\ud83e\uddfe <strong>Administraci\u00f3n:<\/strong> Cumplimentar, comprobar y firmar las hojas de asistencia. Anotar correctamente las pausas.<\/li>\n<li>\ud83d\udcf8 <strong>Comunicaci\u00f3n:<\/strong> enviar todas las fotos del evento en la aplicaci\u00f3n de grupo + un breve resumen del evento.<\/li>\n<li>\ud83d\udd12 <strong>Se cierra:<\/strong> volver a poner la ropa, los tirantes y los lazos, la carpeta de la hoja de llamada y las llaves en la papelera, las luces apagadas, la alarma encendida, el almac\u00e9n cerrado y el c\u00f3digo num\u00e9rico de la caja de llaves girado.<\/li>\n<\/ul>\n<p>La lista de comprobaci\u00f3n no es s\u00f3lo una lista de tareas, sino que forma parte de nuestro plan de acci\u00f3n. <strong>profesionalidad y disciplina de equipo<\/strong>.<br \/>\nSi lo hacemos todo bien, nos aseguramos de que el siguiente encargo pueda volver a empezar sin problemas, de forma segura y organizada.<\/p>\n<p>-<\/p>\n<h3>\u26a0\ufe0f Control y sanciones<\/h3>\n<p>A partir del 1 de noviembre de 2025, habr\u00e1 <strong>control m\u00e1s estricto<\/strong> Sobre la ejecuci\u00f3n de la lista de comprobaci\u00f3n del equipo.<br \/>\nSi resulta que la lista de control no se ha llevado a cabo correctamente o en su totalidad -por ejemplo, porque se han omitido tareas o se han marcado incorrectamente-, las consecuencias se dejan sentir en todo el equipo.<\/p>\n<p>En ese caso, habr\u00e1 <strong>1 hora de pago por persona<\/strong> retenido.<br \/>\nEste importe se destinar\u00e1 al <strong>fondo de ahorro del personal<\/strong>.<\/p>\n<p>-<\/p>\n<h3>El fondo de ahorro del personal<\/h3>\n<p><strong>Si todo el mundo asume su responsabilidad<\/strong> y llevar a cabo la Lista de Comprobaci\u00f3n del Equipo completa y correctamente, la hucha permanecer\u00e1 <strong>vac\u00edo<\/strong> y la empresa asume el coste de un <strong>salida de empresa y\/o copas<\/strong>.<\/p>\n<p><strong>Si se cometen errores<\/strong>, o si no se hace lo que se ha pedido y lo que se indica claramente en la lista de control, el <strong>equipo propio<\/strong> La hucha: se descuenta 1 hora de paga por persona.<br \/>\nAs\u00ed ayudas a pagar las copas y\/o la excursi\u00f3n de empresa.<\/p>\n<p>Todos los a\u00f1os en <strong>1 de enero<\/strong> se determina el estado de la hucha.<br \/>\nEn caso de una postura positiva, la empresa a\u00fan puede complementar (parcialmente) esta cantidad para organizar una excursi\u00f3n o reuni\u00f3n adecuada.<\/p>\n<p>-<\/p>\n<h3>\ud83e\udde0 Expectativas y actitud<\/h3>\n<ul>\n<li>\u2705 Trabajar juntos como un solo equipo. Todos son responsables del resultado final.<\/li>\n<li>\u2705 Comprueba dos veces que todo est\u00e1 hecho antes de irte.<\/li>\n<li>\u2705 Marque s\u00f3lo cuando una tarea est\u00e9 realmente terminada.<\/li>\n<li>\u2705 Hablad entre vosotros si algo se salta o es incorrecto.<\/li>\n<li>\u2705 Informe de da\u00f1os, suciedad o problemas directamente a Tim o Talitha.<\/li>\n<\/ul>\n<p>-<\/p>\n<h3>\ud83c\udfc1 En conclusi\u00f3n<\/h3>\n<p>La lista de comprobaci\u00f3n del equipo no est\u00e1 ah\u00ed para comprobar, sino para <strong>ayuda<\/strong>.<br \/>\nEs un medio de asumir responsabilidades juntos, trabajar profesionalmente y poder estar orgullosos de lo que producimos.<br \/>\nLos que se toman en serio la lista de control demuestran que forman parte de un equipo fuerte.<br \/>\nY un equipo fuerte ofrece la calidad que <strong>Compa\u00f1\u00eda Royal Casino<\/strong> conocido por. \ud83d\udcaa\ud83c\udfb2<\/p>\n<\/div><div class=\"divider-wrapper\"  >\n    <hr class=\"border-accent-color separator-no-padding\"  \/>\n<\/div>\n<\/div><\/div><\/div><\/div><\/div><\/div><\/div><\/div><\/div><\/div><\/div><\/div><\/div><script id=\"script-row-unique-0\" data-row=\"script-row-unique-0\" type=\"text\/javascript\" class=\"vc_controls\">UNCODE.initRow(document.getElementById(\"row-unique-0\"));<\/script><\/div><\/div><\/div>\n<\/div>","protected":false},"excerpt":{"rendered":"\ud83e\uddfe Team Checklijst \u2013 Einde opdracht De Team Checklijst is een vast onderdeel van elke opdracht binnen Royal Casino Company. [...]","protected":false},"author":1,"featured_media":0,"parent":71016,"menu_order":0,"comment_status":"closed","ping_status":"closed","template":"","meta":{"footnotes":""},"class_list":["post-71267","page","type-page","status-publish","hentry","page_category-personeel-portaal"],"_links":{"self":[{"href":"https:\/\/royalcasinocompany.nl\/es\/wp-json\/wp\/v2\/pages\/71267","targetHints":{"allow":["GET"]}}],"collection":[{"href":"https:\/\/royalcasinocompany.nl\/es\/wp-json\/wp\/v2\/pages"}],"about":[{"href":"https:\/\/royalcasinocompany.nl\/es\/wp-json\/wp\/v2\/types\/page"}],"author":[{"embeddable":true,"href":"https:\/\/royalcasinocompany.nl\/es\/wp-json\/wp\/v2\/users\/1"}],"replies":[{"embeddable":true,"href":"https:\/\/royalcasinocompany.nl\/es\/wp-json\/wp\/v2\/comments?post=71267"}],"version-history":[{"count":6,"href":"https:\/\/royalcasinocompany.nl\/es\/wp-json\/wp\/v2\/pages\/71267\/revisions"}],"predecessor-version":[{"id":71960,"href":"https:\/\/royalcasinocompany.nl\/es\/wp-json\/wp\/v2\/pages\/71267\/revisions\/71960"}],"up":[{"embeddable":true,"href":"https:\/\/royalcasinocompany.nl\/es\/wp-json\/wp\/v2\/pages\/71016"}],"wp:attachment":[{"href":"https:\/\/royalcasinocompany.nl\/es\/wp-json\/wp\/v2\/media?parent=71267"}],"curies":[{"name":"wp","href":"https:\/\/api.w.org\/{rel}","templated":true}]}}