{"id":71500,"date":"2025-11-19T11:31:09","date_gmt":"2025-11-19T10:31:09","guid":{"rendered":"https:\/\/royalcasinocompany.nl\/?page_id=71500"},"modified":"2026-01-15T23:09:28","modified_gmt":"2026-01-15T22:09:28","slug":"je-kan-niet-werken-en-nu","status":"publish","type":"page","link":"https:\/\/royalcasinocompany.nl\/es\/personeel\/je-kan-niet-werken-en-nu\/","title":{"rendered":"\u00bfNo puedes trabajar y ahora?"},"content":{"rendered":"<div class=\"wpb-content-wrapper\"><div data-parent=\"true\" class=\"vc_row row-container boomapps_vcrow\" id=\"row-unique-0\"><div class=\"row limit-width row-parent\"><div class=\"wpb_row row-inner\"><div class=\"wpb_column pos-top pos-center align_left column_parent col-lg-12 boomapps_vccolumn single-internal-gutter\"><div class=\"uncol style-dark\"  ><div class=\"uncoltable\"><div class=\"uncell  boomapps_vccolumn no-block-padding\" ><div class=\"uncont\" ><div class=\"vc_row row-internal row-container boomapps_vcrow\"><div class=\"row row-child\"><div class=\"wpb_row row-inner\"><div class=\"wpb_column pos-top pos-center align_left column_child col-lg-12 boomapps_vccolumn single-internal-gutter\"><div class=\"uncol style-dark\" ><div class=\"uncoltable\"><div class=\"uncell  boomapps_vccolumn no-block-padding\" ><div class=\"uncont\" ><div class=\"vc_custom_heading_wrap\"><div class=\"heading-text el-text\" ><\/p>\n<h1>\u00bfNo puedes trabajar y ahora?<\/h1>\n<p>\n<hr class=\"separator-break separator-accent\" \/><\/div><div class=\"clear\"><\/div><\/div><div class=\"empty-space empty-single\" ><span class=\"empty-space-inner\"><\/span><\/div>\n<div class=\"uncode_text_column\" ><\/p>\n<div class=\"uk-block\" style=\"margin-bottom: 40px;\">\n<p>En Be Our Guest Events, asumimos <strong>claridad y responsabilidad<\/strong>. Cuando te pones en la aplicaci\u00f3n de Rentman como \u201cdisponible\u201d, tus compa\u00f1eros de la oficina se ponen manos a la obra: confirman a nuestro cliente que tenemos un equipo completo y se ponen a trabajar en la organizaci\u00f3n del evento del casino.<\/p>\n<p>Por lo tanto, es muy importante que su notificaci\u00f3n de disponibilidad sea siempre correcta. Si de todos modos no puedes llegar m\u00e1s tarde, se crea inmediatamente un problema de cara al cliente y al equipo que est\u00e1 sentado en la oficina.<\/p>\n<p>-<\/p>\n<\/div>\n<div class=\"uk-block\" style=\"margin-bottom: 40px;\">\n<h3>1. Te has puesto en \u201cdisponible\u201d, pero esto es un error<\/h3>\n<p>\u00bfSe ha puesto accidentalmente a disposici\u00f3n o m\u00e1s tarde se entera de que no puede venir? Entonces <strong>espera una acci\u00f3n inmediata por su parte<\/strong>.<\/p>\n<h4>Paso 1: P\u00f3ngase en contacto inmediatamente<\/h4>\n<p>Correo, llamada o app <strong>Talitha<\/strong> y expl\u00edquele claramente que su disponibilidad es incorrecta. Solo despu\u00e9s de que ella est\u00e9 de acuerdo podr\u00e1s ajustar tu disponibilidad.<\/p>\n<h4>Paso 2: Actualice su estatus en Rentman<\/h4>\n<ul>\n<li>Abra el <strong>Aplicaci\u00f3n Rentman<\/strong>.<\/li>\n<li>Ve a la cita correcta.<\/li>\n<li>Haz clic en el bloque con tus horas y tu nombre.<\/li>\n<li>Abra los detalles y haga clic en <strong>\u201cAjustar\u201d<\/strong>.<\/li>\n<li>Cambia tu estado a <strong>\u201cNo disponible\u201d<\/strong>.<\/li>\n<li>Indique en los comentarios por qu\u00e9 ha cambiado su disponibilidad.<\/li>\n<\/ul>\n<p><strong>\u00a1Hecho!<\/strong> Lo ha hecho todo correctamente y podemos seguir avanzando hacia el cliente de forma agradable.<\/p>\n<p>-<\/p>\n<\/div>\n<div class=\"uk-block\" style=\"margin-bottom: 40px;\">\n<h3>2. Ya est\u00e1s programado y a\u00f1adido al grupo de WhatsApp<\/h3>\n<p>\u00bfTe han a\u00f1adido al grupo de WhatsApp de un casino asignado? Entonces esto significa que <strong>permanentemente en la lista<\/strong> Y que contamos contigo.<\/p>\n<p>Pero a veces puede ocurrir que realmente no pueda venir por enfermedad, urgencia o una circunstancia privada grave. En ese caso, siga los pasos que se indican a continuaci\u00f3n.<\/p>\n<p>-<\/p>\n<\/div>\n<div class=\"uk-block\" style=\"margin-bottom: 40px;\">\n<h3>\u00bfQu\u00e9 debe hacer si no puede trabajar de todos modos?<\/h3>\n<h4>Paso 1: P\u00f3ngase en contacto lo antes posible<\/h4>\n<p>Llame primero <strong>Talitha<\/strong>. \u00bfEst\u00e1 ilocalizable? Entonces llama a <strong>Tim<\/strong>. Explique claramente lo que ocurre. Cuanto m\u00e1s concreto sea, mejor podremos evaluar qu\u00e9 medidas son necesarias de inmediato.<\/p>\n<h4>Paso 2: Primero buscamos un sustituto<\/h4>\n<p>Sus compa\u00f1eros de oficina comprobar\u00e1n si hay otro colega disponible en esa fecha. En caso afirmativo, nos pondremos en contacto con \u00e9l para preguntarle si a\u00fan est\u00e1 disponible y le gustar\u00eda hacerse cargo de su turno.<\/p>\n<h4>Paso 3: \u00bfNo hay ning\u00fan colega disponible? Entonces b\u00fascate un sustituto t\u00fa mismo<\/h4>\n<p>\u00bfNo hay nadie disponible? Entonces esperamos <strong>usted mismo busca activamente un sustituto<\/strong>.<\/p>\n<ul>\n<li>Los compa\u00f1eros se ayudan entre s\u00ed con mayor rapidez.<\/li>\n<li>Con una explicaci\u00f3n clara, estar\u00e1n encantados de ayudarle.<\/li>\n<li>Esto funciona en ambos sentidos: la pr\u00f3xima vez podr\u00edas ayudar a otra persona.<\/li>\n<\/ul>\n<p><em>Consejo: llamar siempre funciona mejor.<\/em><\/p>\n<h4>Paso 4: Env\u00ede su sustituci\u00f3n<\/h4>\n<p>\u00bfHa encontrado a alguien? Entonces aplica <strong>Talitha o Tim<\/strong> con el nombre de su sustituto. A continuaci\u00f3n, se pondr\u00e1n en contacto con la persona, confirmar\u00e1n el servicio y a\u00f1adir\u00e1n al sustituto al grupo de WhatsApp del evento.<\/p>\n<h4>Paso 5: Ser\u00e1s eliminado de la aplicaci\u00f3n de grupo<\/h4>\n<p>Una vez que todo est\u00e9 resuelto y confirmado, se le eliminar\u00e1 ordenadamente de la aplicaci\u00f3n de grupo. La planificaci\u00f3n se habr\u00e1 resuelto de forma correcta, profesional y responsable.<\/p>\n<p>-<\/p>\n<\/div>\n<div class=\"uk-block\">\n<h3>\u00bfPor qu\u00e9 estas normas?<\/h3>\n<ul>\n<li>Nunca queremos decepcionar a nuestros clientes.<\/li>\n<li>No queremos sobrecargar innecesariamente al equipo y la planificaci\u00f3n.<\/li>\n<li><strong>Disponibilidad = un trato serio.<\/strong><\/li>\n<li>La claridad y la responsabilidad garantizan la tranquilidad y la fiabilidad del equipo.<\/li>\n<\/ul>\n<\/div>\n<p>\n<\/div><\/div><\/div><\/div><\/div><\/div><\/div><\/div><\/div><\/div><\/div><\/div><\/div><\/div><script id=\"script-row-unique-0\" data-row=\"script-row-unique-0\" type=\"text\/javascript\" class=\"vc_controls\">UNCODE.initRow(document.getElementById(\"row-unique-0\"));<\/script><\/div><\/div><\/div>\n<\/div>","protected":false},"excerpt":{"rendered":"Je kan niet werken en nu? Bij Be Our Guest Events gaan wij uit van duidelijkheid en verantwoordelijkheid. Wanneer jij [...]","protected":false},"author":1,"featured_media":0,"parent":71016,"menu_order":0,"comment_status":"closed","ping_status":"closed","template":"","meta":{"footnotes":""},"class_list":["post-71500","page","type-page","status-publish","hentry","page_category-personeel-portaal"],"_links":{"self":[{"href":"https:\/\/royalcasinocompany.nl\/es\/wp-json\/wp\/v2\/pages\/71500","targetHints":{"allow":["GET"]}}],"collection":[{"href":"https:\/\/royalcasinocompany.nl\/es\/wp-json\/wp\/v2\/pages"}],"about":[{"href":"https:\/\/royalcasinocompany.nl\/es\/wp-json\/wp\/v2\/types\/page"}],"author":[{"embeddable":true,"href":"https:\/\/royalcasinocompany.nl\/es\/wp-json\/wp\/v2\/users\/1"}],"replies":[{"embeddable":true,"href":"https:\/\/royalcasinocompany.nl\/es\/wp-json\/wp\/v2\/comments?post=71500"}],"version-history":[{"count":9,"href":"https:\/\/royalcasinocompany.nl\/es\/wp-json\/wp\/v2\/pages\/71500\/revisions"}],"predecessor-version":[{"id":71937,"href":"https:\/\/royalcasinocompany.nl\/es\/wp-json\/wp\/v2\/pages\/71500\/revisions\/71937"}],"up":[{"embeddable":true,"href":"https:\/\/royalcasinocompany.nl\/es\/wp-json\/wp\/v2\/pages\/71016"}],"wp:attachment":[{"href":"https:\/\/royalcasinocompany.nl\/es\/wp-json\/wp\/v2\/media?parent=71500"}],"curies":[{"name":"wp","href":"https:\/\/api.w.org\/{rel}","templated":true}]}}