{"id":71529,"date":"2025-12-04T20:16:41","date_gmt":"2025-12-04T19:16:41","guid":{"rendered":"https:\/\/royalcasinocompany.nl\/?page_id=71529"},"modified":"2026-01-15T23:01:44","modified_gmt":"2026-01-15T22:01:44","slug":"hoe-worden-je-uren-berekend","status":"publish","type":"page","link":"https:\/\/royalcasinocompany.nl\/es\/personeel\/hoe-worden-je-uren-berekend\/","title":{"rendered":"\u00bfC\u00f3mo se calculan las horas?"},"content":{"rendered":"<div class=\"wpb-content-wrapper\"><div data-parent=\"true\" class=\"vc_row row-container boomapps_vcrow\" id=\"row-unique-0\"><div class=\"row limit-width row-parent\"><div class=\"wpb_row row-inner\"><div class=\"wpb_column pos-top pos-center align_left column_parent col-lg-12 boomapps_vccolumn single-internal-gutter\"><div class=\"uncol style-dark\"  ><div class=\"uncoltable\"><div class=\"uncell  boomapps_vccolumn no-block-padding\" ><div class=\"uncont\" ><div class=\"vc_row row-internal row-container boomapps_vcrow\"><div class=\"row row-child\"><div class=\"wpb_row row-inner\"><div class=\"wpb_column pos-top pos-center align_left column_child col-lg-12 boomapps_vccolumn single-internal-gutter\"><div class=\"uncol style-dark\" ><div class=\"uncoltable\"><div class=\"uncell  boomapps_vccolumn no-block-padding\" ><div class=\"uncont\" ><div class=\"vc_custom_heading_wrap\"><div class=\"heading-text el-text\" ><\/p>\n<h1>\u00bfC\u00f3mo se calculan las horas?<\/h1>\n<p>\n<hr class=\"separator-break separator-accent\" \/><\/div><div class=\"clear\"><\/div><\/div><div class=\"empty-space empty-single\" ><span class=\"empty-space-inner\"><\/span><\/div>\n<div class=\"uncode_text_column\" ><p>En Be Our Guest Events, hay dos formas de calcular tus horas:<br \/>\npuede empezar en nuestro almac\u00e9n o desplazarse directamente desde su casa al lugar del evento.<br \/>\nSiempre se le comunicar\u00e1 con antelaci\u00f3n qu\u00e9 opci\u00f3n se aplica a su servicio.<br \/>\n\u00bfTiene alguna preferencia? No dude en dec\u00edrnoslo y veremos si es posible.<\/p>\n<p>-<\/p>\n<h3>\ud83d\ude90 Salida del almac\u00e9n<\/h3>\n<ul>\n<li><strong>Pago puerta a puerta - 1 hora de pausa:<\/strong> Se le pagar\u00e1 desde la hora de inicio en el almac\u00e9n (como se indica en la hoja de llamadas) hasta la hora en que termine en el almac\u00e9n al final del trabajo menos una hora de descanso.<\/li>\n<li>El tiempo de desplazamiento desde su domicilio hasta el almac\u00e9n se incluye en los gastos de desplazamiento y corre por su cuenta, a menos que se acuerde lo contrario por adelantado.<\/li>\n<\/ul>\n<p>-<\/p>\n<h3>\ud83d\ude97 Salga directamente desde su propia ubicaci\u00f3n hasta el cliente<\/h3>\n<ul>\n<li>Si se desplaza directamente al lugar de celebraci\u00f3n (en su propio coche o en transporte p\u00fablico), el primer <strong>30 minutos <\/strong>por cuenta propia (desplazamientos).<\/li>\n<li>Todo el tiempo de desplazamiento superior a esos 30 minutos se pagar\u00e1 a su tarifa horaria normal.<\/li>\n<li>\u00bfViaja con su propio coche? Entonces puede declarar todos los kil\u00f3metros recorridos a <strong>0,23 euros por kil\u00f3metro<\/strong>.<\/li>\n<li>\u00bfViaja en transporte p\u00fablico? Entonces puede reclamar los gastos efectuados presentando un recibo o justificante v\u00e1lido.<\/li>\n<\/ul>\n<p>\n<\/div><div class=\"divider-wrapper\"  >\n    <hr class=\"border-accent-color separator-no-padding\"  \/>\n<\/div>\n<\/div><\/div><\/div><\/div><\/div><\/div><\/div><\/div><\/div><\/div><\/div><\/div><\/div><script id=\"script-row-unique-0\" data-row=\"script-row-unique-0\" type=\"text\/javascript\" class=\"vc_controls\">UNCODE.initRow(document.getElementById(\"row-unique-0\"));<\/script><\/div><\/div><\/div>\n<\/div>","protected":false},"excerpt":{"rendered":"Hoe worden je uren berekend? Bij Be Our Guest Events zijn er twee manieren waarop jouw uren kunnen worden berekend: [...]","protected":false},"author":1,"featured_media":0,"parent":71016,"menu_order":0,"comment_status":"closed","ping_status":"closed","template":"","meta":{"footnotes":""},"class_list":["post-71529","page","type-page","status-publish","hentry","page_category-personeel-portaal"],"_links":{"self":[{"href":"https:\/\/royalcasinocompany.nl\/es\/wp-json\/wp\/v2\/pages\/71529","targetHints":{"allow":["GET"]}}],"collection":[{"href":"https:\/\/royalcasinocompany.nl\/es\/wp-json\/wp\/v2\/pages"}],"about":[{"href":"https:\/\/royalcasinocompany.nl\/es\/wp-json\/wp\/v2\/types\/page"}],"author":[{"embeddable":true,"href":"https:\/\/royalcasinocompany.nl\/es\/wp-json\/wp\/v2\/users\/1"}],"replies":[{"embeddable":true,"href":"https:\/\/royalcasinocompany.nl\/es\/wp-json\/wp\/v2\/comments?post=71529"}],"version-history":[{"count":7,"href":"https:\/\/royalcasinocompany.nl\/es\/wp-json\/wp\/v2\/pages\/71529\/revisions"}],"predecessor-version":[{"id":71934,"href":"https:\/\/royalcasinocompany.nl\/es\/wp-json\/wp\/v2\/pages\/71529\/revisions\/71934"}],"up":[{"embeddable":true,"href":"https:\/\/royalcasinocompany.nl\/es\/wp-json\/wp\/v2\/pages\/71016"}],"wp:attachment":[{"href":"https:\/\/royalcasinocompany.nl\/es\/wp-json\/wp\/v2\/media?parent=71529"}],"curies":[{"name":"wp","href":"https:\/\/api.w.org\/{rel}","templated":true}]}}