{"id":71532,"date":"2025-12-04T20:20:23","date_gmt":"2025-12-04T19:20:23","guid":{"rendered":"https:\/\/royalcasinocompany.nl\/?page_id=71532"},"modified":"2026-01-15T23:23:15","modified_gmt":"2026-01-15T22:23:15","slug":"pauze","status":"publish","type":"page","link":"https:\/\/royalcasinocompany.nl\/es\/personeel\/pauze\/","title":{"rendered":"Pausa"},"content":{"rendered":"<div class=\"wpb-content-wrapper\"><div data-parent=\"true\" class=\"vc_row row-container boomapps_vcrow\" id=\"row-unique-0\"><div class=\"row limit-width row-parent\"><div class=\"wpb_row row-inner\"><div class=\"wpb_column pos-top pos-center align_left column_parent col-lg-12 boomapps_vccolumn single-internal-gutter\"><div class=\"uncol style-dark\"  ><div class=\"uncoltable\"><div class=\"uncell  boomapps_vccolumn no-block-padding\" ><div class=\"uncont\" ><div class=\"vc_row row-internal row-container boomapps_vcrow\"><div class=\"row row-child\"><div class=\"wpb_row row-inner\"><div class=\"wpb_column pos-top pos-center align_left column_child col-lg-12 boomapps_vccolumn single-internal-gutter\"><div class=\"uncol style-dark\" ><div class=\"uncoltable\"><div class=\"uncell  boomapps_vccolumn no-block-padding\" ><div class=\"uncont\" ><div class=\"vc_custom_heading_wrap\"><div class=\"heading-text el-text\" ><\/p>\n<h1>Todo lo que necesita saber sobre su Pausa<\/h1>\n<p>\n<hr class=\"separator-break separator-accent\" \/><\/div><div class=\"clear\"><\/div><\/div><div class=\"empty-space empty-single\" ><span class=\"empty-space-inner\"><\/span><\/div>\n<div class=\"uncode_text_column\" ><p>Las pausas son una parte esencial de su jornada laboral. Tomarse un respiro le permite volver a las mesas del casino con energ\u00eda renovada, concentraci\u00f3n y entusiasmo. Creemos que es importante que todo el mundo trabaje de forma saludable, profesional y responsable.<\/p>\n<p>Las horas de descanso se mencionan siempre en el horario de la hoja de reclamaciones. As\u00ed sabr\u00e1 exactamente <strong>cuando tengas un descanso<\/strong> y <strong>cu\u00e1nto dura<\/strong>. En la mayor\u00eda de los casos, se incluye una pausa est\u00e1ndar de una hora. \u00bfEst\u00e1 prevista m\u00e1s de una hora de pausa? En ese caso, pagaremos todo el tiempo de pausa que supere esa hora. <strong>desembolsado<\/strong>.<\/p>\n<p>-<\/p>\n<h2>\ud83d\udd39 Preparaci\u00f3n antes del trabajo: 10 minutos propios.<\/h2>\n<p>Pedimos a todos que <strong>10 minutos antes de la hora de inicio<\/strong> estar presente en el almac\u00e9n. Estos son tus propios minutos y no pertenecen al tiempo de trabajo. Durante este tiempo puedes:<\/p>\n<ul>\n<li>ir al ba\u00f1o<\/li>\n<li>Fumar<\/li>\n<li>comer un bocadillo<\/li>\n<li>utiliza tu tel\u00e9fono<\/li>\n<li>haga los \u00faltimos preparativos<\/li>\n<li>repasar la hoja de convocatorias y comprobar lo que se espera de usted<\/li>\n<\/ul>\n<p>Este momento est\u00e1 destinado a <strong>prep\u00e1rate<\/strong> en el momento en que comienza el tiempo de trabajo.<\/p>\n<p>-<\/p>\n<h2>\ud83d\udd39 Cu\u00e1ndo empieza tu horario de trabajo<\/h2>\n<p>Desde el momento en que empiece a trabajar seg\u00fan lo previsto, cobrar\u00e1 - y esperamos que lo haga <strong>100% en el trabajo<\/strong>.<\/p>\n<p>Significado:<\/p>\n<ul>\n<li>no fumar m\u00e1s<\/li>\n<li>sin tel\u00e9fono<\/li>\n<li>no comer durante la carga<\/li>\n<li>centrarse plenamente en el trabajo<\/li>\n<\/ul>\n<p><strong>\u00bfTe pagan? Entonces trabaja.<\/strong> Esto es profesional y garantiza que puedas trabajar eficazmente en equipo.<\/p>\n<p>-<\/p>\n<h2>\ud83d\udd39 Tiempo de viaje en autob\u00fas: pagado y \u00fatil.<\/h2>\n<p>A menudo alternas con tus colegas qui\u00e9n conduce. \u00bfNo eres t\u00fa el conductor? Entonces tienes una especie de tiempo de descanso extra en el autob\u00fas - pero a\u00fan as\u00ed <strong>pagado<\/strong>.<\/p>\n<p>Esperamos que utilice este tiempo de forma provechosa:<\/p>\n<ul>\n<li>estudiar la ficha de la convocatoria<\/li>\n<li>ver cu\u00e1l es su papel m\u00e1s adelante<\/li>\n<li>prepararse para la misi\u00f3n<\/li>\n<li>utilice el portal si es nuevo o lleva mucho tiempo sin trabajar<\/li>\n<li>hacer preguntas si algo sigue sin estar claro<\/li>\n<\/ul>\n<p>As\u00ed es como <strong>bien preparado y organizado<\/strong> in situ a.<\/p>\n<p>-<\/p>\n<h2>\ud83d\udd39 Pausa en el lugar de los hechos: as\u00ed funciona<\/h2>\n<p>La hoja de llamadas muestra exactamente cu\u00e1ndo tienes un descanso. Utilice este tiempo como <strong>romper<\/strong>:<\/p>\n<ul>\n<li>comida y bebida<\/li>\n<li>cambiarse de ropa<\/li>\n<li>relajarse un rato<\/li>\n<li>Fumar<\/li>\n<li>utiliza tu tel\u00e9fono<\/li>\n<\/ul>\n<p>Tras la pausa, se reanudan los trabajos y esperamos un <strong>actitud profesional y concentraci\u00f3n total<\/strong>.<\/p>\n<p>-<\/p>\n<h3>\u23f3 Si te quedas sin tiempo<\/h3>\n<p>La construcci\u00f3n o preparaci\u00f3n puede llevar m\u00e1s tiempo. Tenga en cuenta lo siguiente: <strong>esto suele deberse a que no se trabaja a buen ritmo<\/strong>.<\/p>\n<p>Si le queda poco tiempo, esto va <strong>a expensas de su propio descanso<\/strong>. As\u00ed que aseg\u00farate:<\/p>\n<ul>\n<li>un ritmo r\u00e1pido durante la preparaci\u00f3n<\/li>\n<li>divisi\u00f3n clara de las tareas<\/li>\n<li>trabajo en equipo<\/li>\n<li>siguiendo la hoja de reclamaciones<\/li>\n<\/ul>\n<p>Esto le permitir\u00e1 aprovechar todo el descanso programado.<\/p>\n<p>-<\/p>\n<h2>\u2b50 Resumen: su responsabilidad<\/h2>\n<ul>\n<li>La pausa es importante y forma parte de la planificaci\u00f3n.<\/li>\n<li>Se abonar\u00e1 la pausa adicional superior a 1 hora.<\/li>\n<li>10 minutos antes de la salida = su propio tiempo de preparaci\u00f3n.<\/li>\n<li>Tiempo remunerado = tiempo de trabajo (sin tel\u00e9fono, sin fumar, sin comer).<\/li>\n<li>El tiempo en el autob\u00fas se paga y sirve para prepararte.<\/li>\n<li>La pausa en el lugar se indica en la hoja de llamadas.<\/li>\n<li>Quedarse sin tiempo debido a la lentitud del trabajo le resta tiempo a su propio descanso.<\/li>\n<\/ul>\n<p>\n<\/div><div class=\"divider-wrapper\"  >\n    <hr class=\"border-accent-color separator-no-padding\"  \/>\n<\/div>\n<\/div><\/div><\/div><\/div><\/div><\/div><\/div><\/div><\/div><\/div><\/div><\/div><\/div><script id=\"script-row-unique-0\" data-row=\"script-row-unique-0\" type=\"text\/javascript\" class=\"vc_controls\">UNCODE.initRow(document.getElementById(\"row-unique-0\"));<\/script><\/div><\/div><\/div>\n<\/div>","protected":false},"excerpt":{"rendered":"Alles wat je moet weten over je Pauze Pauzes zijn een essentieel onderdeel van je werkdag. Even op adem komen [...]","protected":false},"author":1,"featured_media":0,"parent":71016,"menu_order":0,"comment_status":"closed","ping_status":"closed","template":"","meta":{"footnotes":""},"class_list":["post-71532","page","type-page","status-publish","hentry","page_category-personeel-portaal"],"_links":{"self":[{"href":"https:\/\/royalcasinocompany.nl\/es\/wp-json\/wp\/v2\/pages\/71532","targetHints":{"allow":["GET"]}}],"collection":[{"href":"https:\/\/royalcasinocompany.nl\/es\/wp-json\/wp\/v2\/pages"}],"about":[{"href":"https:\/\/royalcasinocompany.nl\/es\/wp-json\/wp\/v2\/types\/page"}],"author":[{"embeddable":true,"href":"https:\/\/royalcasinocompany.nl\/es\/wp-json\/wp\/v2\/users\/1"}],"replies":[{"embeddable":true,"href":"https:\/\/royalcasinocompany.nl\/es\/wp-json\/wp\/v2\/comments?post=71532"}],"version-history":[{"count":7,"href":"https:\/\/royalcasinocompany.nl\/es\/wp-json\/wp\/v2\/pages\/71532\/revisions"}],"predecessor-version":[{"id":71947,"href":"https:\/\/royalcasinocompany.nl\/es\/wp-json\/wp\/v2\/pages\/71532\/revisions\/71947"}],"up":[{"embeddable":true,"href":"https:\/\/royalcasinocompany.nl\/es\/wp-json\/wp\/v2\/pages\/71016"}],"wp:attachment":[{"href":"https:\/\/royalcasinocompany.nl\/es\/wp-json\/wp\/v2\/media?parent=71532"}],"curies":[{"name":"wp","href":"https:\/\/api.w.org\/{rel}","templated":true}]}}